{"id":99895,"date":"2024-09-27T12:13:47","date_gmt":"2024-09-27T10:13:47","guid":{"rendered":"https:\/\/www.pescafish.it\/new\/?post_type=product&#038;p=99895"},"modified":"2026-02-26T22:53:15","modified_gmt":"2026-02-26T21:53:15","slug":"fly-ball-wolf","status":"publish","type":"product","link":"https:\/\/www.pescafish.it\/new\/prodotto\/fly-ball-wolf\/","title":{"rendered":"Fly Ball &#8211; Wolf"},"content":{"rendered":"<h2>Fly Ball<\/h2>\n<p>Fiondino da canna per il Carpfishing in nylon, ideale per palle da pastura che hanno un diametro che va da un minimo di 45 mm ad un massimo di 60mm.<\/p>\n<p>Facilmente collegabile tramite una girella ad un qualsiasi shock leader, il punto di forza \u00e8 il distaccamento precoce della palla dallo stesso, permettendo cos\u00ec un recupero immediato senza mai fargli toccare l&#8217;acqua (per facilitare questa operazione \u00e8 consigliabile inserire la clip sulla bobina del mulinello e il prodotto planer\u00e0 diretto sulle mani).<\/p>\n<p>Per ottenere il massimo nella performance del lancio consigliamo di utilizzare palle di pastura fatte con la nostra pinza BALL MAKER,la ripetibilit\u00e0 del peso e la perfezione della forma faranno s\u00ec che la vostra pasturazione sia impeccabile.<\/p>\n","protected":false},"excerpt":{"rendered":"<p>Fly Ball Fiondino da canna per il Carpfishing in nylon, ideale per palle da pastura che hanno un diametro che va da un minimo di 45 mm ad un massimo di 60mm. Facilmente collegabile tramite una girella ad un qualsiasi shock leader, il punto di forza \u00e8 il distaccamento precoce della palla dallo stesso, permettendo [&hellip;]<\/p>\n","protected":false},"featured_media":99896,"comment_status":"closed","ping_status":"closed","template":"","meta":[],"product_cat":[122],"product_tag":[1146],"yoast_head":"<!-- This site is optimized with the Yoast SEO plugin v15.3 - https:\/\/yoast.com\/wordpress\/plugins\/seo\/ -->\n<title>Fly Ball - Wolf - Pesca Fish<\/title>\n<meta name=\"robots\" content=\"index, follow, max-snippet:-1, max-image-preview:large, max-video-preview:-1\" \/>\n<link rel=\"canonical\" href=\"https:\/\/www.pescafish.it\/new\/prodotto\/fly-ball-wolf\/\" \/>\n<meta property=\"og:locale\" content=\"it_IT\" \/>\n<meta property=\"og:type\" content=\"article\" \/>\n<meta property=\"og:title\" content=\"Fly Ball - Wolf - Pesca Fish\" \/>\n<meta property=\"og:description\" content=\"Fly Ball Fiondino da canna per il Carpfishing in nylon, ideale per palle da pastura che hanno un diametro che va da un minimo di 45 mm ad un massimo di 60mm. Facilmente collegabile tramite una girella ad un qualsiasi shock leader, il punto di forza \u00e8 il distaccamento precoce della palla dallo stesso, permettendo [&hellip;]\" \/>\n<meta property=\"og:url\" content=\"https:\/\/www.pescafish.it\/new\/prodotto\/fly-ball-wolf\/\" \/>\n<meta property=\"og:site_name\" content=\"Pesca Fish\" \/>\n<meta property=\"article:publisher\" content=\"https:\/\/www.facebook.com\/pescafishvr\/\" \/>\n<meta property=\"article:modified_time\" content=\"2026-02-26T21:53:15+00:00\" \/>\n<meta property=\"og:image\" content=\"https:\/\/www.pescafish.it\/new\/wp-content\/uploads\/2024\/09\/flyball.jpg\" \/>\n\t<meta property=\"og:image:width\" content=\"789\" \/>\n\t<meta property=\"og:image:height\" content=\"794\" \/>\n<meta name=\"twitter:card\" content=\"summary_large_image\" \/>\n<meta name=\"twitter:label1\" content=\"Scritto da\">\n\t<meta name=\"twitter:data1\" content=\"francesca\">\n\t<meta name=\"twitter:label2\" content=\"Tempo di lettura stimato\">\n\t<meta name=\"twitter:data2\" content=\"0 minuti\">\n<script type=\"application\/ld+json\" class=\"yoast-schema-graph\">{\"@context\":\"https:\/\/schema.org\",\"@graph\":[{\"@type\":\"WebSite\",\"@id\":\"https:\/\/www.pescafish.it\/new\/#website\",\"url\":\"https:\/\/www.pescafish.it\/new\/\",\"name\":\"Pesca Fish\",\"description\":\"Benvenuti sul nostro sito!\",\"potentialAction\":[{\"@type\":\"SearchAction\",\"target\":\"https:\/\/www.pescafish.it\/new\/?s={search_term_string}\",\"query-input\":\"required name=search_term_string\"}],\"inLanguage\":\"it-IT\"},{\"@type\":\"ImageObject\",\"@id\":\"https:\/\/www.pescafish.it\/new\/prodotto\/fly-ball-wolf\/#primaryimage\",\"inLanguage\":\"it-IT\",\"url\":\"https:\/\/www.pescafish.it\/new\/wp-content\/uploads\/2024\/09\/flyball.jpg\",\"width\":789,\"height\":794,\"caption\":\"Wolf\"},{\"@type\":\"WebPage\",\"@id\":\"https:\/\/www.pescafish.it\/new\/prodotto\/fly-ball-wolf\/#webpage\",\"url\":\"https:\/\/www.pescafish.it\/new\/prodotto\/fly-ball-wolf\/\",\"name\":\"Fly Ball - Wolf - Pesca Fish\",\"isPartOf\":{\"@id\":\"https:\/\/www.pescafish.it\/new\/#website\"},\"primaryImageOfPage\":{\"@id\":\"https:\/\/www.pescafish.it\/new\/prodotto\/fly-ball-wolf\/#primaryimage\"},\"datePublished\":\"2024-09-27T10:13:47+00:00\",\"dateModified\":\"2026-02-26T21:53:15+00:00\",\"inLanguage\":\"it-IT\",\"potentialAction\":[{\"@type\":\"ReadAction\",\"target\":[\"https:\/\/www.pescafish.it\/new\/prodotto\/fly-ball-wolf\/\"]}]}]}<\/script>\n<!-- \/ Yoast SEO plugin. -->","_links":{"self":[{"href":"https:\/\/www.pescafish.it\/new\/wp-json\/wp\/v2\/product\/99895"}],"collection":[{"href":"https:\/\/www.pescafish.it\/new\/wp-json\/wp\/v2\/product"}],"about":[{"href":"https:\/\/www.pescafish.it\/new\/wp-json\/wp\/v2\/types\/product"}],"replies":[{"embeddable":true,"href":"https:\/\/www.pescafish.it\/new\/wp-json\/wp\/v2\/comments?post=99895"}],"wp:featuredmedia":[{"embeddable":true,"href":"https:\/\/www.pescafish.it\/new\/wp-json\/wp\/v2\/media\/99896"}],"wp:attachment":[{"href":"https:\/\/www.pescafish.it\/new\/wp-json\/wp\/v2\/media?parent=99895"}],"wp:term":[{"taxonomy":"product_cat","embeddable":true,"href":"https:\/\/www.pescafish.it\/new\/wp-json\/wp\/v2\/product_cat?post=99895"},{"taxonomy":"product_tag","embeddable":true,"href":"https:\/\/www.pescafish.it\/new\/wp-json\/wp\/v2\/product_tag?post=99895"}],"curies":[{"name":"wp","href":"https:\/\/api.w.org\/{rel}","templated":true}]}}