{"id":99831,"date":"2024-09-24T10:03:22","date_gmt":"2024-09-24T08:03:22","guid":{"rendered":"https:\/\/www.pescafish.it\/new\/?post_type=product&#038;p=99831"},"modified":"2024-09-24T10:03:22","modified_gmt":"2024-09-24T08:03:22","slug":"mommotti-180-lip-sf-seaspin","status":"publish","type":"product","link":"https:\/\/www.pescafish.it\/new\/prodotto\/mommotti-180-lip-sf-seaspin\/","title":{"rendered":"Mommotti 180 LIP SF &#8211; Seaspin"},"content":{"rendered":"<p>Il Mommotti 180 LIP SF \u00e8 una versione del Mommotti 180 SF che presenta una paletta non pi\u00f9 in abs, come il resto del corpo dell\u2019artificiale, ma in pcb (\u201cprinted circuit board\u201d in inglese), in pratica lo stesso materiale dei circuiti stampati in elettronica, molto pi\u00f9 resistente a parit\u00e0 di spessore del citato abs. I vantaggi dell\u2019utilizzo di questo materiale sono molteplici e vanno dalla maggiore resistenza della paletta, soprattutto alle basse temperature, alla maggiore mobilit\u00e0 dell\u2019artificiale, in particolare alle basse velocit\u00e0, da una pi\u00f9 accentuata reattivit\u00e0 generale dell\u2019esca. Il disegno del modello \u00e8 registrato.<\/p>\n<p>\u2022 Long jerk minnow, leggermente affondante<br \/>\n\u2022 Struttura ABS<br \/>\n\u2022 Armatura passante e ancorette super sharp resistenti alla corrosione marina 2X, n\u00b03 #4<br \/>\n\u2022 Sfere interne mobili per un lancio lungo<br \/>\n\u2022 Paletta realizzata in PCB per un utilizzo anche in acque fredde<br \/>\n\u2022 Pi\u00f9 reattivo e scattante del modello originale<\/p>\n<p><strong>Azione:<\/strong>\u00a0Slow Floating<br \/>\n<strong>Lunghezza:<\/strong>\u00a018cm<br \/>\n<strong>Peso:<\/strong>\u00a026gr<br \/>\n<strong>Profondit\u00e0 di nuoto:<\/strong> max 70cm<\/p>\n<p><strong>Disponibile nelle seguenti colorazioni:<\/strong><br \/>\n<strong>UT5446\u00a0<\/strong> GBA<br \/>\n<strong>UT5449\u00a0<\/strong> SARP<\/p>\n","protected":false},"excerpt":{"rendered":"<p>Il Mommotti 180 LIP SF \u00e8 una versione del Mommotti 180 SF che presenta una paletta non pi\u00f9 in abs, come il resto del corpo dell\u2019artificiale, ma in pcb (\u201cprinted circuit board\u201d in inglese), in pratica lo stesso materiale dei circuiti stampati in elettronica, molto pi\u00f9 resistente a parit\u00e0 di spessore del citato abs. I [&hellip;]<\/p>\n","protected":false},"featured_media":99832,"comment_status":"closed","ping_status":"closed","template":"","meta":[],"product_cat":[632],"product_tag":[1166],"yoast_head":"<!-- This site is optimized with the Yoast SEO plugin v15.3 - https:\/\/yoast.com\/wordpress\/plugins\/seo\/ -->\n<title>Mommotti 180 LIP SF - Seaspin - Pesca Fish<\/title>\n<meta name=\"robots\" content=\"index, follow, max-snippet:-1, max-image-preview:large, max-video-preview:-1\" \/>\n<link rel=\"canonical\" href=\"https:\/\/www.pescafish.it\/new\/prodotto\/mommotti-180-lip-sf-seaspin\/\" \/>\n<meta property=\"og:locale\" content=\"it_IT\" \/>\n<meta property=\"og:type\" content=\"article\" \/>\n<meta property=\"og:title\" content=\"Mommotti 180 LIP SF - Seaspin - Pesca Fish\" \/>\n<meta property=\"og:description\" content=\"Il Mommotti 180 LIP SF \u00e8 una versione del Mommotti 180 SF che presenta una paletta non pi\u00f9 in abs, come il resto del corpo dell\u2019artificiale, ma in pcb (\u201cprinted circuit board\u201d in inglese), in pratica lo stesso materiale dei circuiti stampati in elettronica, molto pi\u00f9 resistente a parit\u00e0 di spessore del citato abs. I [&hellip;]\" \/>\n<meta property=\"og:url\" content=\"https:\/\/www.pescafish.it\/new\/prodotto\/mommotti-180-lip-sf-seaspin\/\" \/>\n<meta property=\"og:site_name\" content=\"Pesca Fish\" \/>\n<meta property=\"article:publisher\" content=\"https:\/\/www.facebook.com\/pescafishvr\/\" \/>\n<meta property=\"og:image\" content=\"https:\/\/www.pescafish.it\/new\/wp-content\/uploads\/2024\/09\/MOMMOTTI_LIP-180-SF_1.jpg\" \/>\n\t<meta property=\"og:image:width\" content=\"600\" \/>\n\t<meta property=\"og:image:height\" content=\"580\" \/>\n<meta name=\"twitter:card\" content=\"summary_large_image\" \/>\n<meta name=\"twitter:label1\" content=\"Scritto da\">\n\t<meta name=\"twitter:data1\" content=\"francesca\">\n\t<meta name=\"twitter:label2\" content=\"Tempo di lettura stimato\">\n\t<meta name=\"twitter:data2\" content=\"1 minuto\">\n<script type=\"application\/ld+json\" class=\"yoast-schema-graph\">{\"@context\":\"https:\/\/schema.org\",\"@graph\":[{\"@type\":\"WebSite\",\"@id\":\"https:\/\/www.pescafish.it\/new\/#website\",\"url\":\"https:\/\/www.pescafish.it\/new\/\",\"name\":\"Pesca Fish\",\"description\":\"Benvenuti sul nostro sito!\",\"potentialAction\":[{\"@type\":\"SearchAction\",\"target\":\"https:\/\/www.pescafish.it\/new\/?s={search_term_string}\",\"query-input\":\"required name=search_term_string\"}],\"inLanguage\":\"it-IT\"},{\"@type\":\"ImageObject\",\"@id\":\"https:\/\/www.pescafish.it\/new\/prodotto\/mommotti-180-lip-sf-seaspin\/#primaryimage\",\"inLanguage\":\"it-IT\",\"url\":\"https:\/\/www.pescafish.it\/new\/wp-content\/uploads\/2024\/09\/MOMMOTTI_LIP-180-SF_1.jpg\",\"width\":600,\"height\":580,\"caption\":\"mommotti 180 lip sf seaspin\"},{\"@type\":\"WebPage\",\"@id\":\"https:\/\/www.pescafish.it\/new\/prodotto\/mommotti-180-lip-sf-seaspin\/#webpage\",\"url\":\"https:\/\/www.pescafish.it\/new\/prodotto\/mommotti-180-lip-sf-seaspin\/\",\"name\":\"Mommotti 180 LIP SF - Seaspin - Pesca Fish\",\"isPartOf\":{\"@id\":\"https:\/\/www.pescafish.it\/new\/#website\"},\"primaryImageOfPage\":{\"@id\":\"https:\/\/www.pescafish.it\/new\/prodotto\/mommotti-180-lip-sf-seaspin\/#primaryimage\"},\"datePublished\":\"2024-09-24T08:03:22+00:00\",\"dateModified\":\"2024-09-24T08:03:22+00:00\",\"inLanguage\":\"it-IT\",\"potentialAction\":[{\"@type\":\"ReadAction\",\"target\":[\"https:\/\/www.pescafish.it\/new\/prodotto\/mommotti-180-lip-sf-seaspin\/\"]}]}]}<\/script>\n<!-- \/ Yoast SEO plugin. -->","_links":{"self":[{"href":"https:\/\/www.pescafish.it\/new\/wp-json\/wp\/v2\/product\/99831"}],"collection":[{"href":"https:\/\/www.pescafish.it\/new\/wp-json\/wp\/v2\/product"}],"about":[{"href":"https:\/\/www.pescafish.it\/new\/wp-json\/wp\/v2\/types\/product"}],"replies":[{"embeddable":true,"href":"https:\/\/www.pescafish.it\/new\/wp-json\/wp\/v2\/comments?post=99831"}],"wp:featuredmedia":[{"embeddable":true,"href":"https:\/\/www.pescafish.it\/new\/wp-json\/wp\/v2\/media\/99832"}],"wp:attachment":[{"href":"https:\/\/www.pescafish.it\/new\/wp-json\/wp\/v2\/media?parent=99831"}],"wp:term":[{"taxonomy":"product_cat","embeddable":true,"href":"https:\/\/www.pescafish.it\/new\/wp-json\/wp\/v2\/product_cat?post=99831"},{"taxonomy":"product_tag","embeddable":true,"href":"https:\/\/www.pescafish.it\/new\/wp-json\/wp\/v2\/product_tag?post=99831"}],"curies":[{"name":"wp","href":"https:\/\/api.w.org\/{rel}","templated":true}]}}