{"id":99810,"date":"2024-09-21T16:08:48","date_gmt":"2024-09-21T14:08:48","guid":{"rendered":"https:\/\/www.pescafish.it\/new\/?post_type=product&#038;p=99810"},"modified":"2025-06-17T16:20:41","modified_gmt":"2025-06-17T14:20:41","slug":"mommotti-180-fk-seaspin","status":"publish","type":"product","link":"https:\/\/www.pescafish.it\/new\/prodotto\/mommotti-180-fk-seaspin\/","title":{"rendered":"Mommotti 180 FK &#8211; Seaspin"},"content":{"rendered":"<p>Il Mommotti 180 FK rappresenta un ulteriore passo avanti nella continua ricerca della perfezione che caratterizza il marchio Seaspin.<br \/>\nHa le stesse caratteristiche del Mommotti 180 SF con in pi\u00f9 una maggiore reattivit\u00e0, un leggero aumento di peso che gli permette lanci ancora pi\u00f9 lunghi e l\u2019utilizzo delle famose ancorette BKK 3x strong break round treble.<br \/>\nIndicato per tutti i predatori marini come spigole, pesci serra, barracuda, lecce, lampughe, occhiate, ricciole e tonnetti.<\/p>\n<p>\u2022 Long jerk minnow, slow floating. L\u2019evoluzione del modello 180 SF<br \/>\n\u2022 Armatura passante e ancorette BKK 3x strong break round treble, #4, resistenti alla corrosione marina<br \/>\n\u2022 Assetto leggermente ribassato in testa per una maggiore reattivit\u00e0 e lanci ancora pi\u00f9 lunghi<br \/>\n\u2022 Perfetto per catturare un gran numero di predatori sia marini che di acqua dolce<\/p>\n<p><strong>Azione:<\/strong> Floating<br \/>\n<strong>Lunghezza:<\/strong> 18cm<br \/>\n<strong>Peso:<\/strong> 27gr<br \/>\n<strong>Profondit\u00e0 di nuoto:<\/strong> max 70cm<\/p>\n<p><strong>Disponibile nelle seguenti colorazioni:<\/strong><br \/>\n<strong>UT6250\u00a0<\/strong> Bonito<br \/>\n<strong>UT6252\u00a0<\/strong> Ita-Mackerel<br \/>\n<strong>UT6256<\/strong>\u00a0 BAR<br \/>\n<strong>UT6253\u00a0<\/strong> Vintage Orange<\/p>\n","protected":false},"excerpt":{"rendered":"<p>Il Mommotti 180 FK rappresenta un ulteriore passo avanti nella continua ricerca della perfezione che caratterizza il marchio Seaspin. Ha le stesse caratteristiche del Mommotti 180 SF con in pi\u00f9 una maggiore reattivit\u00e0, un leggero aumento di peso che gli permette lanci ancora pi\u00f9 lunghi e l\u2019utilizzo delle famose ancorette BKK 3x strong break round [&hellip;]<\/p>\n","protected":false},"featured_media":99811,"comment_status":"closed","ping_status":"closed","template":"","meta":[],"product_cat":[632],"product_tag":[1166],"yoast_head":"<!-- This site is optimized with the Yoast SEO plugin v15.3 - https:\/\/yoast.com\/wordpress\/plugins\/seo\/ -->\n<title>Mommotti 180 FK - Seaspin - Pesca Fish<\/title>\n<meta name=\"robots\" content=\"index, follow, max-snippet:-1, max-image-preview:large, max-video-preview:-1\" \/>\n<link rel=\"canonical\" href=\"https:\/\/www.pescafish.it\/new\/prodotto\/mommotti-180-fk-seaspin\/\" \/>\n<meta property=\"og:locale\" content=\"it_IT\" \/>\n<meta property=\"og:type\" content=\"article\" \/>\n<meta property=\"og:title\" content=\"Mommotti 180 FK - Seaspin - Pesca Fish\" \/>\n<meta property=\"og:description\" content=\"Il Mommotti 180 FK rappresenta un ulteriore passo avanti nella continua ricerca della perfezione che caratterizza il marchio Seaspin. Ha le stesse caratteristiche del Mommotti 180 SF con in pi\u00f9 una maggiore reattivit\u00e0, un leggero aumento di peso che gli permette lanci ancora pi\u00f9 lunghi e l\u2019utilizzo delle famose ancorette BKK 3x strong break round [&hellip;]\" \/>\n<meta property=\"og:url\" content=\"https:\/\/www.pescafish.it\/new\/prodotto\/mommotti-180-fk-seaspin\/\" \/>\n<meta property=\"og:site_name\" content=\"Pesca Fish\" \/>\n<meta property=\"article:publisher\" content=\"https:\/\/www.facebook.com\/pescafishvr\/\" \/>\n<meta property=\"article:modified_time\" content=\"2025-06-17T14:20:41+00:00\" \/>\n<meta property=\"og:image\" content=\"https:\/\/www.pescafish.it\/new\/wp-content\/uploads\/2024\/09\/MOMMOTTI-FK_BAR.jpg\" \/>\n\t<meta property=\"og:image:width\" content=\"1000\" \/>\n\t<meta property=\"og:image:height\" content=\"1000\" \/>\n<meta name=\"twitter:card\" content=\"summary_large_image\" \/>\n<meta name=\"twitter:label1\" content=\"Scritto da\">\n\t<meta name=\"twitter:data1\" content=\"francesca\">\n\t<meta name=\"twitter:label2\" content=\"Tempo di lettura stimato\">\n\t<meta name=\"twitter:data2\" content=\"1 minuto\">\n<script type=\"application\/ld+json\" class=\"yoast-schema-graph\">{\"@context\":\"https:\/\/schema.org\",\"@graph\":[{\"@type\":\"WebSite\",\"@id\":\"https:\/\/www.pescafish.it\/new\/#website\",\"url\":\"https:\/\/www.pescafish.it\/new\/\",\"name\":\"Pesca Fish\",\"description\":\"Benvenuti sul nostro sito!\",\"potentialAction\":[{\"@type\":\"SearchAction\",\"target\":\"https:\/\/www.pescafish.it\/new\/?s={search_term_string}\",\"query-input\":\"required name=search_term_string\"}],\"inLanguage\":\"it-IT\"},{\"@type\":\"ImageObject\",\"@id\":\"https:\/\/www.pescafish.it\/new\/prodotto\/mommotti-180-fk-seaspin\/#primaryimage\",\"inLanguage\":\"it-IT\",\"url\":\"https:\/\/www.pescafish.it\/new\/wp-content\/uploads\/2024\/09\/MOMMOTTI-FK_BAR.jpg\",\"width\":1000,\"height\":1000,\"caption\":\"mommotti 180 fk seaspin\"},{\"@type\":\"WebPage\",\"@id\":\"https:\/\/www.pescafish.it\/new\/prodotto\/mommotti-180-fk-seaspin\/#webpage\",\"url\":\"https:\/\/www.pescafish.it\/new\/prodotto\/mommotti-180-fk-seaspin\/\",\"name\":\"Mommotti 180 FK - Seaspin - Pesca Fish\",\"isPartOf\":{\"@id\":\"https:\/\/www.pescafish.it\/new\/#website\"},\"primaryImageOfPage\":{\"@id\":\"https:\/\/www.pescafish.it\/new\/prodotto\/mommotti-180-fk-seaspin\/#primaryimage\"},\"datePublished\":\"2024-09-21T14:08:48+00:00\",\"dateModified\":\"2025-06-17T14:20:41+00:00\",\"inLanguage\":\"it-IT\",\"potentialAction\":[{\"@type\":\"ReadAction\",\"target\":[\"https:\/\/www.pescafish.it\/new\/prodotto\/mommotti-180-fk-seaspin\/\"]}]}]}<\/script>\n<!-- \/ Yoast SEO plugin. -->","_links":{"self":[{"href":"https:\/\/www.pescafish.it\/new\/wp-json\/wp\/v2\/product\/99810"}],"collection":[{"href":"https:\/\/www.pescafish.it\/new\/wp-json\/wp\/v2\/product"}],"about":[{"href":"https:\/\/www.pescafish.it\/new\/wp-json\/wp\/v2\/types\/product"}],"replies":[{"embeddable":true,"href":"https:\/\/www.pescafish.it\/new\/wp-json\/wp\/v2\/comments?post=99810"}],"wp:featuredmedia":[{"embeddable":true,"href":"https:\/\/www.pescafish.it\/new\/wp-json\/wp\/v2\/media\/99811"}],"wp:attachment":[{"href":"https:\/\/www.pescafish.it\/new\/wp-json\/wp\/v2\/media?parent=99810"}],"wp:term":[{"taxonomy":"product_cat","embeddable":true,"href":"https:\/\/www.pescafish.it\/new\/wp-json\/wp\/v2\/product_cat?post=99810"},{"taxonomy":"product_tag","embeddable":true,"href":"https:\/\/www.pescafish.it\/new\/wp-json\/wp\/v2\/product_tag?post=99810"}],"curies":[{"name":"wp","href":"https:\/\/api.w.org\/{rel}","templated":true}]}}