{"id":99749,"date":"2024-09-20T16:48:02","date_gmt":"2024-09-20T14:48:02","guid":{"rendered":"https:\/\/www.pescafish.it\/new\/?post_type=product&#038;p=99749"},"modified":"2024-09-20T16:48:02","modified_gmt":"2024-09-20T14:48:02","slug":"green-smooth-lead-coating-gardner","status":"publish","type":"product","link":"https:\/\/www.pescafish.it\/new\/prodotto\/green-smooth-lead-coating-gardner\/","title":{"rendered":"Green Smooth Lead Coating &#8211; Gardner"},"content":{"rendered":"<h2>Green Smooth Lead Coating<\/h2>\n<p>Istruzioni per l&#8217;uso:<br \/>\nUtilizzando un paio di pinze, scaldare la mina su una fiamma libera finch\u00e9 non \u00e8 abbastanza calda da far sciogliere la polvere. Far rotolare la mina nella polvere finch\u00e9 non \u00e8 uniformemente ricoperta. Appendere la mina a una graffetta e cuocere in un forno a 200 \u00b0C per 5 minuti, per far indurire il rivestimento. Utilizzando delle pinze, immergerla in acqua per raffreddare e indurire il rivestimento.<\/p>\n<p><strong>Effetto liscio\u00a0<\/strong><\/p>\n","protected":false},"excerpt":{"rendered":"<p>Green Smooth Lead Coating Istruzioni per l&#8217;uso: Utilizzando un paio di pinze, scaldare la mina su una fiamma libera finch\u00e9 non \u00e8 abbastanza calda da far sciogliere la polvere. Far rotolare la mina nella polvere finch\u00e9 non \u00e8 uniformemente ricoperta. Appendere la mina a una graffetta e cuocere in un forno a 200 \u00b0C per [&hellip;]<\/p>\n","protected":false},"featured_media":99750,"comment_status":"closed","ping_status":"closed","template":"","meta":[],"product_cat":[401],"product_tag":[1152],"yoast_head":"<!-- This site is optimized with the Yoast SEO plugin v15.3 - https:\/\/yoast.com\/wordpress\/plugins\/seo\/ -->\n<title>Green Smooth Lead Coating - Gardner - Pesca Fish<\/title>\n<meta name=\"robots\" content=\"index, follow, max-snippet:-1, max-image-preview:large, max-video-preview:-1\" \/>\n<link rel=\"canonical\" href=\"https:\/\/www.pescafish.it\/new\/prodotto\/green-smooth-lead-coating-gardner\/\" \/>\n<meta property=\"og:locale\" content=\"it_IT\" \/>\n<meta property=\"og:type\" content=\"article\" \/>\n<meta property=\"og:title\" content=\"Green Smooth Lead Coating - Gardner - Pesca Fish\" \/>\n<meta property=\"og:description\" content=\"Green Smooth Lead Coating Istruzioni per l&#8217;uso: Utilizzando un paio di pinze, scaldare la mina su una fiamma libera finch\u00e9 non \u00e8 abbastanza calda da far sciogliere la polvere. Far rotolare la mina nella polvere finch\u00e9 non \u00e8 uniformemente ricoperta. Appendere la mina a una graffetta e cuocere in un forno a 200 \u00b0C per [&hellip;]\" \/>\n<meta property=\"og:url\" content=\"https:\/\/www.pescafish.it\/new\/prodotto\/green-smooth-lead-coating-gardner\/\" \/>\n<meta property=\"og:site_name\" content=\"Pesca Fish\" \/>\n<meta property=\"article:publisher\" content=\"https:\/\/www.facebook.com\/pescafishvr\/\" \/>\n<meta property=\"og:image\" content=\"https:\/\/www.pescafish.it\/new\/wp-content\/uploads\/2024\/09\/LCPG.jpg\" \/>\n\t<meta property=\"og:image:width\" content=\"500\" \/>\n\t<meta property=\"og:image:height\" content=\"500\" \/>\n<meta name=\"twitter:card\" content=\"summary_large_image\" \/>\n<meta name=\"twitter:label1\" content=\"Scritto da\">\n\t<meta name=\"twitter:data1\" content=\"francesca\">\n\t<meta name=\"twitter:label2\" content=\"Tempo di lettura stimato\">\n\t<meta name=\"twitter:data2\" content=\"0 minuti\">\n<script type=\"application\/ld+json\" class=\"yoast-schema-graph\">{\"@context\":\"https:\/\/schema.org\",\"@graph\":[{\"@type\":\"WebSite\",\"@id\":\"https:\/\/www.pescafish.it\/new\/#website\",\"url\":\"https:\/\/www.pescafish.it\/new\/\",\"name\":\"Pesca Fish\",\"description\":\"Benvenuti sul nostro sito!\",\"potentialAction\":[{\"@type\":\"SearchAction\",\"target\":\"https:\/\/www.pescafish.it\/new\/?s={search_term_string}\",\"query-input\":\"required name=search_term_string\"}],\"inLanguage\":\"it-IT\"},{\"@type\":\"ImageObject\",\"@id\":\"https:\/\/www.pescafish.it\/new\/prodotto\/green-smooth-lead-coating-gardner\/#primaryimage\",\"inLanguage\":\"it-IT\",\"url\":\"https:\/\/www.pescafish.it\/new\/wp-content\/uploads\/2024\/09\/LCPG.jpg\",\"width\":500,\"height\":500,\"caption\":\"Gardner\"},{\"@type\":\"WebPage\",\"@id\":\"https:\/\/www.pescafish.it\/new\/prodotto\/green-smooth-lead-coating-gardner\/#webpage\",\"url\":\"https:\/\/www.pescafish.it\/new\/prodotto\/green-smooth-lead-coating-gardner\/\",\"name\":\"Green Smooth Lead Coating - Gardner - Pesca Fish\",\"isPartOf\":{\"@id\":\"https:\/\/www.pescafish.it\/new\/#website\"},\"primaryImageOfPage\":{\"@id\":\"https:\/\/www.pescafish.it\/new\/prodotto\/green-smooth-lead-coating-gardner\/#primaryimage\"},\"datePublished\":\"2024-09-20T14:48:02+00:00\",\"dateModified\":\"2024-09-20T14:48:02+00:00\",\"inLanguage\":\"it-IT\",\"potentialAction\":[{\"@type\":\"ReadAction\",\"target\":[\"https:\/\/www.pescafish.it\/new\/prodotto\/green-smooth-lead-coating-gardner\/\"]}]}]}<\/script>\n<!-- \/ Yoast SEO plugin. -->","_links":{"self":[{"href":"https:\/\/www.pescafish.it\/new\/wp-json\/wp\/v2\/product\/99749"}],"collection":[{"href":"https:\/\/www.pescafish.it\/new\/wp-json\/wp\/v2\/product"}],"about":[{"href":"https:\/\/www.pescafish.it\/new\/wp-json\/wp\/v2\/types\/product"}],"replies":[{"embeddable":true,"href":"https:\/\/www.pescafish.it\/new\/wp-json\/wp\/v2\/comments?post=99749"}],"wp:featuredmedia":[{"embeddable":true,"href":"https:\/\/www.pescafish.it\/new\/wp-json\/wp\/v2\/media\/99750"}],"wp:attachment":[{"href":"https:\/\/www.pescafish.it\/new\/wp-json\/wp\/v2\/media?parent=99749"}],"wp:term":[{"taxonomy":"product_cat","embeddable":true,"href":"https:\/\/www.pescafish.it\/new\/wp-json\/wp\/v2\/product_cat?post=99749"},{"taxonomy":"product_tag","embeddable":true,"href":"https:\/\/www.pescafish.it\/new\/wp-json\/wp\/v2\/product_tag?post=99749"}],"curies":[{"name":"wp","href":"https:\/\/api.w.org\/{rel}","templated":true}]}}