{"id":99640,"date":"2024-09-14T15:47:43","date_gmt":"2024-09-14T13:47:43","guid":{"rendered":"https:\/\/www.pescafish.it\/new\/?post_type=product&#038;p=99640"},"modified":"2024-09-14T15:48:42","modified_gmt":"2024-09-14T13:48:42","slug":"insulated-jogger-dark-olive-korda","status":"publish","type":"product","link":"https:\/\/www.pescafish.it\/new\/prodotto\/insulated-jogger-dark-olive-korda\/","title":{"rendered":"Insulated Jogger Dark Olive\u00a0&#8211; Korda"},"content":{"rendered":"<h2>Insulated Jogger Dark Olive<\/h2>\n<p>I nostri jogger imbottiti offrono la combinazione perfetta di comfort, stile e funzionalit\u00e0 per le fredde giornate sulle sponde. Il rivestimento esterno idrorepellente vi mantiene asciutti sotto la pioggia leggera, mentre l&#8217;imbottitura fornisce calore senza appesantirvi.<\/p>\n<p>Progettati per la vita sulle sponde, nonostante la loro imbottitura, questi jogger mantengono una sensazione sorprendentemente leggera, consentendo movimenti illimitati senza sacrificare il calore. La miscela di tessuti ad alte prestazioni del rivestimento esterno respinge l&#8217;acqua, mantenendovi asciutti sotto la pioggia leggera o in condizioni di neve e l&#8217;aggiunta di spandex fornisce elasticit\u00e0 e flessibilit\u00e0 per un maggiore comfort e movimento. La costruzione dei jogger assicura un&#8217;eccellente resistenza e longevit\u00e0 mantenendo un profilo sottile e non ingombrante, rendendoli resistenti e comodi durante lunghi periodi di utilizzo.<\/p>\n<p>I jogger sono dotati di un efficace materiale isolante da 6 once che intrappola il calore corporeo, fornendo calore affidabile in condizioni di freddo senza la necessit\u00e0 di strati spessi e pesanti. La fodera interna in nylon \u00e8 liscia sulla pelle, riducendo l&#8217;attrito e migliorando il comfort generale. Aiuta anche a trasportare l&#8217;umidit\u00e0 lontano dal corpo, mantenendovi asciutti dall&#8217;interno verso l&#8217;esterno.<\/p>\n<p>La cintura elastica assicura una vestibilit\u00e0 aderente e comoda, mentre il cordino regolabile consente di personalizzare la vestibilit\u00e0 in base alle proprie preferenze. Per migliorare ulteriormente il comfort, i polsini della caviglia sono realizzati in un materiale eccezionalmente morbido, che offre una vestibilit\u00e0 delicata intorno alle caviglie. Questo design aiuta a trattenere il calore e impedisce all&#8217;aria fredda di entrare attraverso le aperture alla caviglia.<\/p>\n<p>Disponibile in oliva scuro e nelle taglie dalla S alla 4XL e se desiderate una protezione dalla testa ai piedi, abbiamo anche una giacca imbottita abbinata disponibile nella nostra gamma.<\/p>\n<p>*I materiali utilizzati per realizzare questi jogger sono:<br \/>\nTessuto esterno 92% nylon, 8% spandex (20D, 50 g\/m\u00b2).<br \/>\nFodera interna 100% nylon.<\/p>\n<p><strong>Disponibile nelle seguenti taglie:<br \/>\nKCL782<\/strong>\u00a0 M<br \/>\n<strong>KCL783<\/strong>\u00a0 L<br \/>\n<strong>KCL784<\/strong>\u00a0 XL<br \/>\n<strong>KCL785<\/strong>\u00a0 XXL<\/p>\n","protected":false},"excerpt":{"rendered":"<p>Insulated Jogger Dark Olive I nostri jogger imbottiti offrono la combinazione perfetta di comfort, stile e funzionalit\u00e0 per le fredde giornate sulle sponde. Il rivestimento esterno idrorepellente vi mantiene asciutti sotto la pioggia leggera, mentre l&#8217;imbottitura fornisce calore senza appesantirvi. Progettati per la vita sulle sponde, nonostante la loro imbottitura, questi jogger mantengono una sensazione [&hellip;]<\/p>\n","protected":false},"featured_media":99641,"comment_status":"closed","ping_status":"closed","template":"","meta":[],"product_cat":[771],"product_tag":[1018],"yoast_head":"<!-- This site is optimized with the Yoast SEO plugin v15.3 - https:\/\/yoast.com\/wordpress\/plugins\/seo\/ -->\n<title>Insulated Jogger Dark Olive\u00a0- Korda - Pesca Fish<\/title>\n<meta name=\"robots\" content=\"index, follow, max-snippet:-1, max-image-preview:large, max-video-preview:-1\" \/>\n<link rel=\"canonical\" href=\"https:\/\/www.pescafish.it\/new\/prodotto\/insulated-jogger-dark-olive-korda\/\" \/>\n<meta property=\"og:locale\" content=\"it_IT\" \/>\n<meta property=\"og:type\" content=\"article\" \/>\n<meta property=\"og:title\" content=\"Insulated Jogger Dark Olive\u00a0- Korda - Pesca Fish\" \/>\n<meta property=\"og:description\" content=\"Insulated Jogger Dark Olive I nostri jogger imbottiti offrono la combinazione perfetta di comfort, stile e funzionalit\u00e0 per le fredde giornate sulle sponde. Il rivestimento esterno idrorepellente vi mantiene asciutti sotto la pioggia leggera, mentre l&#8217;imbottitura fornisce calore senza appesantirvi. Progettati per la vita sulle sponde, nonostante la loro imbottitura, questi jogger mantengono una sensazione [&hellip;]\" \/>\n<meta property=\"og:url\" content=\"https:\/\/www.pescafish.it\/new\/prodotto\/insulated-jogger-dark-olive-korda\/\" \/>\n<meta property=\"og:site_name\" content=\"Pesca Fish\" \/>\n<meta property=\"article:publisher\" content=\"https:\/\/www.facebook.com\/pescafishvr\/\" \/>\n<meta property=\"article:modified_time\" content=\"2024-09-14T13:48:42+00:00\" \/>\n<meta property=\"og:image\" content=\"https:\/\/www.pescafish.it\/new\/wp-content\/uploads\/2024\/09\/KCL782.jpg\" \/>\n\t<meta property=\"og:image:width\" content=\"789\" \/>\n\t<meta property=\"og:image:height\" content=\"794\" \/>\n<meta name=\"twitter:card\" content=\"summary_large_image\" \/>\n<meta name=\"twitter:label1\" content=\"Scritto da\">\n\t<meta name=\"twitter:data1\" content=\"francesca\">\n\t<meta name=\"twitter:label2\" content=\"Tempo di lettura stimato\">\n\t<meta name=\"twitter:data2\" content=\"1 minuto\">\n<script type=\"application\/ld+json\" class=\"yoast-schema-graph\">{\"@context\":\"https:\/\/schema.org\",\"@graph\":[{\"@type\":\"WebSite\",\"@id\":\"https:\/\/www.pescafish.it\/new\/#website\",\"url\":\"https:\/\/www.pescafish.it\/new\/\",\"name\":\"Pesca Fish\",\"description\":\"Benvenuti sul nostro sito!\",\"potentialAction\":[{\"@type\":\"SearchAction\",\"target\":\"https:\/\/www.pescafish.it\/new\/?s={search_term_string}\",\"query-input\":\"required name=search_term_string\"}],\"inLanguage\":\"it-IT\"},{\"@type\":\"ImageObject\",\"@id\":\"https:\/\/www.pescafish.it\/new\/prodotto\/insulated-jogger-dark-olive-korda\/#primaryimage\",\"inLanguage\":\"it-IT\",\"url\":\"https:\/\/www.pescafish.it\/new\/wp-content\/uploads\/2024\/09\/KCL782.jpg\",\"width\":789,\"height\":794,\"caption\":\"Korda\"},{\"@type\":\"WebPage\",\"@id\":\"https:\/\/www.pescafish.it\/new\/prodotto\/insulated-jogger-dark-olive-korda\/#webpage\",\"url\":\"https:\/\/www.pescafish.it\/new\/prodotto\/insulated-jogger-dark-olive-korda\/\",\"name\":\"Insulated Jogger Dark Olive\\u00a0- Korda - Pesca Fish\",\"isPartOf\":{\"@id\":\"https:\/\/www.pescafish.it\/new\/#website\"},\"primaryImageOfPage\":{\"@id\":\"https:\/\/www.pescafish.it\/new\/prodotto\/insulated-jogger-dark-olive-korda\/#primaryimage\"},\"datePublished\":\"2024-09-14T13:47:43+00:00\",\"dateModified\":\"2024-09-14T13:48:42+00:00\",\"inLanguage\":\"it-IT\",\"potentialAction\":[{\"@type\":\"ReadAction\",\"target\":[\"https:\/\/www.pescafish.it\/new\/prodotto\/insulated-jogger-dark-olive-korda\/\"]}]}]}<\/script>\n<!-- \/ Yoast SEO plugin. -->","_links":{"self":[{"href":"https:\/\/www.pescafish.it\/new\/wp-json\/wp\/v2\/product\/99640"}],"collection":[{"href":"https:\/\/www.pescafish.it\/new\/wp-json\/wp\/v2\/product"}],"about":[{"href":"https:\/\/www.pescafish.it\/new\/wp-json\/wp\/v2\/types\/product"}],"replies":[{"embeddable":true,"href":"https:\/\/www.pescafish.it\/new\/wp-json\/wp\/v2\/comments?post=99640"}],"wp:featuredmedia":[{"embeddable":true,"href":"https:\/\/www.pescafish.it\/new\/wp-json\/wp\/v2\/media\/99641"}],"wp:attachment":[{"href":"https:\/\/www.pescafish.it\/new\/wp-json\/wp\/v2\/media?parent=99640"}],"wp:term":[{"taxonomy":"product_cat","embeddable":true,"href":"https:\/\/www.pescafish.it\/new\/wp-json\/wp\/v2\/product_cat?post=99640"},{"taxonomy":"product_tag","embeddable":true,"href":"https:\/\/www.pescafish.it\/new\/wp-json\/wp\/v2\/product_tag?post=99640"}],"curies":[{"name":"wp","href":"https:\/\/api.w.org\/{rel}","templated":true}]}}