{"id":99623,"date":"2024-09-14T10:17:06","date_gmt":"2024-09-14T08:17:06","guid":{"rendered":"https:\/\/www.pescafish.it\/new\/?post_type=product&#038;p=99623"},"modified":"2026-03-26T14:04:28","modified_gmt":"2026-03-26T13:04:28","slug":"digital-v2-presentation-set-31-delkim","status":"publish","type":"product","link":"https:\/\/www.pescafish.it\/new\/prodotto\/digital-v2-presentation-set-31-delkim\/","title":{"rendered":"Digital V2 Presentation Set 3+1 &#8211; Delkim"},"content":{"rendered":"<h2>Digital V2 Presentation Set 3+1<\/h2>\n<p>Ecco il set di presentazione Delkim Digital v2, con gli allarmi e il ricevitore v2 aggiornati. Basandosi sul successo della nostra gamma digitale 2019, questo set offre funzionalit\u00e0 avanzate e miglioramenti intuitivi che migliorano la tua esperienza di pesca.<\/p>\n<p>Il Delkim Digital v2 Presentation Set ti consente di scegliere i tuoi colori LED preferiti, una novit\u00e0 per i prodotti Delkim. Abbiamo semplificato l&#8217;interfaccia utente in base al feedback dei clienti, garantendo facilit\u00e0 d&#8217;uso pur mantenendo le fantastiche funzionalit\u00e0 dei modelli originali Txi-D e Rx-D. Le nuove funzionalit\u00e0 includono una modalit\u00e0 Bivvy Light e un&#8217;esclusiva funzione Quick Torch nella Rx-D v2.<\/p>\n<p>Gli allarmi sono abbinati in fabbrica al ricevitore, un&#8217;innovazione inedita nel settore che significa che devi solo aggiungere una batteria e sei pronto per andare a pescare! Una migliore impermeabilit\u00e0 \u00e8 stata ottenuta tramite la collaborazione con un produttore leader di rivestimenti impermeabili, utilizzando nuovi materiali sintetici e tecniche di assemblaggio migliorate per una resistenza alle intemperie superiore.<\/p>\n<p>Il Delkim Digital v2 Presentation Set offre prestazioni di fascia alta a un prezzo competitivo, offrendo un valore eccellente nel mercato degli allarmi di fascia alta. Porta le cose ancora una volta in avanti e offre al pescatore un prodotto ancora migliore, molto pi\u00f9 facile da usare e da capire.<\/p>\n<p>Il Txi-D v2 sar\u00e0 disponibile separatamente ed \u00e8 compatibile con il ricevitore Rx-D e con il NUOVO ricevitore Rx-D v2 per coloro che desiderano aggiungerlo ai loro set esistenti o necessitano di un allarme di riserva.<\/p>\n<p>Il modello Rx-D v2 sar\u00e0 disponibile anche separatamente e verr\u00e0 fornito con una custodia rigida nera, ma \u00e8 compatibile solo con il modello Txi-D v2.<\/p>\n<p><strong>Il set di presentazione include:<\/strong><\/p>\n<p>3 x Allarmi Txi-D v2<br \/>\n1 x ricevitore Rx-D v2<br \/>\n3 barre di ancoraggio in carbonio Safe-D<br \/>\n3 x Custodie rigide nere per allarme<br \/>\n1 x Custodia rigida trasparente Rx-D<\/p>\n<p><strong>Caratteristiche Txi-D v2:<\/strong><\/p>\n<p>RISPOSTA VIBRAZIONE \u2013 Controlla la capacit\u00e0 dell&#8217;allarme di rilevare il movimento della linea e le vibrazioni.<br \/>\nVELOCIT\u00c0 BEEP \u2013 Aiuta a mantenere il miglior rapporto di velocit\u00e0 mentre regoli la RISPOSTA.<br \/>\nMUTE \u2013 Disattiva l&#8217;altoparlante Txi-D v2.<br \/>\nLED MULTICOLORE \u2013 Possono essere impostati su viola, rosso, bianco, blu, verde e giallo.<br \/>\nMODALIT\u00c0 GIORNO\/NOTTE \u2013 Consente di impostare la luminosit\u00e0 dei LED per entrambe le modalit\u00e0.<br \/>\nMARCATURA NOTTURNA \u2013 I LED si accendono costantemente a basso livello in modalit\u00e0 Notte.<br \/>\n32 TONI<br \/>\n8 LIVELLI DI LUMINOSIT\u00c0 LED<br \/>\nMODALIT\u00c0 STEALTH \u2013 Disattiva i LED Txi-D v2 quando ricevi un&#8217;attivazione.<br \/>\nSICUREZZA ANTIFURTO AVANZATA \u2013 Invia un avviso al tuo RX-D v2 quando l&#8217;allarme viene DISATTIVATO o spostato.<br \/>\nCONTROLLO BATTERIA SCARICA &#8211; Viene testata la condizione della batteria, se viene rilevata una scarica emette un avviso.<\/p>\n<p><strong>Caratteristiche Rx-D v2:<\/strong><\/p>\n<p>LED MULTICOLORE AUTO SYNC \u2013 Sincronizzazione automatica con il colore impostato sull&#8217;allarme Txi-D v2.<br \/>\nFACILE ABBINAMENTO \u2013 Viene abbinato agli allarmi Txi-D v2 e pu\u00f2 essere abbinato a un massimo di 12 allarmi in totale.<br \/>\nMODALIT\u00c0 LUCE BIVVY \u2013 Tutti i LED si illuminano di BIANCO per fornire illuminazione di emergenza quando attivati \u200b\u200bdal Txi-D v2.<br \/>\nTORCIA RAPIDA \u2013 Pu\u00f2 accendere tutti i LED per fornire l&#8217;opzione torcia di emergenza.<br \/>\nDND (Non disturbare) \u2013 Impedisce che il Rx-D v2 venga attivato dal Txi-D v2 da forti acquazzoni o grandine.<br \/>\nRICHIAMO \u2013 L&#8217;ultimo canale attivato da un Txi-D v2 si illuminer\u00e0.<br \/>\nVIBRO \u2013 Vibra quando viene ricevuta l&#8217;attivazione dal Txi-D v2 e pu\u00f2 essere regolato.<br \/>\nALLARME DI SICUREZZA ANTIFURTO \u2013 L&#8217;allarme di sicurezza suoner\u00e0 quando attivato dal Txi-D v2.<br \/>\nCONTROLLO BATTERIA SCARICA &#8211; Viene testato lo stato della batteria e, se risulta scarica, viene emesso un avviso.<\/p>\n","protected":false},"excerpt":{"rendered":"<p>Digital V2 Presentation Set 3+1 Ecco il set di presentazione Delkim Digital v2, con gli allarmi e il ricevitore v2 aggiornati. Basandosi sul successo della nostra gamma digitale 2019, questo set offre funzionalit\u00e0 avanzate e miglioramenti intuitivi che migliorano la tua esperienza di pesca. Il Delkim Digital v2 Presentation Set ti consente di scegliere i [&hellip;]<\/p>\n","protected":false},"featured_media":99622,"comment_status":"closed","ping_status":"closed","template":"","meta":[],"product_cat":[471],"product_tag":[1098],"yoast_head":"<!-- This site is optimized with the Yoast SEO plugin v15.3 - https:\/\/yoast.com\/wordpress\/plugins\/seo\/ -->\n<title>Digital V2 Presentation Set 3+1 - Delkim - Pesca Fish<\/title>\n<meta name=\"robots\" content=\"index, follow, max-snippet:-1, max-image-preview:large, max-video-preview:-1\" \/>\n<link rel=\"canonical\" href=\"https:\/\/www.pescafish.it\/new\/prodotto\/digital-v2-presentation-set-31-delkim\/\" \/>\n<meta property=\"og:locale\" content=\"it_IT\" \/>\n<meta property=\"og:type\" content=\"article\" \/>\n<meta property=\"og:title\" content=\"Digital V2 Presentation Set 3+1 - Delkim - Pesca Fish\" \/>\n<meta property=\"og:description\" content=\"Digital V2 Presentation Set 3+1 Ecco il set di presentazione Delkim Digital v2, con gli allarmi e il ricevitore v2 aggiornati. Basandosi sul successo della nostra gamma digitale 2019, questo set offre funzionalit\u00e0 avanzate e miglioramenti intuitivi che migliorano la tua esperienza di pesca. Il Delkim Digital v2 Presentation Set ti consente di scegliere i [&hellip;]\" \/>\n<meta property=\"og:url\" content=\"https:\/\/www.pescafish.it\/new\/prodotto\/digital-v2-presentation-set-31-delkim\/\" \/>\n<meta property=\"og:site_name\" content=\"Pesca Fish\" \/>\n<meta property=\"article:publisher\" content=\"https:\/\/www.facebook.com\/pescafishvr\/\" \/>\n<meta property=\"article:modified_time\" content=\"2026-03-26T13:04:28+00:00\" \/>\n<meta property=\"og:image\" content=\"https:\/\/www.pescafish.it\/new\/wp-content\/uploads\/2024\/09\/DD100.jpg\" \/>\n\t<meta property=\"og:image:width\" content=\"789\" \/>\n\t<meta property=\"og:image:height\" content=\"794\" \/>\n<meta name=\"twitter:card\" content=\"summary_large_image\" \/>\n<meta name=\"twitter:label1\" content=\"Scritto da\">\n\t<meta name=\"twitter:data1\" content=\"francesca\">\n\t<meta name=\"twitter:label2\" content=\"Tempo di lettura stimato\">\n\t<meta name=\"twitter:data2\" content=\"2 minuti\">\n<script type=\"application\/ld+json\" class=\"yoast-schema-graph\">{\"@context\":\"https:\/\/schema.org\",\"@graph\":[{\"@type\":\"WebSite\",\"@id\":\"https:\/\/www.pescafish.it\/new\/#website\",\"url\":\"https:\/\/www.pescafish.it\/new\/\",\"name\":\"Pesca Fish\",\"description\":\"Benvenuti sul nostro sito!\",\"potentialAction\":[{\"@type\":\"SearchAction\",\"target\":\"https:\/\/www.pescafish.it\/new\/?s={search_term_string}\",\"query-input\":\"required name=search_term_string\"}],\"inLanguage\":\"it-IT\"},{\"@type\":\"ImageObject\",\"@id\":\"https:\/\/www.pescafish.it\/new\/prodotto\/digital-v2-presentation-set-31-delkim\/#primaryimage\",\"inLanguage\":\"it-IT\",\"url\":\"https:\/\/www.pescafish.it\/new\/wp-content\/uploads\/2024\/09\/DD100.jpg\",\"width\":789,\"height\":794,\"caption\":\"Delkim\"},{\"@type\":\"WebPage\",\"@id\":\"https:\/\/www.pescafish.it\/new\/prodotto\/digital-v2-presentation-set-31-delkim\/#webpage\",\"url\":\"https:\/\/www.pescafish.it\/new\/prodotto\/digital-v2-presentation-set-31-delkim\/\",\"name\":\"Digital V2 Presentation Set 3+1 - Delkim - Pesca Fish\",\"isPartOf\":{\"@id\":\"https:\/\/www.pescafish.it\/new\/#website\"},\"primaryImageOfPage\":{\"@id\":\"https:\/\/www.pescafish.it\/new\/prodotto\/digital-v2-presentation-set-31-delkim\/#primaryimage\"},\"datePublished\":\"2024-09-14T08:17:06+00:00\",\"dateModified\":\"2026-03-26T13:04:28+00:00\",\"inLanguage\":\"it-IT\",\"potentialAction\":[{\"@type\":\"ReadAction\",\"target\":[\"https:\/\/www.pescafish.it\/new\/prodotto\/digital-v2-presentation-set-31-delkim\/\"]}]}]}<\/script>\n<!-- \/ Yoast SEO plugin. -->","_links":{"self":[{"href":"https:\/\/www.pescafish.it\/new\/wp-json\/wp\/v2\/product\/99623"}],"collection":[{"href":"https:\/\/www.pescafish.it\/new\/wp-json\/wp\/v2\/product"}],"about":[{"href":"https:\/\/www.pescafish.it\/new\/wp-json\/wp\/v2\/types\/product"}],"replies":[{"embeddable":true,"href":"https:\/\/www.pescafish.it\/new\/wp-json\/wp\/v2\/comments?post=99623"}],"wp:featuredmedia":[{"embeddable":true,"href":"https:\/\/www.pescafish.it\/new\/wp-json\/wp\/v2\/media\/99622"}],"wp:attachment":[{"href":"https:\/\/www.pescafish.it\/new\/wp-json\/wp\/v2\/media?parent=99623"}],"wp:term":[{"taxonomy":"product_cat","embeddable":true,"href":"https:\/\/www.pescafish.it\/new\/wp-json\/wp\/v2\/product_cat?post=99623"},{"taxonomy":"product_tag","embeddable":true,"href":"https:\/\/www.pescafish.it\/new\/wp-json\/wp\/v2\/product_tag?post=99623"}],"curies":[{"name":"wp","href":"https:\/\/api.w.org\/{rel}","templated":true}]}}