{"id":99598,"date":"2024-09-12T09:33:24","date_gmt":"2024-09-12T07:33:24","guid":{"rendered":"https:\/\/www.pescafish.it\/new\/?post_type=product&#038;p=99598"},"modified":"2026-02-03T21:50:46","modified_gmt":"2026-02-03T20:50:46","slug":"tiger-nut-flour","status":"publish","type":"product","link":"https:\/\/www.pescafish.it\/new\/prodotto\/tiger-nut-flour\/","title":{"rendered":"Tiger Nut Flour"},"content":{"rendered":"<div id=\"product-description-short-6086\" class=\"tvproduct-page-decs\">\n<h2>Tiger Nut Flour<\/h2>\n<p>TIGER NUT FLOUR (EXTRA FINE) \u00e8 una farina per la produzione delle boilies.<\/p>\n<\/div>\n<p>Un&#8217;eccezionale farina extra fine di tiger nut, la farina macinata pi\u00f9 pregiata sul mercato tra le farine di tiger nut. Questa farina conferir\u00e0 a qualsiasi esca una consistenza molto liscia e cremosa con un gusto e un profumo particolarmente dolce, simile alle tigernut. Anche se gustato secco ha un sapore molto dolce. Molto pi\u00f9 dolce di altre farine a base tigernut disponibili. Questa farina di qualit\u00e0 superiore \u00e8 prodotta con tigernut fresche che si traduce in una farina pi\u00f9 ricca e dal sapore migliore con un contenuto molto pi\u00f9 elevato di grassi e fibre rispetto alla farina macinata pi\u00f9 grossolana comunemente disponibile, che \u00e8 composta da tigernut essiccate (vecchie). Pu\u00f2 essere utilizzato come ingrediente base in qualsiasi miscela, tutto l&#8217;anno. Manterr\u00e0 l&#8217;umidit\u00e0 a causa del livello di grasso che contiene. Come per le tigernut, anche questa farina \u00e8 facilmente digeribile per le carpe e per i pesci in genere. Quindi un ingrediente utile in qualsiasi esca invernale.<br \/>\nCaratteristiche del prodotto: Farina di colore marrone chiaro molto fine, sapore e profumo particolarmente dolce, pu\u00f2 creare assuefazione, ricca di zuccheri naturali, carboidrati, grassi, fibre e vitamina E.<\/p>\n<p><strong>Dosaggio consigliato:<\/strong> fino a 300 gr\/kg.<\/p>\n<p><strong>Confezione da 1kg<\/strong><\/p>\n","protected":false},"excerpt":{"rendered":"<p>Tiger Nut Flour TIGER NUT FLOUR (EXTRA FINE) \u00e8 una farina per la produzione delle boilies. Un&#8217;eccezionale farina extra fine di tiger nut, la farina macinata pi\u00f9 pregiata sul mercato tra le farine di tiger nut. Questa farina conferir\u00e0 a qualsiasi esca una consistenza molto liscia e cremosa con un gusto e un profumo particolarmente [&hellip;]<\/p>\n","protected":false},"featured_media":99599,"comment_status":"closed","ping_status":"closed","template":"","meta":[],"product_cat":[1359],"product_tag":[1360],"yoast_head":"<!-- This site is optimized with the Yoast SEO plugin v15.3 - https:\/\/yoast.com\/wordpress\/plugins\/seo\/ -->\n<title>Tiger Nut Flour - Pesca Fish<\/title>\n<meta name=\"robots\" content=\"index, follow, max-snippet:-1, max-image-preview:large, max-video-preview:-1\" \/>\n<link rel=\"canonical\" href=\"https:\/\/www.pescafish.it\/new\/prodotto\/tiger-nut-flour\/\" \/>\n<meta property=\"og:locale\" content=\"it_IT\" \/>\n<meta property=\"og:type\" content=\"article\" \/>\n<meta property=\"og:title\" content=\"Tiger Nut Flour - Pesca Fish\" \/>\n<meta property=\"og:description\" content=\"Tiger Nut Flour TIGER NUT FLOUR (EXTRA FINE) \u00e8 una farina per la produzione delle boilies. Un&#8217;eccezionale farina extra fine di tiger nut, la farina macinata pi\u00f9 pregiata sul mercato tra le farine di tiger nut. Questa farina conferir\u00e0 a qualsiasi esca una consistenza molto liscia e cremosa con un gusto e un profumo particolarmente [&hellip;]\" \/>\n<meta property=\"og:url\" content=\"https:\/\/www.pescafish.it\/new\/prodotto\/tiger-nut-flour\/\" \/>\n<meta property=\"og:site_name\" content=\"Pesca Fish\" \/>\n<meta property=\"article:publisher\" content=\"https:\/\/www.facebook.com\/pescafishvr\/\" \/>\n<meta property=\"article:modified_time\" content=\"2026-02-03T20:50:46+00:00\" \/>\n<meta property=\"og:image\" content=\"https:\/\/www.pescafish.it\/new\/wp-content\/uploads\/2024\/09\/TIGER-NUT-FLOUR.jpg\" \/>\n\t<meta property=\"og:image:width\" content=\"789\" \/>\n\t<meta property=\"og:image:height\" content=\"794\" \/>\n<meta name=\"twitter:card\" content=\"summary_large_image\" \/>\n<meta name=\"twitter:label1\" content=\"Scritto da\">\n\t<meta name=\"twitter:data1\" content=\"francesca\">\n\t<meta name=\"twitter:label2\" content=\"Tempo di lettura stimato\">\n\t<meta name=\"twitter:data2\" content=\"1 minuto\">\n<script type=\"application\/ld+json\" class=\"yoast-schema-graph\">{\"@context\":\"https:\/\/schema.org\",\"@graph\":[{\"@type\":\"WebSite\",\"@id\":\"https:\/\/www.pescafish.it\/new\/#website\",\"url\":\"https:\/\/www.pescafish.it\/new\/\",\"name\":\"Pesca Fish\",\"description\":\"Benvenuti sul nostro sito!\",\"potentialAction\":[{\"@type\":\"SearchAction\",\"target\":\"https:\/\/www.pescafish.it\/new\/?s={search_term_string}\",\"query-input\":\"required name=search_term_string\"}],\"inLanguage\":\"it-IT\"},{\"@type\":\"ImageObject\",\"@id\":\"https:\/\/www.pescafish.it\/new\/prodotto\/tiger-nut-flour\/#primaryimage\",\"inLanguage\":\"it-IT\",\"url\":\"https:\/\/www.pescafish.it\/new\/wp-content\/uploads\/2024\/09\/TIGER-NUT-FLOUR.jpg\",\"width\":789,\"height\":794,\"caption\":\"Feedstimulant\"},{\"@type\":\"WebPage\",\"@id\":\"https:\/\/www.pescafish.it\/new\/prodotto\/tiger-nut-flour\/#webpage\",\"url\":\"https:\/\/www.pescafish.it\/new\/prodotto\/tiger-nut-flour\/\",\"name\":\"Tiger Nut Flour - Pesca Fish\",\"isPartOf\":{\"@id\":\"https:\/\/www.pescafish.it\/new\/#website\"},\"primaryImageOfPage\":{\"@id\":\"https:\/\/www.pescafish.it\/new\/prodotto\/tiger-nut-flour\/#primaryimage\"},\"datePublished\":\"2024-09-12T07:33:24+00:00\",\"dateModified\":\"2026-02-03T20:50:46+00:00\",\"inLanguage\":\"it-IT\",\"potentialAction\":[{\"@type\":\"ReadAction\",\"target\":[\"https:\/\/www.pescafish.it\/new\/prodotto\/tiger-nut-flour\/\"]}]}]}<\/script>\n<!-- \/ Yoast SEO plugin. -->","_links":{"self":[{"href":"https:\/\/www.pescafish.it\/new\/wp-json\/wp\/v2\/product\/99598"}],"collection":[{"href":"https:\/\/www.pescafish.it\/new\/wp-json\/wp\/v2\/product"}],"about":[{"href":"https:\/\/www.pescafish.it\/new\/wp-json\/wp\/v2\/types\/product"}],"replies":[{"embeddable":true,"href":"https:\/\/www.pescafish.it\/new\/wp-json\/wp\/v2\/comments?post=99598"}],"wp:featuredmedia":[{"embeddable":true,"href":"https:\/\/www.pescafish.it\/new\/wp-json\/wp\/v2\/media\/99599"}],"wp:attachment":[{"href":"https:\/\/www.pescafish.it\/new\/wp-json\/wp\/v2\/media?parent=99598"}],"wp:term":[{"taxonomy":"product_cat","embeddable":true,"href":"https:\/\/www.pescafish.it\/new\/wp-json\/wp\/v2\/product_cat?post=99598"},{"taxonomy":"product_tag","embeddable":true,"href":"https:\/\/www.pescafish.it\/new\/wp-json\/wp\/v2\/product_tag?post=99598"}],"curies":[{"name":"wp","href":"https:\/\/api.w.org\/{rel}","templated":true}]}}