{"id":99589,"date":"2024-09-11T17:34:16","date_gmt":"2024-09-11T15:34:16","guid":{"rendered":"https:\/\/www.pescafish.it\/new\/?post_type=product&#038;p=99589"},"modified":"2024-09-11T17:37:44","modified_gmt":"2024-09-11T15:37:44","slug":"vault-qc-3-0-usb-a-21w-solar-panel-ridgemonkey","status":"publish","type":"product","link":"https:\/\/www.pescafish.it\/new\/prodotto\/vault-qc-3-0-usb-a-21w-solar-panel-ridgemonkey\/","title":{"rendered":"Vault QC 3.0 USB-A 21W Solar Panel\u00a0&#8211; RidgeMonkey"},"content":{"rendered":"<h2>Vault QC 3.0 USB-A 21W Solar Panel<\/h2>\n<p>Alimenta perfettamente i tuoi dispositivi USB, grazie alla tecnologia dell&#8217;energia solare. Il nostro 21W Solar Panel \u00e8 il meglio che puoi desiderare e presenta due porte USB-A ad alta potenza, un design compatto e pieghevole e un esterno robusto e resistente agli agenti atmosferici.<\/p>\n<p>Il pannello solare RidgeMonkey Vault QC3.0 USB-A da 21W \u00e8 progettato per la massima comodit\u00e0 e praticit\u00e0. Che tu stia facendo trekking, campeggio o pescando, ricaricare i tuoi dispositivi USB non \u00e8 mai stato cos\u00ec facile.<\/p>\n<p>Dotato di due moschettoni e occhielli integrati, il Vault Solar Panel 21W offre una configurazione semplice. Appendilo agli alberi o attaccalo allo zaino mentre sei in movimento: \u00e8 la tua soluzione di ricarica portatile ovunque tu vada.<\/p>\n<p><strong>Codice Prodotto:<\/strong> RM928<\/p>\n<p><strong>Caratteristiche:<br \/>\n<\/strong>\u2022 1 porta USB-A di ricarica rapida da 18 W<br \/>\n\u2022 1 porta USB-A da 5 V 3 A<br \/>\n\u2022 1 Cavo USB-A a Multi Out<br \/>\n\u2022 Carica due dispositivi contemporaneamente<br \/>\n\u2022 Rileva automaticamente il dispositivo collegato<br \/>\n\u2022 Fornisce automaticamente la corrente ottimale<br \/>\n\u2022 2 moschettoni per appenderlo facilmente<br \/>\n\u2022 Esterno resistente agli agenti atmosferici<br \/>\n\u2022 Design compatto e pieghevole<br \/>\n\u2022 Tasca portaoggetti sicura<br \/>\n\u2022 Occhielli integrati<\/p>\n","protected":false},"excerpt":{"rendered":"<p>Vault QC 3.0 USB-A 21W Solar Panel Alimenta perfettamente i tuoi dispositivi USB, grazie alla tecnologia dell&#8217;energia solare. Il nostro 21W Solar Panel \u00e8 il meglio che puoi desiderare e presenta due porte USB-A ad alta potenza, un design compatto e pieghevole e un esterno robusto e resistente agli agenti atmosferici. Il pannello solare RidgeMonkey [&hellip;]<\/p>\n","protected":false},"featured_media":99591,"comment_status":"closed","ping_status":"closed","template":"","meta":[],"product_cat":[237],"product_tag":[1101],"yoast_head":"<!-- This site is optimized with the Yoast SEO plugin v15.3 - https:\/\/yoast.com\/wordpress\/plugins\/seo\/ -->\n<title>Vault QC 3.0 USB-A 21W Solar Panel\u00a0- RidgeMonkey - Pesca Fish<\/title>\n<meta name=\"robots\" content=\"index, follow, max-snippet:-1, max-image-preview:large, max-video-preview:-1\" \/>\n<link rel=\"canonical\" href=\"https:\/\/www.pescafish.it\/new\/prodotto\/vault-qc-3-0-usb-a-21w-solar-panel-ridgemonkey\/\" \/>\n<meta property=\"og:locale\" content=\"it_IT\" \/>\n<meta property=\"og:type\" content=\"article\" \/>\n<meta property=\"og:title\" content=\"Vault QC 3.0 USB-A 21W Solar Panel\u00a0- RidgeMonkey - Pesca Fish\" \/>\n<meta property=\"og:description\" content=\"Vault QC 3.0 USB-A 21W Solar Panel Alimenta perfettamente i tuoi dispositivi USB, grazie alla tecnologia dell&#8217;energia solare. Il nostro 21W Solar Panel \u00e8 il meglio che puoi desiderare e presenta due porte USB-A ad alta potenza, un design compatto e pieghevole e un esterno robusto e resistente agli agenti atmosferici. Il pannello solare RidgeMonkey [&hellip;]\" \/>\n<meta property=\"og:url\" content=\"https:\/\/www.pescafish.it\/new\/prodotto\/vault-qc-3-0-usb-a-21w-solar-panel-ridgemonkey\/\" \/>\n<meta property=\"og:site_name\" content=\"Pesca Fish\" \/>\n<meta property=\"article:publisher\" content=\"https:\/\/www.facebook.com\/pescafishvr\/\" \/>\n<meta property=\"article:modified_time\" content=\"2024-09-11T15:37:44+00:00\" \/>\n<meta property=\"og:image\" content=\"https:\/\/www.pescafish.it\/new\/wp-content\/uploads\/2024\/09\/RM928.jpg\" \/>\n\t<meta property=\"og:image:width\" content=\"789\" \/>\n\t<meta property=\"og:image:height\" content=\"794\" \/>\n<meta name=\"twitter:card\" content=\"summary_large_image\" \/>\n<meta name=\"twitter:label1\" content=\"Scritto da\">\n\t<meta name=\"twitter:data1\" content=\"francesca\">\n\t<meta name=\"twitter:label2\" content=\"Tempo di lettura stimato\">\n\t<meta name=\"twitter:data2\" content=\"1 minuto\">\n<script type=\"application\/ld+json\" class=\"yoast-schema-graph\">{\"@context\":\"https:\/\/schema.org\",\"@graph\":[{\"@type\":\"WebSite\",\"@id\":\"https:\/\/www.pescafish.it\/new\/#website\",\"url\":\"https:\/\/www.pescafish.it\/new\/\",\"name\":\"Pesca Fish\",\"description\":\"Benvenuti sul nostro sito!\",\"potentialAction\":[{\"@type\":\"SearchAction\",\"target\":\"https:\/\/www.pescafish.it\/new\/?s={search_term_string}\",\"query-input\":\"required name=search_term_string\"}],\"inLanguage\":\"it-IT\"},{\"@type\":\"ImageObject\",\"@id\":\"https:\/\/www.pescafish.it\/new\/prodotto\/vault-qc-3-0-usb-a-21w-solar-panel-ridgemonkey\/#primaryimage\",\"inLanguage\":\"it-IT\",\"url\":\"https:\/\/www.pescafish.it\/new\/wp-content\/uploads\/2024\/09\/RM928.jpg\",\"width\":789,\"height\":794,\"caption\":\"RidgeMonkey\"},{\"@type\":\"WebPage\",\"@id\":\"https:\/\/www.pescafish.it\/new\/prodotto\/vault-qc-3-0-usb-a-21w-solar-panel-ridgemonkey\/#webpage\",\"url\":\"https:\/\/www.pescafish.it\/new\/prodotto\/vault-qc-3-0-usb-a-21w-solar-panel-ridgemonkey\/\",\"name\":\"Vault QC 3.0 USB-A 21W Solar Panel\\u00a0- RidgeMonkey - Pesca Fish\",\"isPartOf\":{\"@id\":\"https:\/\/www.pescafish.it\/new\/#website\"},\"primaryImageOfPage\":{\"@id\":\"https:\/\/www.pescafish.it\/new\/prodotto\/vault-qc-3-0-usb-a-21w-solar-panel-ridgemonkey\/#primaryimage\"},\"datePublished\":\"2024-09-11T15:34:16+00:00\",\"dateModified\":\"2024-09-11T15:37:44+00:00\",\"inLanguage\":\"it-IT\",\"potentialAction\":[{\"@type\":\"ReadAction\",\"target\":[\"https:\/\/www.pescafish.it\/new\/prodotto\/vault-qc-3-0-usb-a-21w-solar-panel-ridgemonkey\/\"]}]}]}<\/script>\n<!-- \/ Yoast SEO plugin. -->","_links":{"self":[{"href":"https:\/\/www.pescafish.it\/new\/wp-json\/wp\/v2\/product\/99589"}],"collection":[{"href":"https:\/\/www.pescafish.it\/new\/wp-json\/wp\/v2\/product"}],"about":[{"href":"https:\/\/www.pescafish.it\/new\/wp-json\/wp\/v2\/types\/product"}],"replies":[{"embeddable":true,"href":"https:\/\/www.pescafish.it\/new\/wp-json\/wp\/v2\/comments?post=99589"}],"wp:featuredmedia":[{"embeddable":true,"href":"https:\/\/www.pescafish.it\/new\/wp-json\/wp\/v2\/media\/99591"}],"wp:attachment":[{"href":"https:\/\/www.pescafish.it\/new\/wp-json\/wp\/v2\/media?parent=99589"}],"wp:term":[{"taxonomy":"product_cat","embeddable":true,"href":"https:\/\/www.pescafish.it\/new\/wp-json\/wp\/v2\/product_cat?post=99589"},{"taxonomy":"product_tag","embeddable":true,"href":"https:\/\/www.pescafish.it\/new\/wp-json\/wp\/v2\/product_tag?post=99589"}],"curies":[{"name":"wp","href":"https:\/\/api.w.org\/{rel}","templated":true}]}}