{"id":99510,"date":"2024-09-09T15:58:02","date_gmt":"2024-09-09T13:58:02","guid":{"rendered":"https:\/\/www.pescafish.it\/new\/?post_type=product&#038;p=99510"},"modified":"2024-09-10T18:05:29","modified_gmt":"2024-09-10T16:05:29","slug":"sephia-clinch-flash-boost-3-0-shimano","status":"publish","type":"product","link":"https:\/\/www.pescafish.it\/new\/prodotto\/sephia-clinch-flash-boost-3-0-shimano\/","title":{"rendered":"Sephia Clinch Flash Boost 3.0 &#8211; Shimano"},"content":{"rendered":"<p>Grazie alla tecnologia Shimano Flash Boost, la gamma Sephia Flash Boost Egi presenta una lamella interna che emette bagliori continuamente. Questo sistema brevettato utilizza uno specchio riflettente sospeso da micro molle, che sfrutta la luce e i raggi UV per attirare i calamari in tutta la colonna d&#8217;acqua. Il movimento continuo dello specchietto all&#8217;interno del corpo \u00e8 prodotto dall&#8217;energia cinetica che \u00e8 molto efficace per questi \u00abcacciatori\u00bb visivi quando l\u2019egi \u00e8 in pausa, poich\u00e9 \u00e8 questo il momento in cui \u00e8 pi\u00f9 probabile che il calamaro colpisca.<\/p>\n<p><strong>Misura:<\/strong> 3.0<br \/>\n<strong>Peso:<\/strong> 15gr<br \/>\n<strong>Azione:<\/strong> Sinking<br \/>\n<strong>Nuoto:<\/strong> 3 s\/m<\/p>\n<p><strong>Disponibili nelle seguenti colorazioni:<\/strong><br \/>\n<strong>59VQEX30T00\u00a0<\/strong> 001 Pink K<br \/>\n<strong>59VQEX30T01\u00a0<\/strong> 002 Lime Blue<br \/>\n<strong>59VQEX30T02\u00a0<\/strong> 003 Purple K<br \/>\n<strong>59VQEX30T03\u00a0<\/strong> 004 Avocado<br \/>\n<strong>59VQEX30T04\u00a0<\/strong> 005 Red Flash<br \/>\n<strong>59VQEX30T05\u00a0<\/strong> 006 Orange<br \/>\n<strong>59VQEX30T07\u00a0<\/strong> 008 Prawn K<br \/>\n<strong>59VQEX30T08\u00a0<\/strong> 009 Prawn B<br \/>\n<strong>59VQEX30T09\u00a0<\/strong> 010 Chart<br \/>\n<strong>59VQEX30T0B\u00a0<\/strong> 012 N Mackerel<br \/>\n<strong>59VQEX30T0C<\/strong>\u00a0 013 B Sardine<br \/>\n<strong>59VQEX30T0D\u00a0<\/strong> 014 Pink Candy<br \/>\n<strong>59VQEX30T0E\u00a0<\/strong> 015 Keimura White<br \/>\n<strong>59VQEX30T0F\u00a0<\/strong> 016 Zebra Prawn<br \/>\n.<br \/>\n<iframe loading=\"lazy\" title=\"SEPHIA Clinch FLASH BOOST 3.0 | Swimming Action | SHIMANO Lures\" width=\"900\" height=\"506\" src=\"https:\/\/www.youtube.com\/embed\/gVog2xxgNVg?start=3&#038;feature=oembed\" frameborder=\"0\" allow=\"accelerometer; autoplay; clipboard-write; encrypted-media; gyroscope; picture-in-picture; web-share\" referrerpolicy=\"strict-origin-when-cross-origin\" allowfullscreen><\/iframe><\/p>\n","protected":false},"excerpt":{"rendered":"<p>Grazie alla tecnologia Shimano Flash Boost, la gamma Sephia Flash Boost Egi presenta una lamella interna che emette bagliori continuamente. Questo sistema brevettato utilizza uno specchio riflettente sospeso da micro molle, che sfrutta la luce e i raggi UV per attirare i calamari in tutta la colonna d&#8217;acqua. Il movimento continuo dello specchietto all&#8217;interno del [&hellip;]<\/p>\n","protected":false},"featured_media":99477,"comment_status":"closed","ping_status":"closed","template":"","meta":[],"product_cat":[150],"product_tag":[1023],"yoast_head":"<!-- This site is optimized with the Yoast SEO plugin v15.3 - https:\/\/yoast.com\/wordpress\/plugins\/seo\/ -->\n<title>Sephia Clinch Flash Boost 3.0 - Shimano - Pesca Fish<\/title>\n<meta name=\"robots\" content=\"index, follow, max-snippet:-1, max-image-preview:large, max-video-preview:-1\" \/>\n<link rel=\"canonical\" href=\"https:\/\/www.pescafish.it\/new\/prodotto\/sephia-clinch-flash-boost-3-0-shimano\/\" \/>\n<meta property=\"og:locale\" content=\"it_IT\" \/>\n<meta property=\"og:type\" content=\"article\" \/>\n<meta property=\"og:title\" content=\"Sephia Clinch Flash Boost 3.0 - Shimano - Pesca Fish\" \/>\n<meta property=\"og:description\" content=\"Grazie alla tecnologia Shimano Flash Boost, la gamma Sephia Flash Boost Egi presenta una lamella interna che emette bagliori continuamente. Questo sistema brevettato utilizza uno specchio riflettente sospeso da micro molle, che sfrutta la luce e i raggi UV per attirare i calamari in tutta la colonna d&#8217;acqua. Il movimento continuo dello specchietto all&#8217;interno del [&hellip;]\" \/>\n<meta property=\"og:url\" content=\"https:\/\/www.pescafish.it\/new\/prodotto\/sephia-clinch-flash-boost-3-0-shimano\/\" \/>\n<meta property=\"og:site_name\" content=\"Pesca Fish\" \/>\n<meta property=\"article:publisher\" content=\"https:\/\/www.facebook.com\/pescafishvr\/\" \/>\n<meta property=\"article:modified_time\" content=\"2024-09-10T16:05:29+00:00\" \/>\n<meta property=\"og:image\" content=\"https:\/\/www.pescafish.it\/new\/wp-content\/uploads\/2022\/03\/sephia_FB_2.5_002-Lime-Blue.jpg\" \/>\n\t<meta property=\"og:image:width\" content=\"794\" \/>\n\t<meta property=\"og:image:height\" content=\"794\" \/>\n<meta name=\"twitter:card\" content=\"summary_large_image\" \/>\n<meta name=\"twitter:label1\" content=\"Scritto da\">\n\t<meta name=\"twitter:data1\" content=\"francesca\">\n\t<meta name=\"twitter:label2\" content=\"Tempo di lettura stimato\">\n\t<meta name=\"twitter:data2\" content=\"1 minuto\">\n<script type=\"application\/ld+json\" class=\"yoast-schema-graph\">{\"@context\":\"https:\/\/schema.org\",\"@graph\":[{\"@type\":\"WebSite\",\"@id\":\"https:\/\/www.pescafish.it\/new\/#website\",\"url\":\"https:\/\/www.pescafish.it\/new\/\",\"name\":\"Pesca Fish\",\"description\":\"Benvenuti sul nostro sito!\",\"potentialAction\":[{\"@type\":\"SearchAction\",\"target\":\"https:\/\/www.pescafish.it\/new\/?s={search_term_string}\",\"query-input\":\"required name=search_term_string\"}],\"inLanguage\":\"it-IT\"},{\"@type\":\"ImageObject\",\"@id\":\"https:\/\/www.pescafish.it\/new\/prodotto\/sephia-clinch-flash-boost-3-0-shimano\/#primaryimage\",\"inLanguage\":\"it-IT\",\"url\":\"https:\/\/www.pescafish.it\/new\/wp-content\/uploads\/2022\/03\/sephia_FB_2.5_002-Lime-Blue.jpg\",\"width\":794,\"height\":794,\"caption\":\"sephia clinch flash boost shimano\"},{\"@type\":\"WebPage\",\"@id\":\"https:\/\/www.pescafish.it\/new\/prodotto\/sephia-clinch-flash-boost-3-0-shimano\/#webpage\",\"url\":\"https:\/\/www.pescafish.it\/new\/prodotto\/sephia-clinch-flash-boost-3-0-shimano\/\",\"name\":\"Sephia Clinch Flash Boost 3.0 - Shimano - Pesca Fish\",\"isPartOf\":{\"@id\":\"https:\/\/www.pescafish.it\/new\/#website\"},\"primaryImageOfPage\":{\"@id\":\"https:\/\/www.pescafish.it\/new\/prodotto\/sephia-clinch-flash-boost-3-0-shimano\/#primaryimage\"},\"datePublished\":\"2024-09-09T13:58:02+00:00\",\"dateModified\":\"2024-09-10T16:05:29+00:00\",\"inLanguage\":\"it-IT\",\"potentialAction\":[{\"@type\":\"ReadAction\",\"target\":[\"https:\/\/www.pescafish.it\/new\/prodotto\/sephia-clinch-flash-boost-3-0-shimano\/\"]}]}]}<\/script>\n<!-- \/ Yoast SEO plugin. -->","_links":{"self":[{"href":"https:\/\/www.pescafish.it\/new\/wp-json\/wp\/v2\/product\/99510"}],"collection":[{"href":"https:\/\/www.pescafish.it\/new\/wp-json\/wp\/v2\/product"}],"about":[{"href":"https:\/\/www.pescafish.it\/new\/wp-json\/wp\/v2\/types\/product"}],"replies":[{"embeddable":true,"href":"https:\/\/www.pescafish.it\/new\/wp-json\/wp\/v2\/comments?post=99510"}],"wp:featuredmedia":[{"embeddable":true,"href":"https:\/\/www.pescafish.it\/new\/wp-json\/wp\/v2\/media\/99477"}],"wp:attachment":[{"href":"https:\/\/www.pescafish.it\/new\/wp-json\/wp\/v2\/media?parent=99510"}],"wp:term":[{"taxonomy":"product_cat","embeddable":true,"href":"https:\/\/www.pescafish.it\/new\/wp-json\/wp\/v2\/product_cat?post=99510"},{"taxonomy":"product_tag","embeddable":true,"href":"https:\/\/www.pescafish.it\/new\/wp-json\/wp\/v2\/product_tag?post=99510"}],"curies":[{"name":"wp","href":"https:\/\/api.w.org\/{rel}","templated":true}]}}