{"id":99458,"date":"2024-09-06T11:35:24","date_gmt":"2024-09-06T09:35:24","guid":{"rendered":"https:\/\/www.pescafish.it\/new\/?post_type=product&#038;p=99458"},"modified":"2025-02-10T17:21:40","modified_gmt":"2025-02-10T16:21:40","slug":"iris-thrillseeker-4-0-spro","status":"publish","type":"product","link":"https:\/\/www.pescafish.it\/new\/prodotto\/iris-thrillseeker-4-0-spro\/","title":{"rendered":"Iris Thrillseeker 4\/0 &#8211; SPRO"},"content":{"rendered":"<p>L&#8217;IRIS Thrillseeker svolge un azione unica e riconoscibile, che pu\u00f2 essere estremamente efficace nell&#8217;attirare predatori in zone nelle quali altri artificiali non sarebbe di alcuna utilit\u00e0. Il suo design speciale ti permette di pescare con l&#8217;IRIS Thrillseeker anche attraverso una folta vegetazione e vicino a rocce, rami e altri ostacoli sommersi. L&#8217;artificiale si muove vibrando molto e facendo rumore, cosa che attira e stimola anche il pi\u00f9 diffidente dei pesci. Il grosso amo spinnerbait della Gamakatsu ti permette\u00a0 di usare l&#8217;IRIS Thrillseeker con tutti i tipi di esche morbide, cos\u00ec da renderlo ancora pi\u00f9 attrattivo. Costruito da componenti di qualit\u00e0 e progettato per durare alle numerose catture che farete.<\/p>\n<p><strong>Disponibile nelle seguenti varianti:<\/strong><br \/>\nPerch\u00a0 4\/0 14g<br \/>\nRoach\u00a0 4\/0 14g<br \/>\nFiretiger\u00a0 4\/0 14g<\/p>\n","protected":false},"excerpt":{"rendered":"<p>L&#8217;IRIS Thrillseeker svolge un azione unica e riconoscibile, che pu\u00f2 essere estremamente efficace nell&#8217;attirare predatori in zone nelle quali altri artificiali non sarebbe di alcuna utilit\u00e0. Il suo design speciale ti permette di pescare con l&#8217;IRIS Thrillseeker anche attraverso una folta vegetazione e vicino a rocce, rami e altri ostacoli sommersi. L&#8217;artificiale si muove vibrando [&hellip;]<\/p>\n","protected":false},"featured_media":99463,"comment_status":"closed","ping_status":"closed","template":"","meta":[],"product_cat":[132],"product_tag":[1439],"yoast_head":"<!-- This site is optimized with the Yoast SEO plugin v15.3 - https:\/\/yoast.com\/wordpress\/plugins\/seo\/ -->\n<title>Iris Thrillseeker 4\/0 - SPRO - Pesca Fish<\/title>\n<meta name=\"robots\" content=\"index, follow, max-snippet:-1, max-image-preview:large, max-video-preview:-1\" \/>\n<link rel=\"canonical\" href=\"https:\/\/www.pescafish.it\/new\/prodotto\/iris-thrillseeker-4-0-spro\/\" \/>\n<meta property=\"og:locale\" content=\"it_IT\" \/>\n<meta property=\"og:type\" content=\"article\" \/>\n<meta property=\"og:title\" content=\"Iris Thrillseeker 4\/0 - SPRO - Pesca Fish\" \/>\n<meta property=\"og:description\" content=\"L&#8217;IRIS Thrillseeker svolge un azione unica e riconoscibile, che pu\u00f2 essere estremamente efficace nell&#8217;attirare predatori in zone nelle quali altri artificiali non sarebbe di alcuna utilit\u00e0. Il suo design speciale ti permette di pescare con l&#8217;IRIS Thrillseeker anche attraverso una folta vegetazione e vicino a rocce, rami e altri ostacoli sommersi. L&#8217;artificiale si muove vibrando [&hellip;]\" \/>\n<meta property=\"og:url\" content=\"https:\/\/www.pescafish.it\/new\/prodotto\/iris-thrillseeker-4-0-spro\/\" \/>\n<meta property=\"og:site_name\" content=\"Pesca Fish\" \/>\n<meta property=\"article:publisher\" content=\"https:\/\/www.facebook.com\/pescafishvr\/\" \/>\n<meta property=\"article:modified_time\" content=\"2025-02-10T16:21:40+00:00\" \/>\n<meta property=\"og:image\" content=\"https:\/\/www.pescafish.it\/new\/wp-content\/uploads\/2024\/09\/Screenshot-2024-09-06-112811.jpg\" \/>\n\t<meta property=\"og:image:width\" content=\"789\" \/>\n\t<meta property=\"og:image:height\" content=\"794\" \/>\n<meta name=\"twitter:card\" content=\"summary_large_image\" \/>\n<meta name=\"twitter:label1\" content=\"Scritto da\">\n\t<meta name=\"twitter:data1\" content=\"francesca\">\n\t<meta name=\"twitter:label2\" content=\"Tempo di lettura stimato\">\n\t<meta name=\"twitter:data2\" content=\"0 minuti\">\n<script type=\"application\/ld+json\" class=\"yoast-schema-graph\">{\"@context\":\"https:\/\/schema.org\",\"@graph\":[{\"@type\":\"WebSite\",\"@id\":\"https:\/\/www.pescafish.it\/new\/#website\",\"url\":\"https:\/\/www.pescafish.it\/new\/\",\"name\":\"Pesca Fish\",\"description\":\"Benvenuti sul nostro sito!\",\"potentialAction\":[{\"@type\":\"SearchAction\",\"target\":\"https:\/\/www.pescafish.it\/new\/?s={search_term_string}\",\"query-input\":\"required name=search_term_string\"}],\"inLanguage\":\"it-IT\"},{\"@type\":\"ImageObject\",\"@id\":\"https:\/\/www.pescafish.it\/new\/prodotto\/iris-thrillseeker-4-0-spro\/#primaryimage\",\"inLanguage\":\"it-IT\",\"url\":\"https:\/\/www.pescafish.it\/new\/wp-content\/uploads\/2024\/09\/Screenshot-2024-09-06-112811.jpg\",\"width\":789,\"height\":794},{\"@type\":\"WebPage\",\"@id\":\"https:\/\/www.pescafish.it\/new\/prodotto\/iris-thrillseeker-4-0-spro\/#webpage\",\"url\":\"https:\/\/www.pescafish.it\/new\/prodotto\/iris-thrillseeker-4-0-spro\/\",\"name\":\"Iris Thrillseeker 4\/0 - SPRO - Pesca Fish\",\"isPartOf\":{\"@id\":\"https:\/\/www.pescafish.it\/new\/#website\"},\"primaryImageOfPage\":{\"@id\":\"https:\/\/www.pescafish.it\/new\/prodotto\/iris-thrillseeker-4-0-spro\/#primaryimage\"},\"datePublished\":\"2024-09-06T09:35:24+00:00\",\"dateModified\":\"2025-02-10T16:21:40+00:00\",\"inLanguage\":\"it-IT\",\"potentialAction\":[{\"@type\":\"ReadAction\",\"target\":[\"https:\/\/www.pescafish.it\/new\/prodotto\/iris-thrillseeker-4-0-spro\/\"]}]}]}<\/script>\n<!-- \/ Yoast SEO plugin. -->","_links":{"self":[{"href":"https:\/\/www.pescafish.it\/new\/wp-json\/wp\/v2\/product\/99458"}],"collection":[{"href":"https:\/\/www.pescafish.it\/new\/wp-json\/wp\/v2\/product"}],"about":[{"href":"https:\/\/www.pescafish.it\/new\/wp-json\/wp\/v2\/types\/product"}],"replies":[{"embeddable":true,"href":"https:\/\/www.pescafish.it\/new\/wp-json\/wp\/v2\/comments?post=99458"}],"wp:featuredmedia":[{"embeddable":true,"href":"https:\/\/www.pescafish.it\/new\/wp-json\/wp\/v2\/media\/99463"}],"wp:attachment":[{"href":"https:\/\/www.pescafish.it\/new\/wp-json\/wp\/v2\/media?parent=99458"}],"wp:term":[{"taxonomy":"product_cat","embeddable":true,"href":"https:\/\/www.pescafish.it\/new\/wp-json\/wp\/v2\/product_cat?post=99458"},{"taxonomy":"product_tag","embeddable":true,"href":"https:\/\/www.pescafish.it\/new\/wp-json\/wp\/v2\/product_tag?post=99458"}],"curies":[{"name":"wp","href":"https:\/\/api.w.org\/{rel}","templated":true}]}}