{"id":99205,"date":"2024-08-30T10:49:30","date_gmt":"2024-08-30T08:49:30","guid":{"rendered":"https:\/\/www.pescafish.it\/new\/?post_type=product&#038;p=99205"},"modified":"2024-10-21T17:19:11","modified_gmt":"2024-10-21T15:19:11","slug":"coltello-noir-15cm-prfgl6-rapala","status":"publish","type":"product","link":"https:\/\/www.pescafish.it\/new\/prodotto\/coltello-noir-15cm-prfgl6-rapala\/","title":{"rendered":"Coltello Noir 15cm PRFGL6 &#8211; Rapala"},"content":{"rendered":"<p>Scopri il Coltello Noir da 15 cm di Rapala, l&#8217;alleato perfetto per ogni avventura di pesca e cucina. Con una lama di alta qualit\u00e0 e una finitura elegante, questo coltello offre precisione e affidabilit\u00e0 in ogni taglio. La lama, realizzata in acciaio inox resistente e affilata con cura, \u00e8 ideale per sfilettare, disossare e preparare il pesce con facilit\u00e0 e rapidit\u00e0. Il manico ergonomico, antiscivolo e progettato per un comfort ottimale, garantisce una presa sicura anche in condizioni umide. Elegante e funzionale, il Coltello Noir di Rapala \u00e8 un must-have per ogni appassionato di pesca e cucina, combinando stile e prestazioni superiori. Preparati a vivere un&#8217;esperienza culinaria senza pari con questo strumento di precisione.<\/p>\n","protected":false},"excerpt":{"rendered":"<p>Scopri il Coltello Noir da 15 cm di Rapala, l&#8217;alleato perfetto per ogni avventura di pesca e cucina. Con una lama di alta qualit\u00e0 e una finitura elegante, questo coltello offre precisione e affidabilit\u00e0 in ogni taglio. La lama, realizzata in acciaio inox resistente e affilata con cura, \u00e8 ideale per sfilettare, disossare e preparare [&hellip;]<\/p>\n","protected":false},"featured_media":99206,"comment_status":"closed","ping_status":"closed","template":"","meta":[],"product_cat":[250],"product_tag":[1113],"yoast_head":"<!-- This site is optimized with the Yoast SEO plugin v15.3 - https:\/\/yoast.com\/wordpress\/plugins\/seo\/ -->\n<title>Coltello Noir 15cm PRFGL6 - Rapala - Pesca Fish<\/title>\n<meta name=\"robots\" content=\"index, follow, max-snippet:-1, max-image-preview:large, max-video-preview:-1\" \/>\n<link rel=\"canonical\" href=\"https:\/\/www.pescafish.it\/new\/prodotto\/coltello-noir-15cm-prfgl6-rapala\/\" \/>\n<meta property=\"og:locale\" content=\"it_IT\" \/>\n<meta property=\"og:type\" content=\"article\" \/>\n<meta property=\"og:title\" content=\"Coltello Noir 15cm PRFGL6 - Rapala - Pesca Fish\" \/>\n<meta property=\"og:description\" content=\"Scopri il Coltello Noir da 15 cm di Rapala, l&#8217;alleato perfetto per ogni avventura di pesca e cucina. Con una lama di alta qualit\u00e0 e una finitura elegante, questo coltello offre precisione e affidabilit\u00e0 in ogni taglio. La lama, realizzata in acciaio inox resistente e affilata con cura, \u00e8 ideale per sfilettare, disossare e preparare [&hellip;]\" \/>\n<meta property=\"og:url\" content=\"https:\/\/www.pescafish.it\/new\/prodotto\/coltello-noir-15cm-prfgl6-rapala\/\" \/>\n<meta property=\"og:site_name\" content=\"Pesca Fish\" \/>\n<meta property=\"article:publisher\" content=\"https:\/\/www.facebook.com\/pescafishvr\/\" \/>\n<meta property=\"article:modified_time\" content=\"2024-10-21T15:19:11+00:00\" \/>\n<meta property=\"og:image\" content=\"https:\/\/www.pescafish.it\/new\/wp-content\/uploads\/2024\/08\/71NcYUD5y5L._AC_SX679_.jpg\" \/>\n\t<meta property=\"og:image:width\" content=\"789\" \/>\n\t<meta property=\"og:image:height\" content=\"794\" \/>\n<meta name=\"twitter:card\" content=\"summary_large_image\" \/>\n<meta name=\"twitter:label1\" content=\"Scritto da\">\n\t<meta name=\"twitter:data1\" content=\"francesca\">\n\t<meta name=\"twitter:label2\" content=\"Tempo di lettura stimato\">\n\t<meta name=\"twitter:data2\" content=\"0 minuti\">\n<script type=\"application\/ld+json\" class=\"yoast-schema-graph\">{\"@context\":\"https:\/\/schema.org\",\"@graph\":[{\"@type\":\"WebSite\",\"@id\":\"https:\/\/www.pescafish.it\/new\/#website\",\"url\":\"https:\/\/www.pescafish.it\/new\/\",\"name\":\"Pesca Fish\",\"description\":\"Benvenuti sul nostro sito!\",\"potentialAction\":[{\"@type\":\"SearchAction\",\"target\":\"https:\/\/www.pescafish.it\/new\/?s={search_term_string}\",\"query-input\":\"required name=search_term_string\"}],\"inLanguage\":\"it-IT\"},{\"@type\":\"ImageObject\",\"@id\":\"https:\/\/www.pescafish.it\/new\/prodotto\/coltello-noir-15cm-prfgl6-rapala\/#primaryimage\",\"inLanguage\":\"it-IT\",\"url\":\"https:\/\/www.pescafish.it\/new\/wp-content\/uploads\/2024\/08\/71NcYUD5y5L._AC_SX679_.jpg\",\"width\":789,\"height\":794},{\"@type\":\"WebPage\",\"@id\":\"https:\/\/www.pescafish.it\/new\/prodotto\/coltello-noir-15cm-prfgl6-rapala\/#webpage\",\"url\":\"https:\/\/www.pescafish.it\/new\/prodotto\/coltello-noir-15cm-prfgl6-rapala\/\",\"name\":\"Coltello Noir 15cm PRFGL6 - Rapala - Pesca Fish\",\"isPartOf\":{\"@id\":\"https:\/\/www.pescafish.it\/new\/#website\"},\"primaryImageOfPage\":{\"@id\":\"https:\/\/www.pescafish.it\/new\/prodotto\/coltello-noir-15cm-prfgl6-rapala\/#primaryimage\"},\"datePublished\":\"2024-08-30T08:49:30+00:00\",\"dateModified\":\"2024-10-21T15:19:11+00:00\",\"inLanguage\":\"it-IT\",\"potentialAction\":[{\"@type\":\"ReadAction\",\"target\":[\"https:\/\/www.pescafish.it\/new\/prodotto\/coltello-noir-15cm-prfgl6-rapala\/\"]}]}]}<\/script>\n<!-- \/ Yoast SEO plugin. -->","_links":{"self":[{"href":"https:\/\/www.pescafish.it\/new\/wp-json\/wp\/v2\/product\/99205"}],"collection":[{"href":"https:\/\/www.pescafish.it\/new\/wp-json\/wp\/v2\/product"}],"about":[{"href":"https:\/\/www.pescafish.it\/new\/wp-json\/wp\/v2\/types\/product"}],"replies":[{"embeddable":true,"href":"https:\/\/www.pescafish.it\/new\/wp-json\/wp\/v2\/comments?post=99205"}],"wp:featuredmedia":[{"embeddable":true,"href":"https:\/\/www.pescafish.it\/new\/wp-json\/wp\/v2\/media\/99206"}],"wp:attachment":[{"href":"https:\/\/www.pescafish.it\/new\/wp-json\/wp\/v2\/media?parent=99205"}],"wp:term":[{"taxonomy":"product_cat","embeddable":true,"href":"https:\/\/www.pescafish.it\/new\/wp-json\/wp\/v2\/product_cat?post=99205"},{"taxonomy":"product_tag","embeddable":true,"href":"https:\/\/www.pescafish.it\/new\/wp-json\/wp\/v2\/product_tag?post=99205"}],"curies":[{"name":"wp","href":"https:\/\/api.w.org\/{rel}","templated":true}]}}