{"id":99066,"date":"2024-08-28T09:45:27","date_gmt":"2024-08-28T07:45:27","guid":{"rendered":"https:\/\/www.pescafish.it\/new\/?post_type=product&#038;p=99066"},"modified":"2024-08-28T09:45:28","modified_gmt":"2024-08-28T07:45:28","slug":"canna-tribal-tx-4a-shimano","status":"publish","type":"product","link":"https:\/\/www.pescafish.it\/new\/prodotto\/canna-tribal-tx-4a-shimano\/","title":{"rendered":"Canna Tribal TX-4A &#8211; Shimano"},"content":{"rendered":"<p>La TX-4 \u00e8 la gamma di canne Tribal TX di prezzo medio, che si distingue per affidabilit\u00e0 e prestazioni. Le eccezionali prestazioni di lancio sono generate da una combinazione di tecnologie di carbonio avanzate, tra cui l&#8217;inclusione del carbonio ad alto modulo T1100G nella sezione della punta per aumentare la velocit\u00e0 e la risposta. Un valore fantastico con prestazioni all&#8217;altezza di qualsiasi altra categoria di prezzo.<br \/>\nSiete alla ricerca di una gamma di canne che vi permetta di lanciare a grandi distanze, offrendo allo stesso tempo un&#8217;ottima azione di pesca e non vi faccia spendere una fortuna per un set di 3 canne? La TX-4 fa al caso vostro. I modelli Intensity pi\u00f9 lunghi sono vere e proprie macchine da lancio che vi permetteranno di raggiungere pesci a lunga distanza, mentre i modelli da 12&#8242; (3,66 m) offrono un fantastico equilibrio tra potenza e azione in combattimento. E se la lunga distanza non \u00e8 il vostro target, date un&#8217;occhiata ai modelli pi\u00f9 corti da 2,74 m e da 3,05 m, ideali per la pesca a distanza ravvicinata e a medio raggio su acque pi\u00f9 piccole, con azioni che ispirano fiducia e aumentano il divertimento. Con azioni che ispirano fiducia e aumentano il divertimento.<br \/>\nCostruita su grezzi Full Carbon con tecnologia HPC (High Pressure Carbon), la TX4 beneficia anche del rinforzo in Biofibre, del miglioramento del Diaflash e del carbonio ad alto modulo T1100G nella sezione della punta. Il risultato \u00e8 una gamma di canne dall&#8217;aspetto fantastico che sfruttano al massimo la vostra tecnica di lancio e le vostre capacit\u00e0. I modelli Intensity hanno registrato lanci impressionanti, ben oltre le 200 iarde, ma sono le vette a distinguere la TX-4, in quanto offrono un&#8217;indulgenza e un&#8217;ammortizzazione che di solito non si trovano nelle canne della stessa fascia di prezzo. Dotata di anelli Seaguide Zirconia e di un portamulinello Shimano con trama in carbonio 3K, con una piccola impugnatura anteriore in EVA, la sottile impugnatura termoretraibile \u00e8 dotata di un fermo incorporato per una maggiore sicurezza. Una gamma di canne visivamente straordinaria con prestazioni all&#8217;altezza.<\/p>\n<p><strong>Modello:<\/strong> TX4A13INT<br \/>\n<strong>Lunghezza:<\/strong>\u00a013ft \u2013 3,96m<br \/>\n<strong>Potenza:<\/strong>\u00a03,5lb+<br \/>\n<strong>Ingombro:<\/strong>\u00a0202cm<br \/>\n<strong>Peso:<\/strong> 458g<br \/>\n<strong>N\u00b0 sezioni:<\/strong>\u00a02<br \/>\n<strong>1\u00b0 anello:<\/strong>\u00a050mm<br \/>\n.<br \/>\n<span style=\"color: #ff0000;\"><strong>DUE ANNI DI GARANZIA<\/strong><\/span><br \/>\n<span style=\"color: #ff0000;\"><strong>Da oggi per avere il TERZO ANNO DI GARANZIA, collegati al nuovo portale e registra il tuo prodotto su:<\/strong><\/span><br \/>\n<span style=\"color: #000000; background-color: #ffff00;\"><a style=\"color: #000000; background-color: #ffff00;\" href=\"http:\/\/www.shimanofishnetwork.it\/garanzia\/sign_in\"><strong>http:\/\/www.shimanofishnetwork.it\/garanzia\/sign_in<\/strong><\/a><\/span><\/p>\n","protected":false},"excerpt":{"rendered":"<p>La TX-4 \u00e8 la gamma di canne Tribal TX di prezzo medio, che si distingue per affidabilit\u00e0 e prestazioni. Le eccezionali prestazioni di lancio sono generate da una combinazione di tecnologie di carbonio avanzate, tra cui l&#8217;inclusione del carbonio ad alto modulo T1100G nella sezione della punta per aumentare la velocit\u00e0 e la risposta. Un [&hellip;]<\/p>\n","protected":false},"featured_media":99071,"comment_status":"closed","ping_status":"closed","template":"","meta":[],"product_cat":[257],"product_tag":[1023],"yoast_head":"<!-- This site is optimized with the Yoast SEO plugin v15.3 - https:\/\/yoast.com\/wordpress\/plugins\/seo\/ -->\n<title>Canna Tribal TX-4A - Shimano - Pesca Fish<\/title>\n<meta name=\"robots\" content=\"index, follow, max-snippet:-1, max-image-preview:large, max-video-preview:-1\" \/>\n<link rel=\"canonical\" href=\"https:\/\/www.pescafish.it\/new\/prodotto\/canna-tribal-tx-4a-shimano\/\" \/>\n<meta property=\"og:locale\" content=\"it_IT\" \/>\n<meta property=\"og:type\" content=\"article\" \/>\n<meta property=\"og:title\" content=\"Canna Tribal TX-4A - Shimano - Pesca Fish\" \/>\n<meta property=\"og:description\" content=\"La TX-4 \u00e8 la gamma di canne Tribal TX di prezzo medio, che si distingue per affidabilit\u00e0 e prestazioni. Le eccezionali prestazioni di lancio sono generate da una combinazione di tecnologie di carbonio avanzate, tra cui l&#8217;inclusione del carbonio ad alto modulo T1100G nella sezione della punta per aumentare la velocit\u00e0 e la risposta. Un [&hellip;]\" \/>\n<meta property=\"og:url\" content=\"https:\/\/www.pescafish.it\/new\/prodotto\/canna-tribal-tx-4a-shimano\/\" \/>\n<meta property=\"og:site_name\" content=\"Pesca Fish\" \/>\n<meta property=\"article:publisher\" content=\"https:\/\/www.facebook.com\/pescafishvr\/\" \/>\n<meta property=\"article:modified_time\" content=\"2024-08-28T07:45:28+00:00\" \/>\n<meta property=\"og:image\" content=\"https:\/\/www.pescafish.it\/new\/wp-content\/uploads\/2024\/08\/tribal-tx-4a.jpg\" \/>\n\t<meta property=\"og:image:width\" content=\"815\" \/>\n\t<meta property=\"og:image:height\" content=\"815\" \/>\n<meta name=\"twitter:card\" content=\"summary_large_image\" \/>\n<meta name=\"twitter:label1\" content=\"Scritto da\">\n\t<meta name=\"twitter:data1\" content=\"francesca\">\n\t<meta name=\"twitter:label2\" content=\"Tempo di lettura stimato\">\n\t<meta name=\"twitter:data2\" content=\"2 minuti\">\n<script type=\"application\/ld+json\" class=\"yoast-schema-graph\">{\"@context\":\"https:\/\/schema.org\",\"@graph\":[{\"@type\":\"WebSite\",\"@id\":\"https:\/\/www.pescafish.it\/new\/#website\",\"url\":\"https:\/\/www.pescafish.it\/new\/\",\"name\":\"Pesca Fish\",\"description\":\"Benvenuti sul nostro sito!\",\"potentialAction\":[{\"@type\":\"SearchAction\",\"target\":\"https:\/\/www.pescafish.it\/new\/?s={search_term_string}\",\"query-input\":\"required name=search_term_string\"}],\"inLanguage\":\"it-IT\"},{\"@type\":\"ImageObject\",\"@id\":\"https:\/\/www.pescafish.it\/new\/prodotto\/canna-tribal-tx-4a-shimano\/#primaryimage\",\"inLanguage\":\"it-IT\",\"url\":\"https:\/\/www.pescafish.it\/new\/wp-content\/uploads\/2024\/08\/tribal-tx-4a.jpg\",\"width\":815,\"height\":815,\"caption\":\"tribal tx-4a shimano\"},{\"@type\":\"WebPage\",\"@id\":\"https:\/\/www.pescafish.it\/new\/prodotto\/canna-tribal-tx-4a-shimano\/#webpage\",\"url\":\"https:\/\/www.pescafish.it\/new\/prodotto\/canna-tribal-tx-4a-shimano\/\",\"name\":\"Canna Tribal TX-4A - Shimano - Pesca Fish\",\"isPartOf\":{\"@id\":\"https:\/\/www.pescafish.it\/new\/#website\"},\"primaryImageOfPage\":{\"@id\":\"https:\/\/www.pescafish.it\/new\/prodotto\/canna-tribal-tx-4a-shimano\/#primaryimage\"},\"datePublished\":\"2024-08-28T07:45:27+00:00\",\"dateModified\":\"2024-08-28T07:45:28+00:00\",\"inLanguage\":\"it-IT\",\"potentialAction\":[{\"@type\":\"ReadAction\",\"target\":[\"https:\/\/www.pescafish.it\/new\/prodotto\/canna-tribal-tx-4a-shimano\/\"]}]}]}<\/script>\n<!-- \/ Yoast SEO plugin. -->","_links":{"self":[{"href":"https:\/\/www.pescafish.it\/new\/wp-json\/wp\/v2\/product\/99066"}],"collection":[{"href":"https:\/\/www.pescafish.it\/new\/wp-json\/wp\/v2\/product"}],"about":[{"href":"https:\/\/www.pescafish.it\/new\/wp-json\/wp\/v2\/types\/product"}],"replies":[{"embeddable":true,"href":"https:\/\/www.pescafish.it\/new\/wp-json\/wp\/v2\/comments?post=99066"}],"wp:featuredmedia":[{"embeddable":true,"href":"https:\/\/www.pescafish.it\/new\/wp-json\/wp\/v2\/media\/99071"}],"wp:attachment":[{"href":"https:\/\/www.pescafish.it\/new\/wp-json\/wp\/v2\/media?parent=99066"}],"wp:term":[{"taxonomy":"product_cat","embeddable":true,"href":"https:\/\/www.pescafish.it\/new\/wp-json\/wp\/v2\/product_cat?post=99066"},{"taxonomy":"product_tag","embeddable":true,"href":"https:\/\/www.pescafish.it\/new\/wp-json\/wp\/v2\/product_tag?post=99066"}],"curies":[{"name":"wp","href":"https:\/\/api.w.org\/{rel}","templated":true}]}}