{"id":99053,"date":"2024-08-28T09:26:53","date_gmt":"2024-08-28T07:26:53","guid":{"rendered":"https:\/\/www.pescafish.it\/new\/?post_type=product&#038;p=99053"},"modified":"2024-10-18T18:34:30","modified_gmt":"2024-10-18T16:34:30","slug":"canna-tribal-tx-7a-shimano","status":"publish","type":"product","link":"https:\/\/www.pescafish.it\/new\/prodotto\/canna-tribal-tx-7a-shimano\/","title":{"rendered":"Canna Canna Tribal TX-7A &#8211; Shimano"},"content":{"rendered":"<h2>Canna Tribal TX-7A<\/h2>\n<p>La gamma Tribal TX-7 \u00e8 stata progettata per affrontare le acque pi\u00f9 grandi ed i lanciatori pi\u00f9 esigenti. Con la forza e la potenza in primo piano nella progettazione, la gamma presenta alcuni dei migliori modelli da lunga distanza di Shimano Tribal, pur rimanendo sottile, leggera e reattiva.<br \/>\nSe pescate in acque grandi, dove \u00e8 necessario lanciare a lunga distanza, la TX-7 vi piacer\u00e0 sicuramente. Questa canna ha battuto il record mondiale con piombo da 4 oz con un lancio di 247 iarde!<br \/>\nLa generazione successiva \u00e8 stata sviluppata con lo stesso spirito, ma con una tecnologia pi\u00f9 avanzata, per battere nuovamente i record.<br \/>\nPrendendo uno dei due modelli Intensity, sentirete immediatamente la potenza nascosta nel blank incredibilmente sottile, mentre le curve di test pi\u00f9 convenzionali tra 2,75lb e 3,25lb offrono un superbo compromesso tra potenza di lancio e funzionalit\u00e0 in combattimento con i pesci.<br \/>\nCon l&#8217;aggiunta della tecnologia NANOSHEET e della fibra di carbonio M40X, il blank diventa pi\u00f9 reattivo e ha un recupero pi\u00f9 rapido dopo il lancio. Questo vi aiuter\u00e0 a fare i lanci pi\u00f9 lunghi che abbiate mai fatto. La nuova gamma TX-7 \u00e8 forte e potente, ma allo stesso tempo molto indulgente quando si combatte con i pesci sotto la punta della canna.<br \/>\nPer massimizzare ulteriormente le prestazioni, gli anelli in acciaio inossidabile Kigan sono stati montate sui grezzi, garantendo una potenza inarrestabile senza aumentare il peso.<br \/>\nIl porta mulinello Fuji DPS e l&#8217;impugnatura in EVA completano la gamma TX-7, che potrete utilizzare con fiducia anche nelle situazioni pi\u00f9 difficili.<\/p>\n<p><strong>Modello:<\/strong> TX7A13INT<br \/>\n<strong>Lunghezza:<\/strong> 13ft &#8211; 3,96m<br \/>\n<strong>Potenza:<\/strong> 3,5lb+<br \/>\n<strong>Ingombro:<\/strong> 202cm<br \/>\n<strong>Peso:<\/strong> 452g<br \/>\n<strong>N\u00b0 sezioni:<\/strong> 2<br \/>\n<strong>1\u00b0 anello:<\/strong> 50mm<br \/>\n.<br \/>\n<span style=\"color: #ff0000;\"><strong>DUE ANNI DI GARANZIA<\/strong><\/span><br \/>\n<span style=\"color: #ff0000;\"><strong>Da oggi per avere il TERZO ANNO DI GARANZIA, collegati al nuovo portale e registra il tuo prodotto su:<\/strong><\/span><br \/>\n<span style=\"color: #000000; background-color: #ffff00;\"><a style=\"color: #000000; background-color: #ffff00;\" href=\"http:\/\/www.shimanofishnetwork.it\/garanzia\/sign_in\"><strong>http:\/\/www.shimanofishnetwork.it\/garanzia\/sign_in<\/strong><\/a><\/span><\/p>\n","protected":false},"excerpt":{"rendered":"<p>Canna Tribal TX-7A La gamma Tribal TX-7 \u00e8 stata progettata per affrontare le acque pi\u00f9 grandi ed i lanciatori pi\u00f9 esigenti. Con la forza e la potenza in primo piano nella progettazione, la gamma presenta alcuni dei migliori modelli da lunga distanza di Shimano Tribal, pur rimanendo sottile, leggera e reattiva. Se pescate in acque [&hellip;]<\/p>\n","protected":false},"featured_media":99054,"comment_status":"closed","ping_status":"closed","template":"","meta":[],"product_cat":[257],"product_tag":[1023],"yoast_head":"<!-- This site is optimized with the Yoast SEO plugin v15.3 - https:\/\/yoast.com\/wordpress\/plugins\/seo\/ -->\n<title>Canna Canna Tribal TX-7A - Shimano - Pesca Fish<\/title>\n<meta name=\"robots\" content=\"index, follow, max-snippet:-1, max-image-preview:large, max-video-preview:-1\" \/>\n<link rel=\"canonical\" href=\"https:\/\/www.pescafish.it\/new\/prodotto\/canna-tribal-tx-7a-shimano\/\" \/>\n<meta property=\"og:locale\" content=\"it_IT\" \/>\n<meta property=\"og:type\" content=\"article\" \/>\n<meta property=\"og:title\" content=\"Canna Canna Tribal TX-7A - Shimano - Pesca Fish\" \/>\n<meta property=\"og:description\" content=\"Canna Tribal TX-7A La gamma Tribal TX-7 \u00e8 stata progettata per affrontare le acque pi\u00f9 grandi ed i lanciatori pi\u00f9 esigenti. Con la forza e la potenza in primo piano nella progettazione, la gamma presenta alcuni dei migliori modelli da lunga distanza di Shimano Tribal, pur rimanendo sottile, leggera e reattiva. Se pescate in acque [&hellip;]\" \/>\n<meta property=\"og:url\" content=\"https:\/\/www.pescafish.it\/new\/prodotto\/canna-tribal-tx-7a-shimano\/\" \/>\n<meta property=\"og:site_name\" content=\"Pesca Fish\" \/>\n<meta property=\"article:publisher\" content=\"https:\/\/www.facebook.com\/pescafishvr\/\" \/>\n<meta property=\"article:modified_time\" content=\"2024-10-18T16:34:30+00:00\" \/>\n<meta property=\"og:image\" content=\"https:\/\/www.pescafish.it\/new\/wp-content\/uploads\/2024\/08\/tribal-tx-7a.jpg\" \/>\n\t<meta property=\"og:image:width\" content=\"835\" \/>\n\t<meta property=\"og:image:height\" content=\"835\" \/>\n<meta name=\"twitter:card\" content=\"summary_large_image\" \/>\n<meta name=\"twitter:label1\" content=\"Scritto da\">\n\t<meta name=\"twitter:data1\" content=\"francesca\">\n\t<meta name=\"twitter:label2\" content=\"Tempo di lettura stimato\">\n\t<meta name=\"twitter:data2\" content=\"1 minuto\">\n<script type=\"application\/ld+json\" class=\"yoast-schema-graph\">{\"@context\":\"https:\/\/schema.org\",\"@graph\":[{\"@type\":\"WebSite\",\"@id\":\"https:\/\/www.pescafish.it\/new\/#website\",\"url\":\"https:\/\/www.pescafish.it\/new\/\",\"name\":\"Pesca Fish\",\"description\":\"Benvenuti sul nostro sito!\",\"potentialAction\":[{\"@type\":\"SearchAction\",\"target\":\"https:\/\/www.pescafish.it\/new\/?s={search_term_string}\",\"query-input\":\"required name=search_term_string\"}],\"inLanguage\":\"it-IT\"},{\"@type\":\"ImageObject\",\"@id\":\"https:\/\/www.pescafish.it\/new\/prodotto\/canna-tribal-tx-7a-shimano\/#primaryimage\",\"inLanguage\":\"it-IT\",\"url\":\"https:\/\/www.pescafish.it\/new\/wp-content\/uploads\/2024\/08\/tribal-tx-7a.jpg\",\"width\":835,\"height\":835,\"caption\":\"tribal tx-7a shimano\"},{\"@type\":\"WebPage\",\"@id\":\"https:\/\/www.pescafish.it\/new\/prodotto\/canna-tribal-tx-7a-shimano\/#webpage\",\"url\":\"https:\/\/www.pescafish.it\/new\/prodotto\/canna-tribal-tx-7a-shimano\/\",\"name\":\"Canna Canna Tribal TX-7A - Shimano - Pesca Fish\",\"isPartOf\":{\"@id\":\"https:\/\/www.pescafish.it\/new\/#website\"},\"primaryImageOfPage\":{\"@id\":\"https:\/\/www.pescafish.it\/new\/prodotto\/canna-tribal-tx-7a-shimano\/#primaryimage\"},\"datePublished\":\"2024-08-28T07:26:53+00:00\",\"dateModified\":\"2024-10-18T16:34:30+00:00\",\"inLanguage\":\"it-IT\",\"potentialAction\":[{\"@type\":\"ReadAction\",\"target\":[\"https:\/\/www.pescafish.it\/new\/prodotto\/canna-tribal-tx-7a-shimano\/\"]}]}]}<\/script>\n<!-- \/ Yoast SEO plugin. -->","_links":{"self":[{"href":"https:\/\/www.pescafish.it\/new\/wp-json\/wp\/v2\/product\/99053"}],"collection":[{"href":"https:\/\/www.pescafish.it\/new\/wp-json\/wp\/v2\/product"}],"about":[{"href":"https:\/\/www.pescafish.it\/new\/wp-json\/wp\/v2\/types\/product"}],"replies":[{"embeddable":true,"href":"https:\/\/www.pescafish.it\/new\/wp-json\/wp\/v2\/comments?post=99053"}],"wp:featuredmedia":[{"embeddable":true,"href":"https:\/\/www.pescafish.it\/new\/wp-json\/wp\/v2\/media\/99054"}],"wp:attachment":[{"href":"https:\/\/www.pescafish.it\/new\/wp-json\/wp\/v2\/media?parent=99053"}],"wp:term":[{"taxonomy":"product_cat","embeddable":true,"href":"https:\/\/www.pescafish.it\/new\/wp-json\/wp\/v2\/product_cat?post=99053"},{"taxonomy":"product_tag","embeddable":true,"href":"https:\/\/www.pescafish.it\/new\/wp-json\/wp\/v2\/product_tag?post=99053"}],"curies":[{"name":"wp","href":"https:\/\/api.w.org\/{rel}","templated":true}]}}