{"id":99050,"date":"2024-08-28T09:16:11","date_gmt":"2024-08-28T07:16:11","guid":{"rendered":"https:\/\/www.pescafish.it\/new\/?post_type=product&#038;p=99050"},"modified":"2024-08-30T09:25:45","modified_gmt":"2024-08-30T07:25:45","slug":"pro-sabiki-wfn600-yamashita","status":"publish","type":"product","link":"https:\/\/www.pescafish.it\/new\/prodotto\/pro-sabiki-wfn600-yamashita\/","title":{"rendered":"Pro Sabiki WFN 600 &#8211; Yamashita"},"content":{"rendered":"<p>Eccezionale sabiki di altissima qualit\u00e0 della serie Pro Sabiki di Yamashita, sicuramente una delle esche pi\u00f9 catturanti per Sugarelli e Sgombri. Il modello WFN600 \u00e8 composto da 6 ami dorati montati con Flash bianco, vera pelle di pesce e testine fluorescenti. Quantit\u00e0 Ami: 6.<\/p>\n<p><strong>Disponibile nelle seguenti dimensioni:<\/strong><br \/>\n12g<br \/>\n14g<\/p>\n","protected":false},"excerpt":{"rendered":"<p>Eccezionale sabiki di altissima qualit\u00e0 della serie Pro Sabiki di Yamashita, sicuramente una delle esche pi\u00f9 catturanti per Sugarelli e Sgombri. Il modello WFN600 \u00e8 composto da 6 ami dorati montati con Flash bianco, vera pelle di pesce e testine fluorescenti. Quantit\u00e0 Ami: 6. Disponibile nelle seguenti dimensioni: 12g 14g<\/p>\n","protected":false},"featured_media":99055,"comment_status":"closed","ping_status":"closed","template":"","meta":[],"product_cat":[151],"product_tag":[1156],"yoast_head":"<!-- This site is optimized with the Yoast SEO plugin v15.3 - https:\/\/yoast.com\/wordpress\/plugins\/seo\/ -->\n<title>Pro Sabiki WFN 600 - Yamashita - Pesca Fish<\/title>\n<meta name=\"robots\" content=\"index, follow, max-snippet:-1, max-image-preview:large, max-video-preview:-1\" \/>\n<link rel=\"canonical\" href=\"https:\/\/www.pescafish.it\/new\/prodotto\/pro-sabiki-wfn600-yamashita\/\" \/>\n<meta property=\"og:locale\" content=\"it_IT\" \/>\n<meta property=\"og:type\" content=\"article\" \/>\n<meta property=\"og:title\" content=\"Pro Sabiki WFN 600 - Yamashita - Pesca Fish\" \/>\n<meta property=\"og:description\" content=\"Eccezionale sabiki di altissima qualit\u00e0 della serie Pro Sabiki di Yamashita, sicuramente una delle esche pi\u00f9 catturanti per Sugarelli e Sgombri. Il modello WFN600 \u00e8 composto da 6 ami dorati montati con Flash bianco, vera pelle di pesce e testine fluorescenti. Quantit\u00e0 Ami: 6. Disponibile nelle seguenti dimensioni: 12g 14g\" \/>\n<meta property=\"og:url\" content=\"https:\/\/www.pescafish.it\/new\/prodotto\/pro-sabiki-wfn600-yamashita\/\" \/>\n<meta property=\"og:site_name\" content=\"Pesca Fish\" \/>\n<meta property=\"article:publisher\" content=\"https:\/\/www.facebook.com\/pescafishvr\/\" \/>\n<meta property=\"article:modified_time\" content=\"2024-08-30T07:25:45+00:00\" \/>\n<meta property=\"og:image\" content=\"https:\/\/www.pescafish.it\/new\/wp-content\/uploads\/2024\/08\/yamashita.jpg\" \/>\n\t<meta property=\"og:image:width\" content=\"789\" \/>\n\t<meta property=\"og:image:height\" content=\"794\" \/>\n<meta name=\"twitter:card\" content=\"summary_large_image\" \/>\n<meta name=\"twitter:label1\" content=\"Scritto da\">\n\t<meta name=\"twitter:data1\" content=\"francesca\">\n\t<meta name=\"twitter:label2\" content=\"Tempo di lettura stimato\">\n\t<meta name=\"twitter:data2\" content=\"0 minuti\">\n<script type=\"application\/ld+json\" class=\"yoast-schema-graph\">{\"@context\":\"https:\/\/schema.org\",\"@graph\":[{\"@type\":\"WebSite\",\"@id\":\"https:\/\/www.pescafish.it\/new\/#website\",\"url\":\"https:\/\/www.pescafish.it\/new\/\",\"name\":\"Pesca Fish\",\"description\":\"Benvenuti sul nostro sito!\",\"potentialAction\":[{\"@type\":\"SearchAction\",\"target\":\"https:\/\/www.pescafish.it\/new\/?s={search_term_string}\",\"query-input\":\"required name=search_term_string\"}],\"inLanguage\":\"it-IT\"},{\"@type\":\"ImageObject\",\"@id\":\"https:\/\/www.pescafish.it\/new\/prodotto\/pro-sabiki-wfn600-yamashita\/#primaryimage\",\"inLanguage\":\"it-IT\",\"url\":\"https:\/\/www.pescafish.it\/new\/wp-content\/uploads\/2024\/08\/yamashita.jpg\",\"width\":789,\"height\":794},{\"@type\":\"WebPage\",\"@id\":\"https:\/\/www.pescafish.it\/new\/prodotto\/pro-sabiki-wfn600-yamashita\/#webpage\",\"url\":\"https:\/\/www.pescafish.it\/new\/prodotto\/pro-sabiki-wfn600-yamashita\/\",\"name\":\"Pro Sabiki WFN 600 - Yamashita - Pesca Fish\",\"isPartOf\":{\"@id\":\"https:\/\/www.pescafish.it\/new\/#website\"},\"primaryImageOfPage\":{\"@id\":\"https:\/\/www.pescafish.it\/new\/prodotto\/pro-sabiki-wfn600-yamashita\/#primaryimage\"},\"datePublished\":\"2024-08-28T07:16:11+00:00\",\"dateModified\":\"2024-08-30T07:25:45+00:00\",\"inLanguage\":\"it-IT\",\"potentialAction\":[{\"@type\":\"ReadAction\",\"target\":[\"https:\/\/www.pescafish.it\/new\/prodotto\/pro-sabiki-wfn600-yamashita\/\"]}]}]}<\/script>\n<!-- \/ Yoast SEO plugin. -->","_links":{"self":[{"href":"https:\/\/www.pescafish.it\/new\/wp-json\/wp\/v2\/product\/99050"}],"collection":[{"href":"https:\/\/www.pescafish.it\/new\/wp-json\/wp\/v2\/product"}],"about":[{"href":"https:\/\/www.pescafish.it\/new\/wp-json\/wp\/v2\/types\/product"}],"replies":[{"embeddable":true,"href":"https:\/\/www.pescafish.it\/new\/wp-json\/wp\/v2\/comments?post=99050"}],"wp:featuredmedia":[{"embeddable":true,"href":"https:\/\/www.pescafish.it\/new\/wp-json\/wp\/v2\/media\/99055"}],"wp:attachment":[{"href":"https:\/\/www.pescafish.it\/new\/wp-json\/wp\/v2\/media?parent=99050"}],"wp:term":[{"taxonomy":"product_cat","embeddable":true,"href":"https:\/\/www.pescafish.it\/new\/wp-json\/wp\/v2\/product_cat?post=99050"},{"taxonomy":"product_tag","embeddable":true,"href":"https:\/\/www.pescafish.it\/new\/wp-json\/wp\/v2\/product_tag?post=99050"}],"curies":[{"name":"wp","href":"https:\/\/api.w.org\/{rel}","templated":true}]}}