{"id":98997,"date":"2024-08-23T19:00:10","date_gmt":"2024-08-23T17:00:10","guid":{"rendered":"https:\/\/www.pescafish.it\/new\/?post_type=product&#038;p=98997"},"modified":"2024-08-24T09:38:59","modified_gmt":"2024-08-24T07:38:59","slug":"98997","status":"publish","type":"product","link":"https:\/\/www.pescafish.it\/new\/prodotto\/98997\/","title":{"rendered":"Raglou Hybrid Monster 200 &#8211; Ragot"},"content":{"rendered":"<h2>Raglou Hybrid Monster 200<\/h2>\n<p>La nuova versione\u00a0MONSTER\u00a0della collezione\u00a0Raglou Hybrid\u00a0\u00e8 l&#8217;esca ideale per diversi predatori marini. Equipaggiata con un robusto amo VMC 9754TI, questa esca \u00e8 perfetta per molte tecniche di pesca, tra cui la traina lenta, la traina veloce (fino a 20 nodi), il casting, il recupero e la pesca verticale in profondit\u00e0. Il\u00a0RAGOT Raglou Hybrid Monster\u00a0\u00e8 stato progettato per attrarre pesci come Barracuda, Bonito, Lampughe, Pesce spada, Tonno alletterato, Pollack, Ricciola e Tonno. Inoltre, \u00e8 dotato di un rattle interno per aumentare l&#8217;attrattiva e migliorare le possibilit\u00e0 di cattura. Adatta sia per la pesca esotica che per le acque locali, questa esca si distingue per la sua versatilit\u00e0 e efficacia.<\/p>\n<p><strong>Caratteristiche:<br \/>\n<\/strong>\u2022 Lunghezza (mm): 200<br \/>\n\u2022 Peso (gr): 145<\/p>\n<p><strong>Disponibile nelle seguenti colorazioni:<\/strong><br \/>\n<strong>RG3921235 <\/strong>\u00a0RH<br \/>\n<strong>RG3921239<\/strong>\u00a0 ABLY<\/p>\n","protected":false},"excerpt":{"rendered":"<p>Raglou Hybrid Monster 200 La nuova versione\u00a0MONSTER\u00a0della collezione\u00a0Raglou Hybrid\u00a0\u00e8 l&#8217;esca ideale per diversi predatori marini. Equipaggiata con un robusto amo VMC 9754TI, questa esca \u00e8 perfetta per molte tecniche di pesca, tra cui la traina lenta, la traina veloce (fino a 20 nodi), il casting, il recupero e la pesca verticale in profondit\u00e0. Il\u00a0RAGOT Raglou [&hellip;]<\/p>\n","protected":false},"featured_media":98998,"comment_status":"closed","ping_status":"closed","template":"","meta":[],"product_cat":[1199],"product_tag":[1200],"yoast_head":"<!-- This site is optimized with the Yoast SEO plugin v15.3 - https:\/\/yoast.com\/wordpress\/plugins\/seo\/ -->\n<title>Raglou Hybrid Monster 200 - Ragot - Pesca Fish<\/title>\n<meta name=\"robots\" content=\"index, follow, max-snippet:-1, max-image-preview:large, max-video-preview:-1\" \/>\n<link rel=\"canonical\" href=\"https:\/\/www.pescafish.it\/new\/prodotto\/98997\/\" \/>\n<meta property=\"og:locale\" content=\"it_IT\" \/>\n<meta property=\"og:type\" content=\"article\" \/>\n<meta property=\"og:title\" content=\"Raglou Hybrid Monster 200 - Ragot - Pesca Fish\" \/>\n<meta property=\"og:description\" content=\"Raglou Hybrid Monster 200 La nuova versione\u00a0MONSTER\u00a0della collezione\u00a0Raglou Hybrid\u00a0\u00e8 l&#8217;esca ideale per diversi predatori marini. Equipaggiata con un robusto amo VMC 9754TI, questa esca \u00e8 perfetta per molte tecniche di pesca, tra cui la traina lenta, la traina veloce (fino a 20 nodi), il casting, il recupero e la pesca verticale in profondit\u00e0. Il\u00a0RAGOT Raglou [&hellip;]\" \/>\n<meta property=\"og:url\" content=\"https:\/\/www.pescafish.it\/new\/prodotto\/98997\/\" \/>\n<meta property=\"og:site_name\" content=\"Pesca Fish\" \/>\n<meta property=\"article:publisher\" content=\"https:\/\/www.facebook.com\/pescafishvr\/\" \/>\n<meta property=\"article:modified_time\" content=\"2024-08-24T07:38:59+00:00\" \/>\n<meta property=\"og:image\" content=\"https:\/\/www.pescafish.it\/new\/wp-content\/uploads\/2024\/08\/ABLY.jpg\" \/>\n\t<meta property=\"og:image:width\" content=\"789\" \/>\n\t<meta property=\"og:image:height\" content=\"794\" \/>\n<meta name=\"twitter:card\" content=\"summary_large_image\" \/>\n<meta name=\"twitter:label1\" content=\"Scritto da\">\n\t<meta name=\"twitter:data1\" content=\"francesca\">\n\t<meta name=\"twitter:label2\" content=\"Tempo di lettura stimato\">\n\t<meta name=\"twitter:data2\" content=\"0 minuti\">\n<script type=\"application\/ld+json\" class=\"yoast-schema-graph\">{\"@context\":\"https:\/\/schema.org\",\"@graph\":[{\"@type\":\"WebSite\",\"@id\":\"https:\/\/www.pescafish.it\/new\/#website\",\"url\":\"https:\/\/www.pescafish.it\/new\/\",\"name\":\"Pesca Fish\",\"description\":\"Benvenuti sul nostro sito!\",\"potentialAction\":[{\"@type\":\"SearchAction\",\"target\":\"https:\/\/www.pescafish.it\/new\/?s={search_term_string}\",\"query-input\":\"required name=search_term_string\"}],\"inLanguage\":\"it-IT\"},{\"@type\":\"ImageObject\",\"@id\":\"https:\/\/www.pescafish.it\/new\/prodotto\/98997\/#primaryimage\",\"inLanguage\":\"it-IT\",\"url\":\"https:\/\/www.pescafish.it\/new\/wp-content\/uploads\/2024\/08\/ABLY.jpg\",\"width\":789,\"height\":794,\"caption\":\"Ragot\"},{\"@type\":\"WebPage\",\"@id\":\"https:\/\/www.pescafish.it\/new\/prodotto\/98997\/#webpage\",\"url\":\"https:\/\/www.pescafish.it\/new\/prodotto\/98997\/\",\"name\":\"Raglou Hybrid Monster 200 - Ragot - Pesca Fish\",\"isPartOf\":{\"@id\":\"https:\/\/www.pescafish.it\/new\/#website\"},\"primaryImageOfPage\":{\"@id\":\"https:\/\/www.pescafish.it\/new\/prodotto\/98997\/#primaryimage\"},\"datePublished\":\"2024-08-23T17:00:10+00:00\",\"dateModified\":\"2024-08-24T07:38:59+00:00\",\"inLanguage\":\"it-IT\",\"potentialAction\":[{\"@type\":\"ReadAction\",\"target\":[\"https:\/\/www.pescafish.it\/new\/prodotto\/98997\/\"]}]}]}<\/script>\n<!-- \/ Yoast SEO plugin. -->","_links":{"self":[{"href":"https:\/\/www.pescafish.it\/new\/wp-json\/wp\/v2\/product\/98997"}],"collection":[{"href":"https:\/\/www.pescafish.it\/new\/wp-json\/wp\/v2\/product"}],"about":[{"href":"https:\/\/www.pescafish.it\/new\/wp-json\/wp\/v2\/types\/product"}],"replies":[{"embeddable":true,"href":"https:\/\/www.pescafish.it\/new\/wp-json\/wp\/v2\/comments?post=98997"}],"wp:featuredmedia":[{"embeddable":true,"href":"https:\/\/www.pescafish.it\/new\/wp-json\/wp\/v2\/media\/98998"}],"wp:attachment":[{"href":"https:\/\/www.pescafish.it\/new\/wp-json\/wp\/v2\/media?parent=98997"}],"wp:term":[{"taxonomy":"product_cat","embeddable":true,"href":"https:\/\/www.pescafish.it\/new\/wp-json\/wp\/v2\/product_cat?post=98997"},{"taxonomy":"product_tag","embeddable":true,"href":"https:\/\/www.pescafish.it\/new\/wp-json\/wp\/v2\/product_tag?post=98997"}],"curies":[{"name":"wp","href":"https:\/\/api.w.org\/{rel}","templated":true}]}}