{"id":98925,"date":"2024-08-22T10:11:17","date_gmt":"2024-08-22T08:11:17","guid":{"rendered":"https:\/\/www.pescafish.it\/new\/?post_type=product&#038;p=98925"},"modified":"2024-08-30T09:30:04","modified_gmt":"2024-08-30T07:30:04","slug":"wrath-ii-dorade-702-50-150g-combo-penn","status":"publish","type":"product","link":"https:\/\/www.pescafish.it\/new\/prodotto\/wrath-ii-dorade-702-50-150g-combo-penn\/","title":{"rendered":"Wrath II Dorade 702 50-150g &#8211; Penn"},"content":{"rendered":"<p>La Penn Wrath II Dorade 702 5000 Combo \u00e8 stata specificamente ideata per la pesca alla Dorade, offrendo un mix ideale di potenza e prestazioni. Con una lunghezza di 2,13 metri e un range di lancio tra 50 e 150 grammi, questa canna \u00e8 perfetta per affrontare le sfide legate alla cattura di questa specie. Il fusto, anch&#8217;esso in grafite, \u00e8 robusto ma leggero, con guide in ossido di titanio durevoli, adatte a una variet\u00e0 di esche. In sintesi \u00e8 una scelta solida e affidabile per la pesca alla Dorade!<\/p>\n<p>\u2022 Corpo in grafite leggero e resistente alla corrosione<br \/>\n\u2022 Anelli di capacit\u00e0 di lenza<br \/>\n\u2022 Fusto in grafite leggero e resistente<br \/>\n\u2022 Guide resistenti in ossido di titanio<br \/>\n\u2022 Adatto a tutti i tipi di esche<br \/>\n\u2022 Sviluppata per la pesca al Dorade<br \/>\n\u2022Lunghezza 2,13m<\/p>\n","protected":false},"excerpt":{"rendered":"<p>La Penn Wrath II Dorade 702 5000 Combo \u00e8 stata specificamente ideata per la pesca alla Dorade, offrendo un mix ideale di potenza e prestazioni. Con una lunghezza di 2,13 metri e un range di lancio tra 50 e 150 grammi, questa canna \u00e8 perfetta per affrontare le sfide legate alla cattura di questa specie. [&hellip;]<\/p>\n","protected":false},"featured_media":98926,"comment_status":"closed","ping_status":"closed","template":"","meta":[],"product_cat":[80],"product_tag":[1064],"yoast_head":"<!-- This site is optimized with the Yoast SEO plugin v15.3 - https:\/\/yoast.com\/wordpress\/plugins\/seo\/ -->\n<title>Wrath II Dorade 702 50-150g - Penn - Pesca Fish<\/title>\n<meta name=\"robots\" content=\"index, follow, max-snippet:-1, max-image-preview:large, max-video-preview:-1\" \/>\n<link rel=\"canonical\" href=\"https:\/\/www.pescafish.it\/new\/prodotto\/wrath-ii-dorade-702-50-150g-combo-penn\/\" \/>\n<meta property=\"og:locale\" content=\"it_IT\" \/>\n<meta property=\"og:type\" content=\"article\" \/>\n<meta property=\"og:title\" content=\"Wrath II Dorade 702 50-150g - Penn - Pesca Fish\" \/>\n<meta property=\"og:description\" content=\"La Penn Wrath II Dorade 702 5000 Combo \u00e8 stata specificamente ideata per la pesca alla Dorade, offrendo un mix ideale di potenza e prestazioni. Con una lunghezza di 2,13 metri e un range di lancio tra 50 e 150 grammi, questa canna \u00e8 perfetta per affrontare le sfide legate alla cattura di questa specie. [&hellip;]\" \/>\n<meta property=\"og:url\" content=\"https:\/\/www.pescafish.it\/new\/prodotto\/wrath-ii-dorade-702-50-150g-combo-penn\/\" \/>\n<meta property=\"og:site_name\" content=\"Pesca Fish\" \/>\n<meta property=\"article:publisher\" content=\"https:\/\/www.facebook.com\/pescafishvr\/\" \/>\n<meta property=\"article:modified_time\" content=\"2024-08-30T07:30:04+00:00\" \/>\n<meta property=\"og:image\" content=\"https:\/\/www.pescafish.it\/new\/wp-content\/uploads\/2024\/08\/wrathh.jpg\" \/>\n\t<meta property=\"og:image:width\" content=\"789\" \/>\n\t<meta property=\"og:image:height\" content=\"794\" \/>\n<meta name=\"twitter:card\" content=\"summary_large_image\" \/>\n<meta name=\"twitter:label1\" content=\"Scritto da\">\n\t<meta name=\"twitter:data1\" content=\"francesca\">\n\t<meta name=\"twitter:label2\" content=\"Tempo di lettura stimato\">\n\t<meta name=\"twitter:data2\" content=\"0 minuti\">\n<script type=\"application\/ld+json\" class=\"yoast-schema-graph\">{\"@context\":\"https:\/\/schema.org\",\"@graph\":[{\"@type\":\"WebSite\",\"@id\":\"https:\/\/www.pescafish.it\/new\/#website\",\"url\":\"https:\/\/www.pescafish.it\/new\/\",\"name\":\"Pesca Fish\",\"description\":\"Benvenuti sul nostro sito!\",\"potentialAction\":[{\"@type\":\"SearchAction\",\"target\":\"https:\/\/www.pescafish.it\/new\/?s={search_term_string}\",\"query-input\":\"required name=search_term_string\"}],\"inLanguage\":\"it-IT\"},{\"@type\":\"ImageObject\",\"@id\":\"https:\/\/www.pescafish.it\/new\/prodotto\/wrath-ii-dorade-702-50-150g-combo-penn\/#primaryimage\",\"inLanguage\":\"it-IT\",\"url\":\"https:\/\/www.pescafish.it\/new\/wp-content\/uploads\/2024\/08\/wrathh.jpg\",\"width\":789,\"height\":794},{\"@type\":\"WebPage\",\"@id\":\"https:\/\/www.pescafish.it\/new\/prodotto\/wrath-ii-dorade-702-50-150g-combo-penn\/#webpage\",\"url\":\"https:\/\/www.pescafish.it\/new\/prodotto\/wrath-ii-dorade-702-50-150g-combo-penn\/\",\"name\":\"Wrath II Dorade 702 50-150g - Penn - Pesca Fish\",\"isPartOf\":{\"@id\":\"https:\/\/www.pescafish.it\/new\/#website\"},\"primaryImageOfPage\":{\"@id\":\"https:\/\/www.pescafish.it\/new\/prodotto\/wrath-ii-dorade-702-50-150g-combo-penn\/#primaryimage\"},\"datePublished\":\"2024-08-22T08:11:17+00:00\",\"dateModified\":\"2024-08-30T07:30:04+00:00\",\"inLanguage\":\"it-IT\",\"potentialAction\":[{\"@type\":\"ReadAction\",\"target\":[\"https:\/\/www.pescafish.it\/new\/prodotto\/wrath-ii-dorade-702-50-150g-combo-penn\/\"]}]}]}<\/script>\n<!-- \/ Yoast SEO plugin. -->","_links":{"self":[{"href":"https:\/\/www.pescafish.it\/new\/wp-json\/wp\/v2\/product\/98925"}],"collection":[{"href":"https:\/\/www.pescafish.it\/new\/wp-json\/wp\/v2\/product"}],"about":[{"href":"https:\/\/www.pescafish.it\/new\/wp-json\/wp\/v2\/types\/product"}],"replies":[{"embeddable":true,"href":"https:\/\/www.pescafish.it\/new\/wp-json\/wp\/v2\/comments?post=98925"}],"wp:featuredmedia":[{"embeddable":true,"href":"https:\/\/www.pescafish.it\/new\/wp-json\/wp\/v2\/media\/98926"}],"wp:attachment":[{"href":"https:\/\/www.pescafish.it\/new\/wp-json\/wp\/v2\/media?parent=98925"}],"wp:term":[{"taxonomy":"product_cat","embeddable":true,"href":"https:\/\/www.pescafish.it\/new\/wp-json\/wp\/v2\/product_cat?post=98925"},{"taxonomy":"product_tag","embeddable":true,"href":"https:\/\/www.pescafish.it\/new\/wp-json\/wp\/v2\/product_tag?post=98925"}],"curies":[{"name":"wp","href":"https:\/\/api.w.org\/{rel}","templated":true}]}}