{"id":98802,"date":"2024-08-21T15:50:44","date_gmt":"2024-08-21T13:50:44","guid":{"rendered":"https:\/\/www.pescafish.it\/new\/?post_type=product&#038;p=98802"},"modified":"2025-05-15T18:52:32","modified_gmt":"2025-05-15T16:52:32","slug":"element-com-pact-alarm-set-prologic","status":"publish","type":"product","link":"https:\/\/www.pescafish.it\/new\/prodotto\/element-com-pact-alarm-set-prologic\/","title":{"rendered":"Element Com-Pact Alarm Set 3+1 &#8211; Prologic"},"content":{"rendered":"<p>I segnalatori Prologic Element Com-Pact sono tra i pi\u00f9 compatti sul mercato, ma offrono tutte le funzionalit\u00e0 moderne che ogni carpista esperto desidera.<br \/>\nTra le loro caratteristiche troviamo il riconoscimento differenziale delle abboccate, un LED multicolore, e la possibilit\u00e0 di regolare volume, tono e sensibilit\u00e0. Inoltre, dispongono di una presa da 2,5 mm per collegare un hanger o uno swinger illuminato.<br \/>\nPer un comfort massimo, sia i segnalatori che il ricevitore sono ricaricabili grazie alle batterie interne Li-on di alta qualit\u00e0, che offrono fino a una settimana di autonomia, a seconda dell&#8217;uso. Quando la batteria \u00e8 in esaurimento, un avviso ti permetter\u00e0 di ricaricare le unit\u00e0 anche durante l&#8217;uso, evitando cos\u00ec di dover interrompere una sessione di pesca.<br \/>\nGli Element Compact sono progettati per resistere alle condizioni pi\u00f9 avverse e sono estremamente durevoli, tanto che possono rimanere montati su picchetti o buzzer bar senza problemi.<\/p>\n<p><strong>Caratteristiche tecniche:<\/strong><br \/>\n\u2022 Regolazione di volume, tono e sensibilit\u00e0<br \/>\n\u2022 Livelli di sensibilit\u00e0: 3, 5, 7, 14, 28 e 56 mm<br \/>\n\u2022 Sei impostazioni di volume e tono<br \/>\n\u2022 Presa da 2,5 mm per hanger o swinger illuminati<br \/>\n\u2022 Batterie interne Li-on potenti<br \/>\n\u2022 Basso consumo energetico<br \/>\n\u2022 Avviso di batteria scarica<br \/>\n\u2022 Possibilit\u00e0 di ricarica durante la pesca<br \/>\n\u2022 Cavo di ricarica da un metro (60 cm + quattro sezioni da 40 cm)<br \/>\n\u2022 LED multicolore per le segnalazioni<br \/>\n\u2022 Portata di almeno 100 m (variabile in base al terreno)<br \/>\n\u2022 Certificazione IP66 impermeabile e resistente alla polvere<br \/>\n\u2022 Opzione di vibrazione sul ricevitore<br \/>\n\u2022 Torcia LED integrata sul ricevitore.<\/p>\n","protected":false},"excerpt":{"rendered":"<p>I segnalatori Prologic Element Com-Pact sono tra i pi\u00f9 compatti sul mercato, ma offrono tutte le funzionalit\u00e0 moderne che ogni carpista esperto desidera. Tra le loro caratteristiche troviamo il riconoscimento differenziale delle abboccate, un LED multicolore, e la possibilit\u00e0 di regolare volume, tono e sensibilit\u00e0. Inoltre, dispongono di una presa da 2,5 mm per collegare [&hellip;]<\/p>\n","protected":false},"featured_media":98805,"comment_status":"closed","ping_status":"closed","template":"","meta":[],"product_cat":[474],"product_tag":[1040],"yoast_head":"<!-- This site is optimized with the Yoast SEO plugin v15.3 - https:\/\/yoast.com\/wordpress\/plugins\/seo\/ -->\n<title>Element Com-Pact Alarm Set 3+1 - Prologic - Pesca Fish<\/title>\n<meta name=\"robots\" content=\"index, follow, max-snippet:-1, max-image-preview:large, max-video-preview:-1\" \/>\n<link rel=\"canonical\" href=\"https:\/\/www.pescafish.it\/new\/prodotto\/element-com-pact-alarm-set-prologic\/\" \/>\n<meta property=\"og:locale\" content=\"it_IT\" \/>\n<meta property=\"og:type\" content=\"article\" \/>\n<meta property=\"og:title\" content=\"Element Com-Pact Alarm Set 3+1 - Prologic - Pesca Fish\" \/>\n<meta property=\"og:description\" content=\"I segnalatori Prologic Element Com-Pact sono tra i pi\u00f9 compatti sul mercato, ma offrono tutte le funzionalit\u00e0 moderne che ogni carpista esperto desidera. Tra le loro caratteristiche troviamo il riconoscimento differenziale delle abboccate, un LED multicolore, e la possibilit\u00e0 di regolare volume, tono e sensibilit\u00e0. Inoltre, dispongono di una presa da 2,5 mm per collegare [&hellip;]\" \/>\n<meta property=\"og:url\" content=\"https:\/\/www.pescafish.it\/new\/prodotto\/element-com-pact-alarm-set-prologic\/\" \/>\n<meta property=\"og:site_name\" content=\"Pesca Fish\" \/>\n<meta property=\"article:publisher\" content=\"https:\/\/www.facebook.com\/pescafishvr\/\" \/>\n<meta property=\"article:modified_time\" content=\"2025-05-15T16:52:32+00:00\" \/>\n<meta property=\"og:image\" content=\"https:\/\/www.pescafish.it\/new\/wp-content\/uploads\/2024\/08\/compact-1.jpg\" \/>\n\t<meta property=\"og:image:width\" content=\"789\" \/>\n\t<meta property=\"og:image:height\" content=\"794\" \/>\n<meta name=\"twitter:card\" content=\"summary_large_image\" \/>\n<meta name=\"twitter:label1\" content=\"Scritto da\">\n\t<meta name=\"twitter:data1\" content=\"francesca\">\n\t<meta name=\"twitter:label2\" content=\"Tempo di lettura stimato\">\n\t<meta name=\"twitter:data2\" content=\"1 minuto\">\n<script type=\"application\/ld+json\" class=\"yoast-schema-graph\">{\"@context\":\"https:\/\/schema.org\",\"@graph\":[{\"@type\":\"WebSite\",\"@id\":\"https:\/\/www.pescafish.it\/new\/#website\",\"url\":\"https:\/\/www.pescafish.it\/new\/\",\"name\":\"Pesca Fish\",\"description\":\"Benvenuti sul nostro sito!\",\"potentialAction\":[{\"@type\":\"SearchAction\",\"target\":\"https:\/\/www.pescafish.it\/new\/?s={search_term_string}\",\"query-input\":\"required name=search_term_string\"}],\"inLanguage\":\"it-IT\"},{\"@type\":\"ImageObject\",\"@id\":\"https:\/\/www.pescafish.it\/new\/prodotto\/element-com-pact-alarm-set-prologic\/#primaryimage\",\"inLanguage\":\"it-IT\",\"url\":\"https:\/\/www.pescafish.it\/new\/wp-content\/uploads\/2024\/08\/compact-1.jpg\",\"width\":789,\"height\":794},{\"@type\":\"WebPage\",\"@id\":\"https:\/\/www.pescafish.it\/new\/prodotto\/element-com-pact-alarm-set-prologic\/#webpage\",\"url\":\"https:\/\/www.pescafish.it\/new\/prodotto\/element-com-pact-alarm-set-prologic\/\",\"name\":\"Element Com-Pact Alarm Set 3+1 - Prologic - Pesca Fish\",\"isPartOf\":{\"@id\":\"https:\/\/www.pescafish.it\/new\/#website\"},\"primaryImageOfPage\":{\"@id\":\"https:\/\/www.pescafish.it\/new\/prodotto\/element-com-pact-alarm-set-prologic\/#primaryimage\"},\"datePublished\":\"2024-08-21T13:50:44+00:00\",\"dateModified\":\"2025-05-15T16:52:32+00:00\",\"inLanguage\":\"it-IT\",\"potentialAction\":[{\"@type\":\"ReadAction\",\"target\":[\"https:\/\/www.pescafish.it\/new\/prodotto\/element-com-pact-alarm-set-prologic\/\"]}]}]}<\/script>\n<!-- \/ Yoast SEO plugin. -->","_links":{"self":[{"href":"https:\/\/www.pescafish.it\/new\/wp-json\/wp\/v2\/product\/98802"}],"collection":[{"href":"https:\/\/www.pescafish.it\/new\/wp-json\/wp\/v2\/product"}],"about":[{"href":"https:\/\/www.pescafish.it\/new\/wp-json\/wp\/v2\/types\/product"}],"replies":[{"embeddable":true,"href":"https:\/\/www.pescafish.it\/new\/wp-json\/wp\/v2\/comments?post=98802"}],"wp:featuredmedia":[{"embeddable":true,"href":"https:\/\/www.pescafish.it\/new\/wp-json\/wp\/v2\/media\/98805"}],"wp:attachment":[{"href":"https:\/\/www.pescafish.it\/new\/wp-json\/wp\/v2\/media?parent=98802"}],"wp:term":[{"taxonomy":"product_cat","embeddable":true,"href":"https:\/\/www.pescafish.it\/new\/wp-json\/wp\/v2\/product_cat?post=98802"},{"taxonomy":"product_tag","embeddable":true,"href":"https:\/\/www.pescafish.it\/new\/wp-json\/wp\/v2\/product_tag?post=98802"}],"curies":[{"name":"wp","href":"https:\/\/api.w.org\/{rel}","templated":true}]}}