{"id":98787,"date":"2024-08-20T18:44:53","date_gmt":"2024-08-20T16:44:53","guid":{"rendered":"https:\/\/www.pescafish.it\/new\/?post_type=product&#038;p=98787"},"modified":"2024-08-30T09:39:59","modified_gmt":"2024-08-30T07:39:59","slug":"23-bg-sw-6000-dh-daiwa","status":"publish","type":"product","link":"https:\/\/www.pescafish.it\/new\/prodotto\/23-bg-sw-6000-dh-daiwa\/","title":{"rendered":"23 BG SW 6000 DH &#8211; Daiwa"},"content":{"rendered":"<h2>23 BG SW 6000 DH<\/h2>\n<p>Il BG SW \u00e8 un mulinello a bobina fissa sviluppato per tutte quelle tecniche che necessitano di uno strumento molto robusto, affidabile e dotato di notevole potenza.<br \/>\nLa grande variet\u00e0 di taglie (dalla 4000 alla 18000) lo rendono adatto a tantissimi utilizzi: dallo spinning medio e pesante ai predatori marini e d\u2019acqua dolce, alla pesca in verticale dalla barca, fino agli utilizzi pi\u00f9 gravosi delle taglie pi\u00f9 grandi,<br \/>\ncome la pesca al tonno, agli storioni o a grandi siluri.<\/p>\n<p>Ci\u00f2 che lo rende particolarmente robusto e affidabile \u00e8 il corpo costruito in alluminio, a prova di torsione anche nei combattimenti pi\u00f9 impegnativi: questo garantisce agli ingranaggi interni di funzionare in modo pi\u00f9 preciso, trasmettendo la<br \/>\npotenza senza dispersioni. Anche la frizione \u00e8 studiata per usi intensi: si tratta di una\u00a0<strong>ATD<\/strong>\u00a0di tipo CARBON che garantisce una grande progressivit\u00e0 nel funzionamento ma al contempo una grande rendimento anche nei combattimenti pi\u00f9<br \/>\nlunghi, grazie alla migliore resistenza al calore del carbonio rispetto al feltro delle frizioni tradizionali.<br \/>\nTutte le taglie sono dotate di pomello da combattimento in EVA: sferico e antiscivolo, per un migliore confort e controllo nel recupero.<\/p>\n<p><strong>Caratteristiche:<br \/>\n<\/strong><\/p>\n<div class=\"flex_column av-9k6n0-20-82080413e12a56b724af4f5c501181d2 av_one_third avia-builder-el-24 el_after_av_one_full el_before_av_one_third first flex_column_div av-zero-column-padding column-top-margin\">\n<section class=\"av_textblock_section av-kjog7pxe-23-f0c0d334bc3b3a272389298cc98c14b0 \">\n<div class=\"avia_textblock\">\n<p>\u2022 Corpo in Alluminio<br \/>\n\u2022 Rotore Air Rotor in DS4<br \/>\n\u2022 Rullino guidafilo Twistbuster II<br \/>\n\u2022 Ingranaggi Tough Digigear<br \/>\n\u2022 Frizione ATD (Automatic Tournament Drag) in carbonio<br \/>\n\u2022 Pomello Round Knob in EVA<br \/>\n\u2022 Manovella passante in Alluminio<br \/>\n\u2022 Bobina Long Cast ABS in Alluminio<br \/>\n\u2022 Leva di sblocco dell\u2019anti-ritorno (4000 ~ 6000)<br \/>\n\u2022 Infinite Anti-Reverse<br \/>\n\u2022 Imbobinamento Cross Wrap<\/p>\n<\/div>\n<\/section>\n<\/div>\n<table style=\"height: 48px; width: 100%; border-collapse: collapse;\" border=\"1\">\n<tbody>\n<tr style=\"height: 24px;\">\n<td style=\"width: 14.2857%; height: 24px;\"><strong>Codice<\/strong><\/td>\n<td style=\"width: 14.2857%; height: 24px;\"><strong>Cuscinetti<\/strong><\/td>\n<td style=\"width: 14.2857%; height: 24px;\"><strong>Frizione<\/strong><\/td>\n<td style=\"width: 14.2857%; height: 24px;\"><strong>Rapporto Di Recupero<\/strong><\/td>\n<td style=\"width: 14.2857%; height: 24px;\"><strong>Capacit\u00e0Bobina#PE<\/strong><\/td>\n<td style=\"width: 14.2857%; height: 24px;\"><strong>Handle (mm)<\/strong><\/td>\n<td style=\"width: 14.2857%; height: 24px;\"><strong>Peso (gr)<\/strong><\/td>\n<\/tr>\n<tr style=\"height: 24px;\">\n<td style=\"width: 14.2857%; height: 24px;\"><strong>23BGSW6000DH<\/strong><\/td>\n<td style=\"width: 14.2857%; height: 24px;\">5 BB + 1 roller<\/td>\n<td style=\"width: 14.2857%; height: 24px;\">12<\/td>\n<td style=\"width: 14.2857%; height: 24px;\">5.7:1 \u2013 101cm<\/td>\n<td style=\"width: 14.2857%; height: 24px;\">3-300 4-220<\/td>\n<td style=\"width: 14.2857%; height: 24px;\">65<\/td>\n<td style=\"width: 14.2857%; height: 24px;\">385<\/td>\n<\/tr>\n<\/tbody>\n<\/table>\n<p><strong>\u00a0<\/strong><\/p>\n","protected":false},"excerpt":{"rendered":"<p>23 BG SW 6000 DH Il BG SW \u00e8 un mulinello a bobina fissa sviluppato per tutte quelle tecniche che necessitano di uno strumento molto robusto, affidabile e dotato di notevole potenza. La grande variet\u00e0 di taglie (dalla 4000 alla 18000) lo rendono adatto a tantissimi utilizzi: dallo spinning medio e pesante ai predatori marini [&hellip;]<\/p>\n","protected":false},"featured_media":98788,"comment_status":"closed","ping_status":"closed","template":"","meta":[],"product_cat":[351],"product_tag":[1051],"yoast_head":"<!-- This site is optimized with the Yoast SEO plugin v15.3 - https:\/\/yoast.com\/wordpress\/plugins\/seo\/ -->\n<title>23 BG SW 6000 DH - Daiwa - Pesca Fish<\/title>\n<meta name=\"robots\" content=\"index, follow, max-snippet:-1, max-image-preview:large, max-video-preview:-1\" \/>\n<link rel=\"canonical\" href=\"https:\/\/www.pescafish.it\/new\/prodotto\/23-bg-sw-6000-dh-daiwa\/\" \/>\n<meta property=\"og:locale\" content=\"it_IT\" \/>\n<meta property=\"og:type\" content=\"article\" \/>\n<meta property=\"og:title\" content=\"23 BG SW 6000 DH - Daiwa - Pesca Fish\" \/>\n<meta property=\"og:description\" content=\"23 BG SW 6000 DH Il BG SW \u00e8 un mulinello a bobina fissa sviluppato per tutte quelle tecniche che necessitano di uno strumento molto robusto, affidabile e dotato di notevole potenza. La grande variet\u00e0 di taglie (dalla 4000 alla 18000) lo rendono adatto a tantissimi utilizzi: dallo spinning medio e pesante ai predatori marini [&hellip;]\" \/>\n<meta property=\"og:url\" content=\"https:\/\/www.pescafish.it\/new\/prodotto\/23-bg-sw-6000-dh-daiwa\/\" \/>\n<meta property=\"og:site_name\" content=\"Pesca Fish\" \/>\n<meta property=\"article:publisher\" content=\"https:\/\/www.facebook.com\/pescafishvr\/\" \/>\n<meta property=\"article:modified_time\" content=\"2024-08-30T07:39:59+00:00\" \/>\n<meta property=\"og:image\" content=\"https:\/\/www.pescafish.it\/new\/wp-content\/uploads\/2024\/08\/23BG.jpg\" \/>\n\t<meta property=\"og:image:width\" content=\"789\" \/>\n\t<meta property=\"og:image:height\" content=\"794\" \/>\n<meta name=\"twitter:card\" content=\"summary_large_image\" \/>\n<meta name=\"twitter:label1\" content=\"Scritto da\">\n\t<meta name=\"twitter:data1\" content=\"francesca\">\n\t<meta name=\"twitter:label2\" content=\"Tempo di lettura stimato\">\n\t<meta name=\"twitter:data2\" content=\"1 minuto\">\n<script type=\"application\/ld+json\" class=\"yoast-schema-graph\">{\"@context\":\"https:\/\/schema.org\",\"@graph\":[{\"@type\":\"WebSite\",\"@id\":\"https:\/\/www.pescafish.it\/new\/#website\",\"url\":\"https:\/\/www.pescafish.it\/new\/\",\"name\":\"Pesca Fish\",\"description\":\"Benvenuti sul nostro sito!\",\"potentialAction\":[{\"@type\":\"SearchAction\",\"target\":\"https:\/\/www.pescafish.it\/new\/?s={search_term_string}\",\"query-input\":\"required name=search_term_string\"}],\"inLanguage\":\"it-IT\"},{\"@type\":\"ImageObject\",\"@id\":\"https:\/\/www.pescafish.it\/new\/prodotto\/23-bg-sw-6000-dh-daiwa\/#primaryimage\",\"inLanguage\":\"it-IT\",\"url\":\"https:\/\/www.pescafish.it\/new\/wp-content\/uploads\/2024\/08\/23BG.jpg\",\"width\":789,\"height\":794,\"caption\":\"Daiwa\"},{\"@type\":\"WebPage\",\"@id\":\"https:\/\/www.pescafish.it\/new\/prodotto\/23-bg-sw-6000-dh-daiwa\/#webpage\",\"url\":\"https:\/\/www.pescafish.it\/new\/prodotto\/23-bg-sw-6000-dh-daiwa\/\",\"name\":\"23 BG SW 6000 DH - Daiwa - Pesca Fish\",\"isPartOf\":{\"@id\":\"https:\/\/www.pescafish.it\/new\/#website\"},\"primaryImageOfPage\":{\"@id\":\"https:\/\/www.pescafish.it\/new\/prodotto\/23-bg-sw-6000-dh-daiwa\/#primaryimage\"},\"datePublished\":\"2024-08-20T16:44:53+00:00\",\"dateModified\":\"2024-08-30T07:39:59+00:00\",\"inLanguage\":\"it-IT\",\"potentialAction\":[{\"@type\":\"ReadAction\",\"target\":[\"https:\/\/www.pescafish.it\/new\/prodotto\/23-bg-sw-6000-dh-daiwa\/\"]}]}]}<\/script>\n<!-- \/ Yoast SEO plugin. -->","_links":{"self":[{"href":"https:\/\/www.pescafish.it\/new\/wp-json\/wp\/v2\/product\/98787"}],"collection":[{"href":"https:\/\/www.pescafish.it\/new\/wp-json\/wp\/v2\/product"}],"about":[{"href":"https:\/\/www.pescafish.it\/new\/wp-json\/wp\/v2\/types\/product"}],"replies":[{"embeddable":true,"href":"https:\/\/www.pescafish.it\/new\/wp-json\/wp\/v2\/comments?post=98787"}],"wp:featuredmedia":[{"embeddable":true,"href":"https:\/\/www.pescafish.it\/new\/wp-json\/wp\/v2\/media\/98788"}],"wp:attachment":[{"href":"https:\/\/www.pescafish.it\/new\/wp-json\/wp\/v2\/media?parent=98787"}],"wp:term":[{"taxonomy":"product_cat","embeddable":true,"href":"https:\/\/www.pescafish.it\/new\/wp-json\/wp\/v2\/product_cat?post=98787"},{"taxonomy":"product_tag","embeddable":true,"href":"https:\/\/www.pescafish.it\/new\/wp-json\/wp\/v2\/product_tag?post=98787"}],"curies":[{"name":"wp","href":"https:\/\/api.w.org\/{rel}","templated":true}]}}