{"id":98527,"date":"2024-08-09T18:11:16","date_gmt":"2024-08-09T16:11:16","guid":{"rendered":"https:\/\/www.pescafish.it\/new\/?post_type=product&#038;p=98527"},"modified":"2024-08-09T18:11:17","modified_gmt":"2024-08-09T16:11:17","slug":"n-gauge-pro-feeder-10ft-guru","status":"publish","type":"product","link":"https:\/\/www.pescafish.it\/new\/prodotto\/n-gauge-pro-feeder-10ft-guru\/","title":{"rendered":"N-Gauge Pro Feeder 10ft\u00a0&#8211; Guru"},"content":{"rendered":"<h2>N-Gauge Pro Feeder 10ft<\/h2>\n<p><span>La 10&#8242; N-Gauge Pro Feeder \u00e8 probabilmente la lunghezza di canna da pesca commerciale pi\u00f9 popolare della gamma, una vera arma commerciale multiuso. Ideale per distanze corte e medie. Perfetta per quando si pesca con un Method feeder fino a un&#8217;isola, una bomba e un pellet in acque libere, fino al lavoro con feeder a breve distanza lungo i margini. La 10&#8242; N-Gauge Pro Feeder \u00e8 una canna estremamente versatile che gestir\u00e0 qualsiasi cosa tu possa lanciarle.\u00a0<\/span><\/p>\n<p><span>La 10&#8242; Feeder \u00e8 realizzata in due pezzi per un facile trasporto e montaggio ed \u00e8 dotata di tre quiver tip N-Gauge Pro LT in carbonio pieno di prima qualit\u00e0 da 2,5 mm che bilanciano perfettamente la canna: 0,75 oz, 1 oz e 1,5 oz.\u00a0<\/span><\/p>\n<p><span>I Quivertip N-Gauge Pro LT presentano esattamente gli stessi Anti-Tangle Sea-Guide Stainless Frames e gli anelli in ceramica Slim LS Zirconia utilizzati in tutti i blank in carbonio N-Gauge. Il Quivertip si assottiglia perfettamente nella prima sezione portante di ogni canna da feeder, migliorando le prestazioni complessive della canna durante il lancio e la pesca.\u00a0<\/span><\/p>\n<p><span>Nella gamma N-Gauge Pro LT sono disponibili separatamente diverse misure di Quivertip: 0,5 oz, 0,75 oz, 1 oz, 1,5 oz e 2 oz, il che significa che c&#8217;\u00e8 una punta adatta a ogni situazione di pesca.\u00a0<\/span><\/p>\n<p><strong><span>Caratteristiche:<\/span><\/strong><\/p>\n<p><span><strong>Lunghezza:<\/strong> 10&#8242;<br \/>\n<\/span><span><strong>Sezioni:<\/strong> 2 pz.<br \/>\n<\/span><span><strong>Peso di lancio:<\/strong> 1-40 g<br \/>\n<\/span><span><strong>Peso:<\/strong> 155g<br \/>\n<\/span><span><strong>Valutazione della linea:<\/strong> 3-10 libbre<br \/>\n<\/span><span><strong>Quivertips forniti:<\/strong> 0,75 oz, 1 oz e 1,5 oz (carbonio solido da 2,5 mm)<\/span><\/p>\n<p><strong><span>Canne N-Gauge Pro\u00a0<\/span><\/strong><\/p>\n<p><span>Le canne N-Gauge Pro sono un&#8217;evoluzione della popolarissima gamma di canne N-Gauge, dotate della pi\u00f9 recente tecnologia di costruzione in carbonio e di caratteristiche chiave migliorate per completare perfettamente il nome &#8220;Pro&#8221;! La gamma \u00e8 composta da dodici canne, un mix completo di canne Feeder, Distance Feeder, Pellet Waggler e Float che mirano a coprire una gamma molto ampia di diverse situazioni di pesca e requisiti del luogo.<\/span><\/p>\n<p><span>Abbiamo utilizzato una costruzione del blank ZERO40 Tensile Carbon in tutta la gamma N-Gauge Pro che offre il perfetto equilibrio tra azione di pesca, precisione di lancio e prestazioni complessive della canna. Un&#8217;evoluzione fondamentale delle canne N-Gauge Pro sono i blank super sottili, la tecnologia al carbonio ZERO40 ci ha permesso di creare un blank molto pi\u00f9 sottile e leggero, migliorando l&#8217;azione progressiva complessiva e le prestazioni, pur mantenendo tutte le propriet\u00e0 di alta qualit\u00e0 richieste dal nome N-Gauge.\u00a0<\/span><\/p>\n<p><span>Un&#8217;altra caratteristica fondamentale delle canne N-Gauge Pro sono le guide vere e proprie utilizzate in tutta la gamma, dotate di telai Sea-Guide in acciaio inossidabile anti-groviglio, che riducono significativamente i grovigli e le potenziali rotture durante il lancio. Questi sono abbinati ad anelli in ceramica LS Zirconia super sottili che non solo offrono propriet\u00e0 di lancio e di pesca estremamente fluide, ma conferiscono anche alle guide la massima durata e longevit\u00e0.<\/span><\/p>\n<p><span>I ritocchi finali alle canne N-Gauge Pro includono un affidabile portamulinello DPS Down Locking con impugnatura anteriore in EVA. Un&#8217;impugnatura Armlock in sughero di qualit\u00e0 AA, con un&#8217;impugnatura posteriore Guru EVA su misura per il massimo supporto durante il lancio. Oltre a una nuova grafica sobria N-Gauge Pro per completare le canne con stile.\u00a0\u00a0\u00a0<\/span><\/p>\n","protected":false},"excerpt":{"rendered":"<p>N-Gauge Pro Feeder 10ft La 10&#8242; N-Gauge Pro Feeder \u00e8 probabilmente la lunghezza di canna da pesca commerciale pi\u00f9 popolare della gamma, una vera arma commerciale multiuso. Ideale per distanze corte e medie. Perfetta per quando si pesca con un Method feeder fino a un&#8217;isola, una bomba e un pellet in acque libere, fino al [&hellip;]<\/p>\n","protected":false},"featured_media":98528,"comment_status":"closed","ping_status":"closed","template":"","meta":[],"product_cat":[1159],"product_tag":[1026],"yoast_head":"<!-- This site is optimized with the Yoast SEO plugin v15.3 - https:\/\/yoast.com\/wordpress\/plugins\/seo\/ -->\n<title>N-Gauge Pro Feeder 10ft\u00a0- Guru - Pesca Fish<\/title>\n<meta name=\"robots\" content=\"index, follow, max-snippet:-1, max-image-preview:large, max-video-preview:-1\" \/>\n<link rel=\"canonical\" href=\"https:\/\/www.pescafish.it\/new\/prodotto\/n-gauge-pro-feeder-10ft-guru\/\" \/>\n<meta property=\"og:locale\" content=\"it_IT\" \/>\n<meta property=\"og:type\" content=\"article\" \/>\n<meta property=\"og:title\" content=\"N-Gauge Pro Feeder 10ft\u00a0- Guru - Pesca Fish\" \/>\n<meta property=\"og:description\" content=\"N-Gauge Pro Feeder 10ft La 10&#8242; N-Gauge Pro Feeder \u00e8 probabilmente la lunghezza di canna da pesca commerciale pi\u00f9 popolare della gamma, una vera arma commerciale multiuso. Ideale per distanze corte e medie. Perfetta per quando si pesca con un Method feeder fino a un&#8217;isola, una bomba e un pellet in acque libere, fino al [&hellip;]\" \/>\n<meta property=\"og:url\" content=\"https:\/\/www.pescafish.it\/new\/prodotto\/n-gauge-pro-feeder-10ft-guru\/\" \/>\n<meta property=\"og:site_name\" content=\"Pesca Fish\" \/>\n<meta property=\"article:publisher\" content=\"https:\/\/www.facebook.com\/pescafishvr\/\" \/>\n<meta property=\"article:modified_time\" content=\"2024-08-09T16:11:17+00:00\" \/>\n<meta property=\"og:image\" content=\"https:\/\/www.pescafish.it\/new\/wp-content\/uploads\/2024\/08\/GRD205.jpg\" \/>\n\t<meta property=\"og:image:width\" content=\"789\" \/>\n\t<meta property=\"og:image:height\" content=\"794\" \/>\n<meta name=\"twitter:card\" content=\"summary_large_image\" \/>\n<meta name=\"twitter:label1\" content=\"Scritto da\">\n\t<meta name=\"twitter:data1\" content=\"francesca\">\n\t<meta name=\"twitter:label2\" content=\"Tempo di lettura stimato\">\n\t<meta name=\"twitter:data2\" content=\"2 minuti\">\n<script type=\"application\/ld+json\" class=\"yoast-schema-graph\">{\"@context\":\"https:\/\/schema.org\",\"@graph\":[{\"@type\":\"WebSite\",\"@id\":\"https:\/\/www.pescafish.it\/new\/#website\",\"url\":\"https:\/\/www.pescafish.it\/new\/\",\"name\":\"Pesca Fish\",\"description\":\"Benvenuti sul nostro sito!\",\"potentialAction\":[{\"@type\":\"SearchAction\",\"target\":\"https:\/\/www.pescafish.it\/new\/?s={search_term_string}\",\"query-input\":\"required name=search_term_string\"}],\"inLanguage\":\"it-IT\"},{\"@type\":\"ImageObject\",\"@id\":\"https:\/\/www.pescafish.it\/new\/prodotto\/n-gauge-pro-feeder-10ft-guru\/#primaryimage\",\"inLanguage\":\"it-IT\",\"url\":\"https:\/\/www.pescafish.it\/new\/wp-content\/uploads\/2024\/08\/GRD205.jpg\",\"width\":789,\"height\":794,\"caption\":\"Guru\"},{\"@type\":\"WebPage\",\"@id\":\"https:\/\/www.pescafish.it\/new\/prodotto\/n-gauge-pro-feeder-10ft-guru\/#webpage\",\"url\":\"https:\/\/www.pescafish.it\/new\/prodotto\/n-gauge-pro-feeder-10ft-guru\/\",\"name\":\"N-Gauge Pro Feeder 10ft\\u00a0- Guru - Pesca Fish\",\"isPartOf\":{\"@id\":\"https:\/\/www.pescafish.it\/new\/#website\"},\"primaryImageOfPage\":{\"@id\":\"https:\/\/www.pescafish.it\/new\/prodotto\/n-gauge-pro-feeder-10ft-guru\/#primaryimage\"},\"datePublished\":\"2024-08-09T16:11:16+00:00\",\"dateModified\":\"2024-08-09T16:11:17+00:00\",\"inLanguage\":\"it-IT\",\"potentialAction\":[{\"@type\":\"ReadAction\",\"target\":[\"https:\/\/www.pescafish.it\/new\/prodotto\/n-gauge-pro-feeder-10ft-guru\/\"]}]}]}<\/script>\n<!-- \/ Yoast SEO plugin. -->","_links":{"self":[{"href":"https:\/\/www.pescafish.it\/new\/wp-json\/wp\/v2\/product\/98527"}],"collection":[{"href":"https:\/\/www.pescafish.it\/new\/wp-json\/wp\/v2\/product"}],"about":[{"href":"https:\/\/www.pescafish.it\/new\/wp-json\/wp\/v2\/types\/product"}],"replies":[{"embeddable":true,"href":"https:\/\/www.pescafish.it\/new\/wp-json\/wp\/v2\/comments?post=98527"}],"wp:featuredmedia":[{"embeddable":true,"href":"https:\/\/www.pescafish.it\/new\/wp-json\/wp\/v2\/media\/98528"}],"wp:attachment":[{"href":"https:\/\/www.pescafish.it\/new\/wp-json\/wp\/v2\/media?parent=98527"}],"wp:term":[{"taxonomy":"product_cat","embeddable":true,"href":"https:\/\/www.pescafish.it\/new\/wp-json\/wp\/v2\/product_cat?post=98527"},{"taxonomy":"product_tag","embeddable":true,"href":"https:\/\/www.pescafish.it\/new\/wp-json\/wp\/v2\/product_tag?post=98527"}],"curies":[{"name":"wp","href":"https:\/\/api.w.org\/{rel}","templated":true}]}}