{"id":98474,"date":"2024-08-09T10:32:21","date_gmt":"2024-08-09T08:32:21","guid":{"rendered":"https:\/\/www.pescafish.it\/new\/?post_type=product&#038;p=98474"},"modified":"2024-08-09T10:32:21","modified_gmt":"2024-08-09T08:32:21","slug":"madcat-mcbb-040mm-300m-chartreuse-dam","status":"publish","type":"product","link":"https:\/\/www.pescafish.it\/new\/prodotto\/madcat-mcbb-040mm-300m-chartreuse-dam\/","title":{"rendered":"Madcat MCBB 0,40mm 300m Chartreuse &#8211; DAM"},"content":{"rendered":"<p>MadCat \u00e8 un leader nella pesca al siluro. Quando le lenze intrecciate disponibili non soddisfacevano i loro rigorosi standard, hanno deciso di crearne una propria.<\/p>\n<p>Questa nuova lenza intrecciata per siluri, sviluppata attraverso test approfonditi, \u00e8 fino al 30% pi\u00f9 resistente rispetto a qualsiasi altra sul mercato. Con una notevole resistenza all&#8217;abrasione e una sensibilit\u00e0 eccellente, \u00e8 ideale per la pesca pelagica, a lancio e statica.<\/p>\n<p>La forza senza pari della Backbone PE X8 ti consente di mantenere il controllo durante i combattimenti, anche quando i colpi sono particolarmente forti. La pesca al siluro \u00e8 una sfida impegnativa, e non c&#8217;\u00e8 motivo di rischiare con una lenza che potrebbe deluderti. Affidati alla lenza pi\u00f9 robusta e performante, creata dagli esperti di MadCat.<\/p>\n<p>Se sei pronto ad affrontare il mondo dei siluri, assicurati di procurarti la DAM MadCat Backbone PE X8 Geflochtene Wallerschnur in Chartreuse e preparati per ogni avventura in acqua!<\/p>\n<p><strong>Dettagli del prodotto:<\/strong><br \/>\n\u2022 Intreccio estremamente resistente per la pesca al siluro<br \/>\n\u2022 Alta durabilit\u00e0 con ottima resistenza all&#8217;abrasione<br \/>\n\u2022 Eccellente resistenza dei nodi<br \/>\n\u2022 Sensazione eccezionale<br \/>\n\u2022 Disponibile in bobine da 300m, 600m e grandi dimensioni<\/p>\n","protected":false},"excerpt":{"rendered":"<p>MadCat \u00e8 un leader nella pesca al siluro. Quando le lenze intrecciate disponibili non soddisfacevano i loro rigorosi standard, hanno deciso di crearne una propria. Questa nuova lenza intrecciata per siluri, sviluppata attraverso test approfonditi, \u00e8 fino al 30% pi\u00f9 resistente rispetto a qualsiasi altra sul mercato. Con una notevole resistenza all&#8217;abrasione e una sensibilit\u00e0 [&hellip;]<\/p>\n","protected":false},"featured_media":98475,"comment_status":"closed","ping_status":"closed","template":"","meta":[],"product_cat":[1442],"product_tag":[1149],"yoast_head":"<!-- This site is optimized with the Yoast SEO plugin v15.3 - https:\/\/yoast.com\/wordpress\/plugins\/seo\/ -->\n<title>Madcat MCBB 0,40mm 300m Chartreuse - DAM - Pesca Fish<\/title>\n<meta name=\"robots\" content=\"index, follow, max-snippet:-1, max-image-preview:large, max-video-preview:-1\" \/>\n<link rel=\"canonical\" href=\"https:\/\/www.pescafish.it\/new\/prodotto\/madcat-mcbb-040mm-300m-chartreuse-dam\/\" \/>\n<meta property=\"og:locale\" content=\"it_IT\" \/>\n<meta property=\"og:type\" content=\"article\" \/>\n<meta property=\"og:title\" content=\"Madcat MCBB 0,40mm 300m Chartreuse - DAM - Pesca Fish\" \/>\n<meta property=\"og:description\" content=\"MadCat \u00e8 un leader nella pesca al siluro. Quando le lenze intrecciate disponibili non soddisfacevano i loro rigorosi standard, hanno deciso di crearne una propria. Questa nuova lenza intrecciata per siluri, sviluppata attraverso test approfonditi, \u00e8 fino al 30% pi\u00f9 resistente rispetto a qualsiasi altra sul mercato. Con una notevole resistenza all&#8217;abrasione e una sensibilit\u00e0 [&hellip;]\" \/>\n<meta property=\"og:url\" content=\"https:\/\/www.pescafish.it\/new\/prodotto\/madcat-mcbb-040mm-300m-chartreuse-dam\/\" \/>\n<meta property=\"og:site_name\" content=\"Pesca Fish\" \/>\n<meta property=\"article:publisher\" content=\"https:\/\/www.facebook.com\/pescafishvr\/\" \/>\n<meta property=\"og:image\" content=\"https:\/\/www.pescafish.it\/new\/wp-content\/uploads\/2024\/08\/madcca.jpg\" \/>\n\t<meta property=\"og:image:width\" content=\"789\" \/>\n\t<meta property=\"og:image:height\" content=\"794\" \/>\n<meta name=\"twitter:card\" content=\"summary_large_image\" \/>\n<meta name=\"twitter:label1\" content=\"Scritto da\">\n\t<meta name=\"twitter:data1\" content=\"francesca\">\n\t<meta name=\"twitter:label2\" content=\"Tempo di lettura stimato\">\n\t<meta name=\"twitter:data2\" content=\"1 minuto\">\n<script type=\"application\/ld+json\" class=\"yoast-schema-graph\">{\"@context\":\"https:\/\/schema.org\",\"@graph\":[{\"@type\":\"WebSite\",\"@id\":\"https:\/\/www.pescafish.it\/new\/#website\",\"url\":\"https:\/\/www.pescafish.it\/new\/\",\"name\":\"Pesca Fish\",\"description\":\"Benvenuti sul nostro sito!\",\"potentialAction\":[{\"@type\":\"SearchAction\",\"target\":\"https:\/\/www.pescafish.it\/new\/?s={search_term_string}\",\"query-input\":\"required name=search_term_string\"}],\"inLanguage\":\"it-IT\"},{\"@type\":\"ImageObject\",\"@id\":\"https:\/\/www.pescafish.it\/new\/prodotto\/madcat-mcbb-040mm-300m-chartreuse-dam\/#primaryimage\",\"inLanguage\":\"it-IT\",\"url\":\"https:\/\/www.pescafish.it\/new\/wp-content\/uploads\/2024\/08\/madcca.jpg\",\"width\":789,\"height\":794},{\"@type\":\"WebPage\",\"@id\":\"https:\/\/www.pescafish.it\/new\/prodotto\/madcat-mcbb-040mm-300m-chartreuse-dam\/#webpage\",\"url\":\"https:\/\/www.pescafish.it\/new\/prodotto\/madcat-mcbb-040mm-300m-chartreuse-dam\/\",\"name\":\"Madcat MCBB 0,40mm 300m Chartreuse - DAM - Pesca Fish\",\"isPartOf\":{\"@id\":\"https:\/\/www.pescafish.it\/new\/#website\"},\"primaryImageOfPage\":{\"@id\":\"https:\/\/www.pescafish.it\/new\/prodotto\/madcat-mcbb-040mm-300m-chartreuse-dam\/#primaryimage\"},\"datePublished\":\"2024-08-09T08:32:21+00:00\",\"dateModified\":\"2024-08-09T08:32:21+00:00\",\"inLanguage\":\"it-IT\",\"potentialAction\":[{\"@type\":\"ReadAction\",\"target\":[\"https:\/\/www.pescafish.it\/new\/prodotto\/madcat-mcbb-040mm-300m-chartreuse-dam\/\"]}]}]}<\/script>\n<!-- \/ Yoast SEO plugin. -->","_links":{"self":[{"href":"https:\/\/www.pescafish.it\/new\/wp-json\/wp\/v2\/product\/98474"}],"collection":[{"href":"https:\/\/www.pescafish.it\/new\/wp-json\/wp\/v2\/product"}],"about":[{"href":"https:\/\/www.pescafish.it\/new\/wp-json\/wp\/v2\/types\/product"}],"replies":[{"embeddable":true,"href":"https:\/\/www.pescafish.it\/new\/wp-json\/wp\/v2\/comments?post=98474"}],"wp:featuredmedia":[{"embeddable":true,"href":"https:\/\/www.pescafish.it\/new\/wp-json\/wp\/v2\/media\/98475"}],"wp:attachment":[{"href":"https:\/\/www.pescafish.it\/new\/wp-json\/wp\/v2\/media?parent=98474"}],"wp:term":[{"taxonomy":"product_cat","embeddable":true,"href":"https:\/\/www.pescafish.it\/new\/wp-json\/wp\/v2\/product_cat?post=98474"},{"taxonomy":"product_tag","embeddable":true,"href":"https:\/\/www.pescafish.it\/new\/wp-json\/wp\/v2\/product_tag?post=98474"}],"curies":[{"name":"wp","href":"https:\/\/api.w.org\/{rel}","templated":true}]}}