{"id":98395,"date":"2024-08-08T10:11:45","date_gmt":"2024-08-08T08:11:45","guid":{"rendered":"https:\/\/www.pescafish.it\/new\/?post_type=product&#038;p=98395"},"modified":"2024-08-30T09:50:48","modified_gmt":"2024-08-30T07:50:48","slug":"tidal-tele-surf-420m-penn","status":"publish","type":"product","link":"https:\/\/www.pescafish.it\/new\/prodotto\/tidal-tele-surf-420m-penn\/","title":{"rendered":"Tidal Tele Surf 4,20m &#8211; Penn"},"content":{"rendered":"<p>Le canne da surf PENN Tidal Telescopic Surf sono una novit\u00e0 nella prestigiosa serie Tidal Surfcasting di PENN. Queste canne rappresentano la soluzione ideale per il surfcasting, con grezzi in carbonio 30T che combinano estrema resistenza, leggerezza e reattivit\u00e0 per garantire prestazioni di distanza eccezionali. Ogni canna \u00e8 dotata di una punta Sensi tip, progettata per rilevare anche i morsi pi\u00f9 lievi. I grezzi sono stati sviluppati da esperti di surfcasting europei per assicurare la massima qualit\u00e0 e un ottimo rapporto qualit\u00e0-prezzo. Le versioni telescopiche sono facili da riporre e trasportare grazie alla loro struttura compatta. Ogni grammatura \u00e8 caratterizzata da un design e una colorazione specifici.<\/p>\n<p>&nbsp;<\/p>\n<table style=\"height: 96px; width: 100%; border-collapse: collapse;\" border=\"1\">\n<tbody>\n<tr style=\"height: 24px;\">\n<td style=\"width: 20%; height: 24px; text-align: center;\"><strong>Codice articolo<\/strong><\/td>\n<td style=\"width: 20%; height: 24px; text-align: center;\"><strong>Metro<\/strong><\/td>\n<td style=\"width: 20%; height: 24px; text-align: center;\"><strong>Sezioni<\/strong><\/td>\n<td style=\"width: 20%; height: 24px; text-align: center;\"><strong>Azione (gr)<\/strong><\/td>\n<td style=\"width: 20%; height: 24px; text-align: center;\"><strong>Peso (gr)<\/strong><\/td>\n<\/tr>\n<tr style=\"height: 24px;\">\n<td style=\"width: 20%; height: 24px; text-align: center;\">1580073<\/td>\n<td style=\"width: 20%; height: 24px; text-align: center;\">4.20<\/td>\n<td style=\"width: 20%; height: 24px; text-align: center;\">6<\/td>\n<td style=\"width: 20%; height: 24px; text-align: center;\">140<\/td>\n<td style=\"width: 20%; height: 24px; text-align: center;\">467<\/td>\n<\/tr>\n<tr style=\"height: 24px;\">\n<td style=\"width: 20%; height: 24px; text-align: center;\">1580074<\/td>\n<td style=\"width: 20%; height: 24px; text-align: center;\">4.20<\/td>\n<td style=\"width: 20%; height: 24px; text-align: center;\">5<\/td>\n<td style=\"width: 20%; height: 24px; text-align: center;\">160<\/td>\n<td style=\"width: 20%; height: 24px; text-align: center;\">496<\/td>\n<\/tr>\n<tr style=\"height: 24px;\">\n<td style=\"width: 20%; height: 24px; text-align: center;\">1580075<\/td>\n<td style=\"width: 20%; height: 24px; text-align: center;\">4.20<\/td>\n<td style=\"width: 20%; height: 24px; text-align: center;\">5<\/td>\n<td style=\"width: 20%; height: 24px; text-align: center;\">200<\/td>\n<td style=\"width: 20%; height: 24px; text-align: center;\">528<\/td>\n<\/tr>\n<\/tbody>\n<\/table>\n","protected":false},"excerpt":{"rendered":"<p>Le canne da surf PENN Tidal Telescopic Surf sono una novit\u00e0 nella prestigiosa serie Tidal Surfcasting di PENN. Queste canne rappresentano la soluzione ideale per il surfcasting, con grezzi in carbonio 30T che combinano estrema resistenza, leggerezza e reattivit\u00e0 per garantire prestazioni di distanza eccezionali. Ogni canna \u00e8 dotata di una punta Sensi tip, progettata [&hellip;]<\/p>\n","protected":false},"featured_media":98396,"comment_status":"closed","ping_status":"closed","template":"","meta":[],"product_cat":[86],"product_tag":[1064],"yoast_head":"<!-- This site is optimized with the Yoast SEO plugin v15.3 - https:\/\/yoast.com\/wordpress\/plugins\/seo\/ -->\n<title>Tidal Tele Surf 4,20m - Penn - Pesca Fish<\/title>\n<meta name=\"robots\" content=\"index, follow, max-snippet:-1, max-image-preview:large, max-video-preview:-1\" \/>\n<link rel=\"canonical\" href=\"https:\/\/www.pescafish.it\/new\/prodotto\/tidal-tele-surf-420m-penn\/\" \/>\n<meta property=\"og:locale\" content=\"it_IT\" \/>\n<meta property=\"og:type\" content=\"article\" \/>\n<meta property=\"og:title\" content=\"Tidal Tele Surf 4,20m - Penn - Pesca Fish\" \/>\n<meta property=\"og:description\" content=\"Le canne da surf PENN Tidal Telescopic Surf sono una novit\u00e0 nella prestigiosa serie Tidal Surfcasting di PENN. Queste canne rappresentano la soluzione ideale per il surfcasting, con grezzi in carbonio 30T che combinano estrema resistenza, leggerezza e reattivit\u00e0 per garantire prestazioni di distanza eccezionali. Ogni canna \u00e8 dotata di una punta Sensi tip, progettata [&hellip;]\" \/>\n<meta property=\"og:url\" content=\"https:\/\/www.pescafish.it\/new\/prodotto\/tidal-tele-surf-420m-penn\/\" \/>\n<meta property=\"og:site_name\" content=\"Pesca Fish\" \/>\n<meta property=\"article:publisher\" content=\"https:\/\/www.facebook.com\/pescafishvr\/\" \/>\n<meta property=\"article:modified_time\" content=\"2024-08-30T07:50:48+00:00\" \/>\n<meta property=\"og:image\" content=\"https:\/\/www.pescafish.it\/new\/wp-content\/uploads\/2024\/08\/tele.jpg\" \/>\n\t<meta property=\"og:image:width\" content=\"789\" \/>\n\t<meta property=\"og:image:height\" content=\"794\" \/>\n<meta name=\"twitter:card\" content=\"summary_large_image\" \/>\n<meta name=\"twitter:label1\" content=\"Scritto da\">\n\t<meta name=\"twitter:data1\" content=\"francesca\">\n\t<meta name=\"twitter:label2\" content=\"Tempo di lettura stimato\">\n\t<meta name=\"twitter:data2\" content=\"0 minuti\">\n<script type=\"application\/ld+json\" class=\"yoast-schema-graph\">{\"@context\":\"https:\/\/schema.org\",\"@graph\":[{\"@type\":\"WebSite\",\"@id\":\"https:\/\/www.pescafish.it\/new\/#website\",\"url\":\"https:\/\/www.pescafish.it\/new\/\",\"name\":\"Pesca Fish\",\"description\":\"Benvenuti sul nostro sito!\",\"potentialAction\":[{\"@type\":\"SearchAction\",\"target\":\"https:\/\/www.pescafish.it\/new\/?s={search_term_string}\",\"query-input\":\"required name=search_term_string\"}],\"inLanguage\":\"it-IT\"},{\"@type\":\"ImageObject\",\"@id\":\"https:\/\/www.pescafish.it\/new\/prodotto\/tidal-tele-surf-420m-penn\/#primaryimage\",\"inLanguage\":\"it-IT\",\"url\":\"https:\/\/www.pescafish.it\/new\/wp-content\/uploads\/2024\/08\/tele.jpg\",\"width\":789,\"height\":794},{\"@type\":\"WebPage\",\"@id\":\"https:\/\/www.pescafish.it\/new\/prodotto\/tidal-tele-surf-420m-penn\/#webpage\",\"url\":\"https:\/\/www.pescafish.it\/new\/prodotto\/tidal-tele-surf-420m-penn\/\",\"name\":\"Tidal Tele Surf 4,20m - Penn - Pesca Fish\",\"isPartOf\":{\"@id\":\"https:\/\/www.pescafish.it\/new\/#website\"},\"primaryImageOfPage\":{\"@id\":\"https:\/\/www.pescafish.it\/new\/prodotto\/tidal-tele-surf-420m-penn\/#primaryimage\"},\"datePublished\":\"2024-08-08T08:11:45+00:00\",\"dateModified\":\"2024-08-30T07:50:48+00:00\",\"inLanguage\":\"it-IT\",\"potentialAction\":[{\"@type\":\"ReadAction\",\"target\":[\"https:\/\/www.pescafish.it\/new\/prodotto\/tidal-tele-surf-420m-penn\/\"]}]}]}<\/script>\n<!-- \/ Yoast SEO plugin. -->","_links":{"self":[{"href":"https:\/\/www.pescafish.it\/new\/wp-json\/wp\/v2\/product\/98395"}],"collection":[{"href":"https:\/\/www.pescafish.it\/new\/wp-json\/wp\/v2\/product"}],"about":[{"href":"https:\/\/www.pescafish.it\/new\/wp-json\/wp\/v2\/types\/product"}],"replies":[{"embeddable":true,"href":"https:\/\/www.pescafish.it\/new\/wp-json\/wp\/v2\/comments?post=98395"}],"wp:featuredmedia":[{"embeddable":true,"href":"https:\/\/www.pescafish.it\/new\/wp-json\/wp\/v2\/media\/98396"}],"wp:attachment":[{"href":"https:\/\/www.pescafish.it\/new\/wp-json\/wp\/v2\/media?parent=98395"}],"wp:term":[{"taxonomy":"product_cat","embeddable":true,"href":"https:\/\/www.pescafish.it\/new\/wp-json\/wp\/v2\/product_cat?post=98395"},{"taxonomy":"product_tag","embeddable":true,"href":"https:\/\/www.pescafish.it\/new\/wp-json\/wp\/v2\/product_tag?post=98395"}],"curies":[{"name":"wp","href":"https:\/\/api.w.org\/{rel}","templated":true}]}}