{"id":98344,"date":"2024-08-07T10:53:02","date_gmt":"2024-08-07T08:53:02","guid":{"rendered":"https:\/\/www.pescafish.it\/new\/?post_type=product&#038;p=98344"},"modified":"2024-08-30T09:55:41","modified_gmt":"2024-08-30T07:55:41","slug":"giudecca-bolo-4-60mt-80gr-tubertini","status":"publish","type":"product","link":"https:\/\/www.pescafish.it\/new\/prodotto\/giudecca-bolo-4-60mt-80gr-tubertini\/","title":{"rendered":"Giudecca Bolo 4.60mt 80gr &#8211; Tubertini"},"content":{"rendered":"<p>La lunghezza di 4,60 m di questa bolognese pu\u00f2 risultare inconsueta ma di fatto dona\u00a0un&#8217;azione ed una potenza uniche nel suo genere. Infatti questa telescopica non\u00a0teme alcun confronto in fatto di resistenza e rapidit\u00e0 e risulta adatta ai combattimenti pi\u00f9 impegnativi con pesci di grossa taglia nonch\u00e8 alla pratica delle pi\u00f9 disparate tecniche da natante.<\/p>\n<p>&nbsp;<\/p>\n<table class=\"tabella-prodotto\" style=\"height: 87px; width: 50.4562%;\" border=\"1\">\n<tbody>\n<tr>\n<th style=\"width: 63px;\">misura<\/th>\n<th style=\"width: 42px;\">peso<\/th>\n<th style=\"width: 62px;\">sezioni<\/th>\n<th style=\"width: 85px;\">ingombro<\/th>\n<th style=\"width: 70px;\">potenza<\/th>\n<\/tr>\n<tr>\n<td style=\"width: 63px; text-align: center;\">4,60 m<\/td>\n<td style=\"width: 42px; text-align: center;\">265 g<\/td>\n<td style=\"width: 62px; text-align: center;\">5<\/td>\n<td style=\"width: 85px; text-align: center;\">129 cm<\/td>\n<td style=\"width: 70px; text-align: center;\">Max 80 g<\/td>\n<\/tr>\n<\/tbody>\n<\/table>\n","protected":false},"excerpt":{"rendered":"<p>La lunghezza di 4,60 m di questa bolognese pu\u00f2 risultare inconsueta ma di fatto dona\u00a0un&#8217;azione ed una potenza uniche nel suo genere. Infatti questa telescopica non\u00a0teme alcun confronto in fatto di resistenza e rapidit\u00e0 e risulta adatta ai combattimenti pi\u00f9 impegnativi con pesci di grossa taglia nonch\u00e8 alla pratica delle pi\u00f9 disparate tecniche da natante. [&hellip;]<\/p>\n","protected":false},"featured_media":98345,"comment_status":"closed","ping_status":"closed","template":"","meta":[],"product_cat":[87,80],"product_tag":[1055],"yoast_head":"<!-- This site is optimized with the Yoast SEO plugin v15.3 - https:\/\/yoast.com\/wordpress\/plugins\/seo\/ -->\n<title>Giudecca Bolo 4.60mt 80gr - Tubertini - Pesca Fish<\/title>\n<meta name=\"robots\" content=\"index, follow, max-snippet:-1, max-image-preview:large, max-video-preview:-1\" \/>\n<link rel=\"canonical\" href=\"https:\/\/www.pescafish.it\/new\/prodotto\/giudecca-bolo-4-60mt-80gr-tubertini\/\" \/>\n<meta property=\"og:locale\" content=\"it_IT\" \/>\n<meta property=\"og:type\" content=\"article\" \/>\n<meta property=\"og:title\" content=\"Giudecca Bolo 4.60mt 80gr - Tubertini - Pesca Fish\" \/>\n<meta property=\"og:description\" content=\"La lunghezza di 4,60 m di questa bolognese pu\u00f2 risultare inconsueta ma di fatto dona\u00a0un&#8217;azione ed una potenza uniche nel suo genere. Infatti questa telescopica non\u00a0teme alcun confronto in fatto di resistenza e rapidit\u00e0 e risulta adatta ai combattimenti pi\u00f9 impegnativi con pesci di grossa taglia nonch\u00e8 alla pratica delle pi\u00f9 disparate tecniche da natante. [&hellip;]\" \/>\n<meta property=\"og:url\" content=\"https:\/\/www.pescafish.it\/new\/prodotto\/giudecca-bolo-4-60mt-80gr-tubertini\/\" \/>\n<meta property=\"og:site_name\" content=\"Pesca Fish\" \/>\n<meta property=\"article:publisher\" content=\"https:\/\/www.facebook.com\/pescafishvr\/\" \/>\n<meta property=\"article:modified_time\" content=\"2024-08-30T07:55:41+00:00\" \/>\n<meta property=\"og:image\" content=\"https:\/\/www.pescafish.it\/new\/wp-content\/uploads\/2024\/08\/bolo.jpg\" \/>\n\t<meta property=\"og:image:width\" content=\"789\" \/>\n\t<meta property=\"og:image:height\" content=\"794\" \/>\n<meta name=\"twitter:card\" content=\"summary_large_image\" \/>\n<meta name=\"twitter:label1\" content=\"Scritto da\">\n\t<meta name=\"twitter:data1\" content=\"francesca\">\n\t<meta name=\"twitter:label2\" content=\"Tempo di lettura stimato\">\n\t<meta name=\"twitter:data2\" content=\"0 minuti\">\n<script type=\"application\/ld+json\" class=\"yoast-schema-graph\">{\"@context\":\"https:\/\/schema.org\",\"@graph\":[{\"@type\":\"WebSite\",\"@id\":\"https:\/\/www.pescafish.it\/new\/#website\",\"url\":\"https:\/\/www.pescafish.it\/new\/\",\"name\":\"Pesca Fish\",\"description\":\"Benvenuti sul nostro sito!\",\"potentialAction\":[{\"@type\":\"SearchAction\",\"target\":\"https:\/\/www.pescafish.it\/new\/?s={search_term_string}\",\"query-input\":\"required name=search_term_string\"}],\"inLanguage\":\"it-IT\"},{\"@type\":\"ImageObject\",\"@id\":\"https:\/\/www.pescafish.it\/new\/prodotto\/giudecca-bolo-4-60mt-80gr-tubertini\/#primaryimage\",\"inLanguage\":\"it-IT\",\"url\":\"https:\/\/www.pescafish.it\/new\/wp-content\/uploads\/2024\/08\/bolo.jpg\",\"width\":789,\"height\":794},{\"@type\":\"WebPage\",\"@id\":\"https:\/\/www.pescafish.it\/new\/prodotto\/giudecca-bolo-4-60mt-80gr-tubertini\/#webpage\",\"url\":\"https:\/\/www.pescafish.it\/new\/prodotto\/giudecca-bolo-4-60mt-80gr-tubertini\/\",\"name\":\"Giudecca Bolo 4.60mt 80gr - Tubertini - Pesca Fish\",\"isPartOf\":{\"@id\":\"https:\/\/www.pescafish.it\/new\/#website\"},\"primaryImageOfPage\":{\"@id\":\"https:\/\/www.pescafish.it\/new\/prodotto\/giudecca-bolo-4-60mt-80gr-tubertini\/#primaryimage\"},\"datePublished\":\"2024-08-07T08:53:02+00:00\",\"dateModified\":\"2024-08-30T07:55:41+00:00\",\"inLanguage\":\"it-IT\",\"potentialAction\":[{\"@type\":\"ReadAction\",\"target\":[\"https:\/\/www.pescafish.it\/new\/prodotto\/giudecca-bolo-4-60mt-80gr-tubertini\/\"]}]}]}<\/script>\n<!-- \/ Yoast SEO plugin. -->","_links":{"self":[{"href":"https:\/\/www.pescafish.it\/new\/wp-json\/wp\/v2\/product\/98344"}],"collection":[{"href":"https:\/\/www.pescafish.it\/new\/wp-json\/wp\/v2\/product"}],"about":[{"href":"https:\/\/www.pescafish.it\/new\/wp-json\/wp\/v2\/types\/product"}],"replies":[{"embeddable":true,"href":"https:\/\/www.pescafish.it\/new\/wp-json\/wp\/v2\/comments?post=98344"}],"wp:featuredmedia":[{"embeddable":true,"href":"https:\/\/www.pescafish.it\/new\/wp-json\/wp\/v2\/media\/98345"}],"wp:attachment":[{"href":"https:\/\/www.pescafish.it\/new\/wp-json\/wp\/v2\/media?parent=98344"}],"wp:term":[{"taxonomy":"product_cat","embeddable":true,"href":"https:\/\/www.pescafish.it\/new\/wp-json\/wp\/v2\/product_cat?post=98344"},{"taxonomy":"product_tag","embeddable":true,"href":"https:\/\/www.pescafish.it\/new\/wp-json\/wp\/v2\/product_tag?post=98344"}],"curies":[{"name":"wp","href":"https:\/\/api.w.org\/{rel}","templated":true}]}}