{"id":98215,"date":"2024-08-03T18:42:57","date_gmt":"2024-08-03T16:42:57","guid":{"rendered":"https:\/\/www.pescafish.it\/new\/?post_type=product&#038;p=98215"},"modified":"2024-08-03T18:42:58","modified_gmt":"2024-08-03T16:42:58","slug":"le-dot-tee-black-korda","status":"publish","type":"product","link":"https:\/\/www.pescafish.it\/new\/prodotto\/le-dot-tee-black-korda\/","title":{"rendered":"LE Dot Tee Black\u00a0&#8211; Korda"},"content":{"rendered":"<h2>LE Dot Tee Black<\/h2>\n<p><span>La Dot Tee \u00e8 una delle ultime aggiunte alla gamma di abbigliamento Korda. Realizzata con una finitura unica, morbida e vellutata, questa t-shirt \u00e8 incredibilmente comoda da indossare. Che tu stia andando al lago o semplicemente rilassandoti a casa, questa t-shirt \u00e8 perfetta per i mesi estivi o come parte di un sistema di stratificazione nelle giornate pi\u00f9 fredde.\u00a0<\/span><\/p>\n<p><span>Disponibile solo in nero, la parte anteriore di questa maglietta presenta un motivo a pois composto da 30 loghi Korda multicolori, da cui il nome Dot Tee.<\/span><\/p>\n<p><span>Realizzata con materiali di alta qualit\u00e0, questa t-shirt \u00e8 resistente e duratura. Pu\u00f2 sopportare lavaggi frequenti e manterr\u00e0 la sua consistenza morbida e la sua forma. Inoltre, dopo essere stata inondata di richieste, per la prima volta questa maglietta sar\u00e0 disponibile in 4XL.<\/span><\/p>\n<p><span>DF ama che le sue t-shirt siano multiuso: che tu ti stia preparando per la tua prossima sessione o che tu le indossi con i jeans quando sei fuori casa, questa maglietta \u00e8 realizzata per essere versatile e adatta a ogni occasione.<\/span><\/p>\n<p><span>Con taglie che vanno dalla S alla 4XL, c&#8217;\u00e8 una maglietta Dot per tutti.<\/span><\/p>\n<p><span>*I materiali utilizzati per realizzare questa maglietta sono:<\/span><\/p>\n<p><span>60% cotone, 40% poliestere.<\/span><\/p>\n<p><strong>Disponibile nelle seguenti taglie:<\/strong><br \/>\n<strong>KCL853<\/strong>\u00a0 S<br \/>\n<strong>KCL854<\/strong>\u00a0 M<br \/>\n<strong>KCL855<\/strong>\u00a0 L<br \/>\n<strong>KCL856<\/strong>\u00a0 XL<br \/>\n<strong>KCL857<\/strong>\u00a0 XXL<\/p>\n","protected":false},"excerpt":{"rendered":"<p>LE Dot Tee Black La Dot Tee \u00e8 una delle ultime aggiunte alla gamma di abbigliamento Korda. Realizzata con una finitura unica, morbida e vellutata, questa t-shirt \u00e8 incredibilmente comoda da indossare. Che tu stia andando al lago o semplicemente rilassandoti a casa, questa t-shirt \u00e8 perfetta per i mesi estivi o come parte di [&hellip;]<\/p>\n","protected":false},"featured_media":98216,"comment_status":"closed","ping_status":"closed","template":"","meta":[],"product_cat":[771],"product_tag":[1018],"yoast_head":"<!-- This site is optimized with the Yoast SEO plugin v15.3 - https:\/\/yoast.com\/wordpress\/plugins\/seo\/ -->\n<title>LE Dot Tee Black\u00a0- Korda - Pesca Fish<\/title>\n<meta name=\"robots\" content=\"index, follow, max-snippet:-1, max-image-preview:large, max-video-preview:-1\" \/>\n<link rel=\"canonical\" href=\"https:\/\/www.pescafish.it\/new\/prodotto\/le-dot-tee-black-korda\/\" \/>\n<meta property=\"og:locale\" content=\"it_IT\" \/>\n<meta property=\"og:type\" content=\"article\" \/>\n<meta property=\"og:title\" content=\"LE Dot Tee Black\u00a0- Korda - Pesca Fish\" \/>\n<meta property=\"og:description\" content=\"LE Dot Tee Black La Dot Tee \u00e8 una delle ultime aggiunte alla gamma di abbigliamento Korda. Realizzata con una finitura unica, morbida e vellutata, questa t-shirt \u00e8 incredibilmente comoda da indossare. Che tu stia andando al lago o semplicemente rilassandoti a casa, questa t-shirt \u00e8 perfetta per i mesi estivi o come parte di [&hellip;]\" \/>\n<meta property=\"og:url\" content=\"https:\/\/www.pescafish.it\/new\/prodotto\/le-dot-tee-black-korda\/\" \/>\n<meta property=\"og:site_name\" content=\"Pesca Fish\" \/>\n<meta property=\"article:publisher\" content=\"https:\/\/www.facebook.com\/pescafishvr\/\" \/>\n<meta property=\"article:modified_time\" content=\"2024-08-03T16:42:58+00:00\" \/>\n<meta property=\"og:image\" content=\"https:\/\/www.pescafish.it\/new\/wp-content\/uploads\/2024\/08\/LE-DOT-TEE-BLACK.jpg\" \/>\n\t<meta property=\"og:image:width\" content=\"660\" \/>\n\t<meta property=\"og:image:height\" content=\"660\" \/>\n<meta name=\"twitter:card\" content=\"summary_large_image\" \/>\n<meta name=\"twitter:label1\" content=\"Scritto da\">\n\t<meta name=\"twitter:data1\" content=\"francesca\">\n\t<meta name=\"twitter:label2\" content=\"Tempo di lettura stimato\">\n\t<meta name=\"twitter:data2\" content=\"1 minuto\">\n<script type=\"application\/ld+json\" class=\"yoast-schema-graph\">{\"@context\":\"https:\/\/schema.org\",\"@graph\":[{\"@type\":\"WebSite\",\"@id\":\"https:\/\/www.pescafish.it\/new\/#website\",\"url\":\"https:\/\/www.pescafish.it\/new\/\",\"name\":\"Pesca Fish\",\"description\":\"Benvenuti sul nostro sito!\",\"potentialAction\":[{\"@type\":\"SearchAction\",\"target\":\"https:\/\/www.pescafish.it\/new\/?s={search_term_string}\",\"query-input\":\"required name=search_term_string\"}],\"inLanguage\":\"it-IT\"},{\"@type\":\"ImageObject\",\"@id\":\"https:\/\/www.pescafish.it\/new\/prodotto\/le-dot-tee-black-korda\/#primaryimage\",\"inLanguage\":\"it-IT\",\"url\":\"https:\/\/www.pescafish.it\/new\/wp-content\/uploads\/2024\/08\/LE-DOT-TEE-BLACK.jpg\",\"width\":660,\"height\":660,\"caption\":\"Korda\"},{\"@type\":\"WebPage\",\"@id\":\"https:\/\/www.pescafish.it\/new\/prodotto\/le-dot-tee-black-korda\/#webpage\",\"url\":\"https:\/\/www.pescafish.it\/new\/prodotto\/le-dot-tee-black-korda\/\",\"name\":\"LE Dot Tee Black\\u00a0- Korda - Pesca Fish\",\"isPartOf\":{\"@id\":\"https:\/\/www.pescafish.it\/new\/#website\"},\"primaryImageOfPage\":{\"@id\":\"https:\/\/www.pescafish.it\/new\/prodotto\/le-dot-tee-black-korda\/#primaryimage\"},\"datePublished\":\"2024-08-03T16:42:57+00:00\",\"dateModified\":\"2024-08-03T16:42:58+00:00\",\"inLanguage\":\"it-IT\",\"potentialAction\":[{\"@type\":\"ReadAction\",\"target\":[\"https:\/\/www.pescafish.it\/new\/prodotto\/le-dot-tee-black-korda\/\"]}]}]}<\/script>\n<!-- \/ Yoast SEO plugin. -->","_links":{"self":[{"href":"https:\/\/www.pescafish.it\/new\/wp-json\/wp\/v2\/product\/98215"}],"collection":[{"href":"https:\/\/www.pescafish.it\/new\/wp-json\/wp\/v2\/product"}],"about":[{"href":"https:\/\/www.pescafish.it\/new\/wp-json\/wp\/v2\/types\/product"}],"replies":[{"embeddable":true,"href":"https:\/\/www.pescafish.it\/new\/wp-json\/wp\/v2\/comments?post=98215"}],"wp:featuredmedia":[{"embeddable":true,"href":"https:\/\/www.pescafish.it\/new\/wp-json\/wp\/v2\/media\/98216"}],"wp:attachment":[{"href":"https:\/\/www.pescafish.it\/new\/wp-json\/wp\/v2\/media?parent=98215"}],"wp:term":[{"taxonomy":"product_cat","embeddable":true,"href":"https:\/\/www.pescafish.it\/new\/wp-json\/wp\/v2\/product_cat?post=98215"},{"taxonomy":"product_tag","embeddable":true,"href":"https:\/\/www.pescafish.it\/new\/wp-json\/wp\/v2\/product_tag?post=98215"}],"curies":[{"name":"wp","href":"https:\/\/api.w.org\/{rel}","templated":true}]}}