{"id":98157,"date":"2024-08-02T19:01:48","date_gmt":"2024-08-02T17:01:48","guid":{"rendered":"https:\/\/www.pescafish.it\/new\/?post_type=product&#038;p=98157"},"modified":"2026-04-11T20:23:22","modified_gmt":"2026-04-11T18:23:22","slug":"qm1-bait-band-rig-4-guru","status":"publish","type":"product","link":"https:\/\/www.pescafish.it\/new\/prodotto\/qm1-bait-band-rig-4-guru\/","title":{"rendered":"QM1 Bait Band Rig 4&#8243;\u00a0&#8211; Guru"},"content":{"rendered":"<h2>QM1 Bait Band Rig 4&#8243;<\/h2>\n<p>I QM1 Bait Band Ready Rigs sono l&#8217;opzione perfetta per la lunghezza del terminale per esche da innesco con hair rigging come pellet duri, wafter, pop-up e persino esche come i vermi. Il terminale \u00e8 dotato di una Micro Bait Band di dimensioni ottimali all&#8217;estremit\u00e0 del terminale. Questa \u00e8 pensata per essere posizionata attorno all&#8217;esca da innesco scelta. C&#8217;\u00e8 anche un piccolo pezzo di Micro silicone da 0,3 mm sul gambo dell&#8217;amo e del terminale per hair rig che serve a tenere l&#8217;esca da innesco in posizione e ad assicurarsi che il terminale funzioni perfettamente.<\/p>\n<p>Se hai difficolt\u00e0 ad attaccare le tue esche a mano, ti consigliamo di usare le nostre pinze per pellet che rendono il processo di legatura delle esche rapido e semplice. I QM1 Bait Band Ready Rigs sono l&#8217;opzione definitiva per le lunghezze dei terminali commerciali, adatti perfettamente a un&#8217;ampia variet\u00e0 di specie di pesci e situazioni di pesca. Ideali per tutti i lavori con lenza corrente, come la pesca con feeder e bomb, il lavoro con pellet waggler e alcune situazioni di pesca con la canna. Questo rig funzioner\u00e0 perfettamente quando prendi di mira specie pi\u00f9 grandi come carpe, F1, breme e tinche, ecc.<\/p>\n<p>Gli ami QM1 sono il modello di amo commerciale definitivo, con una forma unica fortemente spazzata, gambo corto e punta dell&#8217;amo offset a becco incredibilmente affilata che fornisce una presa dell&#8217;amo super sicura e riduce la perdita di pesce. Tutti gli ami QM1 sono rivestiti in PTFE, il che migliora significativamente la durata, l&#8217;affilatura e la longevit\u00e0 degli ami.<\/p>\n<p>I nostri QM1 Bait Band Ready Rigs sono disponibili da 4&#8243; e 15&#8243; e coprono un&#8217;ampia gamma di diverse situazioni di pesca e opzioni di esche. I Ready Rigs da 4&#8243; sono pre-legati sui nostri affidabili rig board. I QM1 Ready Rigs da 15&#8243; sono pre-legati sui nostri bobine di lunghezza terminale facili da usare, che si adattano perfettamente alle Guru Rig Box, migliorando l&#8217;organizzazione e l&#8217;efficienza.<\/p>\n<p>Nelle misure 10, 12 e 14 abbiamo migliorato le opzioni di diametro della lenza per offrire ancora pi\u00f9 scelta in queste misure pi\u00f9 grandi (vedere la tabella delle misure qui sotto per opzioni e diametri). Tutti i nostri Ready Rig sono legati sulla nostra collaudata lenza N-Gauge. Dimostrando nel corso di innumerevoli anni di essere una delle preferite dai pescatori dilettanti, di pesca grossa e di pesca sportiva.<\/p>\n<p><strong>Disponibile nelle seguenti varianti:<br \/>\nGRR119<\/strong>\u00a0 Size 16 \/ 0.17mm<br \/>\n<strong>GRR118<\/strong>\u00a0 Size 14 \/ 0.17mm<br \/>\n<strong>GRR116<\/strong>\u00a0 Size 12 \/ 0.19mm<br \/>\n<strong>GRR115<\/strong>\u00a0 Size 10 \/ 0.19mm<br \/>\n<strong>GRR114<\/strong>\u00a0 Size 10 \/ 0.22mm<\/p>\n","protected":false},"excerpt":{"rendered":"<p>QM1 Bait Band Rig 4&#8243; I QM1 Bait Band Ready Rigs sono l&#8217;opzione perfetta per la lunghezza del terminale per esche da innesco con hair rigging come pellet duri, wafter, pop-up e persino esche come i vermi. Il terminale \u00e8 dotato di una Micro Bait Band di dimensioni ottimali all&#8217;estremit\u00e0 del terminale. Questa \u00e8 pensata [&hellip;]<\/p>\n","protected":false},"featured_media":98158,"comment_status":"closed","ping_status":"closed","template":"","meta":[],"product_cat":[175],"product_tag":[1026],"yoast_head":"<!-- This site is optimized with the Yoast SEO plugin v15.3 - https:\/\/yoast.com\/wordpress\/plugins\/seo\/ -->\n<title>QM1 Bait Band Rig 4&quot;\u00a0- Guru - Pesca Fish<\/title>\n<meta name=\"robots\" content=\"index, follow, max-snippet:-1, max-image-preview:large, max-video-preview:-1\" \/>\n<link rel=\"canonical\" href=\"https:\/\/www.pescafish.it\/new\/prodotto\/qm1-bait-band-rig-4-guru\/\" \/>\n<meta property=\"og:locale\" content=\"it_IT\" \/>\n<meta property=\"og:type\" content=\"article\" \/>\n<meta property=\"og:title\" content=\"QM1 Bait Band Rig 4&quot;\u00a0- Guru - Pesca Fish\" \/>\n<meta property=\"og:description\" content=\"QM1 Bait Band Rig 4&#8243; I QM1 Bait Band Ready Rigs sono l&#8217;opzione perfetta per la lunghezza del terminale per esche da innesco con hair rigging come pellet duri, wafter, pop-up e persino esche come i vermi. Il terminale \u00e8 dotato di una Micro Bait Band di dimensioni ottimali all&#8217;estremit\u00e0 del terminale. Questa \u00e8 pensata [&hellip;]\" \/>\n<meta property=\"og:url\" content=\"https:\/\/www.pescafish.it\/new\/prodotto\/qm1-bait-band-rig-4-guru\/\" \/>\n<meta property=\"og:site_name\" content=\"Pesca Fish\" \/>\n<meta property=\"article:publisher\" content=\"https:\/\/www.facebook.com\/pescafishvr\/\" \/>\n<meta property=\"article:modified_time\" content=\"2026-04-11T18:23:22+00:00\" \/>\n<meta property=\"og:image\" content=\"https:\/\/www.pescafish.it\/new\/wp-content\/uploads\/2024\/08\/AR_47587_0.jpg\" \/>\n\t<meta property=\"og:image:width\" content=\"660\" \/>\n\t<meta property=\"og:image:height\" content=\"660\" \/>\n<meta name=\"twitter:card\" content=\"summary_large_image\" \/>\n<meta name=\"twitter:label1\" content=\"Scritto da\">\n\t<meta name=\"twitter:data1\" content=\"francesca\">\n\t<meta name=\"twitter:label2\" content=\"Tempo di lettura stimato\">\n\t<meta name=\"twitter:data2\" content=\"2 minuti\">\n<script type=\"application\/ld+json\" class=\"yoast-schema-graph\">{\"@context\":\"https:\/\/schema.org\",\"@graph\":[{\"@type\":\"WebSite\",\"@id\":\"https:\/\/www.pescafish.it\/new\/#website\",\"url\":\"https:\/\/www.pescafish.it\/new\/\",\"name\":\"Pesca Fish\",\"description\":\"Benvenuti sul nostro sito!\",\"potentialAction\":[{\"@type\":\"SearchAction\",\"target\":\"https:\/\/www.pescafish.it\/new\/?s={search_term_string}\",\"query-input\":\"required name=search_term_string\"}],\"inLanguage\":\"it-IT\"},{\"@type\":\"ImageObject\",\"@id\":\"https:\/\/www.pescafish.it\/new\/prodotto\/qm1-bait-band-rig-4-guru\/#primaryimage\",\"inLanguage\":\"it-IT\",\"url\":\"https:\/\/www.pescafish.it\/new\/wp-content\/uploads\/2024\/08\/AR_47587_0.jpg\",\"width\":660,\"height\":660,\"caption\":\"Guru\"},{\"@type\":\"WebPage\",\"@id\":\"https:\/\/www.pescafish.it\/new\/prodotto\/qm1-bait-band-rig-4-guru\/#webpage\",\"url\":\"https:\/\/www.pescafish.it\/new\/prodotto\/qm1-bait-band-rig-4-guru\/\",\"name\":\"QM1 Bait Band Rig 4\\\"\\u00a0- Guru - Pesca Fish\",\"isPartOf\":{\"@id\":\"https:\/\/www.pescafish.it\/new\/#website\"},\"primaryImageOfPage\":{\"@id\":\"https:\/\/www.pescafish.it\/new\/prodotto\/qm1-bait-band-rig-4-guru\/#primaryimage\"},\"datePublished\":\"2024-08-02T17:01:48+00:00\",\"dateModified\":\"2026-04-11T18:23:22+00:00\",\"inLanguage\":\"it-IT\",\"potentialAction\":[{\"@type\":\"ReadAction\",\"target\":[\"https:\/\/www.pescafish.it\/new\/prodotto\/qm1-bait-band-rig-4-guru\/\"]}]}]}<\/script>\n<!-- \/ Yoast SEO plugin. -->","_links":{"self":[{"href":"https:\/\/www.pescafish.it\/new\/wp-json\/wp\/v2\/product\/98157"}],"collection":[{"href":"https:\/\/www.pescafish.it\/new\/wp-json\/wp\/v2\/product"}],"about":[{"href":"https:\/\/www.pescafish.it\/new\/wp-json\/wp\/v2\/types\/product"}],"replies":[{"embeddable":true,"href":"https:\/\/www.pescafish.it\/new\/wp-json\/wp\/v2\/comments?post=98157"}],"wp:featuredmedia":[{"embeddable":true,"href":"https:\/\/www.pescafish.it\/new\/wp-json\/wp\/v2\/media\/98158"}],"wp:attachment":[{"href":"https:\/\/www.pescafish.it\/new\/wp-json\/wp\/v2\/media?parent=98157"}],"wp:term":[{"taxonomy":"product_cat","embeddable":true,"href":"https:\/\/www.pescafish.it\/new\/wp-json\/wp\/v2\/product_cat?post=98157"},{"taxonomy":"product_tag","embeddable":true,"href":"https:\/\/www.pescafish.it\/new\/wp-json\/wp\/v2\/product_tag?post=98157"}],"curies":[{"name":"wp","href":"https:\/\/api.w.org\/{rel}","templated":true}]}}