{"id":98054,"date":"2024-07-26T19:03:24","date_gmt":"2024-07-26T17:03:24","guid":{"rendered":"https:\/\/www.pescafish.it\/new\/?post_type=product&#038;p=98054"},"modified":"2024-07-26T19:03:24","modified_gmt":"2024-07-26T17:03:24","slug":"mulinello-slx-71-a-shimano","status":"publish","type":"product","link":"https:\/\/www.pescafish.it\/new\/prodotto\/mulinello-slx-71-a-shimano\/","title":{"rendered":"Mulinello SLX 71 A &#8211; Shimano"},"content":{"rendered":"<p>L&#8217;SLX \u00e8 uno dei mulinelli da baitcasting pi\u00f9 popolari di Shimano e combina uno straordinario rapporto qualit\u00e0-prezzo con solide prestazioni a un prezzo straordinariamente basso. Spuntando tutte le caselle giuste, quando si tratta di caratteristiche e prestazioni questo \u00e8 valore Shimano, qualit\u00e0 e credibilit\u00e0 e un prezzo che quasi sfida la logica.<br \/>\nL&#8217;SLX \u00e8 la scelta perfetta se stai iniziando a pescare con i mulinelli da baitcasting. Forse hai usato mulinelli da spinning in passato, ma ora vuoi provare qualcosa di pi\u00f9 diretto, compatto e leggero. O forse volete solo un ottimo rapporto qualit\u00e0-prezzo. Qualunque sia la tua motivazione, non puoi sbagliare con il versatile SLX. Prende molte delle caratteristiche provate e fidate che si trovano sui mulinelli pi\u00f9 costosi di Shimano e le confeziona in un caratteristico corpo compatto HAGANE che \u00e8 facile da maneggiare e usare, anche per i pescatori inesperti.<br \/>\nQuando si tratta della fascia pi\u00f9 economica del mercato c&#8217;\u00e8 spesso un compromesso tra qualit\u00e0 e prezzo. Ma SLX ha riscritto il libro delle regole. Per cominciare, utilizza un corpo HAGANE di fascia alta in alluminio leggero, il che \u00e8 importante perch\u00e9 un mulinello con una struttura robusta funziona pi\u00f9 efficacemente quando \u00e8 sotto pressione. Il lancio \u00e8 controllato dalla tecnologia di frenatura della bobina SVS Infinity di Shimano, che pu\u00f2 essere regolata quasi all&#8217;infinito da un quadrante esterno per ottenere l&#8217;esatta quantit\u00e0 di pressione richiesta in base allo stile, alle preferenze e alle dimensioni dell&#8217;esca. E per garantire vibrazioni minime durante il lancio del superbo Magnumlite III, la bobina S3D beneficia della tecnologia Silent Tune, presa direttamente dai modelli pi\u00f9 avanzati di Shimano. Infine, quando aggancerete il vostro primo pesce, apprezzerete sicuramente l&#8217;impugnatura leggermente pi\u00f9 lunga, che fornisce la potenza necessaria per controllare i pesci pi\u00f9 difficili.<\/p>\n<p><strong>Disponibile nei seguenti modelli:<\/strong><\/p>\n<table style=\"height: 96px; width: 100%; border-collapse: collapse; border-color: #000000;\" border=\"2\">\n<tbody>\n<tr style=\"height: 24px;\">\n<td style=\"width: 16.6667%; height: 24px; text-align: center;\"><strong>Modello<\/strong><\/td>\n<td style=\"width: 16.6667%; height: 24px; text-align: center;\"><strong>Rapporto di Recupero<\/strong><\/td>\n<td style=\"width: 16.6667%; height: 24px; text-align: center;\"><strong>Peso<\/strong><\/td>\n<td style=\"width: 16.6667%; height: 24px; text-align: center;\"><strong>Capacit\u00e0 Bobina (lb-m)<\/strong><\/td>\n<td style=\"width: 16.6667%; height: 24px; text-align: center;\"><strong>Max Drag<\/strong><\/td>\n<td style=\"width: 16.6667%; height: 24px; text-align: center;\"><strong>Line Retrive<\/strong><\/td>\n<\/tr>\n<tr style=\"height: 24px;\">\n<td style=\"width: 16.6667%; height: 24px; text-align: center;\"><strong>SLX71A<\/strong><\/td>\n<td style=\"width: 16.6667%; height: 24px; text-align: center;\">6.3:1<\/td>\n<td style=\"width: 16.6667%; height: 24px; text-align: center;\">190g<\/td>\n<td style=\"width: 16.6667%; height: 24px; text-align: center;\">12-100, 14-90, 16-80, 20-65<\/td>\n<td style=\"width: 16.6667%; height: 24px; text-align: center;\">5,5kg<\/td>\n<td style=\"width: 16.6667%; height: 24px; text-align: center;\">63cm<\/td>\n<\/tr>\n<tr style=\"height: 24px;\">\n<td style=\"width: 16.6667%; height: 24px; text-align: center;\"><strong>SLX71HGA<\/strong><\/td>\n<td style=\"width: 16.6667%; height: 24px; text-align: center;\">7.2:1<\/td>\n<td style=\"width: 16.6667%; height: 24px; text-align: center;\">195g<\/td>\n<td style=\"width: 16.6667%; height: 24px; text-align: center;\">12-100, 14-90, 16-80, 20-65<\/td>\n<td style=\"width: 16.6667%; height: 24px; text-align: center;\">5,5kg<\/td>\n<td style=\"width: 16.6667%; height: 24px; text-align: center;\">72cm<\/td>\n<\/tr>\n<tr style=\"height: 24px;\">\n<td style=\"width: 16.6667%; height: 24px; text-align: center;\"><strong>SLX71XGA<\/strong><\/td>\n<td style=\"width: 16.6667%; height: 24px; text-align: center;\">8.2:1<\/td>\n<td style=\"width: 16.6667%; height: 24px; text-align: center;\">195g<\/td>\n<td style=\"width: 16.6667%; height: 24px; text-align: center;\">12-100, 14-90, 16-80, 20-65<\/td>\n<td style=\"width: 16.6667%; height: 24px; text-align: center;\">5,5kg<\/td>\n<td style=\"width: 16.6667%; height: 24px; text-align: center;\">82cm<\/td>\n<\/tr>\n<\/tbody>\n<\/table>\n<p>.<br \/>\n<span style=\"color: #ff0000;\"><strong>DUE ANNI DI GARANZIA<\/strong><\/span><br \/>\n<span style=\"color: #ff0000;\"><strong>Da oggi per avere il TERZO ANNO DI GARANZIA, collegati al nuovo portale e registra il tuo prodotto su:<\/strong><\/span><br \/>\n<span style=\"color: #000000; background-color: #ffff00;\"><a style=\"color: #000000; background-color: #ffff00;\" href=\"http:\/\/www.shimanofishnetwork.it\/garanzia\/sign_in\"><strong>http:\/\/www.shimanofishnetwork.it\/garanzia\/sign_in<\/strong><\/a><\/span><\/p>\n","protected":false},"excerpt":{"rendered":"<p>L&#8217;SLX \u00e8 uno dei mulinelli da baitcasting pi\u00f9 popolari di Shimano e combina uno straordinario rapporto qualit\u00e0-prezzo con solide prestazioni a un prezzo straordinariamente basso. Spuntando tutte le caselle giuste, quando si tratta di caratteristiche e prestazioni questo \u00e8 valore Shimano, qualit\u00e0 e credibilit\u00e0 e un prezzo che quasi sfida la logica. L&#8217;SLX \u00e8 la [&hellip;]<\/p>\n","protected":false},"featured_media":98055,"comment_status":"closed","ping_status":"closed","template":"","meta":[],"product_cat":[374],"product_tag":[1023],"yoast_head":"<!-- This site is optimized with the Yoast SEO plugin v15.3 - https:\/\/yoast.com\/wordpress\/plugins\/seo\/ -->\n<title>Mulinello SLX 71 A - Shimano - Pesca Fish<\/title>\n<meta name=\"robots\" content=\"index, follow, max-snippet:-1, max-image-preview:large, max-video-preview:-1\" \/>\n<link rel=\"canonical\" href=\"https:\/\/www.pescafish.it\/new\/prodotto\/mulinello-slx-71-a-shimano\/\" \/>\n<meta property=\"og:locale\" content=\"it_IT\" \/>\n<meta property=\"og:type\" content=\"article\" \/>\n<meta property=\"og:title\" content=\"Mulinello SLX 71 A - Shimano - Pesca Fish\" \/>\n<meta property=\"og:description\" content=\"L&#8217;SLX \u00e8 uno dei mulinelli da baitcasting pi\u00f9 popolari di Shimano e combina uno straordinario rapporto qualit\u00e0-prezzo con solide prestazioni a un prezzo straordinariamente basso. Spuntando tutte le caselle giuste, quando si tratta di caratteristiche e prestazioni questo \u00e8 valore Shimano, qualit\u00e0 e credibilit\u00e0 e un prezzo che quasi sfida la logica. L&#8217;SLX \u00e8 la [&hellip;]\" \/>\n<meta property=\"og:url\" content=\"https:\/\/www.pescafish.it\/new\/prodotto\/mulinello-slx-71-a-shimano\/\" \/>\n<meta property=\"og:site_name\" content=\"Pesca Fish\" \/>\n<meta property=\"article:publisher\" content=\"https:\/\/www.facebook.com\/pescafishvr\/\" \/>\n<meta property=\"og:image\" content=\"https:\/\/www.pescafish.it\/new\/wp-content\/uploads\/2024\/07\/slx-a.jpg\" \/>\n\t<meta property=\"og:image:width\" content=\"1000\" \/>\n\t<meta property=\"og:image:height\" content=\"1000\" \/>\n<meta name=\"twitter:card\" content=\"summary_large_image\" \/>\n<meta name=\"twitter:label1\" content=\"Scritto da\">\n\t<meta name=\"twitter:data1\" content=\"francesca\">\n\t<meta name=\"twitter:label2\" content=\"Tempo di lettura stimato\">\n\t<meta name=\"twitter:data2\" content=\"1 minuto\">\n<script type=\"application\/ld+json\" class=\"yoast-schema-graph\">{\"@context\":\"https:\/\/schema.org\",\"@graph\":[{\"@type\":\"WebSite\",\"@id\":\"https:\/\/www.pescafish.it\/new\/#website\",\"url\":\"https:\/\/www.pescafish.it\/new\/\",\"name\":\"Pesca Fish\",\"description\":\"Benvenuti sul nostro sito!\",\"potentialAction\":[{\"@type\":\"SearchAction\",\"target\":\"https:\/\/www.pescafish.it\/new\/?s={search_term_string}\",\"query-input\":\"required name=search_term_string\"}],\"inLanguage\":\"it-IT\"},{\"@type\":\"ImageObject\",\"@id\":\"https:\/\/www.pescafish.it\/new\/prodotto\/mulinello-slx-71-a-shimano\/#primaryimage\",\"inLanguage\":\"it-IT\",\"url\":\"https:\/\/www.pescafish.it\/new\/wp-content\/uploads\/2024\/07\/slx-a.jpg\",\"width\":1000,\"height\":1000,\"caption\":\"slx a shimano\"},{\"@type\":\"WebPage\",\"@id\":\"https:\/\/www.pescafish.it\/new\/prodotto\/mulinello-slx-71-a-shimano\/#webpage\",\"url\":\"https:\/\/www.pescafish.it\/new\/prodotto\/mulinello-slx-71-a-shimano\/\",\"name\":\"Mulinello SLX 71 A - Shimano - Pesca Fish\",\"isPartOf\":{\"@id\":\"https:\/\/www.pescafish.it\/new\/#website\"},\"primaryImageOfPage\":{\"@id\":\"https:\/\/www.pescafish.it\/new\/prodotto\/mulinello-slx-71-a-shimano\/#primaryimage\"},\"datePublished\":\"2024-07-26T17:03:24+00:00\",\"dateModified\":\"2024-07-26T17:03:24+00:00\",\"inLanguage\":\"it-IT\",\"potentialAction\":[{\"@type\":\"ReadAction\",\"target\":[\"https:\/\/www.pescafish.it\/new\/prodotto\/mulinello-slx-71-a-shimano\/\"]}]}]}<\/script>\n<!-- \/ Yoast SEO plugin. -->","_links":{"self":[{"href":"https:\/\/www.pescafish.it\/new\/wp-json\/wp\/v2\/product\/98054"}],"collection":[{"href":"https:\/\/www.pescafish.it\/new\/wp-json\/wp\/v2\/product"}],"about":[{"href":"https:\/\/www.pescafish.it\/new\/wp-json\/wp\/v2\/types\/product"}],"replies":[{"embeddable":true,"href":"https:\/\/www.pescafish.it\/new\/wp-json\/wp\/v2\/comments?post=98054"}],"wp:featuredmedia":[{"embeddable":true,"href":"https:\/\/www.pescafish.it\/new\/wp-json\/wp\/v2\/media\/98055"}],"wp:attachment":[{"href":"https:\/\/www.pescafish.it\/new\/wp-json\/wp\/v2\/media?parent=98054"}],"wp:term":[{"taxonomy":"product_cat","embeddable":true,"href":"https:\/\/www.pescafish.it\/new\/wp-json\/wp\/v2\/product_cat?post=98054"},{"taxonomy":"product_tag","embeddable":true,"href":"https:\/\/www.pescafish.it\/new\/wp-json\/wp\/v2\/product_tag?post=98054"}],"curies":[{"name":"wp","href":"https:\/\/api.w.org\/{rel}","templated":true}]}}