{"id":97988,"date":"2024-07-24T11:04:52","date_gmt":"2024-07-24T09:04:52","guid":{"rendered":"https:\/\/www.pescafish.it\/new\/?post_type=product&#038;p=97988"},"modified":"2024-07-24T11:04:53","modified_gmt":"2024-07-24T09:04:53","slug":"sneaky-worm-5-molix","status":"publish","type":"product","link":"https:\/\/www.pescafish.it\/new\/prodotto\/sneaky-worm-5-molix\/","title":{"rendered":"Sneaky Worm 5&#8243; &#8211; Molix"},"content":{"rendered":"<p>Worm unico nel suo genere, realizzato in gomma ad alta densit\u00e0 e arricchito con sale ed aroma a base di estratto di gambero. La superficie \u00e8 ricoperta da anelli che permettono di creare volume e ne garantiscono il massimo della mobilit\u00e0. Alle due estremit\u00e0 l\u2019inconfondibile paddle Molix, che conferisce all\u2019esca movimento nella fase di recupero. Al centro un segmento privo di anelli imita perfettamente il corpo di un verme e garantisce un solido punto di innesco per ami e jig head. La versatilit\u00e0 di quest\u2019esca \u00e8 il suo punto di forza; pu\u00f2 essere innescato al centro per utilizzarlo con tecniche come il wacky rig o rimuovere una delle due code per utilizzarlo con un amo offset a texas rig, come uno shad caratterizzato da un corpo sottile ed allungato oppure rimuovendo entrambe i paddle per realizzare il pi\u00f9 classico dei vermi da wacky rig. Questo worm innovativo garantisce infinite possibilit\u00e0 di personalizzazione.<\/p>\n<p><strong>Lunghezza:<\/strong> 5&#8243; &#8211; 13cm<\/p>\n<p><strong>Disponibile nelle seguenti colorazioni:<\/strong><br \/>\n<strong>SNW5-02<\/strong>\u00a0 Watermelon Red &amp; Black<br \/>\n<strong>SNW5-37<\/strong>\u00a0 Smoke Pepper<br \/>\n<strong>SNW5-177\u00a0<\/strong> Black Blue Flake<\/p>\n<p><strong>Confezione da 8 pezzi<\/strong><br \/>\n.<br \/>\n<iframe loading=\"lazy\" title=\"NEW Sneaky Worm!\" width=\"900\" height=\"506\" src=\"https:\/\/www.youtube.com\/embed\/tKAwiJu7xFs?start=51&#038;feature=oembed\" frameborder=\"0\" allow=\"accelerometer; autoplay; clipboard-write; encrypted-media; gyroscope; picture-in-picture; web-share\" referrerpolicy=\"strict-origin-when-cross-origin\" allowfullscreen><\/iframe><\/p>\n","protected":false},"excerpt":{"rendered":"<p>Worm unico nel suo genere, realizzato in gomma ad alta densit\u00e0 e arricchito con sale ed aroma a base di estratto di gambero. La superficie \u00e8 ricoperta da anelli che permettono di creare volume e ne garantiscono il massimo della mobilit\u00e0. Alle due estremit\u00e0 l\u2019inconfondibile paddle Molix, che conferisce all\u2019esca movimento nella fase di recupero. [&hellip;]<\/p>\n","protected":false},"featured_media":97989,"comment_status":"closed","ping_status":"closed","template":"","meta":[],"product_cat":[658],"product_tag":[1025],"yoast_head":"<!-- This site is optimized with the Yoast SEO plugin v15.3 - https:\/\/yoast.com\/wordpress\/plugins\/seo\/ -->\n<title>Sneaky Worm 5&quot; - Molix - Pesca Fish<\/title>\n<meta name=\"robots\" content=\"index, follow, max-snippet:-1, max-image-preview:large, max-video-preview:-1\" \/>\n<link rel=\"canonical\" href=\"https:\/\/www.pescafish.it\/new\/prodotto\/sneaky-worm-5-molix\/\" \/>\n<meta property=\"og:locale\" content=\"it_IT\" \/>\n<meta property=\"og:type\" content=\"article\" \/>\n<meta property=\"og:title\" content=\"Sneaky Worm 5&quot; - Molix - Pesca Fish\" \/>\n<meta property=\"og:description\" content=\"Worm unico nel suo genere, realizzato in gomma ad alta densit\u00e0 e arricchito con sale ed aroma a base di estratto di gambero. La superficie \u00e8 ricoperta da anelli che permettono di creare volume e ne garantiscono il massimo della mobilit\u00e0. Alle due estremit\u00e0 l\u2019inconfondibile paddle Molix, che conferisce all\u2019esca movimento nella fase di recupero. [&hellip;]\" \/>\n<meta property=\"og:url\" content=\"https:\/\/www.pescafish.it\/new\/prodotto\/sneaky-worm-5-molix\/\" \/>\n<meta property=\"og:site_name\" content=\"Pesca Fish\" \/>\n<meta property=\"article:publisher\" content=\"https:\/\/www.facebook.com\/pescafishvr\/\" \/>\n<meta property=\"article:modified_time\" content=\"2024-07-24T09:04:53+00:00\" \/>\n<meta property=\"og:image\" content=\"https:\/\/www.pescafish.it\/new\/wp-content\/uploads\/2024\/07\/sneaky-worm_watermelon-red-black.jpg\" \/>\n\t<meta property=\"og:image:width\" content=\"794\" \/>\n\t<meta property=\"og:image:height\" content=\"794\" \/>\n<meta name=\"twitter:card\" content=\"summary_large_image\" \/>\n<meta name=\"twitter:label1\" content=\"Scritto da\">\n\t<meta name=\"twitter:data1\" content=\"francesca\">\n\t<meta name=\"twitter:label2\" content=\"Tempo di lettura stimato\">\n\t<meta name=\"twitter:data2\" content=\"1 minuto\">\n<script type=\"application\/ld+json\" class=\"yoast-schema-graph\">{\"@context\":\"https:\/\/schema.org\",\"@graph\":[{\"@type\":\"WebSite\",\"@id\":\"https:\/\/www.pescafish.it\/new\/#website\",\"url\":\"https:\/\/www.pescafish.it\/new\/\",\"name\":\"Pesca Fish\",\"description\":\"Benvenuti sul nostro sito!\",\"potentialAction\":[{\"@type\":\"SearchAction\",\"target\":\"https:\/\/www.pescafish.it\/new\/?s={search_term_string}\",\"query-input\":\"required name=search_term_string\"}],\"inLanguage\":\"it-IT\"},{\"@type\":\"ImageObject\",\"@id\":\"https:\/\/www.pescafish.it\/new\/prodotto\/sneaky-worm-5-molix\/#primaryimage\",\"inLanguage\":\"it-IT\",\"url\":\"https:\/\/www.pescafish.it\/new\/wp-content\/uploads\/2024\/07\/sneaky-worm_watermelon-red-black.jpg\",\"width\":794,\"height\":794,\"caption\":\"sneaky worm molix\"},{\"@type\":\"WebPage\",\"@id\":\"https:\/\/www.pescafish.it\/new\/prodotto\/sneaky-worm-5-molix\/#webpage\",\"url\":\"https:\/\/www.pescafish.it\/new\/prodotto\/sneaky-worm-5-molix\/\",\"name\":\"Sneaky Worm 5\\\" - Molix - Pesca Fish\",\"isPartOf\":{\"@id\":\"https:\/\/www.pescafish.it\/new\/#website\"},\"primaryImageOfPage\":{\"@id\":\"https:\/\/www.pescafish.it\/new\/prodotto\/sneaky-worm-5-molix\/#primaryimage\"},\"datePublished\":\"2024-07-24T09:04:52+00:00\",\"dateModified\":\"2024-07-24T09:04:53+00:00\",\"inLanguage\":\"it-IT\",\"potentialAction\":[{\"@type\":\"ReadAction\",\"target\":[\"https:\/\/www.pescafish.it\/new\/prodotto\/sneaky-worm-5-molix\/\"]}]}]}<\/script>\n<!-- \/ Yoast SEO plugin. -->","_links":{"self":[{"href":"https:\/\/www.pescafish.it\/new\/wp-json\/wp\/v2\/product\/97988"}],"collection":[{"href":"https:\/\/www.pescafish.it\/new\/wp-json\/wp\/v2\/product"}],"about":[{"href":"https:\/\/www.pescafish.it\/new\/wp-json\/wp\/v2\/types\/product"}],"replies":[{"embeddable":true,"href":"https:\/\/www.pescafish.it\/new\/wp-json\/wp\/v2\/comments?post=97988"}],"wp:featuredmedia":[{"embeddable":true,"href":"https:\/\/www.pescafish.it\/new\/wp-json\/wp\/v2\/media\/97989"}],"wp:attachment":[{"href":"https:\/\/www.pescafish.it\/new\/wp-json\/wp\/v2\/media?parent=97988"}],"wp:term":[{"taxonomy":"product_cat","embeddable":true,"href":"https:\/\/www.pescafish.it\/new\/wp-json\/wp\/v2\/product_cat?post=97988"},{"taxonomy":"product_tag","embeddable":true,"href":"https:\/\/www.pescafish.it\/new\/wp-json\/wp\/v2\/product_tag?post=97988"}],"curies":[{"name":"wp","href":"https:\/\/api.w.org\/{rel}","templated":true}]}}