{"id":97857,"date":"2024-07-19T09:44:48","date_gmt":"2024-07-19T07:44:48","guid":{"rendered":"https:\/\/www.pescafish.it\/new\/?post_type=product&#038;p=97857"},"modified":"2025-10-08T11:16:41","modified_gmt":"2025-10-08T09:16:41","slug":"tempest-rs-150-trakker","status":"publish","type":"product","link":"https:\/\/www.pescafish.it\/new\/prodotto\/tempest-rs-150-trakker\/","title":{"rendered":"Tempest RS 150 &#8211; Trakker"},"content":{"rendered":"<h2 class=\"is3-main-title\">Tempest RS 150<\/h2>\n<p>Il rifugio pi\u00f9 veloce e &#8220;facile da montare&#8221; \u00e8 diventato ancora migliore con l&#8217;introduzione del fenomenale Tempest RS 150. Al centro del bivvy per la pesca alla carpa c&#8217;\u00e8 il rinomato blocco cerniera brevettato, che consente facilit\u00e0 e velocit\u00e0 di installazione.<\/p>\n<p>Il tempo di installazione, l&#8217;usabilit\u00e0 e la funzionalit\u00e0 sono stati ulteriormente migliorati con il sistema Rapid Knuckle, che consente a tutti e cinque i pali principali di bloccarsi in posizione con un&#8217;unica azione senza sforzo.<\/p>\n<p>Semplice e sicuro, costruire il tuo rifugio non \u00e8 mai stato cos\u00ec facile.<\/p>\n<p>Ulteriori miglioramenti del Rapid Shelter includono un frontino integrato per ridurre al minimo l&#8217;ingresso di acqua all&#8217;interno e attorno alla porta e questo frontino pu\u00f2 essere ulteriormente aumentato per consentire una copertura ancora maggiore con l&#8217;aggiunta di una calotta cranica. La parte posteriore del rifugio \u00e8 stata resa pi\u00f9 piatta rispetto al suo predecessore, raggiungendo un equilibrio ottimale tra spazio di stoccaggio interno, capacit\u00e0 di adattarsi ai bagni e aerodinamica.<\/p>\n<p>Il flusso d&#8217;aria attraverso il rifugio \u00e8 stato migliorato con Adaptive Ventilation\u00ae su sei prese d&#8217;aria (quattro posteriori e due anteriori), facilitando il flusso d&#8217;aria anche quando piove. Per mantenere il fresco in piena estate, le quattro prese d&#8217;aria posteriori possono essere fissate per creare aree d&#8217;ombra che, se utilizzate in combinazione con uno Skull Cap, possono ridurre la temperatura interna di diversi gradi.<\/p>\n<p>Per uno stoccaggio ottimale, sono presenti quattro tasche interne, due su ciascun lato e due sul davanti. Quelli nella parte anteriore hanno un anello per appendere dove puoi riporre oggetti essenziali come il ricevitore o anche la giacca per un&#8217;uscita rapida in condizioni meteorologiche avverse.<\/p>\n<p><strong>Caratteristiche:<\/strong><\/p>\n<p>\u2022 Il rifugio originale, leader del settore, a montaggio rapido<br \/>\n\u2022 Blocco composito avanzato in GRP: leggero, super resistente e resistente alla fatica<br \/>\n\u2022 Il sistema Rapid Knuckle consente un facile montaggio e include supporti per calotta cranica integrati<br \/>\n\u2022 Tessuto Aquatexx\u2122 migliorato; sistema traspirante multistrato con idrorepellenza superiore 25000hh e pigmento oscurante per ridurre l&#8217;ingresso di luce e calore<br \/>\n\u2022 Adaptive Ventilation\u00ae per ridurre la condensa e abbassare le temperature<br \/>\n\u2022 Le coperture delle prese d&#8217;aria possono essere fissate con Cool Guys (disponibile separatamente) per massimizzare il flusso d&#8217;aria e aumentare l&#8217;ombra<br \/>\n\u2022 Il picco riduce al minimo l&#8217;ingresso di acqua all&#8217;interno e intorno all&#8217;area della porta<br \/>\n\u2022 Pali antitorsione verniciati a polvere neri testurizzati<br \/>\n\u2022 Parte posteriore pi\u00f9 piatta per uno spazio di archiviazione ottimizzato<br \/>\n\u2022 Il design alto offre maggiore spazio per la testa<br \/>\n\u2022 Due cinghie magnetiche<br \/>\n\u2022 Quattro tasche portaoggetti interne in rete<br \/>\n\u2022 Due punti di aggancio interni<br \/>\n\u2022 Fornito con una borsa da trasporto NXG di grandi dimensioni per carichi pesanti, pavimento, cinghia di tensione, finestra trasparente, due Quickstick e picchetti a T<\/p>\n<p><strong>Specifica tecnica:<\/strong><\/p>\n<p><strong>Materiale:<\/strong> Aquatex<br \/>\n<strong>Valutazione della testa idrostatica:<\/strong> 25.000 mm HH<br \/>\n<strong>Peso:<\/strong> 11,2 kg (pi\u00f9 picchetti, Quick Stick e borsa per il trasporto del peso di 5,6 kg) Peso totale: 16,8 kg<br \/>\n<strong>Dimensioni:<\/strong> 150 cm (A) x 320 cm (L) x 230 cm (P)<br \/>\n<strong>Dimensioni di trasporto:<\/strong> 141 cm (L) x 25 cm \u00d8<\/p>\n","protected":false},"excerpt":{"rendered":"<p>Tempest RS 150 Il rifugio pi\u00f9 veloce e &#8220;facile da montare&#8221; \u00e8 diventato ancora migliore con l&#8217;introduzione del fenomenale Tempest RS 150. Al centro del bivvy per la pesca alla carpa c&#8217;\u00e8 il rinomato blocco cerniera brevettato, che consente facilit\u00e0 e velocit\u00e0 di installazione. Il tempo di installazione, l&#8217;usabilit\u00e0 e la funzionalit\u00e0 sono stati ulteriormente [&hellip;]<\/p>\n","protected":false},"featured_media":97858,"comment_status":"closed","ping_status":"closed","template":"","meta":[],"product_cat":[439],"product_tag":[1024],"yoast_head":"<!-- This site is optimized with the Yoast SEO plugin v15.3 - https:\/\/yoast.com\/wordpress\/plugins\/seo\/ -->\n<title>Tempest RS 150 - Trakker - Pesca Fish<\/title>\n<meta name=\"robots\" content=\"index, follow, max-snippet:-1, max-image-preview:large, max-video-preview:-1\" \/>\n<link rel=\"canonical\" href=\"https:\/\/www.pescafish.it\/new\/prodotto\/tempest-rs-150-trakker\/\" \/>\n<meta property=\"og:locale\" content=\"it_IT\" \/>\n<meta property=\"og:type\" content=\"article\" \/>\n<meta property=\"og:title\" content=\"Tempest RS 150 - Trakker - Pesca Fish\" \/>\n<meta property=\"og:description\" content=\"Tempest RS 150 Il rifugio pi\u00f9 veloce e &#8220;facile da montare&#8221; \u00e8 diventato ancora migliore con l&#8217;introduzione del fenomenale Tempest RS 150. Al centro del bivvy per la pesca alla carpa c&#8217;\u00e8 il rinomato blocco cerniera brevettato, che consente facilit\u00e0 e velocit\u00e0 di installazione. Il tempo di installazione, l&#8217;usabilit\u00e0 e la funzionalit\u00e0 sono stati ulteriormente [&hellip;]\" \/>\n<meta property=\"og:url\" content=\"https:\/\/www.pescafish.it\/new\/prodotto\/tempest-rs-150-trakker\/\" \/>\n<meta property=\"og:site_name\" content=\"Pesca Fish\" \/>\n<meta property=\"article:publisher\" content=\"https:\/\/www.facebook.com\/pescafishvr\/\" \/>\n<meta property=\"article:modified_time\" content=\"2025-10-08T09:16:41+00:00\" \/>\n<meta property=\"og:image\" content=\"https:\/\/www.pescafish.it\/new\/wp-content\/uploads\/2024\/07\/7833946-e201320_7-2-3-800.jpg\" \/>\n\t<meta property=\"og:image:width\" content=\"800\" \/>\n\t<meta property=\"og:image:height\" content=\"800\" \/>\n<meta name=\"twitter:card\" content=\"summary_large_image\" \/>\n<meta name=\"twitter:label1\" content=\"Scritto da\">\n\t<meta name=\"twitter:data1\" content=\"francesca\">\n\t<meta name=\"twitter:label2\" content=\"Tempo di lettura stimato\">\n\t<meta name=\"twitter:data2\" content=\"2 minuti\">\n<script type=\"application\/ld+json\" class=\"yoast-schema-graph\">{\"@context\":\"https:\/\/schema.org\",\"@graph\":[{\"@type\":\"WebSite\",\"@id\":\"https:\/\/www.pescafish.it\/new\/#website\",\"url\":\"https:\/\/www.pescafish.it\/new\/\",\"name\":\"Pesca Fish\",\"description\":\"Benvenuti sul nostro sito!\",\"potentialAction\":[{\"@type\":\"SearchAction\",\"target\":\"https:\/\/www.pescafish.it\/new\/?s={search_term_string}\",\"query-input\":\"required name=search_term_string\"}],\"inLanguage\":\"it-IT\"},{\"@type\":\"ImageObject\",\"@id\":\"https:\/\/www.pescafish.it\/new\/prodotto\/tempest-rs-150-trakker\/#primaryimage\",\"inLanguage\":\"it-IT\",\"url\":\"https:\/\/www.pescafish.it\/new\/wp-content\/uploads\/2024\/07\/7833946-e201320_7-2-3-800.jpg\",\"width\":800,\"height\":800,\"caption\":\"Trakker\"},{\"@type\":\"WebPage\",\"@id\":\"https:\/\/www.pescafish.it\/new\/prodotto\/tempest-rs-150-trakker\/#webpage\",\"url\":\"https:\/\/www.pescafish.it\/new\/prodotto\/tempest-rs-150-trakker\/\",\"name\":\"Tempest RS 150 - Trakker - Pesca Fish\",\"isPartOf\":{\"@id\":\"https:\/\/www.pescafish.it\/new\/#website\"},\"primaryImageOfPage\":{\"@id\":\"https:\/\/www.pescafish.it\/new\/prodotto\/tempest-rs-150-trakker\/#primaryimage\"},\"datePublished\":\"2024-07-19T07:44:48+00:00\",\"dateModified\":\"2025-10-08T09:16:41+00:00\",\"inLanguage\":\"it-IT\",\"potentialAction\":[{\"@type\":\"ReadAction\",\"target\":[\"https:\/\/www.pescafish.it\/new\/prodotto\/tempest-rs-150-trakker\/\"]}]}]}<\/script>\n<!-- \/ Yoast SEO plugin. -->","_links":{"self":[{"href":"https:\/\/www.pescafish.it\/new\/wp-json\/wp\/v2\/product\/97857"}],"collection":[{"href":"https:\/\/www.pescafish.it\/new\/wp-json\/wp\/v2\/product"}],"about":[{"href":"https:\/\/www.pescafish.it\/new\/wp-json\/wp\/v2\/types\/product"}],"replies":[{"embeddable":true,"href":"https:\/\/www.pescafish.it\/new\/wp-json\/wp\/v2\/comments?post=97857"}],"wp:featuredmedia":[{"embeddable":true,"href":"https:\/\/www.pescafish.it\/new\/wp-json\/wp\/v2\/media\/97858"}],"wp:attachment":[{"href":"https:\/\/www.pescafish.it\/new\/wp-json\/wp\/v2\/media?parent=97857"}],"wp:term":[{"taxonomy":"product_cat","embeddable":true,"href":"https:\/\/www.pescafish.it\/new\/wp-json\/wp\/v2\/product_cat?post=97857"},{"taxonomy":"product_tag","embeddable":true,"href":"https:\/\/www.pescafish.it\/new\/wp-json\/wp\/v2\/product_tag?post=97857"}],"curies":[{"name":"wp","href":"https:\/\/api.w.org\/{rel}","templated":true}]}}