{"id":97766,"date":"2024-07-15T19:05:34","date_gmt":"2024-07-15T17:05:34","guid":{"rendered":"https:\/\/www.pescafish.it\/new\/?post_type=product&#038;p=97766"},"modified":"2024-07-15T19:05:34","modified_gmt":"2024-07-15T17:05:34","slug":"compac-retainer-sling-dark-camo-korda","status":"publish","type":"product","link":"https:\/\/www.pescafish.it\/new\/prodotto\/compac-retainer-sling-dark-camo-korda\/","title":{"rendered":"Compac Retainer Sling Dark Camo &#8211; Korda"},"content":{"rendered":"<h2>Compac Retainer Sling Dark Camo<\/h2>\n<p>Il Korda Compac Retainer Sling \u00e8 stato progettato, sviluppato e rigorosamente testato con alcune delle carpe pi\u00f9 grandi d\u2019Europa. In fase di sviluppo per oltre 4 anni da parte di Danny Fairbrass e del suo team, il Compac Retainer Sling \u00e8 il meglio che puoi acquistare. Con la sicurezza del pesce in prima linea nel design, ogni elemento \u00e8 stato messo a punto per garantire il prodotto pi\u00f9 sicuro possibile.<\/p>\n<p>Il design a rete completa elimina qualsiasi potenziale punto di schiacciamento sul pesce, riducendo al minimo lo stress e il disagio, offrendo al contempo un supporto e una protezione superiori durante la fase di pesatura.<\/p>\n<p>Le barre rigide in alluminio sono temprate per una maggiore resistenza, con supporti galleggianti a basso profilo che mantengono la tua cattura sicura e protetta. Abbiamo utilizzato una rete di qualit\u00e0 superiore, leggera e morbida per cullare il pesce e ottimizzare il flusso d\u2019aria.<\/p>\n<p>Ogni dettaglio del fermo \u00e8 stato attentamente considerato, dai sottili bracci galleggianti con indicatori riflettenti, ai ganci di livello militare per fissare il cavo ad alta visibilit\u00e0 da 6 m e l\u2019attacco per il bank stick in acciaio inossidabile lavorato. Ogni componente \u00e8 stato collaudato durante l\u2019ampia fase di test.<\/p>\n<p><strong>Dimensioni:<\/strong>\u00a0116cm x 70cm x 32cm<\/p>\n","protected":false},"excerpt":{"rendered":"<p>Compac Retainer Sling Dark Camo Il Korda Compac Retainer Sling \u00e8 stato progettato, sviluppato e rigorosamente testato con alcune delle carpe pi\u00f9 grandi d\u2019Europa. In fase di sviluppo per oltre 4 anni da parte di Danny Fairbrass e del suo team, il Compac Retainer Sling \u00e8 il meglio che puoi acquistare. Con la sicurezza del [&hellip;]<\/p>\n","protected":false},"featured_media":97767,"comment_status":"closed","ping_status":"closed","template":"","meta":[],"product_cat":[412],"product_tag":[1018],"yoast_head":"<!-- This site is optimized with the Yoast SEO plugin v15.3 - https:\/\/yoast.com\/wordpress\/plugins\/seo\/ -->\n<title>Compac Retainer Sling Dark Camo - Korda - Pesca Fish<\/title>\n<meta name=\"robots\" content=\"index, follow, max-snippet:-1, max-image-preview:large, max-video-preview:-1\" \/>\n<link rel=\"canonical\" href=\"https:\/\/www.pescafish.it\/new\/prodotto\/compac-retainer-sling-dark-camo-korda\/\" \/>\n<meta property=\"og:locale\" content=\"it_IT\" \/>\n<meta property=\"og:type\" content=\"article\" \/>\n<meta property=\"og:title\" content=\"Compac Retainer Sling Dark Camo - Korda - Pesca Fish\" \/>\n<meta property=\"og:description\" content=\"Compac Retainer Sling Dark Camo Il Korda Compac Retainer Sling \u00e8 stato progettato, sviluppato e rigorosamente testato con alcune delle carpe pi\u00f9 grandi d\u2019Europa. In fase di sviluppo per oltre 4 anni da parte di Danny Fairbrass e del suo team, il Compac Retainer Sling \u00e8 il meglio che puoi acquistare. Con la sicurezza del [&hellip;]\" \/>\n<meta property=\"og:url\" content=\"https:\/\/www.pescafish.it\/new\/prodotto\/compac-retainer-sling-dark-camo-korda\/\" \/>\n<meta property=\"og:site_name\" content=\"Pesca Fish\" \/>\n<meta property=\"article:publisher\" content=\"https:\/\/www.facebook.com\/pescafishvr\/\" \/>\n<meta property=\"og:image\" content=\"https:\/\/www.pescafish.it\/new\/wp-content\/uploads\/2024\/07\/KLUG150.jpg\" \/>\n\t<meta property=\"og:image:width\" content=\"789\" \/>\n\t<meta property=\"og:image:height\" content=\"794\" \/>\n<meta name=\"twitter:card\" content=\"summary_large_image\" \/>\n<meta name=\"twitter:label1\" content=\"Scritto da\">\n\t<meta name=\"twitter:data1\" content=\"francesca\">\n\t<meta name=\"twitter:label2\" content=\"Tempo di lettura stimato\">\n\t<meta name=\"twitter:data2\" content=\"1 minuto\">\n<script type=\"application\/ld+json\" class=\"yoast-schema-graph\">{\"@context\":\"https:\/\/schema.org\",\"@graph\":[{\"@type\":\"WebSite\",\"@id\":\"https:\/\/www.pescafish.it\/new\/#website\",\"url\":\"https:\/\/www.pescafish.it\/new\/\",\"name\":\"Pesca Fish\",\"description\":\"Benvenuti sul nostro sito!\",\"potentialAction\":[{\"@type\":\"SearchAction\",\"target\":\"https:\/\/www.pescafish.it\/new\/?s={search_term_string}\",\"query-input\":\"required name=search_term_string\"}],\"inLanguage\":\"it-IT\"},{\"@type\":\"ImageObject\",\"@id\":\"https:\/\/www.pescafish.it\/new\/prodotto\/compac-retainer-sling-dark-camo-korda\/#primaryimage\",\"inLanguage\":\"it-IT\",\"url\":\"https:\/\/www.pescafish.it\/new\/wp-content\/uploads\/2024\/07\/KLUG150.jpg\",\"width\":789,\"height\":794,\"caption\":\"Korda\"},{\"@type\":\"WebPage\",\"@id\":\"https:\/\/www.pescafish.it\/new\/prodotto\/compac-retainer-sling-dark-camo-korda\/#webpage\",\"url\":\"https:\/\/www.pescafish.it\/new\/prodotto\/compac-retainer-sling-dark-camo-korda\/\",\"name\":\"Compac Retainer Sling Dark Camo - Korda - Pesca Fish\",\"isPartOf\":{\"@id\":\"https:\/\/www.pescafish.it\/new\/#website\"},\"primaryImageOfPage\":{\"@id\":\"https:\/\/www.pescafish.it\/new\/prodotto\/compac-retainer-sling-dark-camo-korda\/#primaryimage\"},\"datePublished\":\"2024-07-15T17:05:34+00:00\",\"dateModified\":\"2024-07-15T17:05:34+00:00\",\"inLanguage\":\"it-IT\",\"potentialAction\":[{\"@type\":\"ReadAction\",\"target\":[\"https:\/\/www.pescafish.it\/new\/prodotto\/compac-retainer-sling-dark-camo-korda\/\"]}]}]}<\/script>\n<!-- \/ Yoast SEO plugin. -->","_links":{"self":[{"href":"https:\/\/www.pescafish.it\/new\/wp-json\/wp\/v2\/product\/97766"}],"collection":[{"href":"https:\/\/www.pescafish.it\/new\/wp-json\/wp\/v2\/product"}],"about":[{"href":"https:\/\/www.pescafish.it\/new\/wp-json\/wp\/v2\/types\/product"}],"replies":[{"embeddable":true,"href":"https:\/\/www.pescafish.it\/new\/wp-json\/wp\/v2\/comments?post=97766"}],"wp:featuredmedia":[{"embeddable":true,"href":"https:\/\/www.pescafish.it\/new\/wp-json\/wp\/v2\/media\/97767"}],"wp:attachment":[{"href":"https:\/\/www.pescafish.it\/new\/wp-json\/wp\/v2\/media?parent=97766"}],"wp:term":[{"taxonomy":"product_cat","embeddable":true,"href":"https:\/\/www.pescafish.it\/new\/wp-json\/wp\/v2\/product_cat?post=97766"},{"taxonomy":"product_tag","embeddable":true,"href":"https:\/\/www.pescafish.it\/new\/wp-json\/wp\/v2\/product_tag?post=97766"}],"curies":[{"name":"wp","href":"https:\/\/api.w.org\/{rel}","templated":true}]}}