{"id":97677,"date":"2024-07-10T18:23:32","date_gmt":"2024-07-10T16:23:32","guid":{"rendered":"https:\/\/www.pescafish.it\/new\/?post_type=product&#038;p=97677"},"modified":"2024-07-10T18:23:32","modified_gmt":"2024-07-10T16:23:32","slug":"wrath-ii-bolescopic-penn","status":"publish","type":"product","link":"https:\/\/www.pescafish.it\/new\/prodotto\/wrath-ii-bolescopic-penn\/","title":{"rendered":"Wrath II Bolescopic\u00a0&#8211; Penn"},"content":{"rendered":"<h2>Wrath II Bolescopic<\/h2>\n<p>Le canne PENN\u00ae Wrath\u00ae II Bolescopic sono disponibili in cinque diverse versioni che vanno da 7 piedi a 10 piedi di lunghezza e pesi del piombo da 110 grammi fino a 250 grammi. Queste canne bolo facili da trasportare sono ben bilanciate e, grazie alla punta sensibile, le canne hanno una perfetta registrazione del morso. Queste canne offrono un ottimo rapporto qualit\u00e0-prezzo e sono molto adatte al pescatore che non vuole spendere una grande quantit\u00e0 di denaro ma desidera avere una canna di buona qualit\u00e0.<\/p>\n<p><strong>Caratteristiche:<\/strong><br \/>\n<span>\u2022 Blank robusto e reattivo<br \/>\n<\/span><span>\u2022 Guide in ossido di titanio<br \/>\n<\/span><span>\u2022 Breve lunghezza di trasporto<\/p>\n<p><strong>Disponibile nelle seguenti varianti:<br \/>\n1581638\u00a0<\/strong> 7ft &#8211; 110gr<br \/>\n<strong>1581624<\/strong>\u00a0 8ft &#8211; 110gr<br \/>\n<strong>1581625<\/strong>\u00a0 9ft &#8211; 110gr<br \/>\n<strong>1581626<\/strong>\u00a0 10ft &#8211; 110gr<br \/>\n<strong><br \/>\n<\/strong><\/span><\/p>\n","protected":false},"excerpt":{"rendered":"<p>Wrath II Bolescopic Le canne PENN\u00ae Wrath\u00ae II Bolescopic sono disponibili in cinque diverse versioni che vanno da 7 piedi a 10 piedi di lunghezza e pesi del piombo da 110 grammi fino a 250 grammi. Queste canne bolo facili da trasportare sono ben bilanciate e, grazie alla punta sensibile, le canne hanno una perfetta [&hellip;]<\/p>\n","protected":false},"featured_media":97678,"comment_status":"closed","ping_status":"closed","template":"","meta":[],"product_cat":[80],"product_tag":[1064],"yoast_head":"<!-- This site is optimized with the Yoast SEO plugin v15.3 - https:\/\/yoast.com\/wordpress\/plugins\/seo\/ -->\n<title>Wrath II Bolescopic\u00a0- Penn - Pesca Fish<\/title>\n<meta name=\"robots\" content=\"index, follow, max-snippet:-1, max-image-preview:large, max-video-preview:-1\" \/>\n<link rel=\"canonical\" href=\"https:\/\/www.pescafish.it\/new\/prodotto\/wrath-ii-bolescopic-penn\/\" \/>\n<meta property=\"og:locale\" content=\"it_IT\" \/>\n<meta property=\"og:type\" content=\"article\" \/>\n<meta property=\"og:title\" content=\"Wrath II Bolescopic\u00a0- Penn - Pesca Fish\" \/>\n<meta property=\"og:description\" content=\"Wrath II Bolescopic Le canne PENN\u00ae Wrath\u00ae II Bolescopic sono disponibili in cinque diverse versioni che vanno da 7 piedi a 10 piedi di lunghezza e pesi del piombo da 110 grammi fino a 250 grammi. Queste canne bolo facili da trasportare sono ben bilanciate e, grazie alla punta sensibile, le canne hanno una perfetta [&hellip;]\" \/>\n<meta property=\"og:url\" content=\"https:\/\/www.pescafish.it\/new\/prodotto\/wrath-ii-bolescopic-penn\/\" \/>\n<meta property=\"og:site_name\" content=\"Pesca Fish\" \/>\n<meta property=\"article:publisher\" content=\"https:\/\/www.facebook.com\/pescafishvr\/\" \/>\n<meta property=\"og:image\" content=\"https:\/\/www.pescafish.it\/new\/wp-content\/uploads\/2024\/07\/wrath.jpg\" \/>\n\t<meta property=\"og:image:width\" content=\"794\" \/>\n\t<meta property=\"og:image:height\" content=\"794\" \/>\n<meta name=\"twitter:card\" content=\"summary_large_image\" \/>\n<meta name=\"twitter:label1\" content=\"Scritto da\">\n\t<meta name=\"twitter:data1\" content=\"francesca\">\n\t<meta name=\"twitter:label2\" content=\"Tempo di lettura stimato\">\n\t<meta name=\"twitter:data2\" content=\"0 minuti\">\n<script type=\"application\/ld+json\" class=\"yoast-schema-graph\">{\"@context\":\"https:\/\/schema.org\",\"@graph\":[{\"@type\":\"WebSite\",\"@id\":\"https:\/\/www.pescafish.it\/new\/#website\",\"url\":\"https:\/\/www.pescafish.it\/new\/\",\"name\":\"Pesca Fish\",\"description\":\"Benvenuti sul nostro sito!\",\"potentialAction\":[{\"@type\":\"SearchAction\",\"target\":\"https:\/\/www.pescafish.it\/new\/?s={search_term_string}\",\"query-input\":\"required name=search_term_string\"}],\"inLanguage\":\"it-IT\"},{\"@type\":\"ImageObject\",\"@id\":\"https:\/\/www.pescafish.it\/new\/prodotto\/wrath-ii-bolescopic-penn\/#primaryimage\",\"inLanguage\":\"it-IT\",\"url\":\"https:\/\/www.pescafish.it\/new\/wp-content\/uploads\/2024\/07\/wrath.jpg\",\"width\":794,\"height\":794,\"caption\":\"Penn\"},{\"@type\":\"WebPage\",\"@id\":\"https:\/\/www.pescafish.it\/new\/prodotto\/wrath-ii-bolescopic-penn\/#webpage\",\"url\":\"https:\/\/www.pescafish.it\/new\/prodotto\/wrath-ii-bolescopic-penn\/\",\"name\":\"Wrath II Bolescopic\\u00a0- Penn - Pesca Fish\",\"isPartOf\":{\"@id\":\"https:\/\/www.pescafish.it\/new\/#website\"},\"primaryImageOfPage\":{\"@id\":\"https:\/\/www.pescafish.it\/new\/prodotto\/wrath-ii-bolescopic-penn\/#primaryimage\"},\"datePublished\":\"2024-07-10T16:23:32+00:00\",\"dateModified\":\"2024-07-10T16:23:32+00:00\",\"inLanguage\":\"it-IT\",\"potentialAction\":[{\"@type\":\"ReadAction\",\"target\":[\"https:\/\/www.pescafish.it\/new\/prodotto\/wrath-ii-bolescopic-penn\/\"]}]}]}<\/script>\n<!-- \/ Yoast SEO plugin. -->","_links":{"self":[{"href":"https:\/\/www.pescafish.it\/new\/wp-json\/wp\/v2\/product\/97677"}],"collection":[{"href":"https:\/\/www.pescafish.it\/new\/wp-json\/wp\/v2\/product"}],"about":[{"href":"https:\/\/www.pescafish.it\/new\/wp-json\/wp\/v2\/types\/product"}],"replies":[{"embeddable":true,"href":"https:\/\/www.pescafish.it\/new\/wp-json\/wp\/v2\/comments?post=97677"}],"wp:featuredmedia":[{"embeddable":true,"href":"https:\/\/www.pescafish.it\/new\/wp-json\/wp\/v2\/media\/97678"}],"wp:attachment":[{"href":"https:\/\/www.pescafish.it\/new\/wp-json\/wp\/v2\/media?parent=97677"}],"wp:term":[{"taxonomy":"product_cat","embeddable":true,"href":"https:\/\/www.pescafish.it\/new\/wp-json\/wp\/v2\/product_cat?post=97677"},{"taxonomy":"product_tag","embeddable":true,"href":"https:\/\/www.pescafish.it\/new\/wp-json\/wp\/v2\/product_tag?post=97677"}],"curies":[{"name":"wp","href":"https:\/\/api.w.org\/{rel}","templated":true}]}}