{"id":97420,"date":"2024-07-01T19:28:00","date_gmt":"2024-07-01T17:28:00","guid":{"rendered":"https:\/\/www.pescafish.it\/new\/?post_type=product&#038;p=97420"},"modified":"2026-01-26T19:45:31","modified_gmt":"2026-01-26T18:45:31","slug":"quick-release-adaptor-korum","status":"publish","type":"product","link":"https:\/\/www.pescafish.it\/new\/prodotto\/quick-release-adaptor-korum\/","title":{"rendered":"Quick Release Adaptor &#8211; Korum"},"content":{"rendered":"<p>Il Quick Release Adaptor Korum offre un design innovativo a sgancio rapido. Significa che una volta avvitato l&#8217;accessorio scelto non sar\u00e0 pi\u00f9 necessario farlo. Puoi fare affidamento sulla resistenza di questo adattatore, grazie ai materiali rinforzati con cui \u00e8 realizzato. Suggeriamo di utilizzare l&#8217;adattatore per gli attacchi porta nassa, i segnalatori di abboccata, i poggiacanne e gli altri accessori per sedie e panchetti.<\/p>\n","protected":false},"excerpt":{"rendered":"<p>Il Quick Release Adaptor Korum offre un design innovativo a sgancio rapido. Significa che una volta avvitato l&#8217;accessorio scelto non sar\u00e0 pi\u00f9 necessario farlo. Puoi fare affidamento sulla resistenza di questo adattatore, grazie ai materiali rinforzati con cui \u00e8 realizzato. Suggeriamo di utilizzare l&#8217;adattatore per gli attacchi porta nassa, i segnalatori di abboccata, i poggiacanne [&hellip;]<\/p>\n","protected":false},"featured_media":97421,"comment_status":"closed","ping_status":"closed","template":"","meta":[],"product_cat":[182],"product_tag":[1031],"yoast_head":"<!-- This site is optimized with the Yoast SEO plugin v15.3 - https:\/\/yoast.com\/wordpress\/plugins\/seo\/ -->\n<title>Quick Release Adaptor - Korum - Pesca Fish<\/title>\n<meta name=\"robots\" content=\"index, follow, max-snippet:-1, max-image-preview:large, max-video-preview:-1\" \/>\n<link rel=\"canonical\" href=\"https:\/\/www.pescafish.it\/new\/prodotto\/quick-release-adaptor-korum\/\" \/>\n<meta property=\"og:locale\" content=\"it_IT\" \/>\n<meta property=\"og:type\" content=\"article\" \/>\n<meta property=\"og:title\" content=\"Quick Release Adaptor - Korum - Pesca Fish\" \/>\n<meta property=\"og:description\" content=\"Il Quick Release Adaptor Korum offre un design innovativo a sgancio rapido. Significa che una volta avvitato l&#8217;accessorio scelto non sar\u00e0 pi\u00f9 necessario farlo. Puoi fare affidamento sulla resistenza di questo adattatore, grazie ai materiali rinforzati con cui \u00e8 realizzato. Suggeriamo di utilizzare l&#8217;adattatore per gli attacchi porta nassa, i segnalatori di abboccata, i poggiacanne [&hellip;]\" \/>\n<meta property=\"og:url\" content=\"https:\/\/www.pescafish.it\/new\/prodotto\/quick-release-adaptor-korum\/\" \/>\n<meta property=\"og:site_name\" content=\"Pesca Fish\" \/>\n<meta property=\"article:publisher\" content=\"https:\/\/www.facebook.com\/pescafishvr\/\" \/>\n<meta property=\"article:modified_time\" content=\"2026-01-26T18:45:31+00:00\" \/>\n<meta property=\"og:image\" content=\"https:\/\/www.pescafish.it\/new\/wp-content\/uploads\/2024\/07\/quick-release-adaptor.jpg\" \/>\n\t<meta property=\"og:image:width\" content=\"1000\" \/>\n\t<meta property=\"og:image:height\" content=\"1000\" \/>\n<meta name=\"twitter:card\" content=\"summary_large_image\" \/>\n<meta name=\"twitter:label1\" content=\"Scritto da\">\n\t<meta name=\"twitter:data1\" content=\"francesca\">\n\t<meta name=\"twitter:label2\" content=\"Tempo di lettura stimato\">\n\t<meta name=\"twitter:data2\" content=\"0 minuti\">\n<script type=\"application\/ld+json\" class=\"yoast-schema-graph\">{\"@context\":\"https:\/\/schema.org\",\"@graph\":[{\"@type\":\"WebSite\",\"@id\":\"https:\/\/www.pescafish.it\/new\/#website\",\"url\":\"https:\/\/www.pescafish.it\/new\/\",\"name\":\"Pesca Fish\",\"description\":\"Benvenuti sul nostro sito!\",\"potentialAction\":[{\"@type\":\"SearchAction\",\"target\":\"https:\/\/www.pescafish.it\/new\/?s={search_term_string}\",\"query-input\":\"required name=search_term_string\"}],\"inLanguage\":\"it-IT\"},{\"@type\":\"ImageObject\",\"@id\":\"https:\/\/www.pescafish.it\/new\/prodotto\/quick-release-adaptor-korum\/#primaryimage\",\"inLanguage\":\"it-IT\",\"url\":\"https:\/\/www.pescafish.it\/new\/wp-content\/uploads\/2024\/07\/quick-release-adaptor.jpg\",\"width\":1000,\"height\":1000,\"caption\":\"quick release adaptor korum\"},{\"@type\":\"WebPage\",\"@id\":\"https:\/\/www.pescafish.it\/new\/prodotto\/quick-release-adaptor-korum\/#webpage\",\"url\":\"https:\/\/www.pescafish.it\/new\/prodotto\/quick-release-adaptor-korum\/\",\"name\":\"Quick Release Adaptor - Korum - Pesca Fish\",\"isPartOf\":{\"@id\":\"https:\/\/www.pescafish.it\/new\/#website\"},\"primaryImageOfPage\":{\"@id\":\"https:\/\/www.pescafish.it\/new\/prodotto\/quick-release-adaptor-korum\/#primaryimage\"},\"datePublished\":\"2024-07-01T17:28:00+00:00\",\"dateModified\":\"2026-01-26T18:45:31+00:00\",\"inLanguage\":\"it-IT\",\"potentialAction\":[{\"@type\":\"ReadAction\",\"target\":[\"https:\/\/www.pescafish.it\/new\/prodotto\/quick-release-adaptor-korum\/\"]}]}]}<\/script>\n<!-- \/ Yoast SEO plugin. -->","_links":{"self":[{"href":"https:\/\/www.pescafish.it\/new\/wp-json\/wp\/v2\/product\/97420"}],"collection":[{"href":"https:\/\/www.pescafish.it\/new\/wp-json\/wp\/v2\/product"}],"about":[{"href":"https:\/\/www.pescafish.it\/new\/wp-json\/wp\/v2\/types\/product"}],"replies":[{"embeddable":true,"href":"https:\/\/www.pescafish.it\/new\/wp-json\/wp\/v2\/comments?post=97420"}],"wp:featuredmedia":[{"embeddable":true,"href":"https:\/\/www.pescafish.it\/new\/wp-json\/wp\/v2\/media\/97421"}],"wp:attachment":[{"href":"https:\/\/www.pescafish.it\/new\/wp-json\/wp\/v2\/media?parent=97420"}],"wp:term":[{"taxonomy":"product_cat","embeddable":true,"href":"https:\/\/www.pescafish.it\/new\/wp-json\/wp\/v2\/product_cat?post=97420"},{"taxonomy":"product_tag","embeddable":true,"href":"https:\/\/www.pescafish.it\/new\/wp-json\/wp\/v2\/product_tag?post=97420"}],"curies":[{"name":"wp","href":"https:\/\/api.w.org\/{rel}","templated":true}]}}