{"id":97184,"date":"2024-06-25T15:53:10","date_gmt":"2024-06-25T13:53:10","guid":{"rendered":"https:\/\/www.pescafish.it\/new\/?post_type=product&#038;p=97184"},"modified":"2024-06-25T15:53:10","modified_gmt":"2024-06-25T13:53:10","slug":"speedflo-heavy-duty-water-carrier-ridgemonkey","status":"publish","type":"product","link":"https:\/\/www.pescafish.it\/new\/prodotto\/speedflo-heavy-duty-water-carrier-ridgemonkey\/","title":{"rendered":"SpeedFlo Heavy Duty Water Carrier &#8211; RidgeMonkey"},"content":{"rendered":"<h2 class=\"product_title entry-title\">SpeedFlo Heavy Duty Water Carrier<\/h2>\n<p><span>Disponibile in diverse dimensioni, il nostro portaacqua per carichi pesanti SpeedFlo \u00e8 dotato di uno spesso corpo in HDPE, il che significa che pu\u00f2 resistere a condizioni difficili, nonch\u00e9 di una maniglia per il trasporto perfetta per un facile sollevamento e riempimento.<\/span><\/p>\n<p><span>Il portaacqua per carichi pesanti SpeedFlo viene fornito con un rubinetto rimovibile aggiornato con un meccanismo semplice da usare con una sola mano.<\/span><\/p>\n<p><span>I contenitori per l&#8217;acqua di tutte le dimensioni sono inoltre forniti con un coperchio a tenuta stagna, che consente di trasportare con la certezza che non si verificheranno fuoriuscite.<\/span><\/p>\n<p><span>Il coperchio \u00e8 dotato di ventilazione unica per garantire un flusso d&#8217;acqua rapido e controllato.<\/span><br \/>\n<span>Ideale per la pesca, il campeggio e altre attivit\u00e0 all&#8217;aperto in cui \u00e8 necessario un robusto contenitore per l&#8217;acqua.<\/span><\/p>\n<p><strong>Caratteristiche:<\/strong><\/p>\n<p><span>\u2022 Novit\u00e0 per il 2023: rubinetto SpeedFlo aggiornato<br \/>\n<\/span><span>\u2022 Rubinetto per riporre all&#8217;interno del coperchio dei modelli da 10 e 15 litri<br \/>\n<\/span><span>\u2022 Coperchio intercambiabile a tenuta stagna<br \/>\n<\/span><span>\u2022 Rubinetto estraibile<br \/>\n<\/span><span>\u2022 Coperchio ventilato per garantire un flusso d&#8217;acqua rapido e controllato<br \/>\n<\/span><span>\u2022 In grado di azionare il meccanismo con una sola mano<br \/>\n<\/span><span>\u2022 Costruzione in HDPE spessa e robusta<br \/>\n<\/span><span>\u2022 Senza BPA<\/span><\/p>\n<p><strong>Disponibile nelle seguenti varianti:<\/strong><br \/>\n<strong>RM759<\/strong>\u00a0 5lt<br \/>\n<strong>RM761<\/strong>\u00a0 15lt<\/p>\n","protected":false},"excerpt":{"rendered":"<p>SpeedFlo Heavy Duty Water Carrier Disponibile in diverse dimensioni, il nostro portaacqua per carichi pesanti SpeedFlo \u00e8 dotato di uno spesso corpo in HDPE, il che significa che pu\u00f2 resistere a condizioni difficili, nonch\u00e9 di una maniglia per il trasporto perfetta per un facile sollevamento e riempimento. Il portaacqua per carichi pesanti SpeedFlo viene fornito [&hellip;]<\/p>\n","protected":false},"featured_media":97185,"comment_status":"closed","ping_status":"closed","template":"","meta":[],"product_cat":[237],"product_tag":[1101],"yoast_head":"<!-- This site is optimized with the Yoast SEO plugin v15.3 - https:\/\/yoast.com\/wordpress\/plugins\/seo\/ -->\n<title>SpeedFlo Heavy Duty Water Carrier - RidgeMonkey - Pesca Fish<\/title>\n<meta name=\"robots\" content=\"index, follow, max-snippet:-1, max-image-preview:large, max-video-preview:-1\" \/>\n<link rel=\"canonical\" href=\"https:\/\/www.pescafish.it\/new\/prodotto\/speedflo-heavy-duty-water-carrier-ridgemonkey\/\" \/>\n<meta property=\"og:locale\" content=\"it_IT\" \/>\n<meta property=\"og:type\" content=\"article\" \/>\n<meta property=\"og:title\" content=\"SpeedFlo Heavy Duty Water Carrier - RidgeMonkey - Pesca Fish\" \/>\n<meta property=\"og:description\" content=\"SpeedFlo Heavy Duty Water Carrier Disponibile in diverse dimensioni, il nostro portaacqua per carichi pesanti SpeedFlo \u00e8 dotato di uno spesso corpo in HDPE, il che significa che pu\u00f2 resistere a condizioni difficili, nonch\u00e9 di una maniglia per il trasporto perfetta per un facile sollevamento e riempimento. Il portaacqua per carichi pesanti SpeedFlo viene fornito [&hellip;]\" \/>\n<meta property=\"og:url\" content=\"https:\/\/www.pescafish.it\/new\/prodotto\/speedflo-heavy-duty-water-carrier-ridgemonkey\/\" \/>\n<meta property=\"og:site_name\" content=\"Pesca Fish\" \/>\n<meta property=\"article:publisher\" content=\"https:\/\/www.facebook.com\/pescafishvr\/\" \/>\n<meta property=\"og:image\" content=\"https:\/\/www.pescafish.it\/new\/wp-content\/uploads\/2024\/06\/SPEED.jpg\" \/>\n\t<meta property=\"og:image:width\" content=\"789\" \/>\n\t<meta property=\"og:image:height\" content=\"794\" \/>\n<meta name=\"twitter:card\" content=\"summary_large_image\" \/>\n<meta name=\"twitter:label1\" content=\"Scritto da\">\n\t<meta name=\"twitter:data1\" content=\"francesca\">\n\t<meta name=\"twitter:label2\" content=\"Tempo di lettura stimato\">\n\t<meta name=\"twitter:data2\" content=\"1 minuto\">\n<script type=\"application\/ld+json\" class=\"yoast-schema-graph\">{\"@context\":\"https:\/\/schema.org\",\"@graph\":[{\"@type\":\"WebSite\",\"@id\":\"https:\/\/www.pescafish.it\/new\/#website\",\"url\":\"https:\/\/www.pescafish.it\/new\/\",\"name\":\"Pesca Fish\",\"description\":\"Benvenuti sul nostro sito!\",\"potentialAction\":[{\"@type\":\"SearchAction\",\"target\":\"https:\/\/www.pescafish.it\/new\/?s={search_term_string}\",\"query-input\":\"required name=search_term_string\"}],\"inLanguage\":\"it-IT\"},{\"@type\":\"ImageObject\",\"@id\":\"https:\/\/www.pescafish.it\/new\/prodotto\/speedflo-heavy-duty-water-carrier-ridgemonkey\/#primaryimage\",\"inLanguage\":\"it-IT\",\"url\":\"https:\/\/www.pescafish.it\/new\/wp-content\/uploads\/2024\/06\/SPEED.jpg\",\"width\":789,\"height\":794,\"caption\":\"RidgeMonkey\"},{\"@type\":\"WebPage\",\"@id\":\"https:\/\/www.pescafish.it\/new\/prodotto\/speedflo-heavy-duty-water-carrier-ridgemonkey\/#webpage\",\"url\":\"https:\/\/www.pescafish.it\/new\/prodotto\/speedflo-heavy-duty-water-carrier-ridgemonkey\/\",\"name\":\"SpeedFlo Heavy Duty Water Carrier - RidgeMonkey - Pesca Fish\",\"isPartOf\":{\"@id\":\"https:\/\/www.pescafish.it\/new\/#website\"},\"primaryImageOfPage\":{\"@id\":\"https:\/\/www.pescafish.it\/new\/prodotto\/speedflo-heavy-duty-water-carrier-ridgemonkey\/#primaryimage\"},\"datePublished\":\"2024-06-25T13:53:10+00:00\",\"dateModified\":\"2024-06-25T13:53:10+00:00\",\"inLanguage\":\"it-IT\",\"potentialAction\":[{\"@type\":\"ReadAction\",\"target\":[\"https:\/\/www.pescafish.it\/new\/prodotto\/speedflo-heavy-duty-water-carrier-ridgemonkey\/\"]}]}]}<\/script>\n<!-- \/ Yoast SEO plugin. -->","_links":{"self":[{"href":"https:\/\/www.pescafish.it\/new\/wp-json\/wp\/v2\/product\/97184"}],"collection":[{"href":"https:\/\/www.pescafish.it\/new\/wp-json\/wp\/v2\/product"}],"about":[{"href":"https:\/\/www.pescafish.it\/new\/wp-json\/wp\/v2\/types\/product"}],"replies":[{"embeddable":true,"href":"https:\/\/www.pescafish.it\/new\/wp-json\/wp\/v2\/comments?post=97184"}],"wp:featuredmedia":[{"embeddable":true,"href":"https:\/\/www.pescafish.it\/new\/wp-json\/wp\/v2\/media\/97185"}],"wp:attachment":[{"href":"https:\/\/www.pescafish.it\/new\/wp-json\/wp\/v2\/media?parent=97184"}],"wp:term":[{"taxonomy":"product_cat","embeddable":true,"href":"https:\/\/www.pescafish.it\/new\/wp-json\/wp\/v2\/product_cat?post=97184"},{"taxonomy":"product_tag","embeddable":true,"href":"https:\/\/www.pescafish.it\/new\/wp-json\/wp\/v2\/product_tag?post=97184"}],"curies":[{"name":"wp","href":"https:\/\/api.w.org\/{rel}","templated":true}]}}