{"id":96868,"date":"2024-06-20T18:56:34","date_gmt":"2024-06-20T16:56:34","guid":{"rendered":"https:\/\/www.pescafish.it\/new\/?post_type=product&#038;p=96868"},"modified":"2024-06-20T18:56:34","modified_gmt":"2024-06-20T16:56:34","slug":"nxc-camo-pro-carryall-large","status":"publish","type":"product","link":"https:\/\/www.pescafish.it\/new\/prodotto\/nxc-camo-pro-carryall-large\/","title":{"rendered":"NXC Camo Pro Carryall Large"},"content":{"rendered":"<h2 class=\"is3-main-title\">NXC Camo Pro Carryall Large<\/h2>\n<p>I borsoni Trakker NXC Pro sono disponibili in tre misure, media, grande e XL. Vantano tutti le stesse caratteristiche professionali ma offrono dimensioni diverse per soddisfare le tue esigenze di pesca. L&#8217;ampio scomparto principale della borsa da pesca \u00e8 foderato e ben imbottito per accogliere e proteggere la tua attrezzatura durante il trasporto. Doppie cerniere resistenti sono presenti nello scomparto principale e in tutte le tasche esterne. Il coperchio irrigidito dello scomparto principale assicura che i borsoni mantengano la loro forma e forma quando il contenuto all&#8217;interno \u00e8 stato rimosso. Il coperchio della borsa da pesca alla carpa pu\u00f2 essere utilizzato come tavolo da bivvy risparmiando spazio all&#8217;interno del tuo rifugio. Internamente \u00e8 presente una grande tasca in rete resistente con cerniera sul lato inferiore del coperchio. Abbiamo aumentato la profondit\u00e0 delle tasche laterali a 10 cm su ciascun lato consentendo di riporre oggetti ingombranti e liberando spazio interno nello scomparto principale per altri attrezzi essenziali. Ci sono altre due grandi tasche frontali con cerniera e una grande tasca posteriore singola con cerniera. La capacit\u00e0 \u00e8 enorme, qualunque sia la dimensione che ritieni pi\u00f9 adatta alle tue esigenze di pesca. I borsoni NXC Pro sono tutti dotati di maniglie in neoprene per un facile sollevamento, maniglie di trasporto convenzionali in velcro in neoprene e tracolla regolabile rimovibile in neoprene. Qualunque sia il modo in cui trasporti i borsoni sarai sicuro che il comfort sar\u00e0 sempre l\u00ec. La parte posteriore della borsa da pesca \u00e8 dotata di due anelli in tessuto che offrono un attacco alternativo per la tracolla. Ci\u00f2 consente di utilizzare la tracolla per fissare la borsa da pesca al telaio di una carriola o fissarla ad altri attrezzi durante il caricamento delle barche per il trasporto. I Borsoni Pro sono tutti dotati di basi impermeabili in PVC resistente per garantire che il contenuto sia protetto nelle peggiori condizioni.<\/p>\n<p><strong>Caratteristiche:<\/strong><\/p>\n<p><strong>Dimensioni:<\/strong> 65 (L) x 38 (L) x 30 (A) cm<br \/>\n<strong>Capacit\u00e0 (circa)<\/strong>: 70 l<br \/>\n<strong>Peso:<\/strong> 2,25 kg<br \/>\n<strong>Materiale:<\/strong> poliestere<\/p>\n<p>&nbsp;<\/p>\n","protected":false},"excerpt":{"rendered":"<p>NXC Camo Pro Carryall Large I borsoni Trakker NXC Pro sono disponibili in tre misure, media, grande e XL. Vantano tutti le stesse caratteristiche professionali ma offrono dimensioni diverse per soddisfare le tue esigenze di pesca. L&#8217;ampio scomparto principale della borsa da pesca \u00e8 foderato e ben imbottito per accogliere e proteggere la tua attrezzatura [&hellip;]<\/p>\n","protected":false},"featured_media":96869,"comment_status":"closed","ping_status":"closed","template":"","meta":[],"product_cat":[568],"product_tag":[1073],"yoast_head":"<!-- This site is optimized with the Yoast SEO plugin v15.3 - https:\/\/yoast.com\/wordpress\/plugins\/seo\/ -->\n<title>NXC Camo Pro Carryall Large - Pesca Fish<\/title>\n<meta name=\"robots\" content=\"index, follow, max-snippet:-1, max-image-preview:large, max-video-preview:-1\" \/>\n<link rel=\"canonical\" href=\"https:\/\/www.pescafish.it\/new\/prodotto\/nxc-camo-pro-carryall-large\/\" \/>\n<meta property=\"og:locale\" content=\"it_IT\" \/>\n<meta property=\"og:type\" content=\"article\" \/>\n<meta property=\"og:title\" content=\"NXC Camo Pro Carryall Large - Pesca Fish\" \/>\n<meta property=\"og:description\" content=\"NXC Camo Pro Carryall Large I borsoni Trakker NXC Pro sono disponibili in tre misure, media, grande e XL. Vantano tutti le stesse caratteristiche professionali ma offrono dimensioni diverse per soddisfare le tue esigenze di pesca. L&#8217;ampio scomparto principale della borsa da pesca \u00e8 foderato e ben imbottito per accogliere e proteggere la tua attrezzatura [&hellip;]\" \/>\n<meta property=\"og:url\" content=\"https:\/\/www.pescafish.it\/new\/prodotto\/nxc-camo-pro-carryall-large\/\" \/>\n<meta property=\"og:site_name\" content=\"Pesca Fish\" \/>\n<meta property=\"article:publisher\" content=\"https:\/\/www.facebook.com\/pescafishvr\/\" \/>\n<meta property=\"og:image\" content=\"https:\/\/www.pescafish.it\/new\/wp-content\/uploads\/2024\/06\/8003855-e205231-2-3-800.jpg\" \/>\n\t<meta property=\"og:image:width\" content=\"800\" \/>\n\t<meta property=\"og:image:height\" content=\"800\" \/>\n<meta name=\"twitter:card\" content=\"summary_large_image\" \/>\n<meta name=\"twitter:label1\" content=\"Scritto da\">\n\t<meta name=\"twitter:data1\" content=\"francesca\">\n\t<meta name=\"twitter:label2\" content=\"Tempo di lettura stimato\">\n\t<meta name=\"twitter:data2\" content=\"1 minuto\">\n<script type=\"application\/ld+json\" class=\"yoast-schema-graph\">{\"@context\":\"https:\/\/schema.org\",\"@graph\":[{\"@type\":\"WebSite\",\"@id\":\"https:\/\/www.pescafish.it\/new\/#website\",\"url\":\"https:\/\/www.pescafish.it\/new\/\",\"name\":\"Pesca Fish\",\"description\":\"Benvenuti sul nostro sito!\",\"potentialAction\":[{\"@type\":\"SearchAction\",\"target\":\"https:\/\/www.pescafish.it\/new\/?s={search_term_string}\",\"query-input\":\"required name=search_term_string\"}],\"inLanguage\":\"it-IT\"},{\"@type\":\"ImageObject\",\"@id\":\"https:\/\/www.pescafish.it\/new\/prodotto\/nxc-camo-pro-carryall-large\/#primaryimage\",\"inLanguage\":\"it-IT\",\"url\":\"https:\/\/www.pescafish.it\/new\/wp-content\/uploads\/2024\/06\/8003855-e205231-2-3-800.jpg\",\"width\":800,\"height\":800,\"caption\":\"Trakker\"},{\"@type\":\"WebPage\",\"@id\":\"https:\/\/www.pescafish.it\/new\/prodotto\/nxc-camo-pro-carryall-large\/#webpage\",\"url\":\"https:\/\/www.pescafish.it\/new\/prodotto\/nxc-camo-pro-carryall-large\/\",\"name\":\"NXC Camo Pro Carryall Large - Pesca Fish\",\"isPartOf\":{\"@id\":\"https:\/\/www.pescafish.it\/new\/#website\"},\"primaryImageOfPage\":{\"@id\":\"https:\/\/www.pescafish.it\/new\/prodotto\/nxc-camo-pro-carryall-large\/#primaryimage\"},\"datePublished\":\"2024-06-20T16:56:34+00:00\",\"dateModified\":\"2024-06-20T16:56:34+00:00\",\"inLanguage\":\"it-IT\",\"potentialAction\":[{\"@type\":\"ReadAction\",\"target\":[\"https:\/\/www.pescafish.it\/new\/prodotto\/nxc-camo-pro-carryall-large\/\"]}]}]}<\/script>\n<!-- \/ Yoast SEO plugin. -->","_links":{"self":[{"href":"https:\/\/www.pescafish.it\/new\/wp-json\/wp\/v2\/product\/96868"}],"collection":[{"href":"https:\/\/www.pescafish.it\/new\/wp-json\/wp\/v2\/product"}],"about":[{"href":"https:\/\/www.pescafish.it\/new\/wp-json\/wp\/v2\/types\/product"}],"replies":[{"embeddable":true,"href":"https:\/\/www.pescafish.it\/new\/wp-json\/wp\/v2\/comments?post=96868"}],"wp:featuredmedia":[{"embeddable":true,"href":"https:\/\/www.pescafish.it\/new\/wp-json\/wp\/v2\/media\/96869"}],"wp:attachment":[{"href":"https:\/\/www.pescafish.it\/new\/wp-json\/wp\/v2\/media?parent=96868"}],"wp:term":[{"taxonomy":"product_cat","embeddable":true,"href":"https:\/\/www.pescafish.it\/new\/wp-json\/wp\/v2\/product_cat?post=96868"},{"taxonomy":"product_tag","embeddable":true,"href":"https:\/\/www.pescafish.it\/new\/wp-json\/wp\/v2\/product_tag?post=96868"}],"curies":[{"name":"wp","href":"https:\/\/api.w.org\/{rel}","templated":true}]}}