{"id":96590,"date":"2024-06-11T15:37:31","date_gmt":"2024-06-11T13:37:31","guid":{"rendered":"https:\/\/www.pescafish.it\/new\/?post_type=product&#038;p=96590"},"modified":"2024-06-11T15:37:31","modified_gmt":"2024-06-11T13:37:31","slug":"canna-poison-adrena-casting-shimano","status":"publish","type":"product","link":"https:\/\/www.pescafish.it\/new\/prodotto\/canna-poison-adrena-casting-shimano\/","title":{"rendered":"Canna Poison Adrena Casting &#8211; Shimano"},"content":{"rendered":"<p>Poison Adrena \u00e8 l&#8217;ultima gamma di canne JDM di fascia alta di Shimano. Combinando la pi\u00f9 avanzata tecnologia Shimano nella lavorazione del carbonio, con la filosofia JDM, la raffinatezza e le azioni, la Poison Adrena beneficia anche della pi\u00f9 recente tecnologia UBD (Ultimate Blank Design) per produrre prestazioni ineguagliabili.<br \/>\nSe non accettate o non volete accettare compromessi nella vostra attrezzatura da pesca, sarete immediatamente attratti dalla sensazionale Poison Adrena. \u00c8 il fiore all&#8217;occhiello della gamma Shimano per lo spinning, il che la dice lunga, e capirete subito perch\u00e9 quando vedrete e proverete questa straordinaria opera d&#8217;arte. La leggerezza, la sensibilit\u00e0 e la potenza sono sbalorditive, ma \u00e8 la capacit\u00e0 della canna di riprendersi cos\u00ec rapidamente in fase di lancio che spicca davvero. Splendidamente reattiva e prestante, nel lancio, nella lavorazione delle esche e nel combattimento con i pesci, Poison Adrena porta le prestazioni a un livello di eccellenza completamente diverso.<br \/>\nLa Poison Adrena, che mette in mostra le migliori tecnologie Shimano, tra cui la pi\u00f9 recente filosofia UBD (Ultimate Blank Design), eccelle in tutti i settori. L&#8217;incorporazione della costruzione Spiral X Core all&#8217;interno del blank in carbonio ad alto modulo conferisce alla Poison Adrena una resistenza senza precedenti, senza sacrificare leggerezza, reattivit\u00e0 o sensibilit\u00e0. Per migliorare ulteriormente le prestazioni, l&#8217;impugnatura Full Carbon Monocoque, abbinata all&#8217;ergonomica Perfection Reel Seat XT CI4+ sui modelli da casting e Perfection Reel Seat CI4+ sui modelli da spinning, offre la combinazione definitiva per ottenere il massimo feedback. Come ci si aspetterebbe da una canna con un pedigree cos\u00ec elevato, le canne Poison Adrena sono dotate di anelli Fuji K SiC di qualit\u00e0 superiore e di un Apicale in Titanio SiC per offrire il massimo delle prestazioni.<\/p>\n<p><strong>Disponibile nei seguenti modelli:<\/strong><\/p>\n<table style=\"width: 100%; border-collapse: collapse; border-color: #000000;\" border=\"2\">\n<tbody>\n<tr>\n<td style=\"width: 16.6667%; text-align: center;\"><strong>Modello<\/strong><\/td>\n<td style=\"width: 16.6667%; text-align: center;\"><strong>Lunghezza<\/strong><\/td>\n<td style=\"width: 16.6667%; text-align: center;\"><strong>Potenza<\/strong><\/td>\n<td style=\"width: 16.6667%; text-align: center;\"><strong>Ingombro<\/strong><\/td>\n<td style=\"width: 16.6667%; text-align: center;\"><strong>Peso<\/strong><\/td>\n<td style=\"width: 16.6667%; text-align: center;\"><strong>N\u00b0 sezioni<\/strong><\/td>\n<\/tr>\n<tr>\n<td style=\"width: 16.6667%; text-align: center;\"><strong>5COK616A6<\/strong><\/td>\n<td style=\"width: 16.6667%; text-align: center;\">6,10ft &#8211; 2,08m<\/td>\n<td style=\"width: 16.6667%; text-align: center;\">7-21g<\/td>\n<td style=\"width: 16.6667%; text-align: center;\">177cm<\/td>\n<td style=\"width: 16.6667%; text-align: center;\">97g<\/td>\n<td style=\"width: 16.6667%; text-align: center;\">1+1<\/td>\n<\/tr>\n<tr>\n<td style=\"width: 16.6667%; text-align: center;\"><strong>5COK616B5<\/strong><\/td>\n<td style=\"width: 16.6667%; text-align: center;\">6,11ft &#8211; 2,11m<\/td>\n<td style=\"width: 16.6667%; text-align: center;\">5-42g<\/td>\n<td style=\"width: 16.6667%; text-align: center;\">179cm<\/td>\n<td style=\"width: 16.6667%; text-align: center;\">105g<\/td>\n<td style=\"width: 16.6667%; text-align: center;\">1+1<\/td>\n<\/tr>\n<tr>\n<td style=\"width: 16.6667%; text-align: center;\"><strong>5COK61644<\/strong><\/td>\n<td style=\"width: 16.6667%; text-align: center;\">6,4ft &#8211; 1,93m<\/td>\n<td style=\"width: 16.6667%; text-align: center;\">3,5-10g<\/td>\n<td style=\"width: 16.6667%; text-align: center;\">165cm<\/td>\n<td style=\"width: 16.6667%; text-align: center;\">82g<\/td>\n<td style=\"width: 16.6667%; text-align: center;\">1+1<\/td>\n<\/tr>\n<tr>\n<td style=\"width: 16.6667%; text-align: center;\"><strong>5COK61737<\/strong><\/td>\n<td style=\"width: 16.6667%; text-align: center;\">7,3ft &#8211; 2,21m<\/td>\n<td style=\"width: 16.6667%; text-align: center;\">10-30g<\/td>\n<td style=\"width: 16.6667%; text-align: center;\">188cm<\/td>\n<td style=\"width: 16.6667%; text-align: center;\">107g<\/td>\n<td style=\"width: 16.6667%; text-align: center;\">1+1<\/td>\n<\/tr>\n<tr>\n<td style=\"width: 16.6667%; text-align: center;\"><strong>5COK61748<\/strong><\/td>\n<td style=\"width: 16.6667%; text-align: center;\">7,4ft &#8211; 2,24m<\/td>\n<td style=\"width: 16.6667%; text-align: center;\">14-56g<\/td>\n<td style=\"width: 16.6667%; text-align: center;\">189cm<\/td>\n<td style=\"width: 16.6667%; text-align: center;\">117g<\/td>\n<td style=\"width: 16.6667%; text-align: center;\">1+1<\/td>\n<\/tr>\n<\/tbody>\n<\/table>\n<p>.<br \/>\n<span style=\"color: #ff0000;\"><strong>DUE ANNI DI GARANZIA<\/strong><\/span><br \/>\n<span style=\"color: #ff0000;\"><strong>Da oggi per avere il TERZO ANNO DI GARANZIA, collegati al nuovo portale e registra il tuo prodotto su:<\/strong><\/span><br \/>\n<span style=\"color: #000000; background-color: #ffff00;\"><strong><a style=\"color: #000000; background-color: #ffff00;\" href=\"http:\/\/www.shimanofishnetwork.it\/garanzia\/sign_in\">http:\/\/www.shimanofishnetwork.it\/garanzia\/sign_in<\/a><\/strong><\/span><\/p>\n","protected":false},"excerpt":{"rendered":"<p>Poison Adrena \u00e8 l&#8217;ultima gamma di canne JDM di fascia alta di Shimano. Combinando la pi\u00f9 avanzata tecnologia Shimano nella lavorazione del carbonio, con la filosofia JDM, la raffinatezza e le azioni, la Poison Adrena beneficia anche della pi\u00f9 recente tecnologia UBD (Ultimate Blank Design) per produrre prestazioni ineguagliabili. Se non accettate o non volete [&hellip;]<\/p>\n","protected":false},"featured_media":96591,"comment_status":"closed","ping_status":"closed","template":"","meta":[],"product_cat":[289],"product_tag":[1023],"yoast_head":"<!-- This site is optimized with the Yoast SEO plugin v15.3 - https:\/\/yoast.com\/wordpress\/plugins\/seo\/ -->\n<title>Canna Poison Adrena Casting - Shimano - Pesca Fish<\/title>\n<meta name=\"robots\" content=\"index, follow, max-snippet:-1, max-image-preview:large, max-video-preview:-1\" \/>\n<link rel=\"canonical\" href=\"https:\/\/www.pescafish.it\/new\/prodotto\/canna-poison-adrena-casting-shimano\/\" \/>\n<meta property=\"og:locale\" content=\"it_IT\" \/>\n<meta property=\"og:type\" content=\"article\" \/>\n<meta property=\"og:title\" content=\"Canna Poison Adrena Casting - Shimano - Pesca Fish\" \/>\n<meta property=\"og:description\" content=\"Poison Adrena \u00e8 l&#8217;ultima gamma di canne JDM di fascia alta di Shimano. Combinando la pi\u00f9 avanzata tecnologia Shimano nella lavorazione del carbonio, con la filosofia JDM, la raffinatezza e le azioni, la Poison Adrena beneficia anche della pi\u00f9 recente tecnologia UBD (Ultimate Blank Design) per produrre prestazioni ineguagliabili. Se non accettate o non volete [&hellip;]\" \/>\n<meta property=\"og:url\" content=\"https:\/\/www.pescafish.it\/new\/prodotto\/canna-poison-adrena-casting-shimano\/\" \/>\n<meta property=\"og:site_name\" content=\"Pesca Fish\" \/>\n<meta property=\"article:publisher\" content=\"https:\/\/www.facebook.com\/pescafishvr\/\" \/>\n<meta property=\"og:image\" content=\"https:\/\/www.pescafish.it\/new\/wp-content\/uploads\/2024\/06\/POISON-ADRENA-CAST.jpg\" \/>\n\t<meta property=\"og:image:width\" content=\"836\" \/>\n\t<meta property=\"og:image:height\" content=\"836\" \/>\n<meta name=\"twitter:card\" content=\"summary_large_image\" \/>\n<meta name=\"twitter:label1\" content=\"Scritto da\">\n\t<meta name=\"twitter:data1\" content=\"francesca\">\n\t<meta name=\"twitter:label2\" content=\"Tempo di lettura stimato\">\n\t<meta name=\"twitter:data2\" content=\"1 minuto\">\n<script type=\"application\/ld+json\" class=\"yoast-schema-graph\">{\"@context\":\"https:\/\/schema.org\",\"@graph\":[{\"@type\":\"WebSite\",\"@id\":\"https:\/\/www.pescafish.it\/new\/#website\",\"url\":\"https:\/\/www.pescafish.it\/new\/\",\"name\":\"Pesca Fish\",\"description\":\"Benvenuti sul nostro sito!\",\"potentialAction\":[{\"@type\":\"SearchAction\",\"target\":\"https:\/\/www.pescafish.it\/new\/?s={search_term_string}\",\"query-input\":\"required name=search_term_string\"}],\"inLanguage\":\"it-IT\"},{\"@type\":\"ImageObject\",\"@id\":\"https:\/\/www.pescafish.it\/new\/prodotto\/canna-poison-adrena-casting-shimano\/#primaryimage\",\"inLanguage\":\"it-IT\",\"url\":\"https:\/\/www.pescafish.it\/new\/wp-content\/uploads\/2024\/06\/POISON-ADRENA-CAST.jpg\",\"width\":836,\"height\":836,\"caption\":\"Canna SEMINUOVA Poison Adrena 6'3\\\" Casting - Shimano\"},{\"@type\":\"WebPage\",\"@id\":\"https:\/\/www.pescafish.it\/new\/prodotto\/canna-poison-adrena-casting-shimano\/#webpage\",\"url\":\"https:\/\/www.pescafish.it\/new\/prodotto\/canna-poison-adrena-casting-shimano\/\",\"name\":\"Canna Poison Adrena Casting - Shimano - Pesca Fish\",\"isPartOf\":{\"@id\":\"https:\/\/www.pescafish.it\/new\/#website\"},\"primaryImageOfPage\":{\"@id\":\"https:\/\/www.pescafish.it\/new\/prodotto\/canna-poison-adrena-casting-shimano\/#primaryimage\"},\"datePublished\":\"2024-06-11T13:37:31+00:00\",\"dateModified\":\"2024-06-11T13:37:31+00:00\",\"inLanguage\":\"it-IT\",\"potentialAction\":[{\"@type\":\"ReadAction\",\"target\":[\"https:\/\/www.pescafish.it\/new\/prodotto\/canna-poison-adrena-casting-shimano\/\"]}]}]}<\/script>\n<!-- \/ Yoast SEO plugin. -->","_links":{"self":[{"href":"https:\/\/www.pescafish.it\/new\/wp-json\/wp\/v2\/product\/96590"}],"collection":[{"href":"https:\/\/www.pescafish.it\/new\/wp-json\/wp\/v2\/product"}],"about":[{"href":"https:\/\/www.pescafish.it\/new\/wp-json\/wp\/v2\/types\/product"}],"replies":[{"embeddable":true,"href":"https:\/\/www.pescafish.it\/new\/wp-json\/wp\/v2\/comments?post=96590"}],"wp:featuredmedia":[{"embeddable":true,"href":"https:\/\/www.pescafish.it\/new\/wp-json\/wp\/v2\/media\/96591"}],"wp:attachment":[{"href":"https:\/\/www.pescafish.it\/new\/wp-json\/wp\/v2\/media?parent=96590"}],"wp:term":[{"taxonomy":"product_cat","embeddable":true,"href":"https:\/\/www.pescafish.it\/new\/wp-json\/wp\/v2\/product_cat?post=96590"},{"taxonomy":"product_tag","embeddable":true,"href":"https:\/\/www.pescafish.it\/new\/wp-json\/wp\/v2\/product_tag?post=96590"}],"curies":[{"name":"wp","href":"https:\/\/api.w.org\/{rel}","templated":true}]}}