{"id":96584,"date":"2024-06-11T09:20:49","date_gmt":"2024-06-11T07:20:49","guid":{"rendered":"https:\/\/www.pescafish.it\/new\/?post_type=product&#038;p=96584"},"modified":"2025-11-27T09:02:05","modified_gmt":"2025-11-27T08:02:05","slug":"mulinello-sephia-xr-shimano","status":"publish","type":"product","link":"https:\/\/www.pescafish.it\/new\/prodotto\/mulinello-sephia-xr-shimano\/","title":{"rendered":"Mulinello Sephia XR &#8211; Shimano"},"content":{"rendered":"<p>Un mulinello progettato specificamente per l&#8217;eging.<br \/>\nLe caratteristiche principali di un mulinello per l&#8217;eging efficiente sono tre. Deve avere la durata necessaria per resistere a ripetuti movimenti aggressivi di jigging, la leggerezza necessaria per non affaticare il pescatore e la scorrevolezza durante il recupero. Il Sephia XR persegue questi elementi al massimo. Leggero e resistente, il corpo \u00e8 realizzato con l&#8217;originale materiale &#8220;CI4+&#8221; di Shimano rinforzato con fibra di carbonio. Ingranaggio Micromodule II per un comfort di avvolgimento senza intoppi. Il sistema SilentDrive elimina le minime vibrazioni e i rumori, mentre il sistema di supporto rigido (Rigid Support Drag) \u00e8 in grado di rispondere in modo flessibile alla forte trazione del calamaro. I mulinelli Sephia XR sono inoltre dotati di una bobina Lon Stroke per ottenere prestazioni di lancio eccellenti. Provate voi stessi questo mulinello specifico per l&#8217;eging!<br \/>\nHAGANE \u00e8 un concetto di design di mulinello Shimano creato per resistere all&#8217;uso continuo e all&#8217;abuso estremo. HAGANE \u00e8 un&#8217;innovazione con resistenza e durata incorporate che si affianca all&#8217;ingegneria di precisione di Shimano. HAGANE \u00e8 per tutti i pescatori.<br \/>\nCon un&#8217;incredibile resistenza e durata, l&#8217;ingranaggio HAGANE \u00e8 il cuore della maggior parte dei mulinelli Shimano. Shimano, grazie all&#8217;applicazione di tecnologie all&#8217;avanguardia, offre ai pescatori la fluidit\u00e0 e il piacere di lunga durata che si prova quando si utilizza un mulinello per la prima volta, pi\u00f9 e pi\u00f9 volte. Durante la fabbricazione, ai denti dell&#8217;ingranaggio non viene applicato alcun lavoro di taglio, ma l&#8217;intera superficie viene calcolata nei minimi dettagli da uno speciale progetto 3D e poi formata con la tecnologia di forgiatura a freddo di Shimano. Il risultato \u00e8 una resilienza assicurata. L&#8217;ingranaggio HAGANE \u00e8 il risultato dell&#8217;infinita ricerca di durata di Shimano: la forza e la potenza del metallo forgiato continuano a rappresentare il concetto fondamentale dei mulinelli Shimano.<\/p>\n<p><strong>Modello:<\/strong> C 3000 S<br \/>\n<strong>Capacit\u00e0 bobina (PE-m):<\/strong> 0.6-200 \/ 0.8-150 \/ 1-120<br \/>\n<strong>Rapporto di Recupero:<\/strong> 5.3:1<br \/>\n<strong>Peso:<\/strong> 175g<br \/>\n<strong>Line Retrive:<\/strong> 78cm<br \/>\n<strong>Max Drag:<\/strong> 9kg<br \/>\n.<br \/>\n<span style=\"color: #ff0000;\"><strong>DUE ANNI DI GARANZIA<\/strong><\/span><br \/>\n<span style=\"color: #ff0000;\"><strong>Da oggi per avere il TERZO ANNO DI GARANZIA, collegati al nuovo portale e registra il tuo prodotto su:<\/strong><\/span><br \/>\n<span style=\"color: #000000; background-color: #ffff00;\"><strong><a style=\"color: #000000; background-color: #ffff00;\" href=\"http:\/\/www.shimanofishnetwork.it\/garanzia\/sign_in\">http:\/\/www.shimanofishnetwork.it\/garanzia\/sign_in<\/a><\/strong><\/span><\/p>\n","protected":false},"excerpt":{"rendered":"<p>Un mulinello progettato specificamente per l&#8217;eging. Le caratteristiche principali di un mulinello per l&#8217;eging efficiente sono tre. Deve avere la durata necessaria per resistere a ripetuti movimenti aggressivi di jigging, la leggerezza necessaria per non affaticare il pescatore e la scorrevolezza durante il recupero. Il Sephia XR persegue questi elementi al massimo. Leggero e resistente, [&hellip;]<\/p>\n","protected":false},"featured_media":96585,"comment_status":"closed","ping_status":"closed","template":"","meta":[],"product_cat":[348],"product_tag":[1023],"yoast_head":"<!-- This site is optimized with the Yoast SEO plugin v15.3 - https:\/\/yoast.com\/wordpress\/plugins\/seo\/ -->\n<title>Mulinello Sephia XR - Shimano - Pesca Fish<\/title>\n<meta name=\"robots\" content=\"index, follow, max-snippet:-1, max-image-preview:large, max-video-preview:-1\" \/>\n<link rel=\"canonical\" href=\"https:\/\/www.pescafish.it\/new\/prodotto\/mulinello-sephia-xr-shimano\/\" \/>\n<meta property=\"og:locale\" content=\"it_IT\" \/>\n<meta property=\"og:type\" content=\"article\" \/>\n<meta property=\"og:title\" content=\"Mulinello Sephia XR - Shimano - Pesca Fish\" \/>\n<meta property=\"og:description\" content=\"Un mulinello progettato specificamente per l&#8217;eging. Le caratteristiche principali di un mulinello per l&#8217;eging efficiente sono tre. Deve avere la durata necessaria per resistere a ripetuti movimenti aggressivi di jigging, la leggerezza necessaria per non affaticare il pescatore e la scorrevolezza durante il recupero. Il Sephia XR persegue questi elementi al massimo. Leggero e resistente, [&hellip;]\" \/>\n<meta property=\"og:url\" content=\"https:\/\/www.pescafish.it\/new\/prodotto\/mulinello-sephia-xr-shimano\/\" \/>\n<meta property=\"og:site_name\" content=\"Pesca Fish\" \/>\n<meta property=\"article:publisher\" content=\"https:\/\/www.facebook.com\/pescafishvr\/\" \/>\n<meta property=\"article:modified_time\" content=\"2025-11-27T08:02:05+00:00\" \/>\n<meta property=\"og:image\" content=\"https:\/\/www.pescafish.it\/new\/wp-content\/uploads\/2024\/06\/sephia-xr.jpg\" \/>\n\t<meta property=\"og:image:width\" content=\"1000\" \/>\n\t<meta property=\"og:image:height\" content=\"1000\" \/>\n<meta name=\"twitter:card\" content=\"summary_large_image\" \/>\n<meta name=\"twitter:label1\" content=\"Scritto da\">\n\t<meta name=\"twitter:data1\" content=\"francesca\">\n\t<meta name=\"twitter:label2\" content=\"Tempo di lettura stimato\">\n\t<meta name=\"twitter:data2\" content=\"1 minuto\">\n<script type=\"application\/ld+json\" class=\"yoast-schema-graph\">{\"@context\":\"https:\/\/schema.org\",\"@graph\":[{\"@type\":\"WebSite\",\"@id\":\"https:\/\/www.pescafish.it\/new\/#website\",\"url\":\"https:\/\/www.pescafish.it\/new\/\",\"name\":\"Pesca Fish\",\"description\":\"Benvenuti sul nostro sito!\",\"potentialAction\":[{\"@type\":\"SearchAction\",\"target\":\"https:\/\/www.pescafish.it\/new\/?s={search_term_string}\",\"query-input\":\"required name=search_term_string\"}],\"inLanguage\":\"it-IT\"},{\"@type\":\"ImageObject\",\"@id\":\"https:\/\/www.pescafish.it\/new\/prodotto\/mulinello-sephia-xr-shimano\/#primaryimage\",\"inLanguage\":\"it-IT\",\"url\":\"https:\/\/www.pescafish.it\/new\/wp-content\/uploads\/2024\/06\/sephia-xr.jpg\",\"width\":1000,\"height\":1000,\"caption\":\"sephia xr shimano\"},{\"@type\":\"WebPage\",\"@id\":\"https:\/\/www.pescafish.it\/new\/prodotto\/mulinello-sephia-xr-shimano\/#webpage\",\"url\":\"https:\/\/www.pescafish.it\/new\/prodotto\/mulinello-sephia-xr-shimano\/\",\"name\":\"Mulinello Sephia XR - Shimano - Pesca Fish\",\"isPartOf\":{\"@id\":\"https:\/\/www.pescafish.it\/new\/#website\"},\"primaryImageOfPage\":{\"@id\":\"https:\/\/www.pescafish.it\/new\/prodotto\/mulinello-sephia-xr-shimano\/#primaryimage\"},\"datePublished\":\"2024-06-11T07:20:49+00:00\",\"dateModified\":\"2025-11-27T08:02:05+00:00\",\"inLanguage\":\"it-IT\",\"potentialAction\":[{\"@type\":\"ReadAction\",\"target\":[\"https:\/\/www.pescafish.it\/new\/prodotto\/mulinello-sephia-xr-shimano\/\"]}]}]}<\/script>\n<!-- \/ Yoast SEO plugin. -->","_links":{"self":[{"href":"https:\/\/www.pescafish.it\/new\/wp-json\/wp\/v2\/product\/96584"}],"collection":[{"href":"https:\/\/www.pescafish.it\/new\/wp-json\/wp\/v2\/product"}],"about":[{"href":"https:\/\/www.pescafish.it\/new\/wp-json\/wp\/v2\/types\/product"}],"replies":[{"embeddable":true,"href":"https:\/\/www.pescafish.it\/new\/wp-json\/wp\/v2\/comments?post=96584"}],"wp:featuredmedia":[{"embeddable":true,"href":"https:\/\/www.pescafish.it\/new\/wp-json\/wp\/v2\/media\/96585"}],"wp:attachment":[{"href":"https:\/\/www.pescafish.it\/new\/wp-json\/wp\/v2\/media?parent=96584"}],"wp:term":[{"taxonomy":"product_cat","embeddable":true,"href":"https:\/\/www.pescafish.it\/new\/wp-json\/wp\/v2\/product_cat?post=96584"},{"taxonomy":"product_tag","embeddable":true,"href":"https:\/\/www.pescafish.it\/new\/wp-json\/wp\/v2\/product_tag?post=96584"}],"curies":[{"name":"wp","href":"https:\/\/api.w.org\/{rel}","templated":true}]}}