{"id":96505,"date":"2024-06-01T11:11:59","date_gmt":"2024-06-01T09:11:59","guid":{"rendered":"https:\/\/www.pescafish.it\/new\/?post_type=product&#038;p=96505"},"modified":"2024-09-11T18:39:31","modified_gmt":"2024-09-11T16:39:31","slug":"coolabox-compact-50lt-ridgemonkey","status":"publish","type":"product","link":"https:\/\/www.pescafish.it\/new\/prodotto\/coolabox-compact-50lt-ridgemonkey\/","title":{"rendered":"CoolaBox Compact 50lt &#8211; RidgeMonkey"},"content":{"rendered":"<h2>CoolaBox Compact 50lt<\/h2>\n<p>La CoolaBox Compact 50 \u00e8 perfetta per mantenere freddi i tuoi alimenti essenziali mentre ti godi i grandi spazi aperti.<\/p>\n<p>Sia che utilizzi la CoolaBox per picnic, campeggio, battute di pesca o viaggi su lunghe distanze, le sue pareti a doppio isolamento manterranno fresche le tue bevande, snack ed esche fino a 120 ore*. In alternativa, il box pu\u00f2 essere utilizzato per mantenere caldi i cibi, ad esempio quelli da asporto, durante i viaggi brevi.<\/p>\n<p>Il coperchio \u00e8 ermetico ed \u00e8 fissato con grandi fermagli metallici con la possibilit\u00e0 di chiuderlo con lucchetto, se necessario. Il CoolaBox Compact 50 pu\u00f2 contenere 60 bottiglie da 330 ml o 90 lattine da 330 ml.<\/p>\n<p>Progettato con un coperchio piatto che funge anche da pratico tavolo e due maniglie laterali per un facile sollevamento, la CoolaBox Compact 50 dispone anche di un comodo foro di drenaggio alla base per una facile pulizia e smaltimento del ghiaccio sciolto.<\/p>\n<p>E la parte migliore? Viene fornito completo di due CoolaBox Freeze Pack** per un fattore di raffreddamento extra. Pronto per la tua prossima avventura?<\/p>\n<p><strong>*testato a temperatura ambiente e aperto minimamente.<\/strong><br \/>\n<strong>**tutti i pacchetti di congelamento sono compatibili e intercambiabili con CoolaBox Compact 12 e 25<\/strong><\/p>\n<p><strong>Caratteristiche:\u00a0<\/strong><\/p>\n<p>\u2022 Rimane ghiacciato fino a 72 ore<br \/>\n\u2022 Rimane fresco fino a 120 ore<br \/>\n\u2022 Il guscio rigido e il design robusto proteggono il contenuto<br \/>\n\u2022 Capacit\u00e0 interna 50 litri<br \/>\n\u2022 Facilmente lavabile all&#8217;interno e all&#8217;esterno<br \/>\n\u2022 Pu\u00f2 contenere 60 bottiglie da 330 ml o 90 lattine da 330 ml<br \/>\n\u2022 Design isolato e a doppia parete<br \/>\n\u2022 Due robuste maniglie per il trasporto su entrambi i lati<br \/>\n\u2022 Fornito con CoolaBox Freeze Pack (x 2 inclusi)<br \/>\n\u2022 Clip di bloccaggio incernierate sicure<br \/>\n\u2022 Linguetta del lucchetto per una maggiore sicurezza<\/p>\n<p><strong>Capacit\u00e0:<\/strong> 50 litri<br \/>\n<strong>Dimensioni (interne):<\/strong> 535 mm (larghezza) x 305 mm (altezza) x 300 mm (profondit\u00e0)<br \/>\n<strong>Dimensioni (esterne):<\/strong> 600 mm (larghezza) x 400 mm (altezza) x 400 mm (profondit\u00e0)<br \/>\n<strong>Peso<\/strong>: 6,20 kg<\/p>\n","protected":false},"excerpt":{"rendered":"<p>CoolaBox Compact 50lt La CoolaBox Compact 50 \u00e8 perfetta per mantenere freddi i tuoi alimenti essenziali mentre ti godi i grandi spazi aperti. Sia che utilizzi la CoolaBox per picnic, campeggio, battute di pesca o viaggi su lunghe distanze, le sue pareti a doppio isolamento manterranno fresche le tue bevande, snack ed esche fino a [&hellip;]<\/p>\n","protected":false},"featured_media":96506,"comment_status":"closed","ping_status":"closed","template":"","meta":[],"product_cat":[218],"product_tag":[1101],"yoast_head":"<!-- This site is optimized with the Yoast SEO plugin v15.3 - https:\/\/yoast.com\/wordpress\/plugins\/seo\/ -->\n<title>CoolaBox Compact 50lt - RidgeMonkey - Pesca Fish<\/title>\n<meta name=\"robots\" content=\"index, follow, max-snippet:-1, max-image-preview:large, max-video-preview:-1\" \/>\n<link rel=\"canonical\" href=\"https:\/\/www.pescafish.it\/new\/prodotto\/coolabox-compact-50lt-ridgemonkey\/\" \/>\n<meta property=\"og:locale\" content=\"it_IT\" \/>\n<meta property=\"og:type\" content=\"article\" \/>\n<meta property=\"og:title\" content=\"CoolaBox Compact 50lt - RidgeMonkey - Pesca Fish\" \/>\n<meta property=\"og:description\" content=\"CoolaBox Compact 50lt La CoolaBox Compact 50 \u00e8 perfetta per mantenere freddi i tuoi alimenti essenziali mentre ti godi i grandi spazi aperti. Sia che utilizzi la CoolaBox per picnic, campeggio, battute di pesca o viaggi su lunghe distanze, le sue pareti a doppio isolamento manterranno fresche le tue bevande, snack ed esche fino a [&hellip;]\" \/>\n<meta property=\"og:url\" content=\"https:\/\/www.pescafish.it\/new\/prodotto\/coolabox-compact-50lt-ridgemonkey\/\" \/>\n<meta property=\"og:site_name\" content=\"Pesca Fish\" \/>\n<meta property=\"article:publisher\" content=\"https:\/\/www.facebook.com\/pescafishvr\/\" \/>\n<meta property=\"article:modified_time\" content=\"2024-09-11T16:39:31+00:00\" \/>\n<meta property=\"og:image\" content=\"https:\/\/www.pescafish.it\/new\/wp-content\/uploads\/2024\/06\/RM919.jpg\" \/>\n\t<meta property=\"og:image:width\" content=\"789\" \/>\n\t<meta property=\"og:image:height\" content=\"794\" \/>\n<meta name=\"twitter:card\" content=\"summary_large_image\" \/>\n<meta name=\"twitter:label1\" content=\"Scritto da\">\n\t<meta name=\"twitter:data1\" content=\"francesca\">\n\t<meta name=\"twitter:label2\" content=\"Tempo di lettura stimato\">\n\t<meta name=\"twitter:data2\" content=\"1 minuto\">\n<script type=\"application\/ld+json\" class=\"yoast-schema-graph\">{\"@context\":\"https:\/\/schema.org\",\"@graph\":[{\"@type\":\"WebSite\",\"@id\":\"https:\/\/www.pescafish.it\/new\/#website\",\"url\":\"https:\/\/www.pescafish.it\/new\/\",\"name\":\"Pesca Fish\",\"description\":\"Benvenuti sul nostro sito!\",\"potentialAction\":[{\"@type\":\"SearchAction\",\"target\":\"https:\/\/www.pescafish.it\/new\/?s={search_term_string}\",\"query-input\":\"required name=search_term_string\"}],\"inLanguage\":\"it-IT\"},{\"@type\":\"ImageObject\",\"@id\":\"https:\/\/www.pescafish.it\/new\/prodotto\/coolabox-compact-50lt-ridgemonkey\/#primaryimage\",\"inLanguage\":\"it-IT\",\"url\":\"https:\/\/www.pescafish.it\/new\/wp-content\/uploads\/2024\/06\/RM919.jpg\",\"width\":789,\"height\":794,\"caption\":\"RidgeMonkey\"},{\"@type\":\"WebPage\",\"@id\":\"https:\/\/www.pescafish.it\/new\/prodotto\/coolabox-compact-50lt-ridgemonkey\/#webpage\",\"url\":\"https:\/\/www.pescafish.it\/new\/prodotto\/coolabox-compact-50lt-ridgemonkey\/\",\"name\":\"CoolaBox Compact 50lt - RidgeMonkey - Pesca Fish\",\"isPartOf\":{\"@id\":\"https:\/\/www.pescafish.it\/new\/#website\"},\"primaryImageOfPage\":{\"@id\":\"https:\/\/www.pescafish.it\/new\/prodotto\/coolabox-compact-50lt-ridgemonkey\/#primaryimage\"},\"datePublished\":\"2024-06-01T09:11:59+00:00\",\"dateModified\":\"2024-09-11T16:39:31+00:00\",\"inLanguage\":\"it-IT\",\"potentialAction\":[{\"@type\":\"ReadAction\",\"target\":[\"https:\/\/www.pescafish.it\/new\/prodotto\/coolabox-compact-50lt-ridgemonkey\/\"]}]}]}<\/script>\n<!-- \/ Yoast SEO plugin. -->","_links":{"self":[{"href":"https:\/\/www.pescafish.it\/new\/wp-json\/wp\/v2\/product\/96505"}],"collection":[{"href":"https:\/\/www.pescafish.it\/new\/wp-json\/wp\/v2\/product"}],"about":[{"href":"https:\/\/www.pescafish.it\/new\/wp-json\/wp\/v2\/types\/product"}],"replies":[{"embeddable":true,"href":"https:\/\/www.pescafish.it\/new\/wp-json\/wp\/v2\/comments?post=96505"}],"wp:featuredmedia":[{"embeddable":true,"href":"https:\/\/www.pescafish.it\/new\/wp-json\/wp\/v2\/media\/96506"}],"wp:attachment":[{"href":"https:\/\/www.pescafish.it\/new\/wp-json\/wp\/v2\/media?parent=96505"}],"wp:term":[{"taxonomy":"product_cat","embeddable":true,"href":"https:\/\/www.pescafish.it\/new\/wp-json\/wp\/v2\/product_cat?post=96505"},{"taxonomy":"product_tag","embeddable":true,"href":"https:\/\/www.pescafish.it\/new\/wp-json\/wp\/v2\/product_tag?post=96505"}],"curies":[{"name":"wp","href":"https:\/\/api.w.org\/{rel}","templated":true}]}}