{"id":96444,"date":"2024-05-31T10:33:52","date_gmt":"2024-05-31T08:33:52","guid":{"rendered":"https:\/\/www.pescafish.it\/new\/?post_type=product&#038;p=96444"},"modified":"2024-06-23T22:50:51","modified_gmt":"2024-06-23T20:50:51","slug":"brave-finesse-daiwa","status":"publish","type":"product","link":"https:\/\/www.pescafish.it\/new\/prodotto\/brave-finesse-daiwa\/","title":{"rendered":"Brave Finesse &#8211; Daiwa"},"content":{"rendered":"<div id=\"panoramica\" class=\"avia-section av-ho9as-61e502ed6079a980b12bbc18e3eb0dec main_color avia-section-small avia-no-border-styling avia-builder-el-9 el_after_av_submenu el_before_av_section avia-bg-style-scroll container_wrap fullsize\">\n<div class=\"container av-section-cont-open\">\n<div class=\"template-page content av-content-full alpha units\">\n<div class=\"post-entry post-entry-type-page post-entry-1780\">\n<div class=\"entry-content-wrapper clearfix\">\n<div class=\"flex_column av-9k6n0-7a94405798cf9041e59e558118a64381 av_one_full avia-builder-el-11 el_after_av_hr el_before_av_one_full first flex_column_div av-zero-column-padding \">\n<div class=\"av-special-heading av-3o3p2s-2f9e65a66c12d342dd8f8c427a96594d av-special-heading-h3 blockquote elegant-quote elegant-centered avia-builder-el-12 avia-builder-el-no-sibling \">\n<h2 class=\"av-special-heading-tag\">Brave Finesse<\/h2>\n<\/div>\n<\/div>\n<div class=\"flex_column av-9k6n0-13-5ab341126d80e3154c0e8cf1629c6fe1 av_one_full avia-builder-el-13 el_after_av_one_full avia-builder-el-last first flex_column_div av-zero-column-padding column-top-margin\">\n<section class=\"av_textblock_section av-kjog7pxe-3fdac9325328be63c9f1f043669b0f66 \">\n<div class=\"avia_textblock\">\n<p>Eredi del celebre Team Daiwa Brave, questi fluorocarbon sono il risultato di oltre due anni di ricerca e sviluppo per offrire ai pescatori di tutto il mondo il miglior fluorocarbon Giapponese. Le caratteristiche di invisibilit\u00e0, rigidit\u00e0 e bassa elasticit\u00e0 sono state mantenute invariate, mentre la resistenza all\u2019abrasione e la tenuta al nodo sono addirittura migliorate. I Finesse sono ideali per la pesca in acqua dolce ed in particolare per la trota lago e il feeder.Il Brave \u00e8 inoltre imbobinato con l\u2019esclusivo sistema DPLS a spire parallele.<\/p>\n<\/div>\n<\/section>\n<\/div>\n<\/div>\n<\/div>\n<\/div>\n<\/div>\n<\/div>\n<div id=\"caratteristiche\" class=\"avia-section av-ho9as-14-70f4fee1f6dae8f4cbbad865d5b39832 main_color avia-section-small avia-no-border-styling avia-builder-el-15 el_after_av_section el_before_av_section avia-bg-style-scroll container_wrap fullsize\">\n<div class=\"container av-section-cont-open\">\n<div class=\"template-page content av-content-full alpha units\">\n<div class=\"post-entry post-entry-type-page post-entry-1780\">\n<div class=\"entry-content-wrapper clearfix\">\n<div class=\"flex_column av-9k6n0-12-e4069b87ebb356662631a3779d5b0b48 av_one_full avia-builder-el-16 el_before_av_one_third avia-builder-el-first first flex_column_div av-zero-column-padding \">\n<div class=\"av-special-heading av-2rzsf8-5231b1e36ad157d0d94e8375ae5cea45 av-special-heading-h3 blockquote elegant-quote elegant-centered avia-builder-el-17 avia-builder-el-no-sibling \">\n<p class=\"av-special-heading-tag\"><strong><span class=\"heading-wrap\">Caratteristiche:<\/span><\/strong><\/p>\n<\/div>\n<\/div>\n<div class=\"flex_column av-9k6n0-9-c83580d0a220d8ad0d9578539d352f3e av_one_third avia-builder-el-18 el_after_av_one_full el_before_av_one_third first flex_column_div av-zero-column-padding column-top-margin\">\n<section class=\"av_textblock_section av-kjog7pxe-11-f5fd216dfc6cea7688255b98b31af587 \">\n<div class=\"avia_textblock\">\n<p>\u2022 Prodotto in Giappone<br \/>\n\u2022 Fluorocarbon di elevata qualit\u00e0<br \/>\n\u2022 Elevata resistenza all\u2019abrasione e ottima tenuta al nodo<br \/>\n\u2022 Indice di rifrazione bassissimo per massima invisibilit\u00e0<br \/>\n\u2022 Ideale per l\u2019uso in acqua dolce<\/p>\n<p><strong>Disponibile nelle seguenti varianti:<\/strong><br \/>\n<strong>FB0138<\/strong>\u00a0 0,138 mm \/ 2,5 lb<br \/>\n<strong>FB0158<\/strong>\u00a0 0,158 mm \/ 3,5 lb<br \/>\n<strong>FB0165<\/strong>\u00a0 0,165 mm \/ 4 lb<br \/>\n<strong>FB0180<\/strong>\u00a0 0,180 mm \/ 4,5 lb<\/p>\n<\/div>\n<\/section>\n<\/div>\n<\/div>\n<\/div>\n<\/div>\n<\/div>\n<\/div>\n","protected":false},"excerpt":{"rendered":"<p>Brave Finesse Eredi del celebre Team Daiwa Brave, questi fluorocarbon sono il risultato di oltre due anni di ricerca e sviluppo per offrire ai pescatori di tutto il mondo il miglior fluorocarbon Giapponese. Le caratteristiche di invisibilit\u00e0, rigidit\u00e0 e bassa elasticit\u00e0 sono state mantenute invariate, mentre la resistenza all\u2019abrasione e la tenuta al nodo sono [&hellip;]<\/p>\n","protected":false},"featured_media":96445,"comment_status":"closed","ping_status":"closed","template":"","meta":[],"product_cat":[210],"product_tag":[1051],"yoast_head":"<!-- This site is optimized with the Yoast SEO plugin v15.3 - https:\/\/yoast.com\/wordpress\/plugins\/seo\/ -->\n<title>Brave Finesse - Daiwa - Pesca Fish<\/title>\n<meta name=\"robots\" content=\"index, follow, max-snippet:-1, max-image-preview:large, max-video-preview:-1\" \/>\n<link rel=\"canonical\" href=\"https:\/\/www.pescafish.it\/new\/prodotto\/brave-finesse-daiwa\/\" \/>\n<meta property=\"og:locale\" content=\"it_IT\" \/>\n<meta property=\"og:type\" content=\"article\" \/>\n<meta property=\"og:title\" content=\"Brave Finesse - Daiwa - Pesca Fish\" \/>\n<meta property=\"og:description\" content=\"Brave Finesse Eredi del celebre Team Daiwa Brave, questi fluorocarbon sono il risultato di oltre due anni di ricerca e sviluppo per offrire ai pescatori di tutto il mondo il miglior fluorocarbon Giapponese. Le caratteristiche di invisibilit\u00e0, rigidit\u00e0 e bassa elasticit\u00e0 sono state mantenute invariate, mentre la resistenza all\u2019abrasione e la tenuta al nodo sono [&hellip;]\" \/>\n<meta property=\"og:url\" content=\"https:\/\/www.pescafish.it\/new\/prodotto\/brave-finesse-daiwa\/\" \/>\n<meta property=\"og:site_name\" content=\"Pesca Fish\" \/>\n<meta property=\"article:publisher\" content=\"https:\/\/www.facebook.com\/pescafishvr\/\" \/>\n<meta property=\"article:modified_time\" content=\"2024-06-23T20:50:51+00:00\" \/>\n<meta property=\"og:image\" content=\"https:\/\/www.pescafish.it\/new\/wp-content\/uploads\/2024\/05\/BRAVE.jpg\" \/>\n\t<meta property=\"og:image:width\" content=\"900\" \/>\n\t<meta property=\"og:image:height\" content=\"900\" \/>\n<meta name=\"twitter:card\" content=\"summary_large_image\" \/>\n<meta name=\"twitter:label1\" content=\"Scritto da\">\n\t<meta name=\"twitter:data1\" content=\"francesca\">\n\t<meta name=\"twitter:label2\" content=\"Tempo di lettura stimato\">\n\t<meta name=\"twitter:data2\" content=\"1 minuto\">\n<script type=\"application\/ld+json\" class=\"yoast-schema-graph\">{\"@context\":\"https:\/\/schema.org\",\"@graph\":[{\"@type\":\"WebSite\",\"@id\":\"https:\/\/www.pescafish.it\/new\/#website\",\"url\":\"https:\/\/www.pescafish.it\/new\/\",\"name\":\"Pesca Fish\",\"description\":\"Benvenuti sul nostro sito!\",\"potentialAction\":[{\"@type\":\"SearchAction\",\"target\":\"https:\/\/www.pescafish.it\/new\/?s={search_term_string}\",\"query-input\":\"required name=search_term_string\"}],\"inLanguage\":\"it-IT\"},{\"@type\":\"ImageObject\",\"@id\":\"https:\/\/www.pescafish.it\/new\/prodotto\/brave-finesse-daiwa\/#primaryimage\",\"inLanguage\":\"it-IT\",\"url\":\"https:\/\/www.pescafish.it\/new\/wp-content\/uploads\/2024\/05\/BRAVE.jpg\",\"width\":900,\"height\":900,\"caption\":\"Daiwa\"},{\"@type\":\"WebPage\",\"@id\":\"https:\/\/www.pescafish.it\/new\/prodotto\/brave-finesse-daiwa\/#webpage\",\"url\":\"https:\/\/www.pescafish.it\/new\/prodotto\/brave-finesse-daiwa\/\",\"name\":\"Brave Finesse - Daiwa - Pesca Fish\",\"isPartOf\":{\"@id\":\"https:\/\/www.pescafish.it\/new\/#website\"},\"primaryImageOfPage\":{\"@id\":\"https:\/\/www.pescafish.it\/new\/prodotto\/brave-finesse-daiwa\/#primaryimage\"},\"datePublished\":\"2024-05-31T08:33:52+00:00\",\"dateModified\":\"2024-06-23T20:50:51+00:00\",\"inLanguage\":\"it-IT\",\"potentialAction\":[{\"@type\":\"ReadAction\",\"target\":[\"https:\/\/www.pescafish.it\/new\/prodotto\/brave-finesse-daiwa\/\"]}]}]}<\/script>\n<!-- \/ Yoast SEO plugin. -->","_links":{"self":[{"href":"https:\/\/www.pescafish.it\/new\/wp-json\/wp\/v2\/product\/96444"}],"collection":[{"href":"https:\/\/www.pescafish.it\/new\/wp-json\/wp\/v2\/product"}],"about":[{"href":"https:\/\/www.pescafish.it\/new\/wp-json\/wp\/v2\/types\/product"}],"replies":[{"embeddable":true,"href":"https:\/\/www.pescafish.it\/new\/wp-json\/wp\/v2\/comments?post=96444"}],"wp:featuredmedia":[{"embeddable":true,"href":"https:\/\/www.pescafish.it\/new\/wp-json\/wp\/v2\/media\/96445"}],"wp:attachment":[{"href":"https:\/\/www.pescafish.it\/new\/wp-json\/wp\/v2\/media?parent=96444"}],"wp:term":[{"taxonomy":"product_cat","embeddable":true,"href":"https:\/\/www.pescafish.it\/new\/wp-json\/wp\/v2\/product_cat?post=96444"},{"taxonomy":"product_tag","embeddable":true,"href":"https:\/\/www.pescafish.it\/new\/wp-json\/wp\/v2\/product_tag?post=96444"}],"curies":[{"name":"wp","href":"https:\/\/api.w.org\/{rel}","templated":true}]}}