{"id":96428,"date":"2024-05-30T09:47:03","date_gmt":"2024-05-30T07:47:03","guid":{"rendered":"https:\/\/www.pescafish.it\/new\/?post_type=product&#038;p=96428"},"modified":"2025-01-11T11:12:51","modified_gmt":"2025-01-11T10:12:51","slug":"orient-power-plus-leon-hoogendijk","status":"publish","type":"product","link":"https:\/\/www.pescafish.it\/new\/prodotto\/orient-power-plus-leon-hoogendijk\/","title":{"rendered":"Orient Power Plus\u00a0&#8211; Leon Hoogendijk"},"content":{"rendered":"<h2>Orient Power Plus<\/h2>\n<div>Nel 1994 venne creata una canna rivoluzionaria: la Orient Power Plus Leon Hoogendijk! All&#8217;epoca, le prestazioni di questa canna superavano tutto ci\u00f2 che esisteva in termini di canne da carpa di fascia alta. Grazie alla composizione specifica e molto tecnica del suo grezzo, questa canna ad azione modulabile lancia pi\u00f9 lontano con maggiore precisione ed \u00e8 stata una vera delizia quando si combatte con carpe di tutte le dimensioni. Poco pi\u00f9 di 25 anni dopo ritroviamo questa estrema versatilit\u00e0 nella nuova serie di canne Orient Power Plus edizione 2020!<\/div>\n<div><\/div>\n<div>Esteticamente rimaniamo vicini alla versione originale: fusto olografico blu, anello di rinforzo Gunsmoke sulla parte femmina del raccordo rovesciato rinforzato, portamulinello Fuji Gunsmoke affidabile e sicuro. Il tipico pomello sul calcio (molto utile) \u00e8 stato fin dall&#8217;inizio la firma delle canne Orient Power! Ci\u00f2 che \u00e8 cambiato sono gli anelli, non nel diametro ma nel modello: Kigan ZD Anti Tangle con montatura in acciaio inossidabile (finitura Gunsmoke) con anello in Zirconio! Questi anelli di alta gamma, molto leggeri e resistenti, ottimizzano lo scorrimento dei nylon e dei trecciati e prolungano la vita della vostra lenza madre e aumentano la distanza dei lanci. La loro forma specifica elimina qualsiasi rischio di aggrovigliamento della lenza principale o del terminale attorno ad un anello, anche se si utilizza un terminale di grande diametro collegato ad un trecciato. Le legature nere con \u201ctipping\u201d blu metallizzato assicurano alle canne un aspetto sobrio e di grande classe.<\/div>\n<div><\/div>\n<div>Queste canne permettono inoltre di lanciare i vostri terminali con grande precisione grazie alla loro capacit\u00e0 di misurare con precisione le forze trasmesse durante il lancio, propriet\u00e0 specifica delle canne ad azione progressiva. Questa stessa azione unica che agisce su tutta la lunghezza dei fusti permette un migliore controllo del pesce durante i combattimenti in ogni circostanza. Insomma, quando lanci e quando combatti con queste canne riconosci il marchio Leon Hoogendijk, ti \u200b\u200bsenti sicuro e provi puro piacere<\/div>\n<div><\/div>\n<div><strong>Caratteristiche:<\/strong><br \/>\n<strong>Action<\/strong> : Semi parabolic.<br \/>\n<strong>Blank<\/strong> : Carbone HM TORAY 46T.<br \/>\n<strong>Rings<\/strong> : KIGAN KW.<br \/>\n<strong>Reel seat<\/strong> : Fuji DPS-1M8B.<\/div>\n<div><\/div>\n<div><strong>Disponibile nelle seguenti varianti:<br \/>\n150351\u00a0 <\/strong>10ft 3.5lb<strong><br \/>\n150352<\/strong>\u00a0 12ft 3.5lb<br \/>\n<strong>150353<\/strong>\u00a0 13ft 3.5lb<\/div>\n","protected":false},"excerpt":{"rendered":"<p>Orient Power Plus Nel 1994 venne creata una canna rivoluzionaria: la Orient Power Plus Leon Hoogendijk! All&#8217;epoca, le prestazioni di questa canna superavano tutto ci\u00f2 che esisteva in termini di canne da carpa di fascia alta. Grazie alla composizione specifica e molto tecnica del suo grezzo, questa canna ad azione modulabile lancia pi\u00f9 lontano con [&hellip;]<\/p>\n","protected":false},"featured_media":96429,"comment_status":"closed","ping_status":"closed","template":"","meta":[],"product_cat":[260],"product_tag":[1153],"yoast_head":"<!-- This site is optimized with the Yoast SEO plugin v15.3 - https:\/\/yoast.com\/wordpress\/plugins\/seo\/ -->\n<title>Orient Power Plus\u00a0- Leon Hoogendijk - Pesca Fish<\/title>\n<meta name=\"robots\" content=\"index, follow, max-snippet:-1, max-image-preview:large, max-video-preview:-1\" \/>\n<link rel=\"canonical\" href=\"https:\/\/www.pescafish.it\/new\/prodotto\/orient-power-plus-leon-hoogendijk\/\" \/>\n<meta property=\"og:locale\" content=\"it_IT\" \/>\n<meta property=\"og:type\" content=\"article\" \/>\n<meta property=\"og:title\" content=\"Orient Power Plus\u00a0- Leon Hoogendijk - Pesca Fish\" \/>\n<meta property=\"og:description\" content=\"Orient Power Plus Nel 1994 venne creata una canna rivoluzionaria: la Orient Power Plus Leon Hoogendijk! All&#8217;epoca, le prestazioni di questa canna superavano tutto ci\u00f2 che esisteva in termini di canne da carpa di fascia alta. Grazie alla composizione specifica e molto tecnica del suo grezzo, questa canna ad azione modulabile lancia pi\u00f9 lontano con [&hellip;]\" \/>\n<meta property=\"og:url\" content=\"https:\/\/www.pescafish.it\/new\/prodotto\/orient-power-plus-leon-hoogendijk\/\" \/>\n<meta property=\"og:site_name\" content=\"Pesca Fish\" \/>\n<meta property=\"article:publisher\" content=\"https:\/\/www.facebook.com\/pescafishvr\/\" \/>\n<meta property=\"article:modified_time\" content=\"2025-01-11T10:12:51+00:00\" \/>\n<meta property=\"og:image\" content=\"https:\/\/www.pescafish.it\/new\/wp-content\/uploads\/2024\/05\/LEON.jpg\" \/>\n\t<meta property=\"og:image:width\" content=\"789\" \/>\n\t<meta property=\"og:image:height\" content=\"794\" \/>\n<meta name=\"twitter:card\" content=\"summary_large_image\" \/>\n<meta name=\"twitter:label1\" content=\"Scritto da\">\n\t<meta name=\"twitter:data1\" content=\"francesca\">\n\t<meta name=\"twitter:label2\" content=\"Tempo di lettura stimato\">\n\t<meta name=\"twitter:data2\" content=\"1 minuto\">\n<script type=\"application\/ld+json\" class=\"yoast-schema-graph\">{\"@context\":\"https:\/\/schema.org\",\"@graph\":[{\"@type\":\"WebSite\",\"@id\":\"https:\/\/www.pescafish.it\/new\/#website\",\"url\":\"https:\/\/www.pescafish.it\/new\/\",\"name\":\"Pesca Fish\",\"description\":\"Benvenuti sul nostro sito!\",\"potentialAction\":[{\"@type\":\"SearchAction\",\"target\":\"https:\/\/www.pescafish.it\/new\/?s={search_term_string}\",\"query-input\":\"required name=search_term_string\"}],\"inLanguage\":\"it-IT\"},{\"@type\":\"ImageObject\",\"@id\":\"https:\/\/www.pescafish.it\/new\/prodotto\/orient-power-plus-leon-hoogendijk\/#primaryimage\",\"inLanguage\":\"it-IT\",\"url\":\"https:\/\/www.pescafish.it\/new\/wp-content\/uploads\/2024\/05\/LEON.jpg\",\"width\":789,\"height\":794,\"caption\":\"Leon Hoogendijk\"},{\"@type\":\"WebPage\",\"@id\":\"https:\/\/www.pescafish.it\/new\/prodotto\/orient-power-plus-leon-hoogendijk\/#webpage\",\"url\":\"https:\/\/www.pescafish.it\/new\/prodotto\/orient-power-plus-leon-hoogendijk\/\",\"name\":\"Orient Power Plus\\u00a0- Leon Hoogendijk - Pesca Fish\",\"isPartOf\":{\"@id\":\"https:\/\/www.pescafish.it\/new\/#website\"},\"primaryImageOfPage\":{\"@id\":\"https:\/\/www.pescafish.it\/new\/prodotto\/orient-power-plus-leon-hoogendijk\/#primaryimage\"},\"datePublished\":\"2024-05-30T07:47:03+00:00\",\"dateModified\":\"2025-01-11T10:12:51+00:00\",\"inLanguage\":\"it-IT\",\"potentialAction\":[{\"@type\":\"ReadAction\",\"target\":[\"https:\/\/www.pescafish.it\/new\/prodotto\/orient-power-plus-leon-hoogendijk\/\"]}]}]}<\/script>\n<!-- \/ Yoast SEO plugin. -->","_links":{"self":[{"href":"https:\/\/www.pescafish.it\/new\/wp-json\/wp\/v2\/product\/96428"}],"collection":[{"href":"https:\/\/www.pescafish.it\/new\/wp-json\/wp\/v2\/product"}],"about":[{"href":"https:\/\/www.pescafish.it\/new\/wp-json\/wp\/v2\/types\/product"}],"replies":[{"embeddable":true,"href":"https:\/\/www.pescafish.it\/new\/wp-json\/wp\/v2\/comments?post=96428"}],"wp:featuredmedia":[{"embeddable":true,"href":"https:\/\/www.pescafish.it\/new\/wp-json\/wp\/v2\/media\/96429"}],"wp:attachment":[{"href":"https:\/\/www.pescafish.it\/new\/wp-json\/wp\/v2\/media?parent=96428"}],"wp:term":[{"taxonomy":"product_cat","embeddable":true,"href":"https:\/\/www.pescafish.it\/new\/wp-json\/wp\/v2\/product_cat?post=96428"},{"taxonomy":"product_tag","embeddable":true,"href":"https:\/\/www.pescafish.it\/new\/wp-json\/wp\/v2\/product_tag?post=96428"}],"curies":[{"name":"wp","href":"https:\/\/api.w.org\/{rel}","templated":true}]}}