{"id":96349,"date":"2024-05-27T18:06:15","date_gmt":"2024-05-27T16:06:15","guid":{"rendered":"https:\/\/www.pescafish.it\/new\/?post_type=product&#038;p=96349"},"modified":"2024-11-26T10:02:32","modified_gmt":"2024-11-26T09:02:32","slug":"touchdown-brown-korda","status":"publish","type":"product","link":"https:\/\/www.pescafish.it\/new\/prodotto\/touchdown-brown-korda\/","title":{"rendered":"Touchdown Brown &#8211; Korda"},"content":{"rendered":"<h2>Touchdown Brown<\/h2>\n<p>Il Touchdown \u00e8 stato specificamente progettato come un versatile filo all round. Le propriet\u00e0 combinate touchdown permettono al pescatore di utilizzare un filo per ogni situazione. Le caratteristiche di bassa elasticit\u00e0 del filo massimizza l&#8217;indicazione e il potenziale di lancio, pur mantenendo le qualit\u00e0 morbide e sottili. Touchdown affonda permettendo cos\u00ec al filo che si nasconda e tagli la tensione superficiale per ridurre &#8220;pancie&#8221; del filo dopo il lancio. Touchdown mantiene una tenuta al nodo incredibile, e le caratteristiche resistenti all&#8217;abrasione consentono di portare a riva il pesce nella maggior parte dei luoghi di pesca.<\/p>\n<p><b>Disponibile nelle seguenti variante:<br \/>\nKTDB10<\/b>\u00a0 0,30mm &#8211; 10lb &#8211; Brown<br \/>\n<b>KTDB12<\/b>\u00a0 0,35mm &#8211; 12lb &#8211; Brown<br \/>\n<b>KTDB15<\/b>\u00a0 0,40mm &#8211; 15lb &#8211; Brown<br \/>\n<strong>KTDB20<\/strong> 0,43mm &#8211; 20lb &#8211; Brown<\/p>\n<p><b>Bobina da 1000mt<\/b><\/p>\n","protected":false},"excerpt":{"rendered":"<p>Touchdown Brown Il Touchdown \u00e8 stato specificamente progettato come un versatile filo all round. Le propriet\u00e0 combinate touchdown permettono al pescatore di utilizzare un filo per ogni situazione. Le caratteristiche di bassa elasticit\u00e0 del filo massimizza l&#8217;indicazione e il potenziale di lancio, pur mantenendo le qualit\u00e0 morbide e sottili. Touchdown affonda permettendo cos\u00ec al filo [&hellip;]<\/p>\n","protected":false},"featured_media":96350,"comment_status":"closed","ping_status":"closed","template":"","meta":[],"product_cat":[727],"product_tag":[1018],"yoast_head":"<!-- This site is optimized with the Yoast SEO plugin v15.3 - https:\/\/yoast.com\/wordpress\/plugins\/seo\/ -->\n<title>Touchdown Brown - Korda - Pesca Fish<\/title>\n<meta name=\"robots\" content=\"index, follow, max-snippet:-1, max-image-preview:large, max-video-preview:-1\" \/>\n<link rel=\"canonical\" href=\"https:\/\/www.pescafish.it\/new\/prodotto\/touchdown-brown-korda\/\" \/>\n<meta property=\"og:locale\" content=\"it_IT\" \/>\n<meta property=\"og:type\" content=\"article\" \/>\n<meta property=\"og:title\" content=\"Touchdown Brown - Korda - Pesca Fish\" \/>\n<meta property=\"og:description\" content=\"Touchdown Brown Il Touchdown \u00e8 stato specificamente progettato come un versatile filo all round. Le propriet\u00e0 combinate touchdown permettono al pescatore di utilizzare un filo per ogni situazione. Le caratteristiche di bassa elasticit\u00e0 del filo massimizza l&#8217;indicazione e il potenziale di lancio, pur mantenendo le qualit\u00e0 morbide e sottili. Touchdown affonda permettendo cos\u00ec al filo [&hellip;]\" \/>\n<meta property=\"og:url\" content=\"https:\/\/www.pescafish.it\/new\/prodotto\/touchdown-brown-korda\/\" \/>\n<meta property=\"og:site_name\" content=\"Pesca Fish\" \/>\n<meta property=\"article:publisher\" content=\"https:\/\/www.facebook.com\/pescafishvr\/\" \/>\n<meta property=\"article:modified_time\" content=\"2024-11-26T09:02:32+00:00\" \/>\n<meta property=\"og:image\" content=\"https:\/\/www.pescafish.it\/new\/wp-content\/uploads\/2024\/05\/KTDB.jpg\" \/>\n\t<meta property=\"og:image:width\" content=\"789\" \/>\n\t<meta property=\"og:image:height\" content=\"794\" \/>\n<meta name=\"twitter:card\" content=\"summary_large_image\" \/>\n<meta name=\"twitter:label1\" content=\"Scritto da\">\n\t<meta name=\"twitter:data1\" content=\"francesca\">\n\t<meta name=\"twitter:label2\" content=\"Tempo di lettura stimato\">\n\t<meta name=\"twitter:data2\" content=\"1 minuto\">\n<script type=\"application\/ld+json\" class=\"yoast-schema-graph\">{\"@context\":\"https:\/\/schema.org\",\"@graph\":[{\"@type\":\"WebSite\",\"@id\":\"https:\/\/www.pescafish.it\/new\/#website\",\"url\":\"https:\/\/www.pescafish.it\/new\/\",\"name\":\"Pesca Fish\",\"description\":\"Benvenuti sul nostro sito!\",\"potentialAction\":[{\"@type\":\"SearchAction\",\"target\":\"https:\/\/www.pescafish.it\/new\/?s={search_term_string}\",\"query-input\":\"required name=search_term_string\"}],\"inLanguage\":\"it-IT\"},{\"@type\":\"ImageObject\",\"@id\":\"https:\/\/www.pescafish.it\/new\/prodotto\/touchdown-brown-korda\/#primaryimage\",\"inLanguage\":\"it-IT\",\"url\":\"https:\/\/www.pescafish.it\/new\/wp-content\/uploads\/2024\/05\/KTDB.jpg\",\"width\":789,\"height\":794,\"caption\":\"Korda\"},{\"@type\":\"WebPage\",\"@id\":\"https:\/\/www.pescafish.it\/new\/prodotto\/touchdown-brown-korda\/#webpage\",\"url\":\"https:\/\/www.pescafish.it\/new\/prodotto\/touchdown-brown-korda\/\",\"name\":\"Touchdown Brown - Korda - Pesca Fish\",\"isPartOf\":{\"@id\":\"https:\/\/www.pescafish.it\/new\/#website\"},\"primaryImageOfPage\":{\"@id\":\"https:\/\/www.pescafish.it\/new\/prodotto\/touchdown-brown-korda\/#primaryimage\"},\"datePublished\":\"2024-05-27T16:06:15+00:00\",\"dateModified\":\"2024-11-26T09:02:32+00:00\",\"inLanguage\":\"it-IT\",\"potentialAction\":[{\"@type\":\"ReadAction\",\"target\":[\"https:\/\/www.pescafish.it\/new\/prodotto\/touchdown-brown-korda\/\"]}]}]}<\/script>\n<!-- \/ Yoast SEO plugin. -->","_links":{"self":[{"href":"https:\/\/www.pescafish.it\/new\/wp-json\/wp\/v2\/product\/96349"}],"collection":[{"href":"https:\/\/www.pescafish.it\/new\/wp-json\/wp\/v2\/product"}],"about":[{"href":"https:\/\/www.pescafish.it\/new\/wp-json\/wp\/v2\/types\/product"}],"replies":[{"embeddable":true,"href":"https:\/\/www.pescafish.it\/new\/wp-json\/wp\/v2\/comments?post=96349"}],"wp:featuredmedia":[{"embeddable":true,"href":"https:\/\/www.pescafish.it\/new\/wp-json\/wp\/v2\/media\/96350"}],"wp:attachment":[{"href":"https:\/\/www.pescafish.it\/new\/wp-json\/wp\/v2\/media?parent=96349"}],"wp:term":[{"taxonomy":"product_cat","embeddable":true,"href":"https:\/\/www.pescafish.it\/new\/wp-json\/wp\/v2\/product_cat?post=96349"},{"taxonomy":"product_tag","embeddable":true,"href":"https:\/\/www.pescafish.it\/new\/wp-json\/wp\/v2\/product_tag?post=96349"}],"curies":[{"name":"wp","href":"https:\/\/api.w.org\/{rel}","templated":true}]}}