{"id":96330,"date":"2024-05-27T17:06:50","date_gmt":"2024-05-27T15:06:50","guid":{"rendered":"https:\/\/www.pescafish.it\/new\/?post_type=product&#038;p=96330"},"modified":"2024-05-27T17:06:50","modified_gmt":"2024-05-27T15:06:50","slug":"compac-framed-carryall-large-korda","status":"publish","type":"product","link":"https:\/\/www.pescafish.it\/new\/prodotto\/compac-framed-carryall-large-korda\/","title":{"rendered":"Compac Framed Carryall Large &#8211; Korda"},"content":{"rendered":"<h2>Compac Framed Carryall Large<\/h2>\n<p><span>Il Korda Compac Large Framed Carryall \u00e8 la pi\u00f9 grande delle due versioni, con una capacit\u00e0 interna di 31 litri che offre molteplici opzioni di stoccaggio interno ed esterno. Vanta un telaio in alluminio verniciato a polvere per resistenza e rigidit\u00e0.\u00a0<\/span><\/p>\n<p><span>In realt\u00e0 si basa su un design molto antico e classico, lo zaino originale Efgeeco che aveva un telaio e gambe, che assicuravano che lo tenesse lontano dal fango o dall&#8217;acqua quando era a terra.<\/span><\/p>\n<p><span>Internamente \u00e8 presente uno scomparto aperto per riporre oggetti pi\u00f9 ingombranti, accompagnato da un vassoio sagomato staccabile progettato per essere utilizzato come tavolo da bivvy. Se il vassoio sagomato viene rimosso, il coperchio rigido e imbottito pu\u00f2 fungere anche da tavolo.<\/span><\/p>\n<p><span>Esternamente, il borsone \u00e8 dotato di cinque tasche, quattro delle quali sono progettate per integrare le buste EVA Compac 100, 110, 125 e 140.\u00a0<\/span><\/p>\n<p><span>La tasca frontale \u00e8 abbastanza grande da contenere una Korda Tackle Box, contribuendo a massimizzare lo spazio all&#8217;interno dello scomparto principale. La tasca frontale \u00e8 dotata di due organizzatori interni che possono essere configurati per soddisfare le tue esigenze individuali, mentre le tasche terminali sono dotate di porte sagomate per un facile accesso ai cavi di ricarica.<\/span><\/p>\n<p><span>Il borsone poggia su quattro piedini antifango autolivellanti. Ci\u00f2 non solo mantiene la stabilit\u00e0, ma solleva anche la base del borsone dal pavimento, rendendolo ideale per la pesca in quelle nuotate &#8220;non cos\u00ec ideali&#8221;.<\/span><\/p>\n<p><span>I bagagli Compac sono realizzati utilizzando tessuti ad alte prestazioni e componenti di livello militare, creando un sistema di bagagli organizzato, resistente, leggero e durevole.<\/span><\/p>\n<p><span><strong>Dimensioni:<\/strong> 59 cm x 36 cm x 44 cm<br \/>\n<\/span><span><strong>Dimensioni dello scomparto principale:<\/strong> 45 cm x 22 cm x 32 cm \/ 31 litri<\/span><\/p>\n","protected":false},"excerpt":{"rendered":"<p>Compac Framed Carryall Large Il Korda Compac Large Framed Carryall \u00e8 la pi\u00f9 grande delle due versioni, con una capacit\u00e0 interna di 31 litri che offre molteplici opzioni di stoccaggio interno ed esterno. Vanta un telaio in alluminio verniciato a polvere per resistenza e rigidit\u00e0.\u00a0 In realt\u00e0 si basa su un design molto antico e [&hellip;]<\/p>\n","protected":false},"featured_media":96331,"comment_status":"closed","ping_status":"closed","template":"","meta":[],"product_cat":[1145],"product_tag":[1018],"yoast_head":"<!-- This site is optimized with the Yoast SEO plugin v15.3 - https:\/\/yoast.com\/wordpress\/plugins\/seo\/ -->\n<title>Compac Framed Carryall Large - Korda - Pesca Fish<\/title>\n<meta name=\"robots\" content=\"index, follow, max-snippet:-1, max-image-preview:large, max-video-preview:-1\" \/>\n<link rel=\"canonical\" href=\"https:\/\/www.pescafish.it\/new\/prodotto\/compac-framed-carryall-large-korda\/\" \/>\n<meta property=\"og:locale\" content=\"it_IT\" \/>\n<meta property=\"og:type\" content=\"article\" \/>\n<meta property=\"og:title\" content=\"Compac Framed Carryall Large - Korda - Pesca Fish\" \/>\n<meta property=\"og:description\" content=\"Compac Framed Carryall Large Il Korda Compac Large Framed Carryall \u00e8 la pi\u00f9 grande delle due versioni, con una capacit\u00e0 interna di 31 litri che offre molteplici opzioni di stoccaggio interno ed esterno. Vanta un telaio in alluminio verniciato a polvere per resistenza e rigidit\u00e0.\u00a0 In realt\u00e0 si basa su un design molto antico e [&hellip;]\" \/>\n<meta property=\"og:url\" content=\"https:\/\/www.pescafish.it\/new\/prodotto\/compac-framed-carryall-large-korda\/\" \/>\n<meta property=\"og:site_name\" content=\"Pesca Fish\" \/>\n<meta property=\"article:publisher\" content=\"https:\/\/www.facebook.com\/pescafishvr\/\" \/>\n<meta property=\"og:image\" content=\"https:\/\/www.pescafish.it\/new\/wp-content\/uploads\/2024\/05\/KLUG75.jpg\" \/>\n\t<meta property=\"og:image:width\" content=\"789\" \/>\n\t<meta property=\"og:image:height\" content=\"794\" \/>\n<meta name=\"twitter:card\" content=\"summary_large_image\" \/>\n<meta name=\"twitter:label1\" content=\"Scritto da\">\n\t<meta name=\"twitter:data1\" content=\"francesca\">\n\t<meta name=\"twitter:label2\" content=\"Tempo di lettura stimato\">\n\t<meta name=\"twitter:data2\" content=\"1 minuto\">\n<script type=\"application\/ld+json\" class=\"yoast-schema-graph\">{\"@context\":\"https:\/\/schema.org\",\"@graph\":[{\"@type\":\"WebSite\",\"@id\":\"https:\/\/www.pescafish.it\/new\/#website\",\"url\":\"https:\/\/www.pescafish.it\/new\/\",\"name\":\"Pesca Fish\",\"description\":\"Benvenuti sul nostro sito!\",\"potentialAction\":[{\"@type\":\"SearchAction\",\"target\":\"https:\/\/www.pescafish.it\/new\/?s={search_term_string}\",\"query-input\":\"required name=search_term_string\"}],\"inLanguage\":\"it-IT\"},{\"@type\":\"ImageObject\",\"@id\":\"https:\/\/www.pescafish.it\/new\/prodotto\/compac-framed-carryall-large-korda\/#primaryimage\",\"inLanguage\":\"it-IT\",\"url\":\"https:\/\/www.pescafish.it\/new\/wp-content\/uploads\/2024\/05\/KLUG75.jpg\",\"width\":789,\"height\":794,\"caption\":\"Korda\"},{\"@type\":\"WebPage\",\"@id\":\"https:\/\/www.pescafish.it\/new\/prodotto\/compac-framed-carryall-large-korda\/#webpage\",\"url\":\"https:\/\/www.pescafish.it\/new\/prodotto\/compac-framed-carryall-large-korda\/\",\"name\":\"Compac Framed Carryall Large - Korda - Pesca Fish\",\"isPartOf\":{\"@id\":\"https:\/\/www.pescafish.it\/new\/#website\"},\"primaryImageOfPage\":{\"@id\":\"https:\/\/www.pescafish.it\/new\/prodotto\/compac-framed-carryall-large-korda\/#primaryimage\"},\"datePublished\":\"2024-05-27T15:06:50+00:00\",\"dateModified\":\"2024-05-27T15:06:50+00:00\",\"inLanguage\":\"it-IT\",\"potentialAction\":[{\"@type\":\"ReadAction\",\"target\":[\"https:\/\/www.pescafish.it\/new\/prodotto\/compac-framed-carryall-large-korda\/\"]}]}]}<\/script>\n<!-- \/ Yoast SEO plugin. -->","_links":{"self":[{"href":"https:\/\/www.pescafish.it\/new\/wp-json\/wp\/v2\/product\/96330"}],"collection":[{"href":"https:\/\/www.pescafish.it\/new\/wp-json\/wp\/v2\/product"}],"about":[{"href":"https:\/\/www.pescafish.it\/new\/wp-json\/wp\/v2\/types\/product"}],"replies":[{"embeddable":true,"href":"https:\/\/www.pescafish.it\/new\/wp-json\/wp\/v2\/comments?post=96330"}],"wp:featuredmedia":[{"embeddable":true,"href":"https:\/\/www.pescafish.it\/new\/wp-json\/wp\/v2\/media\/96331"}],"wp:attachment":[{"href":"https:\/\/www.pescafish.it\/new\/wp-json\/wp\/v2\/media?parent=96330"}],"wp:term":[{"taxonomy":"product_cat","embeddable":true,"href":"https:\/\/www.pescafish.it\/new\/wp-json\/wp\/v2\/product_cat?post=96330"},{"taxonomy":"product_tag","embeddable":true,"href":"https:\/\/www.pescafish.it\/new\/wp-json\/wp\/v2\/product_tag?post=96330"}],"curies":[{"name":"wp","href":"https:\/\/api.w.org\/{rel}","templated":true}]}}