{"id":96282,"date":"2024-05-22T15:43:05","date_gmt":"2024-05-22T13:43:05","guid":{"rendered":"https:\/\/www.pescafish.it\/new\/?post_type=product&#038;p=96282"},"modified":"2024-05-22T15:43:05","modified_gmt":"2024-05-22T13:43:05","slug":"mulinello-forcemaster-9000-a-shimano","status":"publish","type":"product","link":"https:\/\/www.pescafish.it\/new\/prodotto\/mulinello-forcemaster-9000-a-shimano\/","title":{"rendered":"Mulinello Forcemaster 9000 A &#8211; Shimano"},"content":{"rendered":"<p>Il Forcemaster 9000 \u00e8 progettato per offrire il giusto compromesso tra prestazioni e praticit\u00e0. Con 4 modalit\u00e0 di programmazione, il motore elettrico genera alte velocit\u00e0 e allo stesso tempo offre una potenza di trascinamento impressionante. Perfetto per la pesca a fondo nelle acque pi\u00f9 profonde o dove si usa una quantit\u00e0 importante di lenza.<br \/>\nShimano ha progettato il Forcemaster 9000 per essere versatile e per soddisfare le esigenze dei pescatori che praticano il deep-dropping per i pesci di fondo o la pesca con i kite per i pesci vela e altre specie pelagiche. Se questo \u00e8 il tipo di pesca che fai, e vuoi esplorare i benefici dei mulinelli elettrici, \u00e8 un&#8217;ottima scelta e costa molto meno del suo fratello pi\u00f9 tecnologicamente avanzato Beastmaster 9000. Dotato di 25 kg di frizione per fornire la potenza necessaria sotto carichi immensi, il Forcemaster 9000 ha anche una velocit\u00e0 di recupero di 140 m al minuto.<br \/>\nIl Forcemaster 9000 incorpora un corpo HAGANE e il sistema Heat Free System II di Shimano per ridurre la temperatura interna del mulinello quando si combatte contro grandi pesci, permettendoti di concentrarti su ci\u00f2 che conta di pi\u00f9, non esaurire te stesso mentre tiri su un mulinello!. Lo schermo LCD a punti fini \u00e8 facile da leggere, anche in forte luce solare e la funzione E-Exciting Drag Sound si adatta alla macchina per farti sapere quanto duramente sta lavorando.<\/p>\n<p><strong>Modello:<\/strong> 9000 A<br \/>\n<strong>Capacit\u00e0 Bobina(PE-m):<\/strong> 6-1100, 8-900, 10-650, 12-550, 15-350<br \/>\n<strong>Rapporto di Recupero:<\/strong> 3.1:1<br \/>\n<strong>Max Drag:<\/strong> 25kg<br \/>\n<strong>Peso:<\/strong> 1515g<br \/>\n<strong>Line retrive:<\/strong> 88cm<br \/>\n<strong>Potenza operativa:<\/strong> 14kg<br \/>\n<strong>Velocit\u00e0 massima:<\/strong> 140 m\/min<br \/>\n<strong>Velocit\u00e0 massima_1kg:<\/strong> 120 m\/min<br \/>\n<strong>Velocit\u00e0 massima_10kg:<\/strong> 90 m\/min<br \/>\n.<br \/>\n<span style=\"color: #ff0000;\"><strong>DUE ANNI DI GARANZIA<\/strong><\/span><br \/>\n<span style=\"color: #ff0000;\"><strong>Da oggi per avere il TERZO ANNO DI GARANZIA, collegati al nuovo portale e registra il tuo prodotto su:<\/strong><\/span><br \/>\n<span style=\"color: #000000; background-color: #ffff00;\"><strong><a style=\"color: #000000; background-color: #ffff00;\" href=\"http:\/\/www.shimanofishnetwork.it\/garanzia\/sign_in\">http:\/\/www.shimanofishnetwork.it\/garanzia\/sign_in<\/a><\/strong><\/span><\/p>\n","protected":false},"excerpt":{"rendered":"<p>Il Forcemaster 9000 \u00e8 progettato per offrire il giusto compromesso tra prestazioni e praticit\u00e0. Con 4 modalit\u00e0 di programmazione, il motore elettrico genera alte velocit\u00e0 e allo stesso tempo offre una potenza di trascinamento impressionante. Perfetto per la pesca a fondo nelle acque pi\u00f9 profonde o dove si usa una quantit\u00e0 importante di lenza. Shimano [&hellip;]<\/p>\n","protected":false},"featured_media":96283,"comment_status":"closed","ping_status":"closed","template":"","meta":[],"product_cat":[102],"product_tag":[1023],"yoast_head":"<!-- This site is optimized with the Yoast SEO plugin v15.3 - https:\/\/yoast.com\/wordpress\/plugins\/seo\/ -->\n<title>Mulinello Forcemaster 9000 A - Shimano - Pesca Fish<\/title>\n<meta name=\"robots\" content=\"index, follow, max-snippet:-1, max-image-preview:large, max-video-preview:-1\" \/>\n<link rel=\"canonical\" href=\"https:\/\/www.pescafish.it\/new\/prodotto\/mulinello-forcemaster-9000-a-shimano\/\" \/>\n<meta property=\"og:locale\" content=\"it_IT\" \/>\n<meta property=\"og:type\" content=\"article\" \/>\n<meta property=\"og:title\" content=\"Mulinello Forcemaster 9000 A - Shimano - Pesca Fish\" \/>\n<meta property=\"og:description\" content=\"Il Forcemaster 9000 \u00e8 progettato per offrire il giusto compromesso tra prestazioni e praticit\u00e0. Con 4 modalit\u00e0 di programmazione, il motore elettrico genera alte velocit\u00e0 e allo stesso tempo offre una potenza di trascinamento impressionante. Perfetto per la pesca a fondo nelle acque pi\u00f9 profonde o dove si usa una quantit\u00e0 importante di lenza. Shimano [&hellip;]\" \/>\n<meta property=\"og:url\" content=\"https:\/\/www.pescafish.it\/new\/prodotto\/mulinello-forcemaster-9000-a-shimano\/\" \/>\n<meta property=\"og:site_name\" content=\"Pesca Fish\" \/>\n<meta property=\"article:publisher\" content=\"https:\/\/www.facebook.com\/pescafishvr\/\" \/>\n<meta property=\"og:image\" content=\"https:\/\/www.pescafish.it\/new\/wp-content\/uploads\/2024\/05\/FORCEMASTER-A.jpg\" \/>\n\t<meta property=\"og:image:width\" content=\"709\" \/>\n\t<meta property=\"og:image:height\" content=\"709\" \/>\n<meta name=\"twitter:card\" content=\"summary_large_image\" \/>\n<meta name=\"twitter:label1\" content=\"Scritto da\">\n\t<meta name=\"twitter:data1\" content=\"francesca\">\n\t<meta name=\"twitter:label2\" content=\"Tempo di lettura stimato\">\n\t<meta name=\"twitter:data2\" content=\"1 minuto\">\n<script type=\"application\/ld+json\" class=\"yoast-schema-graph\">{\"@context\":\"https:\/\/schema.org\",\"@graph\":[{\"@type\":\"WebSite\",\"@id\":\"https:\/\/www.pescafish.it\/new\/#website\",\"url\":\"https:\/\/www.pescafish.it\/new\/\",\"name\":\"Pesca Fish\",\"description\":\"Benvenuti sul nostro sito!\",\"potentialAction\":[{\"@type\":\"SearchAction\",\"target\":\"https:\/\/www.pescafish.it\/new\/?s={search_term_string}\",\"query-input\":\"required name=search_term_string\"}],\"inLanguage\":\"it-IT\"},{\"@type\":\"ImageObject\",\"@id\":\"https:\/\/www.pescafish.it\/new\/prodotto\/mulinello-forcemaster-9000-a-shimano\/#primaryimage\",\"inLanguage\":\"it-IT\",\"url\":\"https:\/\/www.pescafish.it\/new\/wp-content\/uploads\/2024\/05\/FORCEMASTER-A.jpg\",\"width\":709,\"height\":709,\"caption\":\"forcemaster 9000 a shimano\"},{\"@type\":\"WebPage\",\"@id\":\"https:\/\/www.pescafish.it\/new\/prodotto\/mulinello-forcemaster-9000-a-shimano\/#webpage\",\"url\":\"https:\/\/www.pescafish.it\/new\/prodotto\/mulinello-forcemaster-9000-a-shimano\/\",\"name\":\"Mulinello Forcemaster 9000 A - Shimano - Pesca Fish\",\"isPartOf\":{\"@id\":\"https:\/\/www.pescafish.it\/new\/#website\"},\"primaryImageOfPage\":{\"@id\":\"https:\/\/www.pescafish.it\/new\/prodotto\/mulinello-forcemaster-9000-a-shimano\/#primaryimage\"},\"datePublished\":\"2024-05-22T13:43:05+00:00\",\"dateModified\":\"2024-05-22T13:43:05+00:00\",\"inLanguage\":\"it-IT\",\"potentialAction\":[{\"@type\":\"ReadAction\",\"target\":[\"https:\/\/www.pescafish.it\/new\/prodotto\/mulinello-forcemaster-9000-a-shimano\/\"]}]}]}<\/script>\n<!-- \/ Yoast SEO plugin. -->","_links":{"self":[{"href":"https:\/\/www.pescafish.it\/new\/wp-json\/wp\/v2\/product\/96282"}],"collection":[{"href":"https:\/\/www.pescafish.it\/new\/wp-json\/wp\/v2\/product"}],"about":[{"href":"https:\/\/www.pescafish.it\/new\/wp-json\/wp\/v2\/types\/product"}],"replies":[{"embeddable":true,"href":"https:\/\/www.pescafish.it\/new\/wp-json\/wp\/v2\/comments?post=96282"}],"wp:featuredmedia":[{"embeddable":true,"href":"https:\/\/www.pescafish.it\/new\/wp-json\/wp\/v2\/media\/96283"}],"wp:attachment":[{"href":"https:\/\/www.pescafish.it\/new\/wp-json\/wp\/v2\/media?parent=96282"}],"wp:term":[{"taxonomy":"product_cat","embeddable":true,"href":"https:\/\/www.pescafish.it\/new\/wp-json\/wp\/v2\/product_cat?post=96282"},{"taxonomy":"product_tag","embeddable":true,"href":"https:\/\/www.pescafish.it\/new\/wp-json\/wp\/v2\/product_tag?post=96282"}],"curies":[{"name":"wp","href":"https:\/\/api.w.org\/{rel}","templated":true}]}}