{"id":96267,"date":"2024-05-22T11:28:06","date_gmt":"2024-05-22T09:28:06","guid":{"rendered":"https:\/\/www.pescafish.it\/new\/?post_type=product&#038;p=96267"},"modified":"2025-03-20T11:02:01","modified_gmt":"2025-03-20T10:02:01","slug":"saltwater-bag-seaspin","status":"publish","type":"product","link":"https:\/\/www.pescafish.it\/new\/prodotto\/saltwater-bag-seaspin\/","title":{"rendered":"SaltWater Bag &#8211; Seaspin"},"content":{"rendered":"<p>Prendendo spunta dalle borse a tracolla regolabili, sling bag, che in questi anni sono risultate pi\u00f9 funzionali per lo spinning, abbiamo realizzato la borsa ideale per il pescatore marino, prestando una particolare attenzione sia alla resistenza dei materiali utilizzati che alla loro funzionalit\u00e0.<br \/>\nQuesto perch\u00e9 le necessit\u00e0 e le esigenze di chi pratica lo spinning in mare sono diverse da quelle dei pescatori che operano principalmente in acqua dolce.<br \/>\nTanto per fare un esempio, spesso in mare devi muoverti con rapidit\u00e0 per evitare le onde in arrivo ed \u00e8 importante, soprattutto in quelle circostanze, non doversi preoccupare della stabilit\u00e0 della propria attrezzatura e averla sempre facilmente a portata di mano.<\/p>\n<p>Caratteristiche principali della Saltwater Seaspin Bag:<br \/>\n\u2022 Cerniere resistenti alla corrosione marina e sovradimensionate per una maggiore scorrevolezza anche in caso di granelli di sabbia che ne bloccherebbero l\u2019utilizzo<br \/>\n\u2022 Alloggiamento ergonomico e pi\u00f9 ampio per contenere una pinza di dimensioni idonee all\u2019uso marino<br \/>\n\u2022 Maggior numero di tasche interne<br \/>\n\u2022 Ergonomia delle tasche esterne studiate per una maggiore funzionalit\u00e0 in pesca. Tra queste segnaliamo l\u2019alloggiamento per una pinza (non inclusa) dotato di molla elastica, che permette al pescatore di avere l\u2019accessorio a portata di mano esattamente quando serve, senza bisogno di ricerche inutili che distolgono pericolosamente l\u2019attenzione nei momenti concitati della cattura<br \/>\n\u2022 Completa stabilit\u00e0 di entrambe le scatole porta artificiali contenute negli scomparti principali della borsa. In pratica entrambe le scatole sono dotate di velcro che le vincola alla borsa per garantire la perfetta aderenza con la borsa in qualsiasi circostanza e impedirne la caduta accidentale in acqua con la conseguente perdita di molti artificiali<br \/>\n\u2022 Creazione di un \u201csistema modulare\u201d composto di scatole intercambiabili a ventiquattro scomparti personalizzabili, gi\u00e0 dotate di velcro, che permettono al pescatore di portare solo quello che serve per lo spot scelto o per i pesci che ha deciso di insidiare, senza bisogno di integrare o sostituire di volta in volta gli artificiali nelle scatole della borsa<\/p>\n<p>La dimensione esterna dello scomparto principale della borsa, apribile con cerniere saltwater per realizzare un comodo piano di lavoro, \u00e8 di circa 31 cm di base, 22 cm di altezza, 13 cm di profondit\u00e0 e contiene due scatole con comparti personalizzabili di 27,5 cm x 18 cm x 4,5 cm, capaci di ospitare artificiali di lunghezza pari a 26 cm!<br \/>\nUna borsa che accompagner\u00e0 le vostre avventure di pesca per tanto tempo.<\/p>\n","protected":false},"excerpt":{"rendered":"<p>Prendendo spunta dalle borse a tracolla regolabili, sling bag, che in questi anni sono risultate pi\u00f9 funzionali per lo spinning, abbiamo realizzato la borsa ideale per il pescatore marino, prestando una particolare attenzione sia alla resistenza dei materiali utilizzati che alla loro funzionalit\u00e0. Questo perch\u00e9 le necessit\u00e0 e le esigenze di chi pratica lo spinning [&hellip;]<\/p>\n","protected":false},"featured_media":96268,"comment_status":"closed","ping_status":"closed","template":"","meta":[],"product_cat":[686],"product_tag":[1166],"yoast_head":"<!-- This site is optimized with the Yoast SEO plugin v15.3 - https:\/\/yoast.com\/wordpress\/plugins\/seo\/ -->\n<title>SaltWater Bag - Seaspin - Pesca Fish<\/title>\n<meta name=\"robots\" content=\"index, follow, max-snippet:-1, max-image-preview:large, max-video-preview:-1\" \/>\n<link rel=\"canonical\" href=\"https:\/\/www.pescafish.it\/new\/prodotto\/saltwater-bag-seaspin\/\" \/>\n<meta property=\"og:locale\" content=\"it_IT\" \/>\n<meta property=\"og:type\" content=\"article\" \/>\n<meta property=\"og:title\" content=\"SaltWater Bag - Seaspin - Pesca Fish\" \/>\n<meta property=\"og:description\" content=\"Prendendo spunta dalle borse a tracolla regolabili, sling bag, che in questi anni sono risultate pi\u00f9 funzionali per lo spinning, abbiamo realizzato la borsa ideale per il pescatore marino, prestando una particolare attenzione sia alla resistenza dei materiali utilizzati che alla loro funzionalit\u00e0. Questo perch\u00e9 le necessit\u00e0 e le esigenze di chi pratica lo spinning [&hellip;]\" \/>\n<meta property=\"og:url\" content=\"https:\/\/www.pescafish.it\/new\/prodotto\/saltwater-bag-seaspin\/\" \/>\n<meta property=\"og:site_name\" content=\"Pesca Fish\" \/>\n<meta property=\"article:publisher\" content=\"https:\/\/www.facebook.com\/pescafishvr\/\" \/>\n<meta property=\"article:modified_time\" content=\"2025-03-20T10:02:01+00:00\" \/>\n<meta property=\"og:image\" content=\"https:\/\/www.pescafish.it\/new\/wp-content\/uploads\/2024\/05\/SALTWATER-BAG.jpg\" \/>\n\t<meta property=\"og:image:width\" content=\"1000\" \/>\n\t<meta property=\"og:image:height\" content=\"1000\" \/>\n<meta name=\"twitter:card\" content=\"summary_large_image\" \/>\n<meta name=\"twitter:label1\" content=\"Scritto da\">\n\t<meta name=\"twitter:data1\" content=\"francesca\">\n\t<meta name=\"twitter:label2\" content=\"Tempo di lettura stimato\">\n\t<meta name=\"twitter:data2\" content=\"2 minuti\">\n<script type=\"application\/ld+json\" class=\"yoast-schema-graph\">{\"@context\":\"https:\/\/schema.org\",\"@graph\":[{\"@type\":\"WebSite\",\"@id\":\"https:\/\/www.pescafish.it\/new\/#website\",\"url\":\"https:\/\/www.pescafish.it\/new\/\",\"name\":\"Pesca Fish\",\"description\":\"Benvenuti sul nostro sito!\",\"potentialAction\":[{\"@type\":\"SearchAction\",\"target\":\"https:\/\/www.pescafish.it\/new\/?s={search_term_string}\",\"query-input\":\"required name=search_term_string\"}],\"inLanguage\":\"it-IT\"},{\"@type\":\"ImageObject\",\"@id\":\"https:\/\/www.pescafish.it\/new\/prodotto\/saltwater-bag-seaspin\/#primaryimage\",\"inLanguage\":\"it-IT\",\"url\":\"https:\/\/www.pescafish.it\/new\/wp-content\/uploads\/2024\/05\/SALTWATER-BAG.jpg\",\"width\":1000,\"height\":1000,\"caption\":\"saltwater bag seaspin\"},{\"@type\":\"WebPage\",\"@id\":\"https:\/\/www.pescafish.it\/new\/prodotto\/saltwater-bag-seaspin\/#webpage\",\"url\":\"https:\/\/www.pescafish.it\/new\/prodotto\/saltwater-bag-seaspin\/\",\"name\":\"SaltWater Bag - Seaspin - Pesca Fish\",\"isPartOf\":{\"@id\":\"https:\/\/www.pescafish.it\/new\/#website\"},\"primaryImageOfPage\":{\"@id\":\"https:\/\/www.pescafish.it\/new\/prodotto\/saltwater-bag-seaspin\/#primaryimage\"},\"datePublished\":\"2024-05-22T09:28:06+00:00\",\"dateModified\":\"2025-03-20T10:02:01+00:00\",\"inLanguage\":\"it-IT\",\"potentialAction\":[{\"@type\":\"ReadAction\",\"target\":[\"https:\/\/www.pescafish.it\/new\/prodotto\/saltwater-bag-seaspin\/\"]}]}]}<\/script>\n<!-- \/ Yoast SEO plugin. -->","_links":{"self":[{"href":"https:\/\/www.pescafish.it\/new\/wp-json\/wp\/v2\/product\/96267"}],"collection":[{"href":"https:\/\/www.pescafish.it\/new\/wp-json\/wp\/v2\/product"}],"about":[{"href":"https:\/\/www.pescafish.it\/new\/wp-json\/wp\/v2\/types\/product"}],"replies":[{"embeddable":true,"href":"https:\/\/www.pescafish.it\/new\/wp-json\/wp\/v2\/comments?post=96267"}],"wp:featuredmedia":[{"embeddable":true,"href":"https:\/\/www.pescafish.it\/new\/wp-json\/wp\/v2\/media\/96268"}],"wp:attachment":[{"href":"https:\/\/www.pescafish.it\/new\/wp-json\/wp\/v2\/media?parent=96267"}],"wp:term":[{"taxonomy":"product_cat","embeddable":true,"href":"https:\/\/www.pescafish.it\/new\/wp-json\/wp\/v2\/product_cat?post=96267"},{"taxonomy":"product_tag","embeddable":true,"href":"https:\/\/www.pescafish.it\/new\/wp-json\/wp\/v2\/product_tag?post=96267"}],"curies":[{"name":"wp","href":"https:\/\/api.w.org\/{rel}","templated":true}]}}