{"id":96256,"date":"2024-05-22T11:09:10","date_gmt":"2024-05-22T09:09:10","guid":{"rendered":"https:\/\/www.pescafish.it\/new\/?post_type=product&#038;p=96256"},"modified":"2024-10-09T00:39:40","modified_gmt":"2024-10-08T22:39:40","slug":"pro-q-90-flat-seaspin","status":"publish","type":"product","link":"https:\/\/www.pescafish.it\/new\/prodotto\/pro-q-90-flat-seaspin\/","title":{"rendered":"Pro-Q 90 Flat &#8211; Seaspin"},"content":{"rendered":"<p>Il Pro-Q. 90 FLAT \u00e8 la risposta alle molte richieste dei pescatori di avere un Pro-Q. 90 con assetto orizzontale. Pu\u00f2 servire a stimolare anche i pesci pi\u00f9 apatici che dal fondo vedono una sagoma a forma di pesce che si staglia sulla superficie. Ha le stesse caratteristiche del 90 da cui deriva ed \u00e8 pi\u00f9 facile nell\u2019innescare il movimento wtd. Molto reattivo anche in condizioni di mare mosso.<br \/>\nIl Pro-Q. 90 FLAT \u00e8 il modello dedicato in particolar modo alla spigola e alla lampuga con i quali ha dato grandissimi risultati ma in generale a tutti i pesci che attaccano artificiali di superficie.<br \/>\nIl rattling \u00e8 piuttosto sordo e produce leggeri suoni a bassa frequenza. Rispetto all\u2019originale ha una \u201cbocca\u201d leggermente pi\u00f9 ampia per creare pi\u00f9 schizzi.<\/p>\n<p>\u2022 Walking the dog con assetto orizzontale per stimolare anche i pesci pi\u00f9 apatici<br \/>\n\u2022 Struttura ABS<br \/>\n\u2022 Ancorette BKK 4x strong break round treble, #6<br \/>\n\u2022 \u201cBocca\u201d leggermente pi\u00f9 ampia per creare pi\u00f9 schizzi<br \/>\n\u2022 Molto reattivo e molto facile da usare anche con mare mosso<\/p>\n<p><strong>Azione:<\/strong>\u00a0Top water<br \/>\n<strong>Lunghezza:<\/strong> 9cm<br \/>\n<strong>Peso: <\/strong>11gr<\/p>\n<p><strong>Disponibile nelle seguenti colorazioni:<\/strong><br \/>\n<b>UT6201\u00a0 <span style=\"color: #ff0000;\">GLWB<\/span><br \/>\nUT6205\u00a0 <span style=\"color: #ff0000;\">GBA<\/span><br \/>\nUT6204\u00a0 <span style=\"color: #ff0000;\">SAR<\/span><br \/>\nUT6208\u00a0 <span style=\"color: #ff0000;\">AGUP<\/span><br \/>\nUT6207\u00a0 <span style=\"color: #ff0000;\">ACC<\/span><\/b><\/p>\n","protected":false},"excerpt":{"rendered":"<p>Il Pro-Q. 90 FLAT \u00e8 la risposta alle molte richieste dei pescatori di avere un Pro-Q. 90 con assetto orizzontale. Pu\u00f2 servire a stimolare anche i pesci pi\u00f9 apatici che dal fondo vedono una sagoma a forma di pesce che si staglia sulla superficie. Ha le stesse caratteristiche del 90 da cui deriva ed \u00e8 [&hellip;]<\/p>\n","protected":false},"featured_media":96257,"comment_status":"closed","ping_status":"closed","template":"","meta":[],"product_cat":[632],"product_tag":[1166],"yoast_head":"<!-- This site is optimized with the Yoast SEO plugin v15.3 - https:\/\/yoast.com\/wordpress\/plugins\/seo\/ -->\n<title>Pro-Q 90 Flat - Seaspin - Pesca Fish<\/title>\n<meta name=\"robots\" content=\"index, follow, max-snippet:-1, max-image-preview:large, max-video-preview:-1\" \/>\n<link rel=\"canonical\" href=\"https:\/\/www.pescafish.it\/new\/prodotto\/pro-q-90-flat-seaspin\/\" \/>\n<meta property=\"og:locale\" content=\"it_IT\" \/>\n<meta property=\"og:type\" content=\"article\" \/>\n<meta property=\"og:title\" content=\"Pro-Q 90 Flat - Seaspin - Pesca Fish\" \/>\n<meta property=\"og:description\" content=\"Il Pro-Q. 90 FLAT \u00e8 la risposta alle molte richieste dei pescatori di avere un Pro-Q. 90 con assetto orizzontale. Pu\u00f2 servire a stimolare anche i pesci pi\u00f9 apatici che dal fondo vedono una sagoma a forma di pesce che si staglia sulla superficie. Ha le stesse caratteristiche del 90 da cui deriva ed \u00e8 [&hellip;]\" \/>\n<meta property=\"og:url\" content=\"https:\/\/www.pescafish.it\/new\/prodotto\/pro-q-90-flat-seaspin\/\" \/>\n<meta property=\"og:site_name\" content=\"Pesca Fish\" \/>\n<meta property=\"article:publisher\" content=\"https:\/\/www.facebook.com\/pescafishvr\/\" \/>\n<meta property=\"article:modified_time\" content=\"2024-10-08T22:39:40+00:00\" \/>\n<meta property=\"og:image\" content=\"https:\/\/www.pescafish.it\/new\/wp-content\/uploads\/2024\/05\/PRO-Q-90-FLAT.jpg\" \/>\n\t<meta property=\"og:image:width\" content=\"1000\" \/>\n\t<meta property=\"og:image:height\" content=\"1000\" \/>\n<meta name=\"twitter:card\" content=\"summary_large_image\" \/>\n<meta name=\"twitter:label1\" content=\"Scritto da\">\n\t<meta name=\"twitter:data1\" content=\"francesca\">\n\t<meta name=\"twitter:label2\" content=\"Tempo di lettura stimato\">\n\t<meta name=\"twitter:data2\" content=\"1 minuto\">\n<script type=\"application\/ld+json\" class=\"yoast-schema-graph\">{\"@context\":\"https:\/\/schema.org\",\"@graph\":[{\"@type\":\"WebSite\",\"@id\":\"https:\/\/www.pescafish.it\/new\/#website\",\"url\":\"https:\/\/www.pescafish.it\/new\/\",\"name\":\"Pesca Fish\",\"description\":\"Benvenuti sul nostro sito!\",\"potentialAction\":[{\"@type\":\"SearchAction\",\"target\":\"https:\/\/www.pescafish.it\/new\/?s={search_term_string}\",\"query-input\":\"required name=search_term_string\"}],\"inLanguage\":\"it-IT\"},{\"@type\":\"ImageObject\",\"@id\":\"https:\/\/www.pescafish.it\/new\/prodotto\/pro-q-90-flat-seaspin\/#primaryimage\",\"inLanguage\":\"it-IT\",\"url\":\"https:\/\/www.pescafish.it\/new\/wp-content\/uploads\/2024\/05\/PRO-Q-90-FLAT.jpg\",\"width\":1000,\"height\":1000,\"caption\":\"PRO-Q 90 FLAT SEASPIN\"},{\"@type\":\"WebPage\",\"@id\":\"https:\/\/www.pescafish.it\/new\/prodotto\/pro-q-90-flat-seaspin\/#webpage\",\"url\":\"https:\/\/www.pescafish.it\/new\/prodotto\/pro-q-90-flat-seaspin\/\",\"name\":\"Pro-Q 90 Flat - Seaspin - Pesca Fish\",\"isPartOf\":{\"@id\":\"https:\/\/www.pescafish.it\/new\/#website\"},\"primaryImageOfPage\":{\"@id\":\"https:\/\/www.pescafish.it\/new\/prodotto\/pro-q-90-flat-seaspin\/#primaryimage\"},\"datePublished\":\"2024-05-22T09:09:10+00:00\",\"dateModified\":\"2024-10-08T22:39:40+00:00\",\"inLanguage\":\"it-IT\",\"potentialAction\":[{\"@type\":\"ReadAction\",\"target\":[\"https:\/\/www.pescafish.it\/new\/prodotto\/pro-q-90-flat-seaspin\/\"]}]}]}<\/script>\n<!-- \/ Yoast SEO plugin. -->","_links":{"self":[{"href":"https:\/\/www.pescafish.it\/new\/wp-json\/wp\/v2\/product\/96256"}],"collection":[{"href":"https:\/\/www.pescafish.it\/new\/wp-json\/wp\/v2\/product"}],"about":[{"href":"https:\/\/www.pescafish.it\/new\/wp-json\/wp\/v2\/types\/product"}],"replies":[{"embeddable":true,"href":"https:\/\/www.pescafish.it\/new\/wp-json\/wp\/v2\/comments?post=96256"}],"wp:featuredmedia":[{"embeddable":true,"href":"https:\/\/www.pescafish.it\/new\/wp-json\/wp\/v2\/media\/96257"}],"wp:attachment":[{"href":"https:\/\/www.pescafish.it\/new\/wp-json\/wp\/v2\/media?parent=96256"}],"wp:term":[{"taxonomy":"product_cat","embeddable":true,"href":"https:\/\/www.pescafish.it\/new\/wp-json\/wp\/v2\/product_cat?post=96256"},{"taxonomy":"product_tag","embeddable":true,"href":"https:\/\/www.pescafish.it\/new\/wp-json\/wp\/v2\/product_tag?post=96256"}],"curies":[{"name":"wp","href":"https:\/\/api.w.org\/{rel}","templated":true}]}}