{"id":96248,"date":"2024-05-22T10:36:11","date_gmt":"2024-05-22T08:36:11","guid":{"rendered":"https:\/\/www.pescafish.it\/new\/?post_type=product&#038;p=96248"},"modified":"2024-05-22T10:36:11","modified_gmt":"2024-05-22T08:36:11","slug":"pro-q-120-flat-seaspin","status":"publish","type":"product","link":"https:\/\/www.pescafish.it\/new\/prodotto\/pro-q-120-flat-seaspin\/","title":{"rendered":"Pro-Q 120 Flat &#8211; Seaspin"},"content":{"rendered":"<p>Il Pro-Q. 120 FLAT \u00e8 la risposta alle molte richieste dei pescatori di avere un Pro-Q. 120 con assetto orizzontale.<br \/>\nPu\u00f2 servire a stimolare anche i pesci pi\u00f9 apatici che dal fondo vedono una sagoma a forma di pesce che si staglia sulla superficie . Ha le stesse caratteristiche del Pro-Q. 120 da cui deriva ed \u00e8 pi\u00f9 semplice nell\u2019innescare il movimento wtd.<br \/>\nMolto reattivo anche in condizioni di mare mosso quando avere un artificiale immediatamente attrattivo pu\u00f2 fare la differenza, nei pochi attimi in cui si pesca tra il passaggio di in onda e un\u2019altra.<br \/>\nPro-Q. 120 FLAT \u00e8 indicato per tutti i predatori che attaccano in superficie come spigole, pesci serra, barracuda, lecce, lampughe, ricciole.<br \/>\nIl rattling \u00e8 piuttosto sordo e produce leggeri suoni a bassa frequenza<\/p>\n<p>\u2022 Walking the dog con assetto orizzontale per stimolare anche i pesci pi\u00f9 apatici<br \/>\n\u2022 Struttura ABS<br \/>\n\u2022 Armatura passante e ancorette BKK 4x strong break round treble, #2<br \/>\n\u2022 Valido per tutti i predatori marini che attaccano in superficie<br \/>\n\u2022 Molto reattivo e molto facile da usare anche con mare mosso<\/p>\n<p><strong>Azione:<\/strong>\u00a0Top water<br \/>\n<strong>Lunghezza:<\/strong>\u00a012cm<br \/>\n<strong>Peso:\u00a0<\/strong>27gr<\/p>\n<p><strong>Disponibile nelle seguenti colorazioni:<\/strong><br \/>\n<strong>UT6216\u00a0 <span style=\"color: #ff0000;\">GLWB<\/span><\/strong><br \/>\n<strong>UT6217\u00a0 <span style=\"color: #ff0000;\">ITA-MACKEREL<\/span><\/strong><br \/>\n<strong>UT6219\u00a0 <span style=\"color: #ff0000;\">AGU<\/span><\/strong><\/p>\n","protected":false},"excerpt":{"rendered":"<p>Il Pro-Q. 120 FLAT \u00e8 la risposta alle molte richieste dei pescatori di avere un Pro-Q. 120 con assetto orizzontale. Pu\u00f2 servire a stimolare anche i pesci pi\u00f9 apatici che dal fondo vedono una sagoma a forma di pesce che si staglia sulla superficie . Ha le stesse caratteristiche del Pro-Q. 120 da cui deriva [&hellip;]<\/p>\n","protected":false},"featured_media":96249,"comment_status":"closed","ping_status":"closed","template":"","meta":[],"product_cat":[632],"product_tag":[1166],"yoast_head":"<!-- This site is optimized with the Yoast SEO plugin v15.3 - https:\/\/yoast.com\/wordpress\/plugins\/seo\/ -->\n<title>Pro-Q 120 Flat - Seaspin - Pesca Fish<\/title>\n<meta name=\"robots\" content=\"index, follow, max-snippet:-1, max-image-preview:large, max-video-preview:-1\" \/>\n<link rel=\"canonical\" href=\"https:\/\/www.pescafish.it\/new\/prodotto\/pro-q-120-flat-seaspin\/\" \/>\n<meta property=\"og:locale\" content=\"it_IT\" \/>\n<meta property=\"og:type\" content=\"article\" \/>\n<meta property=\"og:title\" content=\"Pro-Q 120 Flat - Seaspin - Pesca Fish\" \/>\n<meta property=\"og:description\" content=\"Il Pro-Q. 120 FLAT \u00e8 la risposta alle molte richieste dei pescatori di avere un Pro-Q. 120 con assetto orizzontale. Pu\u00f2 servire a stimolare anche i pesci pi\u00f9 apatici che dal fondo vedono una sagoma a forma di pesce che si staglia sulla superficie . Ha le stesse caratteristiche del Pro-Q. 120 da cui deriva [&hellip;]\" \/>\n<meta property=\"og:url\" content=\"https:\/\/www.pescafish.it\/new\/prodotto\/pro-q-120-flat-seaspin\/\" \/>\n<meta property=\"og:site_name\" content=\"Pesca Fish\" \/>\n<meta property=\"article:publisher\" content=\"https:\/\/www.facebook.com\/pescafishvr\/\" \/>\n<meta property=\"og:image\" content=\"https:\/\/www.pescafish.it\/new\/wp-content\/uploads\/2024\/05\/PRO-Q-120-FLAT.jpg\" \/>\n\t<meta property=\"og:image:width\" content=\"1000\" \/>\n\t<meta property=\"og:image:height\" content=\"1000\" \/>\n<meta name=\"twitter:card\" content=\"summary_large_image\" \/>\n<meta name=\"twitter:label1\" content=\"Scritto da\">\n\t<meta name=\"twitter:data1\" content=\"francesca\">\n\t<meta name=\"twitter:label2\" content=\"Tempo di lettura stimato\">\n\t<meta name=\"twitter:data2\" content=\"1 minuto\">\n<script type=\"application\/ld+json\" class=\"yoast-schema-graph\">{\"@context\":\"https:\/\/schema.org\",\"@graph\":[{\"@type\":\"WebSite\",\"@id\":\"https:\/\/www.pescafish.it\/new\/#website\",\"url\":\"https:\/\/www.pescafish.it\/new\/\",\"name\":\"Pesca Fish\",\"description\":\"Benvenuti sul nostro sito!\",\"potentialAction\":[{\"@type\":\"SearchAction\",\"target\":\"https:\/\/www.pescafish.it\/new\/?s={search_term_string}\",\"query-input\":\"required name=search_term_string\"}],\"inLanguage\":\"it-IT\"},{\"@type\":\"ImageObject\",\"@id\":\"https:\/\/www.pescafish.it\/new\/prodotto\/pro-q-120-flat-seaspin\/#primaryimage\",\"inLanguage\":\"it-IT\",\"url\":\"https:\/\/www.pescafish.it\/new\/wp-content\/uploads\/2024\/05\/PRO-Q-120-FLAT.jpg\",\"width\":1000,\"height\":1000,\"caption\":\"pro-q 120 flat seaspin\"},{\"@type\":\"WebPage\",\"@id\":\"https:\/\/www.pescafish.it\/new\/prodotto\/pro-q-120-flat-seaspin\/#webpage\",\"url\":\"https:\/\/www.pescafish.it\/new\/prodotto\/pro-q-120-flat-seaspin\/\",\"name\":\"Pro-Q 120 Flat - Seaspin - Pesca Fish\",\"isPartOf\":{\"@id\":\"https:\/\/www.pescafish.it\/new\/#website\"},\"primaryImageOfPage\":{\"@id\":\"https:\/\/www.pescafish.it\/new\/prodotto\/pro-q-120-flat-seaspin\/#primaryimage\"},\"datePublished\":\"2024-05-22T08:36:11+00:00\",\"dateModified\":\"2024-05-22T08:36:11+00:00\",\"inLanguage\":\"it-IT\",\"potentialAction\":[{\"@type\":\"ReadAction\",\"target\":[\"https:\/\/www.pescafish.it\/new\/prodotto\/pro-q-120-flat-seaspin\/\"]}]}]}<\/script>\n<!-- \/ Yoast SEO plugin. -->","_links":{"self":[{"href":"https:\/\/www.pescafish.it\/new\/wp-json\/wp\/v2\/product\/96248"}],"collection":[{"href":"https:\/\/www.pescafish.it\/new\/wp-json\/wp\/v2\/product"}],"about":[{"href":"https:\/\/www.pescafish.it\/new\/wp-json\/wp\/v2\/types\/product"}],"replies":[{"embeddable":true,"href":"https:\/\/www.pescafish.it\/new\/wp-json\/wp\/v2\/comments?post=96248"}],"wp:featuredmedia":[{"embeddable":true,"href":"https:\/\/www.pescafish.it\/new\/wp-json\/wp\/v2\/media\/96249"}],"wp:attachment":[{"href":"https:\/\/www.pescafish.it\/new\/wp-json\/wp\/v2\/media?parent=96248"}],"wp:term":[{"taxonomy":"product_cat","embeddable":true,"href":"https:\/\/www.pescafish.it\/new\/wp-json\/wp\/v2\/product_cat?post=96248"},{"taxonomy":"product_tag","embeddable":true,"href":"https:\/\/www.pescafish.it\/new\/wp-json\/wp\/v2\/product_tag?post=96248"}],"curies":[{"name":"wp","href":"https:\/\/api.w.org\/{rel}","templated":true}]}}