{"id":9605,"date":"2015-12-01T11:37:27","date_gmt":"2015-12-01T10:37:27","guid":{"rendered":"http:\/\/www.pescafish.it\/new\/nylon-per-antitangle-50-mt-rta"},"modified":"-0001-11-30T00:00:00","modified_gmt":"-0001-11-29T22:00:00","slug":"nylon-per-antitangle-50-mt-rta","status":"publish","type":"product","link":"https:\/\/www.pescafish.it\/new\/prodotto\/nylon-per-antitangle-50-mt-rta\/","title":{"rendered":"Nylon per antitangle 50 mt &#8211; RTA"},"content":{"rendered":"<p><span style=font-weight: bold;>Disponibile nei segueti diametri:<\/span><br \/><span style=font-weight: bold;>M470-060<\/span>&nbsp; \u00d8 0,60 mm<br \/><span style=font-weight: bold;>M470-080&nbsp; <\/span>\u00d8 0,80 mm <br \/><span style=font-weight: bold;>M470-100<\/span>&nbsp; \u00d8 1,00 mm<br \/><span style=font-weight: bold;>M470-120<\/span>&nbsp; \u00d8 1,20 mm<br \/><span style=font-weight: bold;>M470-140<\/span>&nbsp; \u00d8 1,40 mm<br \/><span style=font-weight: bold;>M470-160<\/span>&nbsp; \u00d8 1,60 mm<br \/><span style=font-weight: bold;>M470-180<\/span>&nbsp; \u00d8 1,80 mm<br \/><span style=font-weight: bold;>M470-200<\/span>&nbsp; \u00d8 2,00 mm<\/p>\n","protected":false},"excerpt":{"rendered":"<p>Disponibile nei segueti diametri:M470-060&nbsp; \u00d8 0,60 mmM470-080&nbsp; \u00d8 0,80 mm M470-100&nbsp; \u00d8 1,00 mmM470-120&nbsp; \u00d8 1,20 mmM470-140&nbsp; \u00d8 1,40 mmM470-160&nbsp; \u00d8 1,60 mmM470-180&nbsp; \u00d8 1,80 mmM470-200&nbsp; \u00d8 2,00 mm<\/p>\n","protected":false},"featured_media":22306,"comment_status":"closed","ping_status":"closed","template":"","meta":[],"product_cat":[579],"product_tag":[],"yoast_head":"<!-- This site is optimized with the Yoast SEO plugin v15.3 - https:\/\/yoast.com\/wordpress\/plugins\/seo\/ -->\n<title>Nylon per antitangle 50 mt - RTA - Pesca Fish<\/title>\n<meta name=\"robots\" content=\"index, follow, max-snippet:-1, max-image-preview:large, max-video-preview:-1\" \/>\n<link rel=\"canonical\" href=\"https:\/\/www.pescafish.it\/new\/prodotto\/nylon-per-antitangle-50-mt-rta\/\" \/>\n<meta property=\"og:locale\" content=\"it_IT\" \/>\n<meta property=\"og:type\" content=\"article\" \/>\n<meta property=\"og:title\" content=\"Nylon per antitangle 50 mt - RTA - Pesca Fish\" \/>\n<meta property=\"og:description\" content=\"Disponibile nei segueti diametri:M470-060&nbsp; \u00d8 0,60 mmM470-080&nbsp; \u00d8 0,80 mm M470-100&nbsp; \u00d8 1,00 mmM470-120&nbsp; \u00d8 1,20 mmM470-140&nbsp; \u00d8 1,40 mmM470-160&nbsp; \u00d8 1,60 mmM470-180&nbsp; \u00d8 1,80 mmM470-200&nbsp; \u00d8 2,00 mm\" \/>\n<meta property=\"og:url\" content=\"https:\/\/www.pescafish.it\/new\/prodotto\/nylon-per-antitangle-50-mt-rta\/\" \/>\n<meta property=\"og:site_name\" content=\"Pesca Fish\" \/>\n<meta property=\"article:publisher\" content=\"https:\/\/www.facebook.com\/pescafishvr\/\" \/>\n<meta property=\"og:image\" content=\"https:\/\/www.pescafish.it\/new\/wp-content\/uploads\/2015\/12\/601927ee9fb0535c93e490dfa1942d97.jpg\" \/>\n\t<meta property=\"og:image:width\" content=\"118\" \/>\n\t<meta property=\"og:image:height\" content=\"54\" \/>\n<meta name=\"twitter:card\" content=\"summary_large_image\" \/>\n<meta name=\"twitter:label1\" content=\"Scritto da\">\n\t<meta name=\"twitter:data1\" content=\"francesca\">\n\t<meta name=\"twitter:label2\" content=\"Tempo di lettura stimato\">\n\t<meta name=\"twitter:data2\" content=\"0 minuti\">\n<script type=\"application\/ld+json\" class=\"yoast-schema-graph\">{\"@context\":\"https:\/\/schema.org\",\"@graph\":[{\"@type\":\"WebSite\",\"@id\":\"https:\/\/www.pescafish.it\/new\/#website\",\"url\":\"https:\/\/www.pescafish.it\/new\/\",\"name\":\"Pesca Fish\",\"description\":\"Benvenuti sul nostro sito!\",\"potentialAction\":[{\"@type\":\"SearchAction\",\"target\":\"https:\/\/www.pescafish.it\/new\/?s={search_term_string}\",\"query-input\":\"required name=search_term_string\"}],\"inLanguage\":\"it-IT\"},{\"@type\":\"ImageObject\",\"@id\":\"https:\/\/www.pescafish.it\/new\/prodotto\/nylon-per-antitangle-50-mt-rta\/#primaryimage\",\"inLanguage\":\"it-IT\",\"url\":\"https:\/\/www.pescafish.it\/new\/wp-content\/uploads\/2015\/12\/601927ee9fb0535c93e490dfa1942d97.jpg\",\"width\":118,\"height\":54},{\"@type\":\"WebPage\",\"@id\":\"https:\/\/www.pescafish.it\/new\/prodotto\/nylon-per-antitangle-50-mt-rta\/#webpage\",\"url\":\"https:\/\/www.pescafish.it\/new\/prodotto\/nylon-per-antitangle-50-mt-rta\/\",\"name\":\"Nylon per antitangle 50 mt - RTA - Pesca Fish\",\"isPartOf\":{\"@id\":\"https:\/\/www.pescafish.it\/new\/#website\"},\"primaryImageOfPage\":{\"@id\":\"https:\/\/www.pescafish.it\/new\/prodotto\/nylon-per-antitangle-50-mt-rta\/#primaryimage\"},\"datePublished\":\"-0001-11-30T00:00:00+00:00\",\"dateModified\":\"-0001-11-30T00:00:00+00:00\",\"inLanguage\":\"it-IT\",\"potentialAction\":[{\"@type\":\"ReadAction\",\"target\":[\"https:\/\/www.pescafish.it\/new\/prodotto\/nylon-per-antitangle-50-mt-rta\/\"]}]}]}<\/script>\n<!-- \/ Yoast SEO plugin. -->","_links":{"self":[{"href":"https:\/\/www.pescafish.it\/new\/wp-json\/wp\/v2\/product\/9605"}],"collection":[{"href":"https:\/\/www.pescafish.it\/new\/wp-json\/wp\/v2\/product"}],"about":[{"href":"https:\/\/www.pescafish.it\/new\/wp-json\/wp\/v2\/types\/product"}],"replies":[{"embeddable":true,"href":"https:\/\/www.pescafish.it\/new\/wp-json\/wp\/v2\/comments?post=9605"}],"wp:featuredmedia":[{"embeddable":true,"href":"https:\/\/www.pescafish.it\/new\/wp-json\/wp\/v2\/media\/22306"}],"wp:attachment":[{"href":"https:\/\/www.pescafish.it\/new\/wp-json\/wp\/v2\/media?parent=9605"}],"wp:term":[{"taxonomy":"product_cat","embeddable":true,"href":"https:\/\/www.pescafish.it\/new\/wp-json\/wp\/v2\/product_cat?post=9605"},{"taxonomy":"product_tag","embeddable":true,"href":"https:\/\/www.pescafish.it\/new\/wp-json\/wp\/v2\/product_tag?post=9605"}],"curies":[{"name":"wp","href":"https:\/\/api.w.org\/{rel}","templated":true}]}}