{"id":95329,"date":"2024-04-09T17:38:42","date_gmt":"2024-04-09T15:38:42","guid":{"rendered":"https:\/\/www.pescafish.it\/new\/?post_type=product&#038;p=95329"},"modified":"2024-04-09T17:38:42","modified_gmt":"2024-04-09T15:38:42","slug":"booms-spinner-swivel-xx-korda","status":"publish","type":"product","link":"https:\/\/www.pescafish.it\/new\/prodotto\/booms-spinner-swivel-xx-korda\/","title":{"rendered":"Booms Spinner Swivel XX &#8211; Korda"},"content":{"rendered":"<h2 class=\"title\">Booms Spinner Swivel XX<\/h2>\n<p><span>Lo Spinner Rig \u00e8 incredibilmente popolare al giorno d&#8217;oggi, ma se non sei sicuro di costruirne uno tuo, o semplicemente non hai tempo, allora questi boma gi\u00e0 montati sono la soluzione perfetta.\u00a0<\/span><\/p>\n<p><span>Costruito con il nostro materiale Boom leader di mercato da 35 libbre. Questi bracci sono estremamente resistenti e durevoli. Per semplificarti la vita, hanno un anello aggraffato a un&#8217;estremit\u00e0, che pu\u00f2 essere collegato al tuo sistema di piombo tramite un QC Swivel, un Kwik Link o simili. Alla fine, una girella XX Spinner \u00e8 stata fissata tramite una crimpatura; questa \u00e8 la versione extra resistente della nostra gamma Spinner Swivel.<\/span><\/p>\n<p><span>Per trasformare il boma gi\u00e0 legato in uno Spinner Rig, tutto ci\u00f2 che devi fare \u00e8 attaccare il tuo amo preferito, completo di kicker per coprire la girella XX Spinner. Se il gancio diventa smussato pu\u00f2 essere facilmente cambiato e il Boom pu\u00f2 essere conservato e riutilizzato alla fine della sessione.\u00a0<\/span><\/p>\n<p><strong>Disponibili nelle seguenti varianti:<\/strong><br \/>\n<strong>KRR019<\/strong>\u00a0 5.5in<br \/>\n<strong>KRR020<\/strong>\u00a0 7.5in<\/p>\n","protected":false},"excerpt":{"rendered":"<p>Booms Spinner Swivel XX Lo Spinner Rig \u00e8 incredibilmente popolare al giorno d&#8217;oggi, ma se non sei sicuro di costruirne uno tuo, o semplicemente non hai tempo, allora questi boma gi\u00e0 montati sono la soluzione perfetta.\u00a0 Costruito con il nostro materiale Boom leader di mercato da 35 libbre. Questi bracci sono estremamente resistenti e durevoli. [&hellip;]<\/p>\n","protected":false},"featured_media":95330,"comment_status":"closed","ping_status":"closed","template":"","meta":[],"product_cat":[396],"product_tag":[1018],"yoast_head":"<!-- This site is optimized with the Yoast SEO plugin v15.3 - https:\/\/yoast.com\/wordpress\/plugins\/seo\/ -->\n<title>Booms Spinner Swivel XX - Korda - Pesca Fish<\/title>\n<meta name=\"robots\" content=\"index, follow, max-snippet:-1, max-image-preview:large, max-video-preview:-1\" \/>\n<link rel=\"canonical\" href=\"https:\/\/www.pescafish.it\/new\/prodotto\/booms-spinner-swivel-xx-korda\/\" \/>\n<meta property=\"og:locale\" content=\"it_IT\" \/>\n<meta property=\"og:type\" content=\"article\" \/>\n<meta property=\"og:title\" content=\"Booms Spinner Swivel XX - Korda - Pesca Fish\" \/>\n<meta property=\"og:description\" content=\"Booms Spinner Swivel XX Lo Spinner Rig \u00e8 incredibilmente popolare al giorno d&#8217;oggi, ma se non sei sicuro di costruirne uno tuo, o semplicemente non hai tempo, allora questi boma gi\u00e0 montati sono la soluzione perfetta.\u00a0 Costruito con il nostro materiale Boom leader di mercato da 35 libbre. Questi bracci sono estremamente resistenti e durevoli. [&hellip;]\" \/>\n<meta property=\"og:url\" content=\"https:\/\/www.pescafish.it\/new\/prodotto\/booms-spinner-swivel-xx-korda\/\" \/>\n<meta property=\"og:site_name\" content=\"Pesca Fish\" \/>\n<meta property=\"article:publisher\" content=\"https:\/\/www.facebook.com\/pescafishvr\/\" \/>\n<meta property=\"og:image\" content=\"https:\/\/www.pescafish.it\/new\/wp-content\/uploads\/2024\/04\/krr019.jpg\" \/>\n\t<meta property=\"og:image:width\" content=\"789\" \/>\n\t<meta property=\"og:image:height\" content=\"794\" \/>\n<meta name=\"twitter:card\" content=\"summary_large_image\" \/>\n<meta name=\"twitter:label1\" content=\"Scritto da\">\n\t<meta name=\"twitter:data1\" content=\"francesca\">\n\t<meta name=\"twitter:label2\" content=\"Tempo di lettura stimato\">\n\t<meta name=\"twitter:data2\" content=\"1 minuto\">\n<script type=\"application\/ld+json\" class=\"yoast-schema-graph\">{\"@context\":\"https:\/\/schema.org\",\"@graph\":[{\"@type\":\"WebSite\",\"@id\":\"https:\/\/www.pescafish.it\/new\/#website\",\"url\":\"https:\/\/www.pescafish.it\/new\/\",\"name\":\"Pesca Fish\",\"description\":\"Benvenuti sul nostro sito!\",\"potentialAction\":[{\"@type\":\"SearchAction\",\"target\":\"https:\/\/www.pescafish.it\/new\/?s={search_term_string}\",\"query-input\":\"required name=search_term_string\"}],\"inLanguage\":\"it-IT\"},{\"@type\":\"ImageObject\",\"@id\":\"https:\/\/www.pescafish.it\/new\/prodotto\/booms-spinner-swivel-xx-korda\/#primaryimage\",\"inLanguage\":\"it-IT\",\"url\":\"https:\/\/www.pescafish.it\/new\/wp-content\/uploads\/2024\/04\/krr019.jpg\",\"width\":789,\"height\":794,\"caption\":\"Korda\"},{\"@type\":\"WebPage\",\"@id\":\"https:\/\/www.pescafish.it\/new\/prodotto\/booms-spinner-swivel-xx-korda\/#webpage\",\"url\":\"https:\/\/www.pescafish.it\/new\/prodotto\/booms-spinner-swivel-xx-korda\/\",\"name\":\"Booms Spinner Swivel XX - Korda - Pesca Fish\",\"isPartOf\":{\"@id\":\"https:\/\/www.pescafish.it\/new\/#website\"},\"primaryImageOfPage\":{\"@id\":\"https:\/\/www.pescafish.it\/new\/prodotto\/booms-spinner-swivel-xx-korda\/#primaryimage\"},\"datePublished\":\"2024-04-09T15:38:42+00:00\",\"dateModified\":\"2024-04-09T15:38:42+00:00\",\"inLanguage\":\"it-IT\",\"potentialAction\":[{\"@type\":\"ReadAction\",\"target\":[\"https:\/\/www.pescafish.it\/new\/prodotto\/booms-spinner-swivel-xx-korda\/\"]}]}]}<\/script>\n<!-- \/ Yoast SEO plugin. -->","_links":{"self":[{"href":"https:\/\/www.pescafish.it\/new\/wp-json\/wp\/v2\/product\/95329"}],"collection":[{"href":"https:\/\/www.pescafish.it\/new\/wp-json\/wp\/v2\/product"}],"about":[{"href":"https:\/\/www.pescafish.it\/new\/wp-json\/wp\/v2\/types\/product"}],"replies":[{"embeddable":true,"href":"https:\/\/www.pescafish.it\/new\/wp-json\/wp\/v2\/comments?post=95329"}],"wp:featuredmedia":[{"embeddable":true,"href":"https:\/\/www.pescafish.it\/new\/wp-json\/wp\/v2\/media\/95330"}],"wp:attachment":[{"href":"https:\/\/www.pescafish.it\/new\/wp-json\/wp\/v2\/media?parent=95329"}],"wp:term":[{"taxonomy":"product_cat","embeddable":true,"href":"https:\/\/www.pescafish.it\/new\/wp-json\/wp\/v2\/product_cat?post=95329"},{"taxonomy":"product_tag","embeddable":true,"href":"https:\/\/www.pescafish.it\/new\/wp-json\/wp\/v2\/product_tag?post=95329"}],"curies":[{"name":"wp","href":"https:\/\/api.w.org\/{rel}","templated":true}]}}