{"id":95289,"date":"2024-04-09T15:58:38","date_gmt":"2024-04-09T13:58:38","guid":{"rendered":"https:\/\/www.pescafish.it\/new\/?post_type=product&#038;p=95289"},"modified":"2025-05-26T07:37:21","modified_gmt":"2025-05-26T05:37:21","slug":"longshank-beaked-korda","status":"publish","type":"product","link":"https:\/\/www.pescafish.it\/new\/prodotto\/longshank-beaked-korda\/","title":{"rendered":"Longshank Beaked\u00a0&#8211; Korda"},"content":{"rendered":"<h2 class=\"title\">Longshank Beaked<\/h2>\n<p><span>L&#8217;originale Korda Longshank X era basato sui popolari e originali modelli di ami da mosca, che hanno trovato il favore dei carpisti grazie alla loro forma e capacit\u00e0 di allamata: li abbiamo resi molto pi\u00f9 forti e pi\u00f9 affilati.<\/span><\/p>\n<p><span>Avanti veloce di 20 anni e DF ha modificato ancora una volta questo cattura carpe definitivo. Fortemente influenzato dalle sue esperienze subacquee, Dan ha deciso di apportare due importanti modifiche a uno dei suoi modelli preferiti, rendendolo un&#8217;opzione ancora pi\u00f9 letale nel suo arsenale.<\/span><\/p>\n<p><span>La prima modifica \u00e8 stata quella di creare l&#8217;amo con la punta a becco. Durante i test, la punta a becco ha fornito una presa dell&#8217;amo pi\u00f9 sicura, aumentando significativamente il rapporto tra pesce allamato e pesce sbarcato.<\/span><\/p>\n<p><span>L&#8217;altro cambiamento \u00e8 stato quello di volgere ulteriormente lo sguardo verso l&#8217;interno. Il modello originale ha un occhio ruotato di 20 gradi, la nuova versione con becco lo aumenta a 40 gradi. Ci\u00f2 aiuta l&#8217;amo a capovolgersi e girare estremamente rapidamente nella bocca della carpa, garantendo una tenuta dell&#8217;amo costantemente buona.<\/span><\/p>\n<p><span>In linea con il modello originale, il Longshank Beaked \u00e8 forgiato, con un calibro del filo maggiorato per una maggiore resistenza, pur mantenendo la sua durata con un rivestimento in PTFE.<\/span><\/p>\n<p><strong>Disponibile nelle seguenti misure:<\/strong><br \/>\n<strong>KLSB2<\/strong>\u00a0 Size 2<br \/>\n<strong>KLSB4<\/strong>\u00a0 Size 4<br \/>\n<strong>KLSB6<\/strong>\u00a0 Size 6<br \/>\n<strong>KLSB8<\/strong>\u00a0 Size 8<\/p>\n","protected":false},"excerpt":{"rendered":"<p>Longshank Beaked L&#8217;originale Korda Longshank X era basato sui popolari e originali modelli di ami da mosca, che hanno trovato il favore dei carpisti grazie alla loro forma e capacit\u00e0 di allamata: li abbiamo resi molto pi\u00f9 forti e pi\u00f9 affilati. Avanti veloce di 20 anni e DF ha modificato ancora una volta questo cattura [&hellip;]<\/p>\n","protected":false},"featured_media":95290,"comment_status":"closed","ping_status":"closed","template":"","meta":[],"product_cat":[396],"product_tag":[1018],"yoast_head":"<!-- This site is optimized with the Yoast SEO plugin v15.3 - https:\/\/yoast.com\/wordpress\/plugins\/seo\/ -->\n<title>Longshank Beaked\u00a0- Korda - Pesca Fish<\/title>\n<meta name=\"robots\" content=\"index, follow, max-snippet:-1, max-image-preview:large, max-video-preview:-1\" \/>\n<link rel=\"canonical\" href=\"https:\/\/www.pescafish.it\/new\/prodotto\/longshank-beaked-korda\/\" \/>\n<meta property=\"og:locale\" content=\"it_IT\" \/>\n<meta property=\"og:type\" content=\"article\" \/>\n<meta property=\"og:title\" content=\"Longshank Beaked\u00a0- Korda - Pesca Fish\" \/>\n<meta property=\"og:description\" content=\"Longshank Beaked L&#8217;originale Korda Longshank X era basato sui popolari e originali modelli di ami da mosca, che hanno trovato il favore dei carpisti grazie alla loro forma e capacit\u00e0 di allamata: li abbiamo resi molto pi\u00f9 forti e pi\u00f9 affilati. Avanti veloce di 20 anni e DF ha modificato ancora una volta questo cattura [&hellip;]\" \/>\n<meta property=\"og:url\" content=\"https:\/\/www.pescafish.it\/new\/prodotto\/longshank-beaked-korda\/\" \/>\n<meta property=\"og:site_name\" content=\"Pesca Fish\" \/>\n<meta property=\"article:publisher\" content=\"https:\/\/www.facebook.com\/pescafishvr\/\" \/>\n<meta property=\"article:modified_time\" content=\"2025-05-26T05:37:21+00:00\" \/>\n<meta property=\"og:image\" content=\"https:\/\/www.pescafish.it\/new\/wp-content\/uploads\/2024\/04\/klsb2.jpg\" \/>\n\t<meta property=\"og:image:width\" content=\"789\" \/>\n\t<meta property=\"og:image:height\" content=\"794\" \/>\n<meta name=\"twitter:card\" content=\"summary_large_image\" \/>\n<meta name=\"twitter:label1\" content=\"Scritto da\">\n\t<meta name=\"twitter:data1\" content=\"francesca\">\n\t<meta name=\"twitter:label2\" content=\"Tempo di lettura stimato\">\n\t<meta name=\"twitter:data2\" content=\"1 minuto\">\n<script type=\"application\/ld+json\" class=\"yoast-schema-graph\">{\"@context\":\"https:\/\/schema.org\",\"@graph\":[{\"@type\":\"WebSite\",\"@id\":\"https:\/\/www.pescafish.it\/new\/#website\",\"url\":\"https:\/\/www.pescafish.it\/new\/\",\"name\":\"Pesca Fish\",\"description\":\"Benvenuti sul nostro sito!\",\"potentialAction\":[{\"@type\":\"SearchAction\",\"target\":\"https:\/\/www.pescafish.it\/new\/?s={search_term_string}\",\"query-input\":\"required name=search_term_string\"}],\"inLanguage\":\"it-IT\"},{\"@type\":\"ImageObject\",\"@id\":\"https:\/\/www.pescafish.it\/new\/prodotto\/longshank-beaked-korda\/#primaryimage\",\"inLanguage\":\"it-IT\",\"url\":\"https:\/\/www.pescafish.it\/new\/wp-content\/uploads\/2024\/04\/klsb2.jpg\",\"width\":789,\"height\":794,\"caption\":\"Korda\"},{\"@type\":\"WebPage\",\"@id\":\"https:\/\/www.pescafish.it\/new\/prodotto\/longshank-beaked-korda\/#webpage\",\"url\":\"https:\/\/www.pescafish.it\/new\/prodotto\/longshank-beaked-korda\/\",\"name\":\"Longshank Beaked\\u00a0- Korda - Pesca Fish\",\"isPartOf\":{\"@id\":\"https:\/\/www.pescafish.it\/new\/#website\"},\"primaryImageOfPage\":{\"@id\":\"https:\/\/www.pescafish.it\/new\/prodotto\/longshank-beaked-korda\/#primaryimage\"},\"datePublished\":\"2024-04-09T13:58:38+00:00\",\"dateModified\":\"2025-05-26T05:37:21+00:00\",\"inLanguage\":\"it-IT\",\"potentialAction\":[{\"@type\":\"ReadAction\",\"target\":[\"https:\/\/www.pescafish.it\/new\/prodotto\/longshank-beaked-korda\/\"]}]}]}<\/script>\n<!-- \/ Yoast SEO plugin. -->","_links":{"self":[{"href":"https:\/\/www.pescafish.it\/new\/wp-json\/wp\/v2\/product\/95289"}],"collection":[{"href":"https:\/\/www.pescafish.it\/new\/wp-json\/wp\/v2\/product"}],"about":[{"href":"https:\/\/www.pescafish.it\/new\/wp-json\/wp\/v2\/types\/product"}],"replies":[{"embeddable":true,"href":"https:\/\/www.pescafish.it\/new\/wp-json\/wp\/v2\/comments?post=95289"}],"wp:featuredmedia":[{"embeddable":true,"href":"https:\/\/www.pescafish.it\/new\/wp-json\/wp\/v2\/media\/95290"}],"wp:attachment":[{"href":"https:\/\/www.pescafish.it\/new\/wp-json\/wp\/v2\/media?parent=95289"}],"wp:term":[{"taxonomy":"product_cat","embeddable":true,"href":"https:\/\/www.pescafish.it\/new\/wp-json\/wp\/v2\/product_cat?post=95289"},{"taxonomy":"product_tag","embeddable":true,"href":"https:\/\/www.pescafish.it\/new\/wp-json\/wp\/v2\/product_tag?post=95289"}],"curies":[{"name":"wp","href":"https:\/\/api.w.org\/{rel}","templated":true}]}}