{"id":95133,"date":"2024-04-03T17:13:11","date_gmt":"2024-04-03T15:13:11","guid":{"rendered":"https:\/\/www.pescafish.it\/new\/?post_type=product&#038;p=95133"},"modified":"2025-08-13T11:17:38","modified_gmt":"2025-08-13T09:17:38","slug":"deeper-range-extender-supporto-nash","status":"publish","type":"product","link":"https:\/\/www.pescafish.it\/new\/prodotto\/deeper-range-extender-supporto-nash\/","title":{"rendered":"Deeper Range Extender &#038; Supporto &#8211; Deeper"},"content":{"rendered":"<h2>Deeper Range Extender &amp; Supporto<\/h2>\n<p>Migliora la connessione tra il telefono e il sonar sulle lunghe distanze quando peschi con il tuo barchino radiocomandato. Il Deeper Range Extender \u00e8 un dispositivo di alta qualit\u00e0 dotato di certificazione ufficiale e resistente all&#8217;acqua, nonch\u00e9 di facile utilizzo. Nella confezione \u00e8 incluso un supporto che si adatta alla maggior parte dei telefoni. Funziona con tutti i sonar Deeper, ad ogni modo \u00e8 ideale per essere utilizzato con quelli della serie PRO\/CHIRP.<\/p>\n<p><b>Materiale<\/b>: Deeper Range Extender: involucro in ABS, inserto metallico; supporto per telefono e Deeper Range Extender: lega di alluminio, ABS, acciaio inox, silicone<\/p>\n<p><b>Temperatura di esercizio<\/b>: da 0 a 40\u00b0C \/ da 32 a 104\u00b0F<\/p>\n<p><b>Tempo di funzionamento<\/b>: fino a 14 ore<\/p>\n<p><b>Tecnologia di ricarica<\/b>: al 100% in 3 ore<\/p>\n<p><b>Batteria interna<\/b>: ioni di litio, ricaricabile a 3,8V, 1300 mAh (tipico)<\/p>\n<p><b>Adattatore di corrente (non incluso)<\/b>: Ingresso CA 110V\/240V<br \/>\nUscita USB A, 5V 2A<\/p>\n<p><b>Connettivit\u00e0<\/b>: Wi-Fi<\/p>\n<p><b>Intervallo di connettivit\u00e0<\/b>: connessione stabile fino a 200 m \/ 656 ft<\/p>\n<p><b>Ampiezza clip per telefono<\/b>: da 5 a 8,5 cm \/ da 2 a 3,3 in<\/p>\n<p><b>Colore<\/b>: nero e nero traslucido<\/p>\n","protected":false},"excerpt":{"rendered":"<p>Deeper Range Extender &amp; Supporto Migliora la connessione tra il telefono e il sonar sulle lunghe distanze quando peschi con il tuo barchino radiocomandato. Il Deeper Range Extender \u00e8 un dispositivo di alta qualit\u00e0 dotato di certificazione ufficiale e resistente all&#8217;acqua, nonch\u00e9 di facile utilizzo. Nella confezione \u00e8 incluso un supporto che si adatta alla [&hellip;]<\/p>\n","protected":false},"featured_media":95134,"comment_status":"closed","ping_status":"closed","template":"","meta":[],"product_cat":[220],"product_tag":[1110],"yoast_head":"<!-- This site is optimized with the Yoast SEO plugin v15.3 - https:\/\/yoast.com\/wordpress\/plugins\/seo\/ -->\n<title>Deeper Range Extender &amp; Supporto - Deeper - Pesca Fish<\/title>\n<meta name=\"robots\" content=\"index, follow, max-snippet:-1, max-image-preview:large, max-video-preview:-1\" \/>\n<link rel=\"canonical\" href=\"https:\/\/www.pescafish.it\/new\/prodotto\/deeper-range-extender-supporto-nash\/\" \/>\n<meta property=\"og:locale\" content=\"it_IT\" \/>\n<meta property=\"og:type\" content=\"article\" \/>\n<meta property=\"og:title\" content=\"Deeper Range Extender &amp; Supporto - Deeper - Pesca Fish\" \/>\n<meta property=\"og:description\" content=\"Deeper Range Extender &amp; Supporto Migliora la connessione tra il telefono e il sonar sulle lunghe distanze quando peschi con il tuo barchino radiocomandato. Il Deeper Range Extender \u00e8 un dispositivo di alta qualit\u00e0 dotato di certificazione ufficiale e resistente all&#8217;acqua, nonch\u00e9 di facile utilizzo. Nella confezione \u00e8 incluso un supporto che si adatta alla [&hellip;]\" \/>\n<meta property=\"og:url\" content=\"https:\/\/www.pescafish.it\/new\/prodotto\/deeper-range-extender-supporto-nash\/\" \/>\n<meta property=\"og:site_name\" content=\"Pesca Fish\" \/>\n<meta property=\"article:publisher\" content=\"https:\/\/www.facebook.com\/pescafishvr\/\" \/>\n<meta property=\"article:modified_time\" content=\"2025-08-13T09:17:38+00:00\" \/>\n<meta property=\"og:image\" content=\"https:\/\/www.pescafish.it\/new\/wp-content\/uploads\/2024\/04\/ITGAM0030.2e16d0ba.fill-600x600-1.png\" \/>\n\t<meta property=\"og:image:width\" content=\"420\" \/>\n\t<meta property=\"og:image:height\" content=\"420\" \/>\n<meta name=\"twitter:card\" content=\"summary_large_image\" \/>\n<meta name=\"twitter:label1\" content=\"Scritto da\">\n\t<meta name=\"twitter:data1\" content=\"francesca\">\n\t<meta name=\"twitter:label2\" content=\"Tempo di lettura stimato\">\n\t<meta name=\"twitter:data2\" content=\"1 minuto\">\n<script type=\"application\/ld+json\" class=\"yoast-schema-graph\">{\"@context\":\"https:\/\/schema.org\",\"@graph\":[{\"@type\":\"WebSite\",\"@id\":\"https:\/\/www.pescafish.it\/new\/#website\",\"url\":\"https:\/\/www.pescafish.it\/new\/\",\"name\":\"Pesca Fish\",\"description\":\"Benvenuti sul nostro sito!\",\"potentialAction\":[{\"@type\":\"SearchAction\",\"target\":\"https:\/\/www.pescafish.it\/new\/?s={search_term_string}\",\"query-input\":\"required name=search_term_string\"}],\"inLanguage\":\"it-IT\"},{\"@type\":\"ImageObject\",\"@id\":\"https:\/\/www.pescafish.it\/new\/prodotto\/deeper-range-extender-supporto-nash\/#primaryimage\",\"inLanguage\":\"it-IT\",\"url\":\"https:\/\/www.pescafish.it\/new\/wp-content\/uploads\/2024\/04\/ITGAM0030.2e16d0ba.fill-600x600-1.png\",\"width\":420,\"height\":420,\"caption\":\"SEMINUOVO Deeper Range Extender & Supporto - Deeper\"},{\"@type\":\"WebPage\",\"@id\":\"https:\/\/www.pescafish.it\/new\/prodotto\/deeper-range-extender-supporto-nash\/#webpage\",\"url\":\"https:\/\/www.pescafish.it\/new\/prodotto\/deeper-range-extender-supporto-nash\/\",\"name\":\"Deeper Range Extender & Supporto - Deeper - Pesca Fish\",\"isPartOf\":{\"@id\":\"https:\/\/www.pescafish.it\/new\/#website\"},\"primaryImageOfPage\":{\"@id\":\"https:\/\/www.pescafish.it\/new\/prodotto\/deeper-range-extender-supporto-nash\/#primaryimage\"},\"datePublished\":\"2024-04-03T15:13:11+00:00\",\"dateModified\":\"2025-08-13T09:17:38+00:00\",\"inLanguage\":\"it-IT\",\"potentialAction\":[{\"@type\":\"ReadAction\",\"target\":[\"https:\/\/www.pescafish.it\/new\/prodotto\/deeper-range-extender-supporto-nash\/\"]}]}]}<\/script>\n<!-- \/ Yoast SEO plugin. -->","_links":{"self":[{"href":"https:\/\/www.pescafish.it\/new\/wp-json\/wp\/v2\/product\/95133"}],"collection":[{"href":"https:\/\/www.pescafish.it\/new\/wp-json\/wp\/v2\/product"}],"about":[{"href":"https:\/\/www.pescafish.it\/new\/wp-json\/wp\/v2\/types\/product"}],"replies":[{"embeddable":true,"href":"https:\/\/www.pescafish.it\/new\/wp-json\/wp\/v2\/comments?post=95133"}],"wp:featuredmedia":[{"embeddable":true,"href":"https:\/\/www.pescafish.it\/new\/wp-json\/wp\/v2\/media\/95134"}],"wp:attachment":[{"href":"https:\/\/www.pescafish.it\/new\/wp-json\/wp\/v2\/media?parent=95133"}],"wp:term":[{"taxonomy":"product_cat","embeddable":true,"href":"https:\/\/www.pescafish.it\/new\/wp-json\/wp\/v2\/product_cat?post=95133"},{"taxonomy":"product_tag","embeddable":true,"href":"https:\/\/www.pescafish.it\/new\/wp-json\/wp\/v2\/product_tag?post=95133"}],"curies":[{"name":"wp","href":"https:\/\/api.w.org\/{rel}","templated":true}]}}