{"id":95116,"date":"2024-04-03T16:37:19","date_gmt":"2024-04-03T14:37:19","guid":{"rendered":"https:\/\/www.pescafish.it\/new\/?post_type=product&#038;p=95116"},"modified":"2026-03-31T13:57:25","modified_gmt":"2026-03-31T11:57:25","slug":"super-pellet-groundbait-super-krill-sensas","status":"publish","type":"product","link":"https:\/\/www.pescafish.it\/new\/prodotto\/super-pellet-groundbait-super-krill-sensas\/","title":{"rendered":"Super Pellet Groundbait Super Krill &#8211; Sensas"},"content":{"rendered":"<h2>Super Pellet Groundbait Super Krill<\/h2>\n<p>Pastura sviluppata appositamente per la pesca al carpodromo. Questa pastura nutriente, a base di pellet frantumato, attira rapidamente i pesci al tuo tiro ma li inserisce anche nell&#8217;attivit\u00e0 alimentare grazie a ingredienti digeribili di alta qualit\u00e0.Questa pastura \u00e8 perfettamente adatta anche per la pesca method feeder, ma anche a feedre per catture di grandi pesci. Abbiamo sviluppato una gamma di 6 gusti in modo da poterci adattare a ogni situazione, ogni tipo di specchio d&#8217;acqua e ogni stagione. I nostri migliori specialisti hanno testato e migliorato queste pasture per ottenere la composizione ideale. Puoi testarle molto rapidamente per risultati eccezionali.<\/p>\n<p><strong>Confezione da 1kg<\/strong><\/p>\n","protected":false},"excerpt":{"rendered":"<p>Super Pellet Groundbait Super Krill Pastura sviluppata appositamente per la pesca al carpodromo. Questa pastura nutriente, a base di pellet frantumato, attira rapidamente i pesci al tuo tiro ma li inserisce anche nell&#8217;attivit\u00e0 alimentare grazie a ingredienti digeribili di alta qualit\u00e0.Questa pastura \u00e8 perfettamente adatta anche per la pesca method feeder, ma anche a feedre [&hellip;]<\/p>\n","protected":false},"featured_media":95117,"comment_status":"closed","ping_status":"closed","template":"","meta":[],"product_cat":[705],"product_tag":[1041],"yoast_head":"<!-- This site is optimized with the Yoast SEO plugin v15.3 - https:\/\/yoast.com\/wordpress\/plugins\/seo\/ -->\n<title>Super Pellet Groundbait Super Krill - Sensas - Pesca Fish<\/title>\n<meta name=\"robots\" content=\"index, follow, max-snippet:-1, max-image-preview:large, max-video-preview:-1\" \/>\n<link rel=\"canonical\" href=\"https:\/\/www.pescafish.it\/new\/prodotto\/super-pellet-groundbait-super-krill-sensas\/\" \/>\n<meta property=\"og:locale\" content=\"it_IT\" \/>\n<meta property=\"og:type\" content=\"article\" \/>\n<meta property=\"og:title\" content=\"Super Pellet Groundbait Super Krill - Sensas - Pesca Fish\" \/>\n<meta property=\"og:description\" content=\"Super Pellet Groundbait Super Krill Pastura sviluppata appositamente per la pesca al carpodromo. Questa pastura nutriente, a base di pellet frantumato, attira rapidamente i pesci al tuo tiro ma li inserisce anche nell&#8217;attivit\u00e0 alimentare grazie a ingredienti digeribili di alta qualit\u00e0.Questa pastura \u00e8 perfettamente adatta anche per la pesca method feeder, ma anche a feedre [&hellip;]\" \/>\n<meta property=\"og:url\" content=\"https:\/\/www.pescafish.it\/new\/prodotto\/super-pellet-groundbait-super-krill-sensas\/\" \/>\n<meta property=\"og:site_name\" content=\"Pesca Fish\" \/>\n<meta property=\"article:publisher\" content=\"https:\/\/www.facebook.com\/pescafishvr\/\" \/>\n<meta property=\"article:modified_time\" content=\"2026-03-31T11:57:25+00:00\" \/>\n<meta property=\"og:image\" content=\"https:\/\/www.pescafish.it\/new\/wp-content\/uploads\/2024\/04\/43835.jpg\" \/>\n\t<meta property=\"og:image:width\" content=\"789\" \/>\n\t<meta property=\"og:image:height\" content=\"794\" \/>\n<meta name=\"twitter:card\" content=\"summary_large_image\" \/>\n<meta name=\"twitter:label1\" content=\"Scritto da\">\n\t<meta name=\"twitter:data1\" content=\"francesca\">\n\t<meta name=\"twitter:label2\" content=\"Tempo di lettura stimato\">\n\t<meta name=\"twitter:data2\" content=\"0 minuti\">\n<script type=\"application\/ld+json\" class=\"yoast-schema-graph\">{\"@context\":\"https:\/\/schema.org\",\"@graph\":[{\"@type\":\"WebSite\",\"@id\":\"https:\/\/www.pescafish.it\/new\/#website\",\"url\":\"https:\/\/www.pescafish.it\/new\/\",\"name\":\"Pesca Fish\",\"description\":\"Benvenuti sul nostro sito!\",\"potentialAction\":[{\"@type\":\"SearchAction\",\"target\":\"https:\/\/www.pescafish.it\/new\/?s={search_term_string}\",\"query-input\":\"required name=search_term_string\"}],\"inLanguage\":\"it-IT\"},{\"@type\":\"ImageObject\",\"@id\":\"https:\/\/www.pescafish.it\/new\/prodotto\/super-pellet-groundbait-super-krill-sensas\/#primaryimage\",\"inLanguage\":\"it-IT\",\"url\":\"https:\/\/www.pescafish.it\/new\/wp-content\/uploads\/2024\/04\/43835.jpg\",\"width\":789,\"height\":794,\"caption\":\"Sensas\"},{\"@type\":\"WebPage\",\"@id\":\"https:\/\/www.pescafish.it\/new\/prodotto\/super-pellet-groundbait-super-krill-sensas\/#webpage\",\"url\":\"https:\/\/www.pescafish.it\/new\/prodotto\/super-pellet-groundbait-super-krill-sensas\/\",\"name\":\"Super Pellet Groundbait Super Krill - Sensas - Pesca Fish\",\"isPartOf\":{\"@id\":\"https:\/\/www.pescafish.it\/new\/#website\"},\"primaryImageOfPage\":{\"@id\":\"https:\/\/www.pescafish.it\/new\/prodotto\/super-pellet-groundbait-super-krill-sensas\/#primaryimage\"},\"datePublished\":\"2024-04-03T14:37:19+00:00\",\"dateModified\":\"2026-03-31T11:57:25+00:00\",\"inLanguage\":\"it-IT\",\"potentialAction\":[{\"@type\":\"ReadAction\",\"target\":[\"https:\/\/www.pescafish.it\/new\/prodotto\/super-pellet-groundbait-super-krill-sensas\/\"]}]}]}<\/script>\n<!-- \/ Yoast SEO plugin. -->","_links":{"self":[{"href":"https:\/\/www.pescafish.it\/new\/wp-json\/wp\/v2\/product\/95116"}],"collection":[{"href":"https:\/\/www.pescafish.it\/new\/wp-json\/wp\/v2\/product"}],"about":[{"href":"https:\/\/www.pescafish.it\/new\/wp-json\/wp\/v2\/types\/product"}],"replies":[{"embeddable":true,"href":"https:\/\/www.pescafish.it\/new\/wp-json\/wp\/v2\/comments?post=95116"}],"wp:featuredmedia":[{"embeddable":true,"href":"https:\/\/www.pescafish.it\/new\/wp-json\/wp\/v2\/media\/95117"}],"wp:attachment":[{"href":"https:\/\/www.pescafish.it\/new\/wp-json\/wp\/v2\/media?parent=95116"}],"wp:term":[{"taxonomy":"product_cat","embeddable":true,"href":"https:\/\/www.pescafish.it\/new\/wp-json\/wp\/v2\/product_cat?post=95116"},{"taxonomy":"product_tag","embeddable":true,"href":"https:\/\/www.pescafish.it\/new\/wp-json\/wp\/v2\/product_tag?post=95116"}],"curies":[{"name":"wp","href":"https:\/\/api.w.org\/{rel}","templated":true}]}}