{"id":95104,"date":"2024-04-03T16:00:21","date_gmt":"2024-04-03T14:00:21","guid":{"rendered":"https:\/\/www.pescafish.it\/new\/?post_type=product&#038;p=95104"},"modified":"2024-04-03T16:00:22","modified_gmt":"2024-04-03T14:00:22","slug":"power-feedz-pineapple-tiger-starbaits","status":"publish","type":"product","link":"https:\/\/www.pescafish.it\/new\/prodotto\/power-feedz-pineapple-tiger-starbaits\/","title":{"rendered":"Power Feedz Pineapple Tiger\u00a0&#8211; Starbaits"},"content":{"rendered":"<h2>Power Feedz Pineapple Tiger<\/h2>\n<p>Formulate sulla stessa base delle FEEDZ,\u00a0\u00a0le POWER FEEDZ BOILIES hanno una parte aromatica e una partea attraente potenziata che si combina perfettamente con i semi utilizzati per la progettazione del mix.<\/p>\n<p><span title=\"\">Troviamo tutte le qualit\u00e0 e le propriet\u00e0 delle \u201cnature\u201d FEEDZ.<\/span>\u00a0<span title=\"\">L\u2019obiettivo \u00e8 perfezionare il tuo approccio completando la gamma FEEDZ poich\u00e9 queste esche contenenti un aroma sintetico e una maggiore quantit\u00e0 di attrattori generano una maggiore stimolazione e attrazione.<\/span>\u00a0<span title=\"\">Possono essere usate da sole ovviamente o in aggiunta alla gamma FEEDZ!<\/span><\/p>\n<p><strong>Disponibili nei seguenti diametri:<\/strong><br \/>\n<strong>SB64895<\/strong>\u00a0 20mm<\/p>\n<p><strong>Confezione da 1.8kg<\/strong><\/p>\n","protected":false},"excerpt":{"rendered":"<p>Power Feedz Pineapple Tiger Formulate sulla stessa base delle FEEDZ,\u00a0\u00a0le POWER FEEDZ BOILIES hanno una parte aromatica e una partea attraente potenziata che si combina perfettamente con i semi utilizzati per la progettazione del mix. Troviamo tutte le qualit\u00e0 e le propriet\u00e0 delle \u201cnature\u201d FEEDZ.\u00a0L\u2019obiettivo \u00e8 perfezionare il tuo approccio completando la gamma FEEDZ poich\u00e9 [&hellip;]<\/p>\n","protected":false},"featured_media":95105,"comment_status":"closed","ping_status":"closed","template":"","meta":[],"product_cat":[826],"product_tag":[1034],"yoast_head":"<!-- This site is optimized with the Yoast SEO plugin v15.3 - https:\/\/yoast.com\/wordpress\/plugins\/seo\/ -->\n<title>Power Feedz Pineapple Tiger\u00a0- Starbaits - Pesca Fish<\/title>\n<meta name=\"robots\" content=\"index, follow, max-snippet:-1, max-image-preview:large, max-video-preview:-1\" \/>\n<link rel=\"canonical\" href=\"https:\/\/www.pescafish.it\/new\/prodotto\/power-feedz-pineapple-tiger-starbaits\/\" \/>\n<meta property=\"og:locale\" content=\"it_IT\" \/>\n<meta property=\"og:type\" content=\"article\" \/>\n<meta property=\"og:title\" content=\"Power Feedz Pineapple Tiger\u00a0- Starbaits - Pesca Fish\" \/>\n<meta property=\"og:description\" content=\"Power Feedz Pineapple Tiger Formulate sulla stessa base delle FEEDZ,\u00a0\u00a0le POWER FEEDZ BOILIES hanno una parte aromatica e una partea attraente potenziata che si combina perfettamente con i semi utilizzati per la progettazione del mix. Troviamo tutte le qualit\u00e0 e le propriet\u00e0 delle \u201cnature\u201d FEEDZ.\u00a0L\u2019obiettivo \u00e8 perfezionare il tuo approccio completando la gamma FEEDZ poich\u00e9 [&hellip;]\" \/>\n<meta property=\"og:url\" content=\"https:\/\/www.pescafish.it\/new\/prodotto\/power-feedz-pineapple-tiger-starbaits\/\" \/>\n<meta property=\"og:site_name\" content=\"Pesca Fish\" \/>\n<meta property=\"article:publisher\" content=\"https:\/\/www.facebook.com\/pescafishvr\/\" \/>\n<meta property=\"article:modified_time\" content=\"2024-04-03T14:00:22+00:00\" \/>\n<meta property=\"og:image\" content=\"https:\/\/www.pescafish.it\/new\/wp-content\/uploads\/2024\/04\/64895.jpg\" \/>\n\t<meta property=\"og:image:width\" content=\"789\" \/>\n\t<meta property=\"og:image:height\" content=\"794\" \/>\n<meta name=\"twitter:card\" content=\"summary_large_image\" \/>\n<meta name=\"twitter:label1\" content=\"Scritto da\">\n\t<meta name=\"twitter:data1\" content=\"francesca\">\n\t<meta name=\"twitter:label2\" content=\"Tempo di lettura stimato\">\n\t<meta name=\"twitter:data2\" content=\"0 minuti\">\n<script type=\"application\/ld+json\" class=\"yoast-schema-graph\">{\"@context\":\"https:\/\/schema.org\",\"@graph\":[{\"@type\":\"WebSite\",\"@id\":\"https:\/\/www.pescafish.it\/new\/#website\",\"url\":\"https:\/\/www.pescafish.it\/new\/\",\"name\":\"Pesca Fish\",\"description\":\"Benvenuti sul nostro sito!\",\"potentialAction\":[{\"@type\":\"SearchAction\",\"target\":\"https:\/\/www.pescafish.it\/new\/?s={search_term_string}\",\"query-input\":\"required name=search_term_string\"}],\"inLanguage\":\"it-IT\"},{\"@type\":\"ImageObject\",\"@id\":\"https:\/\/www.pescafish.it\/new\/prodotto\/power-feedz-pineapple-tiger-starbaits\/#primaryimage\",\"inLanguage\":\"it-IT\",\"url\":\"https:\/\/www.pescafish.it\/new\/wp-content\/uploads\/2024\/04\/64895.jpg\",\"width\":789,\"height\":794,\"caption\":\"Starbaits\"},{\"@type\":\"WebPage\",\"@id\":\"https:\/\/www.pescafish.it\/new\/prodotto\/power-feedz-pineapple-tiger-starbaits\/#webpage\",\"url\":\"https:\/\/www.pescafish.it\/new\/prodotto\/power-feedz-pineapple-tiger-starbaits\/\",\"name\":\"Power Feedz Pineapple Tiger\\u00a0- Starbaits - Pesca Fish\",\"isPartOf\":{\"@id\":\"https:\/\/www.pescafish.it\/new\/#website\"},\"primaryImageOfPage\":{\"@id\":\"https:\/\/www.pescafish.it\/new\/prodotto\/power-feedz-pineapple-tiger-starbaits\/#primaryimage\"},\"datePublished\":\"2024-04-03T14:00:21+00:00\",\"dateModified\":\"2024-04-03T14:00:22+00:00\",\"inLanguage\":\"it-IT\",\"potentialAction\":[{\"@type\":\"ReadAction\",\"target\":[\"https:\/\/www.pescafish.it\/new\/prodotto\/power-feedz-pineapple-tiger-starbaits\/\"]}]}]}<\/script>\n<!-- \/ Yoast SEO plugin. -->","_links":{"self":[{"href":"https:\/\/www.pescafish.it\/new\/wp-json\/wp\/v2\/product\/95104"}],"collection":[{"href":"https:\/\/www.pescafish.it\/new\/wp-json\/wp\/v2\/product"}],"about":[{"href":"https:\/\/www.pescafish.it\/new\/wp-json\/wp\/v2\/types\/product"}],"replies":[{"embeddable":true,"href":"https:\/\/www.pescafish.it\/new\/wp-json\/wp\/v2\/comments?post=95104"}],"wp:featuredmedia":[{"embeddable":true,"href":"https:\/\/www.pescafish.it\/new\/wp-json\/wp\/v2\/media\/95105"}],"wp:attachment":[{"href":"https:\/\/www.pescafish.it\/new\/wp-json\/wp\/v2\/media?parent=95104"}],"wp:term":[{"taxonomy":"product_cat","embeddable":true,"href":"https:\/\/www.pescafish.it\/new\/wp-json\/wp\/v2\/product_cat?post=95104"},{"taxonomy":"product_tag","embeddable":true,"href":"https:\/\/www.pescafish.it\/new\/wp-json\/wp\/v2\/product_tag?post=95104"}],"curies":[{"name":"wp","href":"https:\/\/api.w.org\/{rel}","templated":true}]}}