{"id":95037,"date":"2024-03-30T09:34:44","date_gmt":"2024-03-30T08:34:44","guid":{"rendered":"https:\/\/www.pescafish.it\/new\/?post_type=product&#038;p=95037"},"modified":"2024-03-30T09:34:44","modified_gmt":"2024-03-30T08:34:44","slug":"mulinello-soare-bb-a-shimano","status":"publish","type":"product","link":"https:\/\/www.pescafish.it\/new\/prodotto\/mulinello-soare-bb-a-shimano\/","title":{"rendered":"Mulinello Soare BB A &#8211; Shimano"},"content":{"rendered":"<p>Il mulinello SOARE BB \u00e8 stato appositamente selezionato dal mercato interno giapponese dove ha un enorme seguito. Progettato originariamente per la pesca alla trota, \u00e8 anche un superbo mulinello da Street Fishing o per la pesca leggera dove si usa una lenza ultra sottile e il bilanciamento \u00e8 della massima importanza. Se sei un pescatore che pesca nello stile \u2018Trout Area\u2019, con esche ultra leggere, canne leggere e treccia ultra fine, apprezzerai certamente le caratteristiche del SOARE BB, poich\u00e9 questo \u00e8 ci\u00f2 per cui \u00e8 stato originariamente progettato. Tuttavia, se si utilizzano tecniche pi\u00f9 comuni come il Drop Shotting, lo Street Fishing, o anche il light rock fishing, il SOARE BB dovrebbe essere interessante. Le dimensioni del corpo 2000 e il peso leggero di 185 g bilanciano perfettamente le canne leggere progettate per la pesca finesse e la lenta velocit\u00e0 di recupero di 4,6:1 (62 cm) off re un controllo di precisione su una vasta gamma di piccole esche.<\/p>\n<p><strong>Modello:<\/strong> Soare BB A C2000SS PG<br \/>\n<strong>Rapporto di Recupero:<\/strong> 4,6:1<br \/>\n<strong>Capacit\u00e0 Bobina (PE\/m):<\/strong> 0.6-140, 0.8-100, 1-70<br \/>\n<strong>Peso:<\/strong> 185g<br \/>\n<strong>Max Drag:<\/strong> 3kg<br \/>\n<strong>Line Retrive<\/strong>: 62cm<br \/>\n.<br \/>\n<span style=\"color: #ff0000;\"><strong>DUE ANNI DI GARANZIA<br \/>\n<\/strong><strong>Da oggi per avere il TERZO ANNO DI GARANZIA, collegati al nuovo portale e registra il tuo prodotto su:<\/strong><\/span><br \/>\n<span style=\"color: #000000; background-color: #ffff00;\"><strong><a style=\"color: #000000; background-color: #ffff00;\" href=\"http:\/\/www.shimanofishnetwork.it\/garanzia\/sign_in\">http:\/\/www.shimanofishnetwork.it\/garanzia\/sign_in<\/a><\/strong><\/span><\/p>\n","protected":false},"excerpt":{"rendered":"<p>Il mulinello SOARE BB \u00e8 stato appositamente selezionato dal mercato interno giapponese dove ha un enorme seguito. Progettato originariamente per la pesca alla trota, \u00e8 anche un superbo mulinello da Street Fishing o per la pesca leggera dove si usa una lenza ultra sottile e il bilanciamento \u00e8 della massima importanza. Se sei un pescatore [&hellip;]<\/p>\n","protected":false},"featured_media":95038,"comment_status":"closed","ping_status":"closed","template":"","meta":[],"product_cat":[922,348],"product_tag":[1023],"yoast_head":"<!-- This site is optimized with the Yoast SEO plugin v15.3 - https:\/\/yoast.com\/wordpress\/plugins\/seo\/ -->\n<title>Mulinello Soare BB A - Shimano - Pesca Fish<\/title>\n<meta name=\"robots\" content=\"index, follow, max-snippet:-1, max-image-preview:large, max-video-preview:-1\" \/>\n<link rel=\"canonical\" href=\"https:\/\/www.pescafish.it\/new\/prodotto\/mulinello-soare-bb-a-shimano\/\" \/>\n<meta property=\"og:locale\" content=\"it_IT\" \/>\n<meta property=\"og:type\" content=\"article\" \/>\n<meta property=\"og:title\" content=\"Mulinello Soare BB A - Shimano - Pesca Fish\" \/>\n<meta property=\"og:description\" content=\"Il mulinello SOARE BB \u00e8 stato appositamente selezionato dal mercato interno giapponese dove ha un enorme seguito. Progettato originariamente per la pesca alla trota, \u00e8 anche un superbo mulinello da Street Fishing o per la pesca leggera dove si usa una lenza ultra sottile e il bilanciamento \u00e8 della massima importanza. Se sei un pescatore [&hellip;]\" \/>\n<meta property=\"og:url\" content=\"https:\/\/www.pescafish.it\/new\/prodotto\/mulinello-soare-bb-a-shimano\/\" \/>\n<meta property=\"og:site_name\" content=\"Pesca Fish\" \/>\n<meta property=\"article:publisher\" content=\"https:\/\/www.facebook.com\/pescafishvr\/\" \/>\n<meta property=\"og:image\" content=\"https:\/\/www.pescafish.it\/new\/wp-content\/uploads\/2024\/03\/soare-bb-a.jpg\" \/>\n\t<meta property=\"og:image:width\" content=\"1000\" \/>\n\t<meta property=\"og:image:height\" content=\"1000\" \/>\n<meta name=\"twitter:card\" content=\"summary_large_image\" \/>\n<meta name=\"twitter:label1\" content=\"Scritto da\">\n\t<meta name=\"twitter:data1\" content=\"francesca\">\n\t<meta name=\"twitter:label2\" content=\"Tempo di lettura stimato\">\n\t<meta name=\"twitter:data2\" content=\"1 minuto\">\n<script type=\"application\/ld+json\" class=\"yoast-schema-graph\">{\"@context\":\"https:\/\/schema.org\",\"@graph\":[{\"@type\":\"WebSite\",\"@id\":\"https:\/\/www.pescafish.it\/new\/#website\",\"url\":\"https:\/\/www.pescafish.it\/new\/\",\"name\":\"Pesca Fish\",\"description\":\"Benvenuti sul nostro sito!\",\"potentialAction\":[{\"@type\":\"SearchAction\",\"target\":\"https:\/\/www.pescafish.it\/new\/?s={search_term_string}\",\"query-input\":\"required name=search_term_string\"}],\"inLanguage\":\"it-IT\"},{\"@type\":\"ImageObject\",\"@id\":\"https:\/\/www.pescafish.it\/new\/prodotto\/mulinello-soare-bb-a-shimano\/#primaryimage\",\"inLanguage\":\"it-IT\",\"url\":\"https:\/\/www.pescafish.it\/new\/wp-content\/uploads\/2024\/03\/soare-bb-a.jpg\",\"width\":1000,\"height\":1000,\"caption\":\"mulinello soare bb a\"},{\"@type\":\"WebPage\",\"@id\":\"https:\/\/www.pescafish.it\/new\/prodotto\/mulinello-soare-bb-a-shimano\/#webpage\",\"url\":\"https:\/\/www.pescafish.it\/new\/prodotto\/mulinello-soare-bb-a-shimano\/\",\"name\":\"Mulinello Soare BB A - Shimano - Pesca Fish\",\"isPartOf\":{\"@id\":\"https:\/\/www.pescafish.it\/new\/#website\"},\"primaryImageOfPage\":{\"@id\":\"https:\/\/www.pescafish.it\/new\/prodotto\/mulinello-soare-bb-a-shimano\/#primaryimage\"},\"datePublished\":\"2024-03-30T08:34:44+00:00\",\"dateModified\":\"2024-03-30T08:34:44+00:00\",\"inLanguage\":\"it-IT\",\"potentialAction\":[{\"@type\":\"ReadAction\",\"target\":[\"https:\/\/www.pescafish.it\/new\/prodotto\/mulinello-soare-bb-a-shimano\/\"]}]}]}<\/script>\n<!-- \/ Yoast SEO plugin. -->","_links":{"self":[{"href":"https:\/\/www.pescafish.it\/new\/wp-json\/wp\/v2\/product\/95037"}],"collection":[{"href":"https:\/\/www.pescafish.it\/new\/wp-json\/wp\/v2\/product"}],"about":[{"href":"https:\/\/www.pescafish.it\/new\/wp-json\/wp\/v2\/types\/product"}],"replies":[{"embeddable":true,"href":"https:\/\/www.pescafish.it\/new\/wp-json\/wp\/v2\/comments?post=95037"}],"wp:featuredmedia":[{"embeddable":true,"href":"https:\/\/www.pescafish.it\/new\/wp-json\/wp\/v2\/media\/95038"}],"wp:attachment":[{"href":"https:\/\/www.pescafish.it\/new\/wp-json\/wp\/v2\/media?parent=95037"}],"wp:term":[{"taxonomy":"product_cat","embeddable":true,"href":"https:\/\/www.pescafish.it\/new\/wp-json\/wp\/v2\/product_cat?post=95037"},{"taxonomy":"product_tag","embeddable":true,"href":"https:\/\/www.pescafish.it\/new\/wp-json\/wp\/v2\/product_tag?post=95037"}],"curies":[{"name":"wp","href":"https:\/\/api.w.org\/{rel}","templated":true}]}}